{"id":10025,"date":"2012-10-25T08:58:57","date_gmt":"2012-10-25T06:58:57","guid":{"rendered":"http:\/\/www.luigiaccattoli.it\/blog\/?page_id=10025"},"modified":"2012-10-25T08:58:57","modified_gmt":"2012-10-25T06:58:57","slug":"cent%e2%80%99anni-di-presenza-dei-dehoniani-a-bologna","status":"publish","type":"page","link":"http:\/\/www.luigiaccattoli.it\/blog\/conferenze-e-dibattiti-2\/cent%e2%80%99anni-di-presenza-dei-dehoniani-a-bologna\/","title":{"rendered":"Cent\u2019anni di presenza dei Dehoniani a Bologna"},"content":{"rendered":"<p><span style=\"font-family: Times New Roman,serif;\"><span style=\"font-size: medium;\"><em>Marted\u00ec di San Domenico \u2013 23 ottobre 2012 \u2013 ore 21.00<\/em><\/span><\/span><\/p>\n<p>&nbsp;<\/p>\n<p><span style=\"font-family: Times New Roman,serif;\"><span style=\"font-size: medium;\">Buonasera, a me tocca il ruolo di apripista, per dare il l\u00e0, ovvero il tema; poi il Padre Alfio Filippi l\u2019approfondir\u00e0: essendo egli dehoniano ed essendo arrivato a Bologna come studente dehoniano nel 1963, mezzo secolo fa, ed essendo qui stabilmente dal 1971, prima come direttore del Regno e poi come direttore della EDB: chi meglio di lui?<\/span><\/span><\/p>\n<p><span style=\"font-family: Times New Roman,serif;\"><span style=\"font-size: medium;\">Il mezzo secolo bolognese del Padre Alfio mi ricorda che anch\u2019io, nel mio piccolo, sono in contatto con i dehoniani di Bologna da quasi quarant\u2019anni: dunque tra me e lui possiamo tentare di coprire un quarantacinque per cento della gittata storica di questa presenza dehoniana: 45% non \u00e8 male, come percentuale di conoscenza diretta \u2013 il resto lo copriamo con le memorie altrui, le letture e l\u2019immaginazione\u2026<\/span><\/span><\/p>\n<p><span style=\"font-family: Times New Roman,serif;\"><span style=\"font-size: medium;\">Ho conosciuto il Padre Alfio quattro decenni addietro, essendo ambedue in trasferta a Cagliari per il Congresso delle Acli \u2013 il difficilissimo congresso venuto dopo il monito di Paolo VI \u2013 c\u2019era stata, anzi c\u2019era, la crisi delle Acli e c\u2019era stata quasi in contemporanea la crisi del \u201cRegno\u201d \u2013 io come collaboratore della rivista \u201cRicerca\u201d avevo scritto della crisi del \u201cRegno\u201d e gi\u00e0 l\u2019anno precedente ero venuto da Roma qui a Bologna a intervistare i redattori dimissionari \u2013 conoscevo dunque un poco il terreno dove andavo a impiantarmi, dicendo di s\u00ec alla pronta richiesta del Padre Alfio di entrare a far parte della redazione de \u201cIl Regno\u201d. <\/span><\/span><\/p>\n<p><span style=\"font-family: Times New Roman,serif;\"><span style=\"font-size: medium;\">Fu una proposta chiave per la mia vita: venni da Roma a Bologna, mi sposai, iniziarono a nascere i miei cinque figli, con la nascita dei figli lo stipendio del Regno non bastava pi\u00f9, passai prima alla \u201cRepubblica\u201d e poi al \u201cCorriere della Sera\u201d\u2026 Debbo dunque ai Dehoniani e in particolare al Padre Alfio gran parte della mia fortuna professionale. Sono quattro decenni che scrivo sul \u201cRegno\u201d e ho pubblicato con la EDB otto volumetti\u2026<\/span><\/span><\/p>\n<p><span style=\"font-family: Times New Roman,serif;\"><span style=\"font-size: medium;\">Ma torniamo al tema. Chi sono questi Dehoniani e perch\u00e9 cent\u2019anni addietro arrivano a Bologna? Io allora ero un poco intimorito da quell\u2019 \u201dh\u201d che hanno nel nome: fondati dal Padre Dehon, dunque di origine francese, perch\u00e9 allora a Bologna?<\/span><\/span><\/p>\n<p><span style=\"font-family: Times New Roman,serif;\"><span style=\"font-size: medium;\">Vi arrivano per naturale espansione, perch\u00e9 la Congregazione dei Sacerdoti del Sacro Cuore si diffonde rapidamente in molti paesi, ma vi arrivano anche per la conoscenza personale che il fondatore aveva fatto a Roma, da studente, con il chierico Giacomo della Chiesa, che poi diviene Papa Benedetto XV e che cent\u2019anni fa era per l\u2019appunto arcivescovo di Bologna. Capita spesso nella vita che il destino di una persona o di un\u2019istituzione sia influenzato da affiliazioni amicali.<\/span><\/span><\/p>\n<p><span style=\"font-family: Times New Roman,serif;\"><span style=\"font-size: medium;\">E va detto che vi \u00e8 un gran segno nel nome Giacomo, per Bologna: Giacomo della Chiesa, Giacomo Lercaro, Giacomo Biffi: non solo molti tra i pastori di questa arcidiocesi si chiamano Giacomo, ma essi sono anche i pi\u00f9 marcati e marcanti, almeno lungo l\u2019ultimo secolo. <\/span><\/span><\/p>\n<p><span style=\"font-family: Times New Roman,serif;\"><span style=\"font-size: medium;\">Che hanno combinato i Dehoniani a Bologna? Ce lo dir\u00e0 il Padre Alfio, dovete avere pazienza. Ma possiamo tracciare uno schizzo. <\/span><\/span><\/p>\n<p><span style=\"font-family: Times New Roman,serif;\"><span style=\"font-size: medium;\">Le finalit\u00e0 della congregazione dehoniana sono cos\u00ec definite nella scheda dell\u2019<\/span><\/span><span style=\"font-family: Times New Roman,serif;\"><span style=\"font-size: medium;\"><em>Annuario Pontificio<\/em><\/span><\/span><span style=\"font-family: Times New Roman,serif;\"><span style=\"font-size: medium;\">: \u201cSpeciale devozione al Sacro Cuore di Ges\u00f9 in spirito di amore e di riparazione, apostolato missionario e sociale\u201d. Direi che per i primi cinquant\u2019anni sia prevalsa la prima finalit\u00e0, nell\u2019ultimo mezzo secolo la seconda.<\/span><\/span><\/p>\n<p><span style=\"font-family: Times New Roman,serif;\"><span style=\"font-size: medium;\">Questo mutamento del baricentro lo si pu\u00f2 riassumere simbolicamente nel cambiamento della testata della rivista \u201cIl Regno\u201d: era IL REGNO DEL SACRO CUORE DI GESU\u2019 NELLE ANIME E NELLA SOCIETA\u2019 e diviene semplicemente IL REGNO a partire dal 1957: si restringe il titolo e si amplia la veduta, che presto diviene quella stessa del Concilio Vaticano II e della sua applicazione nell\u2019arcidiocesi di Bologna quale era perseguita dal cardinale Lercaro e dal pro-vicario Dossetti. <\/span><\/span><\/p>\n<p><span style=\"font-family: Times New Roman,serif;\"><span style=\"font-size: medium;\">Quella dei Dehoniani in questa citt\u00e0 \u00e8 stata una presenza pastorale e sociale, ma anche missionaria e culturale. Fin dall\u2019inizio i Dehoniani hanno avuto assegnate dall\u2019arcidiocesi delle parrocchie (attualmente ne hanno 9), il Santuario di Boccadirio, la chiesa santuario di Santa Maria Regina dei Cieli (detta \u201cdei poveri\u201d) in via Nosadella e varie iniziative di assistenza sociale e formativa, la pi\u00f9 importante delle quali \u00e8 il Villaggio del Fanciullo. <\/span><\/span><\/p>\n<p><span style=\"font-family: Times New Roman,serif;\"><span style=\"font-size: medium;\">Potremmo azzardare un\u2019altra semplificazione: con gli anni si accentua la presenza culturale dei Dehoniani e si assottiglia quella sociale. Oggi lo Studentato si \u00e8 ridotto, mentre la rivista si \u00e8 moltiplicata: il Centro Editoriale Dehoniano pubblica 16 testate e centinaia di titoli ogni anno ed ha acquisito una grande autorit\u00e0 nell\u2019opinione pubblica ecclesiale internazionale. <\/span><\/span><\/p>\n<p><span style=\"font-family: Times New Roman,serif;\"><span style=\"font-size: medium;\">E qui dovremmo fermarci sulla ragione conciliare, in zona Lercaro-Dossetti, del secondo radicamento bolognese dei dehoniani: Bibbia, Catechesi, Ecumenismo, Magistero, opinione pubblica nella Chiesa&#8230;<\/span><\/span><\/p>\n<p><span style=\"font-family: Times New Roman,serif;\"><span style=\"font-size: medium;\">Potremmo anche riflettere sul fatto che quel radicamento avvalora il richiamo a Bologna che \u00e8 nelle denominazioni correnti: \u201cIl Regno rivista di Bologna\u201d, \u201cle Edizioni Dehoniane di Bologna\u201d&#8230;<\/span><\/span><\/p>\n<p><span style=\"font-family: Times New Roman,serif;\"><span style=\"font-size: medium;\">A partire dal Vaticano II l\u2019apporto dei Dehoniani di Bologna \u00e8 stato di aiuto alla divulgazione e all\u2019assimilazione dell\u2019eredit\u00e0 di quel Concilio. Ma la famiglia dehoniana ha avuto anche un suo sacerdote tra i martiri di Monte Sole: Martino Capelli, ucciso a Salvaro nel 1944. C\u2019\u00e8 stato dunque anche un radicamento dehoniano nel sangue, in questo territorio&#8230; <\/span><\/span><\/p>\n<p><span style=\"font-family: Times New Roman,serif;\"><span style=\"font-size: medium;\">Tra le produzioni delle Edizioni Dehoniane di Bologna hanno grande autorevolezza il settore biblico \u2013 la \u201cBibbia di Gerusalemme\u201d \u00e8 diffusa ovunque in Italia \u2013 e gli <\/span><\/span><span style=\"font-family: Times New Roman,serif;\"><span style=\"font-size: medium;\"><em>Enchiridion<\/em><\/span><\/span><span style=\"font-family: Times New Roman,serif;\"><span style=\"font-size: medium;\">, cio\u00e8 le raccolte sistematiche dei documenti del magistero e del dialogo ecumenico.<\/span><\/span><\/p>\n<p><span style=\"font-family: Times New Roman,serif;\"><span style=\"font-size: medium;\">Ricordo che iniziando la mia attivit\u00e0 di vaticanista, andato a colloquio in Vaticano con don Virgilio Levi, che era vice-direttore dell\u2019Osservatore Romano, mi sentii dire: \u201cPer capire il Vaticano bisogna capire la Chiesa, prenditi dunque i documenti del Vaticano II e gli <\/span><\/span><span style=\"font-family: Times New Roman,serif;\"><span style=\"font-size: medium;\"><em>Enchiridion<\/em><\/span><\/span><span style=\"font-family: Times New Roman,serif;\"><span style=\"font-size: medium;\">, ma prima ancora la <\/span><\/span><span style=\"font-family: Times New Roman,serif;\"><span style=\"font-size: medium;\"><em>Bibbia di Gerusalemme<\/em><\/span><\/span><span style=\"font-family: Times New Roman,serif;\"><span style=\"font-size: medium;\"> e leggi quanto pi\u00f9 ti \u00e8 possibile, fino agli <\/span><\/span><span style=\"font-family: Times New Roman,serif;\"><span style=\"font-size: medium;\"><em>Acta Synodalia<\/em><\/span><\/span><span style=\"font-family: Times New Roman,serif;\"><span style=\"font-size: medium;\">\u201d. Tutto ci\u00f2 \u00e8 nella EDB e chiss\u00e0 che un giorno non vi arrivino anche gli <\/span><\/span><span style=\"font-family: Times New Roman,serif;\"><span style=\"font-size: medium;\"><em>Acta Synodalia<\/em><\/span><\/span><span style=\"font-family: Times New Roman,serif;\"><span style=\"font-size: medium;\">, magari per antologia\u2026<\/span><\/span><\/p>\n<p><span style=\"font-family: Times New Roman,serif;\"><span style=\"font-size: medium;\">L\u2019<\/span><\/span><span style=\"font-family: Times New Roman,serif;\"><span style=\"font-size: medium;\"><em>Enchiridion Vaticanum<\/em><\/span><\/span><span style=\"font-family: Times New Roman,serif;\"><span style=\"font-size: medium;\"> che allora \u2013 nel 1975, quando parlavo con don Levi \u2013 era di due volumi, oggi ne conta 25 ed esce a giorni il 26\u00b0; a quello vaticano si \u00e8 aggiunto quello <\/span><\/span><span style=\"font-family: Times New Roman,serif;\"><span style=\"font-size: medium;\"><em>Ecumenico<\/em><\/span><\/span><span style=\"font-family: Times New Roman,serif;\"><span style=\"font-size: medium;\"> ad oggi in 10 volumi, quello delle <\/span><\/span><span style=\"font-family: Times New Roman,serif;\"><span style=\"font-size: medium;\"><em>Encicliche<\/em><\/span><\/span><span style=\"font-family: Times New Roman,serif;\"><span style=\"font-size: medium;\">, 8 volumi; quello della <\/span><\/span><span style=\"font-family: Times New Roman,serif;\"><span style=\"font-size: medium;\"><em>Cei<\/em><\/span><\/span><span style=\"font-family: Times New Roman,serif;\"><span style=\"font-size: medium;\"> in 8 volumi, quello del <\/span><\/span><span style=\"font-family: Times New Roman,serif;\"><span style=\"font-size: medium;\"><em>Sinodo dei Vescovi<\/em><\/span><\/span><span style=\"font-family: Times New Roman,serif;\"><span style=\"font-size: medium;\"> in 3 volumi e quello della <\/span><\/span><span style=\"font-family: Times New Roman,serif;\"><span style=\"font-size: medium;\"><em>Pace<\/em><\/span><\/span><span style=\"font-family: Times New Roman,serif;\"><span style=\"font-size: medium;\"> in 2 volumi, quello dei Concordati, della Vita consacrata e della Famiglia (2 volumi), il <\/span><\/span><span style=\"font-family: Times New Roman,serif;\"><span style=\"font-size: medium;\"><em>Conciliorum Oecumenicorum Decreta<\/em><\/span><\/span><span style=\"font-family: Times New Roman,serif;\"><span style=\"font-size: medium;\"> e il <\/span><\/span><span style=\"font-family: Times New Roman,serif;\"><span style=\"font-size: medium;\"><em>Denzinger<\/em><\/span><\/span><span style=\"font-family: Times New Roman,serif;\"><span style=\"font-size: medium;\">, per un totale di oltre 60 volumi, per la maggior parte con testo bilingue&#8230;<\/span><\/span><\/p>\n<p><span style=\"font-family: Times New Roman,serif;\"><span style=\"font-size: medium;\">Insomma, chi voglia il Vaticano II nella continuit\u00e0 con la storia precedente \u2013 come giustamente chiede Papa Benedetto \u2013 e nell\u2019irradiazione in quella seguente, verso ogni Chiesa e ogni popolo, deve venire qui ad attingere, come deve attingere al \u201cRegno\u201d per il filone narrativo e documentale pi\u00f9 importante che abbiamo in Italia tra magistero, dibattito ecumenico, opinione pubblica ecclesiale. <\/span><\/span><\/p>\n<p><span style=\"font-family: Times New Roman,serif;\"><span style=\"font-size: medium;\">Quando in Vaticano si riunisce un simposio \u2013 poniamo sulle Inquisizioni o sul Dialogo interreligioso \u2013 nelle cartelle dei partecipanti vengono messe le fotocopie di testi pubblicati nelle riviste e nei repertori dei \u201cDehoniani di Bologna\u201d: e questo lo fanno anche gli organismi vaticani presso i quali il \u201cRegno\u201d e la EDB magari sollevano qualche timore: un poco temono, ma molto utilizzano. Credo che questo utilizzo sia il migliore riconoscimento del valore del lavoro degli amici dehoniani che stasera festeggiamo. <\/span><\/span><\/p>\n","protected":false},"excerpt":{"rendered":"<p>Marted\u00ec di San Domenico \u2013 23 ottobre 2012 \u2013 ore 21.00 &nbsp; Buonasera, a me tocca il ruolo di apripista, per dare il l\u00e0, ovvero il tema; poi il Padre&#8230;<\/p>\n<div class=\"more-link-wrapper\"><a class=\"more-link\" href=\"http:\/\/www.luigiaccattoli.it\/blog\/conferenze-e-dibattiti-2\/cent%e2%80%99anni-di-presenza-dei-dehoniani-a-bologna\/\">Read More<span class=\"screen-reader-text\">Cent\u2019anni di presenza dei Dehoniani a Bologna<\/span><\/a><\/div>\n","protected":false},"author":1,"featured_media":0,"parent":5506,"menu_order":0,"comment_status":"open","ping_status":"closed","template":"","meta":{"_monsterinsights_skip_tracking":false,"_monsterinsights_sitenote_active":false,"_monsterinsights_sitenote_note":"","_monsterinsights_sitenote_category":0,"footnotes":""},"class_list":["post-10025","page","type-page","status-publish","hentry","excerpt"],"_links":{"self":[{"href":"http:\/\/www.luigiaccattoli.it\/blog\/wp-json\/wp\/v2\/pages\/10025","targetHints":{"allow":["GET"]}}],"collection":[{"href":"http:\/\/www.luigiaccattoli.it\/blog\/wp-json\/wp\/v2\/pages"}],"about":[{"href":"http:\/\/www.luigiaccattoli.it\/blog\/wp-json\/wp\/v2\/types\/page"}],"author":[{"embeddable":true,"href":"http:\/\/www.luigiaccattoli.it\/blog\/wp-json\/wp\/v2\/users\/1"}],"replies":[{"embeddable":true,"href":"http:\/\/www.luigiaccattoli.it\/blog\/wp-json\/wp\/v2\/comments?post=10025"}],"version-history":[{"count":1,"href":"http:\/\/www.luigiaccattoli.it\/blog\/wp-json\/wp\/v2\/pages\/10025\/revisions"}],"predecessor-version":[{"id":10026,"href":"http:\/\/www.luigiaccattoli.it\/blog\/wp-json\/wp\/v2\/pages\/10025\/revisions\/10026"}],"up":[{"embeddable":true,"href":"http:\/\/www.luigiaccattoli.it\/blog\/wp-json\/wp\/v2\/pages\/5506"}],"wp:attachment":[{"href":"http:\/\/www.luigiaccattoli.it\/blog\/wp-json\/wp\/v2\/media?parent=10025"}],"curies":[{"name":"wp","href":"https:\/\/api.w.org\/{rel}","templated":true}]}}