{"id":10217,"date":"2012-11-23T09:52:48","date_gmt":"2012-11-23T08:52:48","guid":{"rendered":"http:\/\/www.luigiaccattoli.it\/blog\/?page_id=10217"},"modified":"2013-06-15T17:43:25","modified_gmt":"2013-06-15T15:43:25","slug":"odoardo-focherini-%e2%80%9cse-tu-vedessi-come-trattano-gli-ebrei%e2%80%9d","status":"publish","type":"page","link":"http:\/\/www.luigiaccattoli.it\/blog\/cerco-fatti-di-vangelo\/18-giusti-delle-nazioni\/odoardo-focherini-%e2%80%9cse-tu-vedessi-come-trattano-gli-ebrei%e2%80%9d\/","title":{"rendered":"Odoardo Focherini: \u201cSe tu vedessi come trattano gli ebrei\u201d"},"content":{"rendered":"<p><span style=\"font-family: Times New Roman,serif;\"><span style=\"font-size: medium;\">Odoardo Focherini, intellettuale cattolico e salvatore di ebrei, 37 anni, sette figli piccoli e piccolissimi, muore dopo sette mesi di prigionia nel campo di Hersbruck, verosimilmente alla vigilia di Natale del 1944, per una grave setticemia, assistito fino all\u2019ultimo dall\u2019amico Teresio Olivelli. Proclamato &#8220;beato&#8221; con il titolo di martire il 15 giugno 2013 a Carpi.<\/span><\/span><\/p>\n<p><span style=\"font-family: Times New Roman,serif;\"><span style=\"font-size: medium;\">Un prigioniero sopravvissuto, che gli fu vicino a Hersbruck, riferir\u00e0 le sue ultime parole, dette a Olivelli (che morir\u00e0 un mese e mezzo dopo): \u00ab<\/span><\/span><span style=\"font-family: Times New Roman,serif;\"><span style=\"font-size: medium;\"><em>I miei figli, voglio prima vederli&#8230; Tuttavia accetta, o Signore, anche questo sacrificio e custodiscili tu, insieme a mia moglie, ai miei genitori, a tutti i miei cari. Dichiaro di morire nella pi\u00f9 pura fede cattolica apostolica romana e nella piena sottomissione alla volont\u00e0 di Dio, offrendo la mia vita in olocausto per la mia diocesi, per l\u2019azione cattolica, per l\u2019<\/em><\/span><\/span><span style=\"font-family: Times New Roman,serif;\"><span style=\"font-size: medium;\">Avvenire d\u2019Italia<\/span><\/span><span style=\"font-family: Times New Roman,serif;\"><span style=\"font-size: medium;\"><em> e per il ritorno della pace nel mondo. Vi prego riferire a mia moglie che gli sono sempre rimasto fedele, l\u2019ho sempre pensata e sempre intensamente amata<\/em><\/span><\/span><span style=\"font-family: Times New Roman,serif;\"><span style=\"font-size: medium;\">\u00bb (Lampronti).<\/span><\/span><\/p>\n<p><span style=\"font-family: Times New Roman,serif;\"><span style=\"font-size: medium;\">Al momento dell\u2019arresto \u00e8 amministratore del quotidiano cattolico bolognese <\/span><\/span><span style=\"font-family: Times New Roman,serif;\"><span style=\"font-size: medium;\"><em>Avvenire d\u2019Italia<\/em><\/span><\/span><span style=\"font-family: Times New Roman,serif;\"><span style=\"font-size: medium;\">, diretto allora da Raimondo Manzini. Passa dal carcere di Bologna ai campi di concentramento di Fossoli, Bolzano, Flossemburg (quello dove verr\u00e0 impiccato, alla vigilia della caduta di Hitler, Dietrich Bonoeffer).<\/span><\/span><\/p>\n<p><span style=\"font-family: Times New Roman,serif;\"><span style=\"font-size: medium;\">La sua attivit\u00e0 fu scoperta perch\u00e9 la polizia intercett\u00f2 la lettera di un prete di Padova che gli segnalava il caso di un ebreo da mettere in salvo \u201csapendo che lei si interessa di ebrei\u201d. Nella sua casa di Mirandola la polizia trov\u00f2 una serie di timbri e altro materiale utile a preparare carte d\u2019identit\u00e0 e passaporti falsi. Un sacerdote che collabor\u00f2 con lui \u2013 don Dante Sala \u2013 attesta che aiut\u00f2 a passare il confine svizzero ben centocinque ebrei in poche settimane.<\/span><\/span><\/p>\n<p><span style=\"font-family: Times New Roman,serif;\"><span style=\"font-size: medium;\">Al cognato bruno Marchesi che gli fa visita in carcere dice: \u201c<\/span><\/span><span style=\"font-family: Times New Roman,serif;\"><span style=\"font-size: medium;\"><em>Se tu vedessi come trattano gli ebrei, ti pentiresti solo di non averne potuti salvare di pi\u00f9<\/em><\/span><\/span><span style=\"font-family: Times New Roman,serif;\"><span style=\"font-size: medium;\">\u201d. <\/span><\/span><\/p>\n<p><span style=\"font-family: Times New Roman,serif;\"><span style=\"font-size: medium;\">Il 29 agosto 1944 scrive dal campo di Gries (Bolzano) questa lettera d\u2019amore alla sposa Maria Marchesi: \u201c<\/span><\/span><span style=\"font-family: Times New Roman,serif;\"><span style=\"font-size: medium;\"><em>Quanti ricordi a ogni istante, a ogni mutar di cielo, a ogni cangiar di toni cerulei o plumbei: a ogni alitar di vento a ogni gioco di luci o di ombre nel cielo o sulle montagne! Centro di tutto un viso, uno sguardo, un palpito, un fremito, un ricordo, un desiderio che ha un nome: il tuo! Ecco ora in distanza un fischio di locomotiva fa cambiare scena\u2026 e il ricordo si sposta a quando di qui transitammo assieme di notte l\u2019uno accanto all\u2019altra in un\u2019ora deliziosa di vita verso una meta che rinverdiva i ricordi, che ci riavvicinava per un\u2019ora alle nostre montagne. Ricordi? Pi\u00f9 che sicuramente. E allora con l\u2019ardore e il desiderio di allora eccoti il bacio di oggi, uno degli innumeri che ogni giorno ti invio in attesa di poterteli dare quando si potr\u00e0. Ciao. Con serena certezza fidente ti abbraccio, tuo Odoardo<\/em><\/span><\/span><span style=\"font-family: Times New Roman,serif;\"><span style=\"font-size: medium;\">\u201d.<\/span><\/span><\/p>\n<p><span style=\"font-family: Times New Roman,serif;\"><span style=\"font-size: medium;\">La notizia della morte di Odoardo arriva alla moglie Maria Marchesi (1909-1989) solo a guerra finita, il 6 giugno del 1945. Nel 1969 era stato riconosciuto come \u201cgiusto delle nazioni\u201d: il suo nome, nel registro della \u201cYad Vashem\u201d, \u00e8 contrassegnato con l\u2019indicazione progressiva \u201cita 0519 69\u201d. L\u2019Unione delle comunit\u00e0 israelitiche italiane gli aveva gi\u00e0 dato la \u201cmedaglia d\u2019oro alla memoria\u201d con questa motivazione: \u201cPadre di sette figli, si prodig\u00f2 attivamente e instancabilmente per un lungo periodo a favore degli ebrei, particolarmente per salvare quelli ricercati. Arrestato per tale sua attivit\u00e0, fu deportato a Flossemburg, donde non fece pi\u00f9 ritorno. Magnifico esempio di altruismo e di spirito di sacrificio\u201d (<\/span><\/span><span style=\"font-family: Times New Roman,serif;\"><span style=\"font-size: medium;\"><em>Israel<\/em><\/span><\/span><span style=\"font-family: Times New Roman,serif;\"><span style=\"font-size: medium;\">, 21 aprile 1955, p. 3). Nel 2007 il Presidente Napolitano gli attribuisce la medaglia d&#8217;oro della Repubblica al Merito Civile che consegna alla primogenita Olga. Nel 1995 la diocesi di Carpi, di cui era nativo, aveva avviato il processo di beatificazione. Il 10 Maggio 2012 Benedetto XVI autorizza la pubblicazione del decreto della Congregazione per le Cause dei Santi che riconosce &#8220;il martirio del Servo di Dio Odoardo Focherini, Laico, nato a Carpi (Italia) il 6 giugno 1907 e ucciso, in odio alla Fede, a Hersbruck (Germania) il 27 dicembre 1944.<\/span><\/span><\/p>\n<p>&nbsp;<\/p>\n<p><span style=\"font-family: Times New Roman,serif;\"><span style=\"font-size: small;\"><strong>Giacomo Lampronti, <\/strong><\/span><\/span><span style=\"font-family: Times New Roman,serif;\"><span style=\"font-size: small;\"><em><strong>Mio fratello Odoardo<\/strong><\/em><\/span><\/span><span style=\"font-family: Times New Roman,serif;\"><span style=\"font-size: small;\"><strong>, Bologna 1948 [Lampronti, ebrei convertito al cristianesimo, era stato assunto da Focherini all&#8217;Avvenire ed era stato tra i primi da lui aiutati a espatriare]. Dizionario storico del movimento cattolico, vol. III\/1, p. 368-369. Claudio Pontiroli, <\/strong><\/span><\/span><span style=\"font-family: Times New Roman,serif;\"><span style=\"font-size: small;\"><em><strong>Odoardo Focherini. Un martire della libert\u00e0<\/strong><\/em><\/span><\/span><span style=\"font-family: Times New Roman,serif;\"><span style=\"font-size: small;\"><strong>, Carpi 1994. Odoardo Focherini, <\/strong><\/span><\/span><span style=\"font-family: Times New Roman,serif;\"><span style=\"font-size: small;\"><em><strong>Il cammino di un giusto. Lettere dalla prigionia<\/strong><\/em><\/span><\/span><span style=\"font-family: Times New Roman,serif;\"><span style=\"font-size: small;\"><strong>, a cura di Claudio Pontiroli, Finale Emilia 1994. Giorgio Vecchio, <\/strong><\/span><\/span><span style=\"font-family: Times New Roman,serif;\"><span style=\"font-size: small;\"><em><strong>Un \u201cGiusto fra le Nazioni\u201d. Odoardo Focherini, 1907-1944<\/strong><\/em><\/span><\/span><span style=\"font-family: Times New Roman,serif;\"><span style=\"font-size: small;\"><strong>, EDB 2012. <\/strong><\/span><\/span><\/p>\n<p>&nbsp;<\/p>\n<p><span style=\"font-family: Times New Roman,serif;\"><span style=\"font-size: small;\"><strong>[Novembre 2012 &#8211; con aggiornamento al giugno 2013]<\/strong><\/span><\/span><\/p>\n","protected":false},"excerpt":{"rendered":"<p>Odoardo Focherini, intellettuale cattolico e salvatore di ebrei, 37 anni, sette figli piccoli e piccolissimi, muore dopo sette mesi di prigionia nel campo di Hersbruck, verosimilmente alla vigilia di Natale&#8230;<\/p>\n<div class=\"more-link-wrapper\"><a class=\"more-link\" href=\"http:\/\/www.luigiaccattoli.it\/blog\/cerco-fatti-di-vangelo\/18-giusti-delle-nazioni\/odoardo-focherini-%e2%80%9cse-tu-vedessi-come-trattano-gli-ebrei%e2%80%9d\/\">Read More<span class=\"screen-reader-text\">Odoardo Focherini: \u201cSe tu vedessi come trattano gli ebrei\u201d<\/span><\/a><\/div>\n","protected":false},"author":1,"featured_media":0,"parent":2137,"menu_order":0,"comment_status":"open","ping_status":"closed","template":"","meta":{"_monsterinsights_skip_tracking":false,"_monsterinsights_sitenote_active":false,"_monsterinsights_sitenote_note":"","_monsterinsights_sitenote_category":0,"footnotes":""},"class_list":["post-10217","page","type-page","status-publish","hentry","excerpt"],"_links":{"self":[{"href":"http:\/\/www.luigiaccattoli.it\/blog\/wp-json\/wp\/v2\/pages\/10217","targetHints":{"allow":["GET"]}}],"collection":[{"href":"http:\/\/www.luigiaccattoli.it\/blog\/wp-json\/wp\/v2\/pages"}],"about":[{"href":"http:\/\/www.luigiaccattoli.it\/blog\/wp-json\/wp\/v2\/types\/page"}],"author":[{"embeddable":true,"href":"http:\/\/www.luigiaccattoli.it\/blog\/wp-json\/wp\/v2\/users\/1"}],"replies":[{"embeddable":true,"href":"http:\/\/www.luigiaccattoli.it\/blog\/wp-json\/wp\/v2\/comments?post=10217"}],"version-history":[{"count":8,"href":"http:\/\/www.luigiaccattoli.it\/blog\/wp-json\/wp\/v2\/pages\/10217\/revisions"}],"predecessor-version":[{"id":11937,"href":"http:\/\/www.luigiaccattoli.it\/blog\/wp-json\/wp\/v2\/pages\/10217\/revisions\/11937"}],"up":[{"embeddable":true,"href":"http:\/\/www.luigiaccattoli.it\/blog\/wp-json\/wp\/v2\/pages\/2137"}],"wp:attachment":[{"href":"http:\/\/www.luigiaccattoli.it\/blog\/wp-json\/wp\/v2\/media?parent=10217"}],"curies":[{"name":"wp","href":"https:\/\/api.w.org\/{rel}","templated":true}]}}