{"id":10333,"date":"2012-12-11T18:54:55","date_gmt":"2012-12-11T17:54:55","guid":{"rendered":"http:\/\/www.luigiaccattoli.it\/blog\/?page_id=10333"},"modified":"2012-12-12T00:10:26","modified_gmt":"2012-12-11T23:10:26","slug":"bagnasco-a-berlusconi-%e2%80%9cirresponsabilita%e2%80%9d","status":"publish","type":"page","link":"http:\/\/www.luigiaccattoli.it\/blog\/articoli-di-liberal\/bagnasco-a-berlusconi-%e2%80%9cirresponsabilita%e2%80%9d\/","title":{"rendered":"Bagnasco a Berlusconi: \u201cIrresponsabilit\u00e0\u201d"},"content":{"rendered":"<p><em>Articolo pubblicato da LIBERAL l\u201911 dicembre 2012 a pagina 3 con il titolo LA CHIESA SI E&#8217; SCHIERATA CON IL PROFESSORE<\/em><\/p>\n<p>&nbsp;<\/p>\n<p>L\u2019ufficialit\u00e0 della Chiesa italiana prende malissimo la candidatura a premier di Silvio Berlusconi in chiave antieuropea e a demolizione dell\u2019operato del governo Monti: il cardinale Bagnasco ha parlato ieri \u2013 in un\u2019intervista al \u201cCorriere della Sera\u201d \u2013 di \u201cirresponsabilit\u00e0\u201d, ovviamente senza nominare l\u2019ex premier ma svolgendo argomenti che lo scorso fine settimana erano stati anticipati dal direttore di \u201cAvvenire\u201d e dal direttore del \u201cTg2000\u201d con esplicito riferimento a Berlusconi.<\/p>\n<p>\u201cIrresponsabilit\u00e0\u201d ha detto dunque il presidente dei vescovi. \u201cUna decisione dirompente e sen\u00adza vero motivo\u201d aveva scritto \u201cAvvenire\u201d venerd\u00ec. \u201cMalinconico miope meschino\u201d erano stati gli aggettivi usati dal telegiornale della Tv della Cei diretta da Dino Boffo. Credo che mai gli uomini di Chiesa abilitati a commentare l\u2019attualit\u00e0 politica abbiano espresso una condanna pi\u00f9 diretta verso una scelta elettorale da parte di un nostro politico. Ne deduco che arriver\u00e0 altra grandine.<\/p>\n<p>\u201cNon si pu\u00f2 mandare in malora i sacrifici di un anno, che sono ricaduti spesso sulle fasce pi\u00f9 fragili. Ci\u00f2 che lascia sbigottiti \u00e8 l\u2019irresponsabilit\u00e0 di quanti pensano a sistemarsi mentre la casa sta ancora bruciando\u201d: queste le parole accese dette da Bagnasco al \u201cCorriere della Sera\u201d.<\/p>\n<p>Bagnasco parla anche dell\u2019antipolitica e invita a non \u201csottovalutarla\u201d, perch\u00e9 \u201cnon si tratta di un atteggiamento momentaneo e solo umorale che si supera in virt\u00f9 di formule a effetto, grazie a cosmesi solo esterne: la richiesta corale di riforma della politica, pur essendo un processo complesso, richiede inevitabilmente anche la riforma dei partiti e del personale politico\u201d. Le \u201ccosmesi solo esterne\u201d dicono da sole a chi pensi mai il cardinale di Genova.<\/p>\n<p>\u201cAvvenire\u201d, nell\u2019editoriale firmato venerd\u00ec dal direttore Marco Tarquinio, puntava il dito sulle \u201cconvulsioni antigovernative che hanno accompagnato il ri\u00adtorno in scena di Silvio Berlusconi\u201d e anticipava il ragionamento del cardinale Bagnasco sui sacrifici che ora rischiano di risultare vanificati: \u201cGli italia\u00adni ne hanno fatti a iosa in questo anno di severa e sobria \u2018cura Monti\u2019, sop\u00adportandone le conseguenze e vedendo\u00adne i primi frutti. La mossa destabilizza\u00adtrice decisa ieri ha gi\u00e0 cominciato a sacrificare i sacrifici di tutti\u201d.<\/p>\n<p>In aggiunta \u201cAvvenire\u201d aveva anche mosso a Berlusconi l\u2019accusa di \u201csacrificare la prospettiva di una riaggregazione dell\u2019area po\u00adlitica che si richiama al popolarismo europeo tesa a garantire l\u2019altro ed essen\u00adziale perno a un sistema bipolare ora sbilenco\u201d. Questa seconda accusa potrebbe essere ripresa nei prossimi giorni dai portavoce dell\u2019ufficialit\u00e0 cattolica nell\u2019accompagnamento delle iniziative delle forze centriste che non hanno ancora scelto la strategia riaggregativa in vista delle elezioni.<\/p>\n<p>Il commento pi\u00f9 aspro di parte cattolica al ritorno di Berlusconi \u00e8 quello espresso gioved\u00ec scorso da \u201cTg2000\u201d che ebbe a definirlo \u201cincomprensibile ma non inatteso\u201d e che cos\u00ec lo interpret\u00f2: \u201cIl sospetto \u00e8 che si tratti di un\u2019azione volta a garantirsi nel prossimo Parlamento un manipolo di sostenitori ad personam\u201d. Le parole di Bagnasco sull\u2019irresponsabilit\u00e0 di chi \u201cpensa a sistemarsi\u201d mentre la casa brucia si legano perfettamente a queste righe.<\/p>\n<p>\u201cD\u00e0 malinconia \u2013 aggiungeva con parole taglienti il direttore dell\u2019emittente della Cei \u2013 che una vicenda ventennale abbia un epilogo tanto miope per non dire meschino\u201d. Seguiva una specie di invito ai singoli esponenti del Centrodestra a non seguire Berlusconi nella sua meschina miopia: \u201cSe i singoli parlamentari non sapranno farsi carico oggi e nelle prossime elezioni degli interessi del Paese evitino, per la presentabilit\u00e0 di loro stessi, di esporsi al giudizio degli italiani\u201d.<\/p>\n<p>Va detto che questa convergente demolizione del \u201cmalinconico\u201d rilancio berlusconiano non era affatto imprevedibile e c\u2019\u00e8 da scommettere che un uomo accordo come Gianni Letta ne abbia documentatamente preavvertito il cavaliere alla vigilia della decisione di \u201ccorrere per vincere\u201d.<\/p>\n<p>Il cardinale Angelo Bagnasco aveva infatti parlato chiaro contro la ricandidatura di Berlusconi, sempre senza farne il nome, il 24 settembre scorso, ad apertura del Consiglio permanente dell\u2019episcopato, in un momento in cui il Cavaliere scalpitava pi\u00f9 che mai. Gi\u00e0 allora, come di nuovo ieri nell\u2019intervista al \u201cCorriere della Sera\u201d, Bagnasco aveva argomentato che non \u00e8 pensabile prepararsi alle elezioni \u201ccon operazioni di semplice cosmesi\u201d, immaginando di recuperare rispetto all\u2019onda montante dell\u2019antipolitica con le \u201cconsuete mosse ad affetto\u201d.<\/p>\n<p>Ma in quella prolusione vi erano state anche altre e pi\u00f9 puntuali allusioni a Berlusconi proposte in un\u2019unica argomentazione tutta mirata alla scadenza elettorale. \u201cLa politica richiede non solo buona volont\u00e0, ma capacit\u00e0 di visione, competenza, e quella\u00a0coerenza personale che rende presentabili agli occhi della Nazione e del mondo\u201d, aveva detto per esempio il cardinale.<\/p>\n<p>L\u2019accenno alla \u201cpresentabilit\u00e0\u201d agli occhi della nazione e del mondo era il sigillo dell\u2019intera argomentazione. Al Berlusconi tentato di ripresentarsi, la presidenza della Cei mandava a dire che per compiere quel passo occorreva essere moralmente e politicamente \u201cpresentabili\u201d, mentre le liste da sottoporre all\u2019elettorato dovevano \u201cirrobustirsi con\u00a0soggetti non chiacchierati\u201d.<\/p>\n<p>Una pagina pi\u00f9 avanti, nella prospettazione del lavoro da compiere per una messa in sicurezza durevole del Paese e dei suoi conti, il cardinale \u2013 sempre nella prolusione di settembre \u2013 era tornato ad alludere criticamente a chi vorrebbe fare a meno dell\u2019Europa, o sfidarne le indicazioni: e tra questi Berlusconi, si sa, \u00e8 in prima fila. La crisi \u2013 aveva argomentato Bagnasco \u2013 \u00e8 \u201cdi sistema\u201d e non pu\u00f2 essere affrontata \u201ccon formule facili o peggio propagandistiche\u201d; n\u00e9 sarebbe pensabile \u201cun affronto puramente nazionale\u201d e risulterebbe \u201cillusorio e suicida\u201d pretendere di prescindere dal \u201ccontesto europeo e mondiale\u201d; nel quale anzi \u201cbisogna saper stare con competenza e autorevolezza riconosciuti\u201d. Cio\u00e8 alla Monti e non alla Berlusconi.<\/p>\n<p>&nbsp;<\/p>\n<p><strong>Luigi Accattoli<\/strong><\/p>\n<p>www.luigiaccattoli.it<\/p>\n","protected":false},"excerpt":{"rendered":"<p>Articolo pubblicato da LIBERAL l\u201911 dicembre 2012 a pagina 3 con il titolo LA CHIESA SI E&#8217; SCHIERATA CON IL PROFESSORE &nbsp; L\u2019ufficialit\u00e0 della Chiesa italiana prende malissimo la candidatura&#8230;<\/p>\n<div class=\"more-link-wrapper\"><a class=\"more-link\" href=\"http:\/\/www.luigiaccattoli.it\/blog\/articoli-di-liberal\/bagnasco-a-berlusconi-%e2%80%9cirresponsabilita%e2%80%9d\/\">Read More<span class=\"screen-reader-text\">Bagnasco a Berlusconi: \u201cIrresponsabilit\u00e0\u201d<\/span><\/a><\/div>\n","protected":false},"author":1,"featured_media":0,"parent":7659,"menu_order":0,"comment_status":"open","ping_status":"closed","template":"","meta":{"_monsterinsights_skip_tracking":false,"_monsterinsights_sitenote_active":false,"_monsterinsights_sitenote_note":"","_monsterinsights_sitenote_category":0,"footnotes":""},"class_list":["post-10333","page","type-page","status-publish","hentry","excerpt"],"_links":{"self":[{"href":"http:\/\/www.luigiaccattoli.it\/blog\/wp-json\/wp\/v2\/pages\/10333","targetHints":{"allow":["GET"]}}],"collection":[{"href":"http:\/\/www.luigiaccattoli.it\/blog\/wp-json\/wp\/v2\/pages"}],"about":[{"href":"http:\/\/www.luigiaccattoli.it\/blog\/wp-json\/wp\/v2\/types\/page"}],"author":[{"embeddable":true,"href":"http:\/\/www.luigiaccattoli.it\/blog\/wp-json\/wp\/v2\/users\/1"}],"replies":[{"embeddable":true,"href":"http:\/\/www.luigiaccattoli.it\/blog\/wp-json\/wp\/v2\/comments?post=10333"}],"version-history":[{"count":2,"href":"http:\/\/www.luigiaccattoli.it\/blog\/wp-json\/wp\/v2\/pages\/10333\/revisions"}],"predecessor-version":[{"id":10339,"href":"http:\/\/www.luigiaccattoli.it\/blog\/wp-json\/wp\/v2\/pages\/10333\/revisions\/10339"}],"up":[{"embeddable":true,"href":"http:\/\/www.luigiaccattoli.it\/blog\/wp-json\/wp\/v2\/pages\/7659"}],"wp:attachment":[{"href":"http:\/\/www.luigiaccattoli.it\/blog\/wp-json\/wp\/v2\/media?parent=10333"}],"curies":[{"name":"wp","href":"https:\/\/api.w.org\/{rel}","templated":true}]}}