{"id":10707,"date":"2013-02-05T15:04:20","date_gmt":"2013-02-05T14:04:20","guid":{"rendered":"http:\/\/www.luigiaccattoli.it\/blog\/?page_id=10707"},"modified":"2013-02-05T15:31:16","modified_gmt":"2013-02-05T14:31:16","slug":"il-battesimo-per-me-e-stata-la-felicita","status":"publish","type":"page","link":"http:\/\/www.luigiaccattoli.it\/blog\/cerco-fatti-di-vangelo\/documentazione\/il-battesimo-per-me-e-stata-la-felicita\/","title":{"rendered":"Carla Margutti: &#8220;Il battesimo per me \u00e8 stata la felicit\u00e0&#8221;"},"content":{"rendered":"<p>Mi chiamo Carla\u00a0Margutti\u00a0e ho ricevuto il battesimo all\u2019et\u00e0 di 26 anni, durante la Veglia di Pasqua del 2003, nella Cattedrale di San Lorenzo di Perugia. Sono nata in una famiglia non cattolica e, fino all&#8217;et\u00e0 di 21 anni, pur avendo frequentato le ore di religione cattolica a scuola, credevo che la Bibbia fosse un libro di belle storie da leggere e che Ges\u00f9 fosse un \u201cpersonaggio buono\u201d, protagonista di quei racconti.<\/p>\n<p>Dopo una serie di fatti che pesavano sulle mie spalle come macigni (tra cui alcune ingiustizie sub\u00ecte sin da bambina, una famiglia perennemente in lite, una malattia che ha seriamente colpito mia madre, la morte di un amico carissimo, un fidanzamento concluso dopo tre anni e mezzo, un blocco nello studio\u2026), sono giunta a pensare, poco pi\u00f9 che ventenne, che la vita non avesse senso.<\/p>\n<p>Un giorno la mia amica pi\u00f9 cara, conosciuta all\u2019Universit\u00e0, mi invita ad ascoltare delle catechesi del Cammino Neocatecumenale) e io accetto, pensando che quella sarebbe stata l&#8217;ultima carta che avrei giocato prima di mollare. E\u2019 stata una folgorazione. Mi sono trovata dinanzi sei persone semplici come me e come tante altre, che mi annunciavano un fatto sconvolgente mai udito prima: esisteva un Dio che mi amava infinitamente cos\u00ec come ero, una fallita disperata, vuota e senza voglia di vivere! E quel Dio voleva fortemente rendermi felice.<\/p>\n<p>Una di quelle persone, un ometto dalla faccia simpatica, un orologiaio sempre sorridente, una sera ha raccontato alcuni fatti della sua vita e io ricordo di aver pensato: \u201cCome pu\u00f2 essere cos\u00ec gioioso, con una storia del genere? Che senso ha l&#8217;esistere, per lui?\u201d. Se io ero una fallita, quell\u2019uomo come poteva definirsi? Quando ci ha svelato che Ges\u00f9 Cristo aveva colmato di senso e di Amore ogni suo giorno, ho detto a me stessa: \u201cSe \u00e8 stato possibile per lui lo \u00e8 anche per me! Di qualunque cosa si tratti lo voglio anch\u2019io\u201d.<\/p>\n<p>Da quel momento non mi sono fermata un istante nella ricerca, sono stata accolta a braccia aperte dalla Chiesa, come una figlia, pur provenendo da un\u2019esistenza pagana e di opposizione alla gerarchia dal Papa in gi\u00f9, cos\u00ec come ho sempre ascoltato in famiglia. Dopo quattro anni di catecumenato, ho avuto la gioia e la grazia di ricevere i sacramenti. Sono passati quasi 10 anni, ora sono una sposa madre di cinque bambini, un\u2019insegnante della scuola primaria ancora in cammino, ancora alla ricerca, vivo quotidianamente la \u201cbuona battaglia della fede\u201d, finch\u00e9 Dio manterr\u00e0 la Sua mano sulla mia testa, come ripeto spesso! Concordo in pieno con la frase del messaggio urbi et orbi di Paolo VI della Pasqua del 1969, quando disse che \u201cil Cristianesimo non \u00e8 facile, ma \u00e8 felice\u201d.<\/p>\n<p>Perch\u00e9 ho scelto di battezzarmi? Quello che so per certo \u00e8 che Dio ha scelto me, che se non lo avessi incontrato non credo mi sarei mai sposata, che se anche lo avessi fatto, sarei sicuramente separata da tanti anni, di certo non avrei cinque figli, molto probabilmente non sarei pi\u00f9 viva gi\u00e0 da parecchi anni! Ges\u00f9 Cristo ha salvato e sta salvando la mia vita, il mio matrimonio, la mia maternit\u00e0, il mio lavoro&#8230; colmandoli di senso e di Amore. Mi ha ridato la dignit\u00e0 che non ho mai avuto, ha riempito la mia esistenza di speranza, mi sta insegnando ad amare (cosa che non credevo possibile, prima di conoscerlo), ha posto nel mio cuore il desiderio di ricevere il dono della vita eterna, gi\u00e0 in questa vita, sta mantenendo fedelmente tutte le promesse che mi ha fatto a partire da quelle catechesi ascoltate nel 1999.<\/p>\n<p>La mia vita \u00e8 stata rivoluzionata&#8230; Ora anche io, insieme a mio marito e ad altri quattro fratelli, sono diventata catechista per adulti e mi trovo dalla parte di quell\u2019ometto semplice e gioioso, di chi, quasi tredici anni fa, mi ha testimoniato che l\u2019Amore esiste e che a Lui nulla \u00e8 impossibile!<\/p>\n<p>La pace sia con voi, Carla\u00a0Margutti.<\/p>\n","protected":false},"excerpt":{"rendered":"<p>Mi chiamo Carla\u00a0Margutti\u00a0e ho ricevuto il battesimo all\u2019et\u00e0 di 26 anni, durante la Veglia di Pasqua del 2003, nella Cattedrale di San Lorenzo di Perugia. Sono nata in una famiglia&#8230;<\/p>\n<div class=\"more-link-wrapper\"><a class=\"more-link\" href=\"http:\/\/www.luigiaccattoli.it\/blog\/cerco-fatti-di-vangelo\/documentazione\/il-battesimo-per-me-e-stata-la-felicita\/\">Read More<span class=\"screen-reader-text\">Carla Margutti: &#8220;Il battesimo per me \u00e8 stata la felicit\u00e0&#8221;<\/span><\/a><\/div>\n","protected":false},"author":1,"featured_media":0,"parent":6875,"menu_order":0,"comment_status":"open","ping_status":"closed","template":"","meta":{"_monsterinsights_skip_tracking":false,"_monsterinsights_sitenote_active":false,"_monsterinsights_sitenote_note":"","_monsterinsights_sitenote_category":0,"footnotes":""},"class_list":["post-10707","page","type-page","status-publish","hentry","excerpt"],"_links":{"self":[{"href":"http:\/\/www.luigiaccattoli.it\/blog\/wp-json\/wp\/v2\/pages\/10707","targetHints":{"allow":["GET"]}}],"collection":[{"href":"http:\/\/www.luigiaccattoli.it\/blog\/wp-json\/wp\/v2\/pages"}],"about":[{"href":"http:\/\/www.luigiaccattoli.it\/blog\/wp-json\/wp\/v2\/types\/page"}],"author":[{"embeddable":true,"href":"http:\/\/www.luigiaccattoli.it\/blog\/wp-json\/wp\/v2\/users\/1"}],"replies":[{"embeddable":true,"href":"http:\/\/www.luigiaccattoli.it\/blog\/wp-json\/wp\/v2\/comments?post=10707"}],"version-history":[{"count":4,"href":"http:\/\/www.luigiaccattoli.it\/blog\/wp-json\/wp\/v2\/pages\/10707\/revisions"}],"predecessor-version":[{"id":10716,"href":"http:\/\/www.luigiaccattoli.it\/blog\/wp-json\/wp\/v2\/pages\/10707\/revisions\/10716"}],"up":[{"embeddable":true,"href":"http:\/\/www.luigiaccattoli.it\/blog\/wp-json\/wp\/v2\/pages\/6875"}],"wp:attachment":[{"href":"http:\/\/www.luigiaccattoli.it\/blog\/wp-json\/wp\/v2\/media?parent=10707"}],"curies":[{"name":"wp","href":"https:\/\/api.w.org\/{rel}","templated":true}]}}