{"id":10807,"date":"2013-02-18T10:24:11","date_gmt":"2013-02-18T09:24:11","guid":{"rendered":"http:\/\/www.luigiaccattoli.it\/blog\/?page_id=10807"},"modified":"2013-02-18T10:24:11","modified_gmt":"2013-02-18T09:24:11","slug":"la-rinuncia-di-benedetto-come-fatto-di-vangelo","status":"publish","type":"page","link":"http:\/\/www.luigiaccattoli.it\/blog\/articoli-del-corriere-della-sera\/la-rinuncia-di-benedetto-come-fatto-di-vangelo\/","title":{"rendered":"La rinuncia di Benedetto come fatto di Vangelo"},"content":{"rendered":"<p><em>Pubblicato dal \u201cCorriere della Sera\u201d del 18 febbraio 2013 come editoriale<\/em><\/p>\n<p>&nbsp;<\/p>\n<p>Davanti a una piazza San Pietro piena di una folla dolorosa il Papa della rinuncia ha svolto ieri una severa predicazione sul combattimento tra il peccato e la grazia senza una sola parola rivolta a lenire la confusione dei cuori provocata dalla sua decisione. Forse per discrezione, o per proteggere dall\u2019invadenza dei sentimenti il vero segno della sua anticipata uscita dalla storia.<\/p>\n<p>La rinuncia di Benedetto al Papato \u00e8 un fatto di Vangelo, portatore di un messaggio per tutti e di una scossa al mondo dei cristiani. Da quella scossa possono venire buoni frutti ma molto dipender\u00e0 dalla reazione dell\u2019ambiente ecclesiastico che sembra essere arrivato all\u2019appuntamento del tutto impreparato. Eppure l\u2019evento era prevedibile: da Pio XII in poi tutti i Papi hanno messo allo studio la possibilit\u00e0 di dimettersi.<\/p>\n<p>Come mutazione storica del Pontificato romano questa rinuncia \u00e8 paragonabile alla novit\u00e0 dell\u2019elezione nel 1978 di un Papa non italiano dopo 455 anni che pi\u00f9 non avveniva: in questi ultimi tempi il Papato \u00e8 tornato a sorprendere. Ma nel gesto di Benedetto si intravede una valenza soggettiva imparagonabile al \u201ccoraggio\u201d del Conclave che elesse il Papa polacco, un\u2019indicazione umana e cristiana che va recepita, forse assecondata. C\u2019\u00e8 una responsabilit\u00e0 dei media in questo, come di fronte a ogni novit\u00e0 dei casi umani, ma c\u2019\u00e8 anche un compito degli uomini di Chiesa.<\/p>\n<p>Stiamo uscendo da un Pontificato il cui titolare a prologo dei suoi tre volumi su \u201cGes\u00f9 di Nazaret\u201d mise le parole, mai venute dalla bocca di un Papa: \u201cOgnuno \u00e8 libero di contraddirmi\u201d e che ora si offre disarmato alla valutazione critica dei cardinali che dal 1\u00b0 marzo discuteranno sullo \u201cstato della Chiesa\u201d. Egli ha messo in conto che il successore possa \u201ccontraddirlo\u201d fin dalle prime decisioni, senza che sia intervenuta la cesura allontanante della morte.<\/p>\n<p>Sarebbe bene che l\u2019apparato curiale avesse un pieno rispetto di questo lascito, importante anche in chiave ecumenica e civile, venuto da un Pontificato concentrato sull\u2019essenziale della fede. Un rispetto da attestare prolungando, per quanto possibile, quella concentrazione.<\/p>\n<p>Come ogni eredit\u00e0 dello spirito, quel lascito potrebbe essere oscurato da nomine dell\u2019ultima ora (se ne ebbero con Papa Wojtyla fino alla vigilia della morte), da un rilancio delle rivalit\u00e0 interne alla Curia, dalla paura per l\u2019indebolimento del Papato che potrebbe venire da questa \u201crinuncia\u201d, come fosse ragionevole dubitare del credente Joseph Ratzinger che l\u2019ha meditata \u201cdi fronte a Dio\u201d e con tremore se ne \u00e8 fatto carico di fronte alla storia.<\/p>\n<p>La Sede Vacante sar\u00e0 retta dai cardinali Angelo Sodano e Tarcisio Bertone, l\u2019uno Decano e l\u2019altro Camerlengo: la leggenda vuole che si siano combattuti lungo l\u2019intero Pontificato benedettiano e nessuno amerebbe assistere a un prolungamento del conflitto nei tempi supplementari che si apriranno il 28 sera alle 20. \u201cIl volto della Chiesa \u00e8 a volte deturpato dalle rivalit\u00e0\u201d ha detto Benedetto il giorno delle Ceneri.<\/p>\n<p>L\u2019eredit\u00e0 del Papa teologo che ha chiamato a penitenza la Chiesa, simbolicamente riproposta dall\u2019atto della rinuncia, potrebbe essere contraddetta in immagine e persino contrastata nella percezione delle persone pi\u00f9 semplici anche da un eccesso di cautele sulla vita futura del Papa \u201crinunciatario\u201d, come fosse da ritenere pericoloso lo stesso fatto di rivederlo un giorno, o di riascoltarne la voce.<\/p>\n<p>Quando leggiamo che Celestino V all\u2019indomani del \u201cgran rifiuto\u201d fu imprigionato nel Castello di Fumone, diciamo \u201cguarda che tempi\u201d e ora vediamo prospettata una reclusione non avversa ma comunque totale per il nuovo Celestino, tra la Villa di Castel Gandolfo munita di garitte che raggiunger\u00e0 in elicottero sotto l\u2019occhio delle telecamere e il Monastero inaccessibile dei Giardini Vaticani. Come se il Papa tedesco lasciata la Cattedra stia per divenire pericoloso.<\/p>\n<p>Egli con umile libert\u00e0 ha deciso contro una tradizione di secoli di rinunciare al \u201cministero\u201d pi\u00f9 alto e il suo popolo dovrebbe poter trovare il modo di accoglierlo con libera disponibilit\u00e0 nella propria \u201cassemblea\u201d, senza che l\u2019apparato ecclesiastico lo sequestri all\u2019affetto e alla riconoscenza di tutti.<\/p>\n<p><strong>Luigi Accattoli<\/strong><\/p>\n<p>www.luigiaccattoli.it<\/p>\n","protected":false},"excerpt":{"rendered":"<p>Pubblicato dal \u201cCorriere della Sera\u201d del 18 febbraio 2013 come editoriale &nbsp; Davanti a una piazza San Pietro piena di una folla dolorosa il Papa della rinuncia ha svolto ieri&#8230;<\/p>\n<div class=\"more-link-wrapper\"><a class=\"more-link\" href=\"http:\/\/www.luigiaccattoli.it\/blog\/articoli-del-corriere-della-sera\/la-rinuncia-di-benedetto-come-fatto-di-vangelo\/\">Read More<span class=\"screen-reader-text\">La rinuncia di Benedetto come fatto di Vangelo<\/span><\/a><\/div>\n","protected":false},"author":1,"featured_media":0,"parent":7661,"menu_order":0,"comment_status":"open","ping_status":"closed","template":"","meta":{"_monsterinsights_skip_tracking":false,"_monsterinsights_sitenote_active":false,"_monsterinsights_sitenote_note":"","_monsterinsights_sitenote_category":0,"footnotes":""},"class_list":["post-10807","page","type-page","status-publish","hentry","excerpt"],"_links":{"self":[{"href":"http:\/\/www.luigiaccattoli.it\/blog\/wp-json\/wp\/v2\/pages\/10807","targetHints":{"allow":["GET"]}}],"collection":[{"href":"http:\/\/www.luigiaccattoli.it\/blog\/wp-json\/wp\/v2\/pages"}],"about":[{"href":"http:\/\/www.luigiaccattoli.it\/blog\/wp-json\/wp\/v2\/types\/page"}],"author":[{"embeddable":true,"href":"http:\/\/www.luigiaccattoli.it\/blog\/wp-json\/wp\/v2\/users\/1"}],"replies":[{"embeddable":true,"href":"http:\/\/www.luigiaccattoli.it\/blog\/wp-json\/wp\/v2\/comments?post=10807"}],"version-history":[{"count":1,"href":"http:\/\/www.luigiaccattoli.it\/blog\/wp-json\/wp\/v2\/pages\/10807\/revisions"}],"predecessor-version":[{"id":10808,"href":"http:\/\/www.luigiaccattoli.it\/blog\/wp-json\/wp\/v2\/pages\/10807\/revisions\/10808"}],"up":[{"embeddable":true,"href":"http:\/\/www.luigiaccattoli.it\/blog\/wp-json\/wp\/v2\/pages\/7661"}],"wp:attachment":[{"href":"http:\/\/www.luigiaccattoli.it\/blog\/wp-json\/wp\/v2\/media?parent=10807"}],"curies":[{"name":"wp","href":"https:\/\/api.w.org\/{rel}","templated":true}]}}