{"id":10829,"date":"2013-02-20T10:57:07","date_gmt":"2013-02-20T09:57:07","guid":{"rendered":"http:\/\/www.luigiaccattoli.it\/blog\/?page_id=10829"},"modified":"2021-04-17T17:51:38","modified_gmt":"2021-04-17T15:51:38","slug":"laura-vincenzi-ce-una-ragazza-qui-a-ferrara-che-ti-vuole-un-mare-di-bene","status":"publish","type":"page","link":"http:\/\/www.luigiaccattoli.it\/blog\/cerco-fatti-di-vangelo\/9-la-voce-dello-sposo-e-la-voce-della-sposa\/laura-vincenzi-ce-una-ragazza-qui-a-ferrara-che-ti-vuole-un-mare-di-bene\/","title":{"rendered":"Laura Vincenzi: \u00abC\u2019\u00e8 una ragazza qui a Ferrara che ti vuole un mare di bene\u00bb"},"content":{"rendered":"<p>Laura ama Guido, l\u2019ha conosciuto a Spello, a un ritiro: un amore incantato dei vent\u2019anni. Che dura solo tre anni e mezzo, troncato dalla morte di lei, il 4 aprile 1987, per tumore alle ossa. Di questa storia toccante riporto il primo e l\u2019ultimo saluto scritti da lei a lui: un messaggio d\u2019amore nascente e l\u2019addio per sempre, nella speranza del ritrovamento in Cielo.<\/p>\n<p>Questa \u00e8 l\u2019alba innocente di quell\u2019amore:<\/p>\n<p><em>Ciao vita mia, quanta dolcezza sento per te, quanta dolcezza nasce dal ricordo dei bellissimi momenti vissuti insieme in questi giorni (&#8230;) Un momento senz\u2019altro tra i pi\u00f9 teneri \u00e8 stato l\u2019incontro di gioved\u00ec mattina che, come per magia, ha annullato il senso del tempo: dopo una \u201cnotte\u201d di distacco, che dolce ritrovarti all\u2019alba di un nuovo mese, lungo Corso Giovecca, col tuo valigione e sorriderti, scambiare le prime parole sul tuo viaggio, per poi essere accolta fra le tue braccia, una festa di dolcezza, di sguardi e parole: eh s\u00ec, tanti discorsi li abbiamo cominciati durante la sosta al parco e in attesa della corriere. Una festa che si \u00e8 prolungata il pomeriggio con lo scambio dei regali: un rito tutto nostro di cui ho riassaporato interamente il gusto.<\/em><\/p>\n<p>Questo \u00e8 il saluto di una delle tante lettere di Laura, festose anche nel dramma:<\/p>\n<p><em>Allora ciao tesoro mio lo sai, c\u2019\u00e8 una ragazza qui a Ferrara che ti vuole un mare di bene!<\/em><\/p>\n<p>Ecco il saluto in Dio:<\/p>\n<p><em>Quando me ne andr\u00f2:<\/em><\/p>\n<p><em>&#8211; Io continuer\u00f2 ad essere viva, ad amarti, ad interpellarti, a pregare per te. <\/em><\/p>\n<p><em>&#8211; sar\u00f2 nella Gioia&#8230; ma mi piacerebbe tanto che tu continuassi ad essere un bravo figlio di Dio, a mantenerti in una dimensione di verticalit\u00e0: preghiera, ascolto della Parola, vigilanza, testimonianza.<\/em><\/p>\n<p><em>&#8211; Io ti aiuter\u00f2 sempre con tutta la forza di Dio: sar\u00f2 il tuo angelo custode.<\/em><\/p>\n<p><em>&#8211; Ti aspetter\u00f2 per riabbracciarti.<\/em><\/p>\n<p><em>&#8211; So che non sar\u00e0 facile per te, Amore mio, o che perlomeno sar\u00e0 diverso&#8230; ma io ce la metter\u00f2 tutta e forse dall\u2019aldil\u00e0 ti potr\u00f2 dare un aiuto pi\u00f9 grande di quello che riesco a darti ora umanamente.<\/em><\/p>\n<p><em>&#8211; Ho per\u00f2 fiducia che tu ce 1a farai: fiducia grande in te come persona, nelle tue risorse personali. Perch\u00e9 \u00e8 vero che noi ci aiutiamo reciprocamente, ma non siamo indispensabili.<\/em><\/p>\n<p><strong>Ho conosciuto la storia di Laura Vincenzi dal volume <em>Lettere di una fidanzata. A cura di Guido Boffi<\/em>, Citt\u00e0 Nuova, Roma 199, pp. 150. I passi citati sono alle pagine 19, 27, 142. Una seconda edizione del volume (con testi delle postulatrici della causa, dell&#8217;arcivescovo di Ferrara, del fidanzato Guido) viene pubblicata dall&#8217;editrice Ave nel 2018.<\/strong><\/p>\n<p><strong>Qui un testo di Giovanni Raminelli su Laura: <\/strong><a href=\"http:\/\/blog.libero.it\/GioRam\/11132881.html\"><strong>http:\/\/blog.libero.it\/GioRam\/11132881.html<\/strong><\/a><strong>. Qui un profilo facebook a lei dedicato: <\/strong><a href=\"http:\/\/www.facebook.com\/pages\/Per-Laura-Vincenzi\/319473018102093\"><strong>http:\/\/www.facebook.com\/pages\/Per-Laura-Vincenzi\/319473018102093<\/strong><\/a><strong>. Nel 25\u00b0 della morte di Laura [2012] l\u2019Azione Cattolica di Ferrara e la Parrocchia di Tresigallo (dove Laura era nata e viveva) iniziano la raccolta della documentazione necessaria per l\u2019avvio della causa di canonizzazione, che parte il 7 dicembre 2016. <\/strong><\/p>\n<p><strong>Nel marzo del 2021 il ricostituito tribunale dell&#8217;arcidiocesi di Ferrara inizia l&#8217;interrogazione dei testimoni. Nell&#8217;aprile del 2021 i sostenitori della causa organizzano un convegno da remoto per la presentazione della canzone <a href=\"https:\/\/www.youtube.com\/watch?v=1sYjZiZwwlk\">Laura canta insieme a noi<\/a> di Patrizio Fergnani .<\/strong><\/p>\n<p><strong>[Dal volume <em>Cerco fatti di Vangelo<\/em>, SEI 1995 \u2013 aggiornamento all&#8217;aprile 2021]<\/strong><\/p>\n\n\n<p><\/p>\n","protected":false},"excerpt":{"rendered":"<p>Laura ama Guido, l\u2019ha conosciuto a Spello, a un ritiro: un amore incantato dei vent\u2019anni. Che dura solo tre anni e mezzo, troncato dalla morte di lei, il 4 aprile&#8230;<\/p>\n<div class=\"more-link-wrapper\"><a class=\"more-link\" href=\"http:\/\/www.luigiaccattoli.it\/blog\/cerco-fatti-di-vangelo\/9-la-voce-dello-sposo-e-la-voce-della-sposa\/laura-vincenzi-ce-una-ragazza-qui-a-ferrara-che-ti-vuole-un-mare-di-bene\/\">Read More<span class=\"screen-reader-text\">Laura Vincenzi: \u00abC\u2019\u00e8 una ragazza qui a Ferrara che ti vuole un mare di bene\u00bb<\/span><\/a><\/div>\n","protected":false},"author":1,"featured_media":0,"parent":2110,"menu_order":0,"comment_status":"open","ping_status":"closed","template":"","meta":{"_monsterinsights_skip_tracking":false,"_monsterinsights_sitenote_active":false,"_monsterinsights_sitenote_note":"","_monsterinsights_sitenote_category":0,"footnotes":""},"class_list":["post-10829","page","type-page","status-publish","hentry","excerpt"],"_links":{"self":[{"href":"http:\/\/www.luigiaccattoli.it\/blog\/wp-json\/wp\/v2\/pages\/10829","targetHints":{"allow":["GET"]}}],"collection":[{"href":"http:\/\/www.luigiaccattoli.it\/blog\/wp-json\/wp\/v2\/pages"}],"about":[{"href":"http:\/\/www.luigiaccattoli.it\/blog\/wp-json\/wp\/v2\/types\/page"}],"author":[{"embeddable":true,"href":"http:\/\/www.luigiaccattoli.it\/blog\/wp-json\/wp\/v2\/users\/1"}],"replies":[{"embeddable":true,"href":"http:\/\/www.luigiaccattoli.it\/blog\/wp-json\/wp\/v2\/comments?post=10829"}],"version-history":[{"count":8,"href":"http:\/\/www.luigiaccattoli.it\/blog\/wp-json\/wp\/v2\/pages\/10829\/revisions"}],"predecessor-version":[{"id":26477,"href":"http:\/\/www.luigiaccattoli.it\/blog\/wp-json\/wp\/v2\/pages\/10829\/revisions\/26477"}],"up":[{"embeddable":true,"href":"http:\/\/www.luigiaccattoli.it\/blog\/wp-json\/wp\/v2\/pages\/2110"}],"wp:attachment":[{"href":"http:\/\/www.luigiaccattoli.it\/blog\/wp-json\/wp\/v2\/media?parent=10829"}],"curies":[{"name":"wp","href":"https:\/\/api.w.org\/{rel}","templated":true}]}}