{"id":10936,"date":"2013-03-01T10:39:15","date_gmt":"2013-03-01T09:39:15","guid":{"rendered":"http:\/\/www.luigiaccattoli.it\/blog\/?page_id=10936"},"modified":"2013-03-01T10:39:15","modified_gmt":"2013-03-01T09:39:15","slug":"esce-dalla-storia-ma-resta-nella-sfera-del-papato","status":"publish","type":"page","link":"http:\/\/www.luigiaccattoli.it\/blog\/articoli-del-corriere-della-sera\/esce-dalla-storia-ma-resta-nella-sfera-del-papato\/","title":{"rendered":"Esce dalla storia ma resta nella sfera del Papato"},"content":{"rendered":"<p><em>Pubblicato dal \u201cCorriere della Sera\u201d del 1\u00e0 marzo 2013<\/em><\/p>\n<p>&nbsp;<\/p>\n<p>Tra lo sgomento dei fedeli e la sorpresa del mondo, Benedetto XVI esce dalla storia ma resta nella sfera del Papato e realizza nei fatti una vera riforma della figura papale indicando ai successori una nuova possibilit\u00e0 di impersonarla oltre ogni debolezza, nascosti al mondo e vigili nell\u2019intercessione, a silenziosa garanzia di una continuit\u00e0 che \u00e8 sempre l\u2019assillo principale di ogni \u201cvescovo di Roma\u201d.<\/p>\n<p>Nei diciassette giorni che ci separano dall\u2019atto della rinuncia compiuto l\u201911 febbraio abbiamo assistito al dipanarsi di un paradosso: quello di un Papa che lascia e con ci\u00f2 modifica l\u2019immagine papale pi\u00f9 di quanto non l\u2019abbiano fatto tutti i suoi predecessori dell\u2019epoca moderna sommati insieme. Non ha soltanto stabilito il precedente della rinuncia per et\u00e0 e salute, gi\u00e0 di suo cos\u00ec incisivo da costituire il primo motivo per cui gli altri Papi restavano al loro posto anche quand\u2019era infermi, ma ha creato \u2013 con le disposizioni sul proprio futuro \u2013 la figura fino a oggi inedita del \u201cPapa emerito\u201d, che non porta pi\u00f9 le Chiavi del governo della Chiesa ma resta \u201cnel recinto di San Pietro\u201d e accompagna \u201cnel servizio della preghiera\u201d il ministero del successore.<\/p>\n<p>Con la discrezione e l\u2019antiretorica che gli sono tipiche, il Papa teologo in queste singolari giornate di sospensione della vicenda bimillenaria del Pontificato Romano ha guidato la sua Chiesa all\u2019accettazione di una totale novit\u00e0: quella del passaggio dalla rinuncia al Papato come evento occasionale \u2013 gi\u00e0 praticata nel Medioevo \u2013 alla rinuncia come ordinaria previsione offerta a ogni Papa del futuro e da ognuno praticabile secondo modalit\u00e0 che in questi giorni sono state via via indicate fino a configurare una forma compiuta di uscita dal governo papale che sia a un tempo permanenza, con diversa funzione, nella missione papale.<\/p>\n<p>Ora che il fatto \u00e8 compiuto, con la Guardia Svizzera che \u00e8 \u201csmontata\u201d alle 20.00 di ieri sera davanti alla Villa di Castel Gandolfo, unico segno al mondo della cessazione del potere delle Chiavi affidato all\u2019uomo Joseph Ratzinger, appaiono chiari i tre elementi della particolare via alla \u201crinuncia\u201d percorsa da Papa Benedetto e destinata a porsi come normativa per ogni successore che si trovi nella necessit\u00e0 di seguirne l\u2019esempio:<\/p>\n<p>&#8211; egli vestir\u00e0 di bianco, restando simbolicamente fedele all\u2019immagine papale di cui \u00e8 stato portatore;<\/p>\n<p>&#8211; manterr\u00e0 il nome di Benedetto XVI con l\u2019appellativo di \u201csua Santit\u00e0\u201d e avr\u00e0 la qualifica formale di \u201cPapa emerito\u201d, che vuol dire s\u00ec \u201cemerito\u201d ma comunque Papa;<\/p>\n<p>&#8211; continuer\u00e0 a vivere in Vaticano, perch\u00e9 anche nell\u2019unit\u00e0 di luogo con il successore sia segnalata la continuit\u00e0 di una missione che \u2013 ha detto l\u2019altro ieri \u2013 \u00e8 \u201cper sempre\u201d.<\/p>\n<p>La novit\u00e0 di questa via alla rinuncia rispetto ai casi del Medioevo \u00e8 lampante. Quando Celestino V il 13 dicembre 1294 abdic\u00f2 davanti ai cardinali, depose la veste papale e riprese il grigio abito da eremita e il nome Pietro da Morrone. Quando fu Gregorio XII ad abdicare, nel 1415, riprese l\u2019abito e il titolo di cardinale. Benedetto invece, per sua decisione, non smette l\u2019abito bianco e non torna cardinale. Il perch\u00e8 di queste novit\u00e0 \u00e8 da cercare nella straordinaria importanza \u2013 simbolica e pratica \u2013 che ha oggi la figura del Papa, maggiore di quanta ne avesse nel Medioevo.<\/p>\n<p>Il rafforzamento del primato di giurisdizione seguito al Concilio di Trento e la proclamazione dell\u2019infallibilit\u00e0 venuta dal Vaticano I fanno oggi pi\u00f9 impegnativo il \u201cministero petrino\u201d, ma lo condiziona anche \u2013 e di pi\u00f9 \u2013 il rafforzamento simbolico e devozionale venuto alla figura papale dal nuovo rapporto con le moltitudini favorito dai media e dai viaggi.<\/p>\n<p>Troppo a lungo era stato affermato che \u201cil Papa non pu\u00f2 dimettersi\u201d perch\u00e9 oggi si potesse avere un\u2019 \u201cabdicazione\u201d paragonabile a quelle del Medioevo. \u201cNon c\u2019\u00e8 posto nella Chiesa per un Papa emerito\u201d aveva appena affermato il Papa polacco\u00a0 aggiungendo parole quasi bibliche sull\u2019impossibilit\u00e0 di scendere dalla Croce. Ed ecco il Papa tedesco che crea dal nulla la figura del Papa emerito e si ritira in un Monastero vaticano come a dare convincente assicurazione che in tal modo non abbandona n\u00e9 la missione papale n\u00e9 la Croce che la caratterizza.<\/p>\n<p><strong>Luigi Accattoli<\/strong><\/p>\n<p>www.luigiaccattoli.it<\/p>\n","protected":false},"excerpt":{"rendered":"<p>Pubblicato dal \u201cCorriere della Sera\u201d del 1\u00e0 marzo 2013 &nbsp; Tra lo sgomento dei fedeli e la sorpresa del mondo, Benedetto XVI esce dalla storia ma resta nella sfera del&#8230;<\/p>\n<div class=\"more-link-wrapper\"><a class=\"more-link\" href=\"http:\/\/www.luigiaccattoli.it\/blog\/articoli-del-corriere-della-sera\/esce-dalla-storia-ma-resta-nella-sfera-del-papato\/\">Read More<span class=\"screen-reader-text\">Esce dalla storia ma resta nella sfera del Papato<\/span><\/a><\/div>\n","protected":false},"author":1,"featured_media":0,"parent":7661,"menu_order":0,"comment_status":"open","ping_status":"closed","template":"","meta":{"_monsterinsights_skip_tracking":false,"_monsterinsights_sitenote_active":false,"_monsterinsights_sitenote_note":"","_monsterinsights_sitenote_category":0,"footnotes":""},"class_list":["post-10936","page","type-page","status-publish","hentry","excerpt"],"_links":{"self":[{"href":"http:\/\/www.luigiaccattoli.it\/blog\/wp-json\/wp\/v2\/pages\/10936","targetHints":{"allow":["GET"]}}],"collection":[{"href":"http:\/\/www.luigiaccattoli.it\/blog\/wp-json\/wp\/v2\/pages"}],"about":[{"href":"http:\/\/www.luigiaccattoli.it\/blog\/wp-json\/wp\/v2\/types\/page"}],"author":[{"embeddable":true,"href":"http:\/\/www.luigiaccattoli.it\/blog\/wp-json\/wp\/v2\/users\/1"}],"replies":[{"embeddable":true,"href":"http:\/\/www.luigiaccattoli.it\/blog\/wp-json\/wp\/v2\/comments?post=10936"}],"version-history":[{"count":1,"href":"http:\/\/www.luigiaccattoli.it\/blog\/wp-json\/wp\/v2\/pages\/10936\/revisions"}],"predecessor-version":[{"id":10937,"href":"http:\/\/www.luigiaccattoli.it\/blog\/wp-json\/wp\/v2\/pages\/10936\/revisions\/10937"}],"up":[{"embeddable":true,"href":"http:\/\/www.luigiaccattoli.it\/blog\/wp-json\/wp\/v2\/pages\/7661"}],"wp:attachment":[{"href":"http:\/\/www.luigiaccattoli.it\/blog\/wp-json\/wp\/v2\/media?parent=10936"}],"curies":[{"name":"wp","href":"https:\/\/api.w.org\/{rel}","templated":true}]}}