{"id":10972,"date":"2013-03-05T20:14:00","date_gmt":"2013-03-05T19:14:00","guid":{"rendered":"http:\/\/www.luigiaccattoli.it\/blog\/?page_id=10972"},"modified":"2013-03-05T20:14:00","modified_gmt":"2013-03-05T19:14:00","slug":"seconda-e-terza-di-copertina","status":"publish","type":"page","link":"http:\/\/www.luigiaccattoli.it\/blog\/antologia-delle-pubblicazioni-2\/seconda-e-terza-di-copertina\/","title":{"rendered":"Seconda e terza di copertina"},"content":{"rendered":"<p>Un giornalista del <em>Corriere della Sera<\/em> racconta la straordinaria avventura di Francesco Canova (1908-1998) precursore del volontariato internazionale, medico in Palestina dal 1935 al 1947 e poi reclutatore di volontari ospedalieri da inviare nei paesi emergenti e soprattutto in Africa.<\/p>\n<p>L\u2019opera da lui creata nel 1950, che oggi si chiama Medici con l\u2019Africa Cuamm, ha inviato sul campo 1400 volontari, venendo a porsi come la struttura privata di cooperazione internazionale pi\u00f9 longeva e operosa del nostro Paese. Sull\u2019avventura di Medici con l\u2019Africa Cuamm \u00e8 stato presentato al 60\u00b0 Festival di Venezia il film-documentario di Carlo Mazzacurati <em>Medici con l\u2019Africa<\/em>.<\/p>\n<p>Giunto alla maturit\u00e0, Canova pot\u00e9 dire che tutti i sogni della sua giovent\u00f9 erano \u201candati a segno\u201d e non erano sogni da poco: quando un uomo pu\u00f2 fare una tale affermazione, \u00e8 bene che i suoi simili si fermino a considerarne i giorni e le opere.<\/p>\n<p>&nbsp;<\/p>\n<p><strong>Luigi Accattoli<\/strong> \u00e8 giornalista, scrittore e conferenziere. Nato a Recanati (Macerata) nel 1943, vive a Roma. Ha lavorato alla \u201cRepubblica\u201d dal 1976 al 1981 e al \u201cCorriere della Sera\u201d dal 1981 al 2008. Collabora con il \u201cCorriere della Sera\u201d, con il quotidiano \u201cLiberal\u201d e con la rivista \u201cIl Regno\u201d.<\/p>\n<p>E\u2019 autore del volume\u00a0<em>Giovanni Paolo. La prima biografia completa<\/em>, San Paolo 2006 (una prima edizione di questo lavoro,\u00a0<em>Karol Wojtyla. L\u2019uomo di fine millennio<\/em>, San Paolo 1998, era stata tradotta in nove lingue). Altre pubblicazioni:\u00a0<em>Quando il Papa chiede perdono. Tutti i mea culpa di Giovanni Paolo II<\/em>, Leonardo 1997 (tradotto in otto lingue e ripubblicato nel 1999 negli Oscar Mondadori);\u00a0<em> Solo dinanzi all\u2019unico. A colloquio con il priore della Certosa di Serra San Bruno, <\/em>Rubbettino 2011; <em>Cerco fatti di Vangelo 3<\/em>, Edb 2012.<\/p>\n<p>I mass media, la famiglia, la vita cristiana nella citt\u00e0 secolare sono gli argomenti della sua attivit\u00e0 di conferenziere. E\u2019 coordinatore del blog d\u2019autore<em> www.luigiaccattoli.it<\/em>.<\/p>\n<p><strong>\u00a0<\/strong><\/p>\n<p><strong>Terza di copertina<\/strong><\/p>\n<p>\u201c<em>Ho sempre sentito di dover fare il medico. La mia non \u00e8 stata una scelta, ma una spinta viscerale (\u2026). Fare il medico significa aiutare il prossimo, e allora, come adesso, le popolazioni che soffrivano di pi\u00f9 erano quelle prive di ogni tipo di organizzazione medica. Il mio posto sarebbe stato l\u00ec, in quelle terre lontane, tra quella gente (\u2026). Sono andato in Giordania, un paese musulmano, ma con gruppi di cristiani, cattolici latini, greco ortodossi, armeni: un paese di difficile convivenza, dove la gente si odiava per le diverse fedi religiose. Lavoravo da solo in un ospedale missionario di nuova costruzione, ero medico e chirurgo a un tempo, e quello che mi incoraggiava e mi rinvigoriva lo spirito era il vedere come proprio quell\u2019ospedale accogliesse persone di stirpe, razza e idee diverse. Rappresentava un momento, oserei dire anzi un vero strumento di unione<\/em>\u201d.<strong><\/strong><\/p>\n<p>(Francesco Canova)<\/p>\n","protected":false},"excerpt":{"rendered":"<p>Un giornalista del Corriere della Sera racconta la straordinaria avventura di Francesco Canova (1908-1998) precursore del volontariato internazionale, medico in Palestina dal 1935 al 1947 e poi reclutatore di volontari&#8230;<\/p>\n<div class=\"more-link-wrapper\"><a class=\"more-link\" href=\"http:\/\/www.luigiaccattoli.it\/blog\/antologia-delle-pubblicazioni-2\/seconda-e-terza-di-copertina\/\">Read More<span class=\"screen-reader-text\">Seconda e terza di copertina<\/span><\/a><\/div>\n","protected":false},"author":1,"featured_media":0,"parent":56,"menu_order":0,"comment_status":"open","ping_status":"closed","template":"","meta":{"_monsterinsights_skip_tracking":false,"_monsterinsights_sitenote_active":false,"_monsterinsights_sitenote_note":"","_monsterinsights_sitenote_category":0,"footnotes":""},"class_list":["post-10972","page","type-page","status-publish","hentry","excerpt"],"_links":{"self":[{"href":"http:\/\/www.luigiaccattoli.it\/blog\/wp-json\/wp\/v2\/pages\/10972","targetHints":{"allow":["GET"]}}],"collection":[{"href":"http:\/\/www.luigiaccattoli.it\/blog\/wp-json\/wp\/v2\/pages"}],"about":[{"href":"http:\/\/www.luigiaccattoli.it\/blog\/wp-json\/wp\/v2\/types\/page"}],"author":[{"embeddable":true,"href":"http:\/\/www.luigiaccattoli.it\/blog\/wp-json\/wp\/v2\/users\/1"}],"replies":[{"embeddable":true,"href":"http:\/\/www.luigiaccattoli.it\/blog\/wp-json\/wp\/v2\/comments?post=10972"}],"version-history":[{"count":1,"href":"http:\/\/www.luigiaccattoli.it\/blog\/wp-json\/wp\/v2\/pages\/10972\/revisions"}],"predecessor-version":[{"id":10973,"href":"http:\/\/www.luigiaccattoli.it\/blog\/wp-json\/wp\/v2\/pages\/10972\/revisions\/10973"}],"up":[{"embeddable":true,"href":"http:\/\/www.luigiaccattoli.it\/blog\/wp-json\/wp\/v2\/pages\/56"}],"wp:attachment":[{"href":"http:\/\/www.luigiaccattoli.it\/blog\/wp-json\/wp\/v2\/media?parent=10972"}],"curies":[{"name":"wp","href":"https:\/\/api.w.org\/{rel}","templated":true}]}}