{"id":11036,"date":"2013-03-11T08:24:49","date_gmt":"2013-03-11T07:24:49","guid":{"rendered":"http:\/\/www.luigiaccattoli.it\/blog\/?page_id=11036"},"modified":"2013-03-11T20:52:33","modified_gmt":"2013-03-11T19:52:33","slug":"tutti-i-conclavi-degli-ultimi-cent%e2%80%99anni","status":"publish","type":"page","link":"http:\/\/www.luigiaccattoli.it\/blog\/articoli-del-corriere-della-sera\/tutti-i-conclavi-degli-ultimi-cent%e2%80%99anni\/","title":{"rendered":"Tutti i Conclavi degli ultimi cent\u2019anni"},"content":{"rendered":"<p><span style=\"font-size: 13px; line-height: 19px;\"><em>Pubblicato l\u201911 marzo dal \u201cCorriere della Sera\u201d a pagina 6<\/em><\/span><\/p>\n<p>&nbsp;<\/p>\n<p>Otto Conclavi in cent\u2019anni, per otto Papi che hanno \u201cregnato\u201d mediamente per quasi 13 anni. Rispetto a quelli dei secoli precedenti si \u00e8 trattato di Conclavi veloci e senza le interferenze politiche che si erano avute fino a quello del 1903 che vide il veto dell\u2019Austria sul cardinale Rampolla. Il pi\u00f9 rapido \u00e8 quello che elegge Pio XII nel 1939 con tre scrutini, il pi\u00f9 lungo \u00e8 quello che nel 1922 aveva eletto Pio XI con 14 scrutini.\u00a0 Nell\u2019insieme inducono a prevedere breve anche il Conclave che si apre domani.<\/p>\n<p>&nbsp;<\/p>\n<p><strong>1914. C\u2019\u00e8 la guerra e l&#8217;eletto prende il nome di Benedetto XV<\/strong><\/p>\n<p>E\u2019 un Conclave di guerra: il 1\u00b0 conflitto mondiale \u00e8 iniziato il 28 luglio ma l\u2019Italia \u00e8 ancora neutrale e l\u2019elezione di un italiano non presenta ostacoli diplomatici. Il cardinale Giacomo Della Chiesa, che viene eletto con i voti strettamente necessari (38 su 57), era cardinale da soli tre mesi: sono due caratteri rari per un Conclave, che dicono come si sia trattato di un\u2019elezione combattuta per tutti i 10 scrutini che portano i voti dell\u2019arcivescovo di Bologna con continua progressione dai 12 iniziali al quorum.\u00a0 Elezione difficile perch\u00e9 contrastata dallo staff curiale del Pontificato di Pio X, che vedeva nel cardinale Della Chiesa un discepolo dell\u2019ala riformatrice che aveva dominato sotto Leone XIII. Una classica vicenda di alternanza nella successione.<\/p>\n<p>&nbsp;<\/p>\n<p><strong>1922. Achille Ratti diviene Pio XI con l\u2019elezione pi\u00f9 lunga del secolo<\/strong><\/p>\n<p>E\u2019 l\u2019anno della \u201cmarcia su Roma\u201d ma le vicende italiane non hanno alcuna incidenza sul Conclave pi\u00f9 lungo e tribolato dell\u2019ultimo secolo, che porta all\u2019elezione dell\u2019arcivescovo di Milano al 14\u00b0 scrutinio. In questa elezione si riaccende lo scontro che aveva caratterizzato quella del 1914, essendo presenti molti dei protagonisti di allora. Su suggerimento del cardinale Pietro Gasparri, suo grande elettore, il nuovo Papa d\u00e0 la prima benedizione dalla loggia esterna della Basilica e non da quella interna come avevano fatto Leone XIII, Pio X e Benedetto XV i quali \u2013 dopo Porta Pia \u2013 si consideravano \u201cprigionieri in Vaticano\u201d e non si affacciavano verso la piazza: un segno premonitore della Conciliazione che il Pio XI realizzer\u00e0 nel 1929 con i Patti Lateranensi.<\/p>\n<p>&nbsp;<\/p>\n<p><strong>1939. Torna la guerra e in soli tre scrutini Pacelli diviene Pio XII<\/strong><\/p>\n<p>Al Conclave pi\u00f9 lungo e combattuto del secolo, segue il pi\u00f9 rapido che in una sola giornata e con tre scrutini elegge Eugenio Pacelli, Segretario di Stato di Pio XI. E\u2019 un\u2019elezione dominata dai timori di un nuovo conflitto mondiale a motivo dell\u2019espansionismo tedesco, che favoriscono la scelta del \u201cdiplomatico\u201d Pacelli che \u00e8 stato nunzio a Weimar, parla il tedesco e ha guidato per quasi un decennio le relazioni internazionali della Santa Sede. Pare che l\u2019unico reale candidato antagonista sia stato l\u2019arcivescovo di Firenze Elia Dalla Costa, proposto dai cardinali italiani che erano a capo delle diocesi, ma prevalsero i curiali e furono decisivi la personalit\u00e0 di Pacelli e l\u2019efficacia delle relazioni costruite in tanti anni di governo della Segreteria di Stato.<\/p>\n<p>&nbsp;<\/p>\n<p><strong>1958. Il Patriarca Roncalli prevale lentamente sul Patriarca Agagianian<\/strong><\/p>\n<p>Il Conclave che elegge il cardinale Roncalli \u00e8 il secondo per difficolt\u00e0 \u2013 nell\u2019insieme dell\u2019ultimo secolo \u2013 dopo quello del 1922: gli 11 scrutini vedono \u2013 come dir\u00e0 lo stesso eletto agli alunni del Collegio armeno \u2013 un\u2019alternanza di favori per il Patriarca di Venezia e per il Patriarca armeno e cardinale di Curia Agagianian: \u201cSapete che il vostro cardinale ed io eravamo come appaiati nel Conclave? I nostri nomi si avvicendavano or su or gi\u00f9, come i ceci nell&#8217;acqua bollente\u201d. Il nome di Roncalli \u00e8 nei pronostici della vigilia, anche se non si impone con la forza con cui nel 1939 era stato previsto Pacelli: gli osservatori lo considerano un candidato possibile per un Pontificato breve (sta per compiere 77 anni) e di pausa dopo il lungo regno di Papa Pacelli.<\/p>\n<p>&nbsp;<\/p>\n<p><strong>1963. C\u2019\u00e8 il Concilio e Montini viene eletto per portarlo a conclusione<\/strong><\/p>\n<p>Il Conclave che elegge Paolo VI in sei scrutini \u00e8 governato dal clima conciliare: il Vaticano II, convocato da Giovanni XXIII, ha tenuto la sua prima sessione e i cardinali che in esso aderivano all\u2019orientamento riformatore della maggioranza vedono in Montini un affidabile continuatore dell\u2019impresa conciliare, che impegner\u00e0 la Chiesa Cattolica per altri tre anni. Sull\u2019andamento degli scrutini non ci sono indiscrezioni attendibili: pare che l\u2019arcivescovo di Milano sia stato eletto con 60 voti (il quorum era di 54). Si afferma che tra i cardinali votati vi siano stati Siri (esponente dell\u2019ala destra del Concilio) e il belga Suenens. Come candidato della vigilia confermato dal risultato, Montini \u00e8 il secondo caso in cent\u2019anni, dopo Pacelli e prima di Ratzinger.<\/p>\n<p>&nbsp;<\/p>\n<p><strong>1978. In agosto viene scelto il Papa parroco Albino Luciani<\/strong><\/p>\n<p>Il Patriarca di Venezia Albino Luciani viene eletto al quarto scrutinio \u2013 e dunque con una facilit\u00e0 paragonabile solo a quella con cui era stato eletto Pio XII e con quella che vedr\u00e0 eletto Benedetto XVI \u2013 essendo proposto dal curiale Villot e dall\u2019ex curiale Benelli, che tessono con efficacia i fili del consenso e rapidamente neutralizzano i sostenitori del cardinale Giuseppe Siri, vogliosi di un passo indietro rispetto alle riforme post-conciliari attuate da Paolo VI. Secondo la ricostruzione pi\u00f9 attendibile, al primo scrutinio Siri ha 25 voti, Luciani 23, Pignedoli 18, Baggio 9, Koenig 8, Bertoli 5, Pironio 4, Felici e Lorscheider 2. Al secondo Luciani sale a 53 e Siri scende a 24. Al terzo Luciani ne ottiene 70 e al quarto \u00e8 eletto con 100 voti su 111 votanti.<\/p>\n<p>&nbsp;<\/p>\n<p><strong>1978. In ottobre lo stesso Collegio esce dall\u2019Italia e va in Polonia<\/strong><\/p>\n<p>Il cardinale Karol Wojtyla viene eletto all\u2019ottavo scrutinio, con 99 voti su 111, il luned\u00ec 16 ottobre 1978. Secondo una confidenza del cardinale guatemalteco Mario Casariego riferita da Giulio Andreotti, il cardinale Wojtyla avrebbe avuto 11 voti al sesto scrutinio, 47 al settimo e 99 all\u2019ottavo. I primi cinque scrutini erano stati dominati dai cardinali Siri e Benelli, arrivati \u2013 pare \u2013 a 48 e 30 voti. Il passaggio a un non italiano era stato preparato, nella notte, dal cardinale austriaco Koenig, con l\u2019aiuto dello statunitense Krol, del tedesco Ratzinger e dell\u2019italiano Pellegrino. Decisivo \u2013 per l\u2019accettazione dell\u2019elezione da parte di Wojtyla \u2013 sarebbe stato un colloquio con il cardinale Wyszynski, che gli disse: \u00abSe ti eleggeranno ti prego di non rifiutare\u00bb.<\/p>\n<p>&nbsp;<\/p>\n<p><strong>2005. Quattro votazioni per il Papa tedesco<\/strong><\/p>\n<p>Il conclave di Benedetto XVI dura 24 ore e impegna i 115 elettori per quattro scrutini nei quali i cardinali Ratzinger e Bergoglio \u2013 arcivescovo di Buenos Aires \u2013 sono costantemente i pi\u00f9 votati. Nel primo scrutinio Ratzinger ottiene 47 voti, Bergoglio 10, Martini 9, Ruini 6, Sodano 4. Al secondo Ratzinger sale a 65 voti e Bergoglio a 35. Il terzo scrutinio assegna a Ratzinger 72 preferenze: gli mancano cinque voti per essere eletto. Ma sale anche Bergoglio, che arriva a 40. Fumata nera e pausa pranzo. E\u2019 il momento decisivo del Conclave. Ratzinger ha quasi il doppio dei voti di Bergoglio, ma se i sostenitori dell\u2019argentino tengono duro possono impedirne l\u2019elezione. Invece Bergoglio invita i sostenitori a votare Ratzinger che al quarto scrutinio ottiene 84 voti.<\/p>\n","protected":false},"excerpt":{"rendered":"<p>Pubblicato l\u201911 marzo dal \u201cCorriere della Sera\u201d a pagina 6 &nbsp; Otto Conclavi in cent\u2019anni, per otto Papi che hanno \u201cregnato\u201d mediamente per quasi 13 anni. Rispetto a quelli dei&#8230;<\/p>\n<div class=\"more-link-wrapper\"><a class=\"more-link\" href=\"http:\/\/www.luigiaccattoli.it\/blog\/articoli-del-corriere-della-sera\/tutti-i-conclavi-degli-ultimi-cent%e2%80%99anni\/\">Read More<span class=\"screen-reader-text\">Tutti i Conclavi degli ultimi cent\u2019anni<\/span><\/a><\/div>\n","protected":false},"author":1,"featured_media":0,"parent":7661,"menu_order":0,"comment_status":"open","ping_status":"closed","template":"","meta":{"_monsterinsights_skip_tracking":false,"_monsterinsights_sitenote_active":false,"_monsterinsights_sitenote_note":"","_monsterinsights_sitenote_category":0,"footnotes":""},"class_list":["post-11036","page","type-page","status-publish","hentry","excerpt"],"_links":{"self":[{"href":"http:\/\/www.luigiaccattoli.it\/blog\/wp-json\/wp\/v2\/pages\/11036","targetHints":{"allow":["GET"]}}],"collection":[{"href":"http:\/\/www.luigiaccattoli.it\/blog\/wp-json\/wp\/v2\/pages"}],"about":[{"href":"http:\/\/www.luigiaccattoli.it\/blog\/wp-json\/wp\/v2\/types\/page"}],"author":[{"embeddable":true,"href":"http:\/\/www.luigiaccattoli.it\/blog\/wp-json\/wp\/v2\/users\/1"}],"replies":[{"embeddable":true,"href":"http:\/\/www.luigiaccattoli.it\/blog\/wp-json\/wp\/v2\/comments?post=11036"}],"version-history":[{"count":7,"href":"http:\/\/www.luigiaccattoli.it\/blog\/wp-json\/wp\/v2\/pages\/11036\/revisions"}],"predecessor-version":[{"id":11050,"href":"http:\/\/www.luigiaccattoli.it\/blog\/wp-json\/wp\/v2\/pages\/11036\/revisions\/11050"}],"up":[{"embeddable":true,"href":"http:\/\/www.luigiaccattoli.it\/blog\/wp-json\/wp\/v2\/pages\/7661"}],"wp:attachment":[{"href":"http:\/\/www.luigiaccattoli.it\/blog\/wp-json\/wp\/v2\/media?parent=11036"}],"curies":[{"name":"wp","href":"https:\/\/api.w.org\/{rel}","templated":true}]}}