{"id":11051,"date":"2013-03-12T11:25:27","date_gmt":"2013-03-12T10:25:27","guid":{"rendered":"http:\/\/www.luigiaccattoli.it\/blog\/?page_id=11051"},"modified":"2013-03-12T11:25:27","modified_gmt":"2013-03-12T10:25:27","slug":"extra-omnes-oggi-la-pagina-della-chiesa-e-bianca","status":"publish","type":"page","link":"http:\/\/www.luigiaccattoli.it\/blog\/articoli-del-corriere-della-sera\/extra-omnes-oggi-la-pagina-della-chiesa-e-bianca\/","title":{"rendered":"Extra Omnes: oggi la pagina della Chiesa \u00e8 bianca"},"content":{"rendered":"<p><em>Pubblicato come fondo dal Corriere della Sera il 12 marzo 2013 a pagina 1 con il titolo \u201cLo spirito dei tempi. La scelta moderna della Chiesa\u201d<\/em><\/p>\n<p><em>\u00a0<\/em><\/p>\n<p><em>Extra Omnes<\/em>: escano tutti i non elettori. Secondo un rituale in uso da secoli, il Maestro delle Cerimonie alle 17,30 di oggi intimer\u00e0 l\u2019uscita dalla Cappella Sistina a quanti non sono cardinali elettori. Poco dopo si svolger\u00e0 la prima votazione del Conclave che elegger\u00e0 il successore di Benedetto XVI: la Chiesa Cattolica ha davanti a s\u00e9 una pagina bianca. Questa famiglia di aderenti a un Credo \u2013 la pi\u00f9 antica e vasta sul pianeta \u2013 osa ancora affidare la propria guida a un\u2019unica persona che sola \u00e8 autorizzata a parlare e ad agire a nome di tutti.<\/p>\n<p>Il momento sensibile di svolta \u2013 o di conferma \u2013 nella linea di governo di questa famiglia \u00e8 il cambio del Pontificato. Lo \u00e8 sempre e stavolta di pi\u00f9 per tre motivi che vengono a sommarsi: il fatto inedito in epoca moderna di un Papa che rinuncia, la situazione conclamata di \u201ccrisi della Chiesa e della fede in Europa\u201d (parole di Benedetto XVI), la chiusura del ciclo dei Papi del Concilio che gi\u00e0 di suo apre a nuove prospettive.<\/p>\n<p>Cinquant\u2019anni fa Giovanni XXIII convoc\u00f2 il Vaticano II, Paolo VI lo port\u00f2 a conclusione e ne guid\u00f2 la prima applicazione, i Papi che si diedero il nome di Giovanni Paolo e poi di Benedetto continuarono in quell\u2019impresa, avendone assimilato il gene riformatore nell\u2019aula conciliare: Ratzinger che non fu un \u201cpadre\u201d del Concilio vi aveva per\u00f2 partecipato come \u201cperito\u201d. Il prossimo Papa non apparterr\u00e0 pi\u00f9 a questa filiera generazionale.<\/p>\n<p>La crisi della Chiesa in Europa pu\u00f2 spingere il Conclave a portare il Papato fuori dal vecchio continente: sarebbe una scelta epocale paragonabile a quella che il secondo Conclave del 1978 comp\u00ec con l\u2019uscita dall\u2019Italia e l\u2019elezione di un cardinale polacco. La maggioranza dei cattolici non \u00e8 pi\u00f9 europea e non vive pi\u00f9 nel Nord del pianeta.<\/p>\n<p>Un balzo verso le Americhe costituirebbe un passaggio quasi indolore a una nuova costellazione, stante la continuit\u00e0 culturale tra il vecchio e il nuovo mondo. Pi\u00f9 arduo \u00e8 immaginare l\u2019elezione di un Papa africano o asiatico. Ma gi\u00e0 la scelta di un latino-americano \u2013 ipotesi oggi matura, che fu saggiata e poi scartata dal Conclave del 2005 \u2013 starebbe a indicare anche un passaggio dal Nord al Sud del mondo, di straordinario interesse in una fase storica che vede un rimescolamento planetario delle culture e delle economie. E\u2019 certo tuttavia che anche tra i cardinali europei ve ne sono che possono farsi carico della migrazione del nome cristiano sulla terra.<\/p>\n<p>Solo nel 1939 (Pio XII) e nel 1963 (Paolo VI) si ebbero dei Papi annunciati: c\u2019erano la guerra incombente e il Concilio gi\u00e0 avviato a determinare le volont\u00e0 degli elettori secondo indicazioni rapidamente maggioritarie. Questo, come tutti gli altri dell\u2019ultimo secolo, \u00e8 invece un Conclave aperto a molte soluzioni. E\u2019 un merito degli ultimi Papi averle predisposte con la chiamata al cardinalato di uomini di tutto il pianeta.<\/p>\n<p>La decisione che maturer\u00e0 nelle prossime ore in cospetto del Giudizio di Michelangelo non \u00e8 rilevante solo per i cristiani ma anche per il mondo secolare che ha pi\u00f9 di un motivo di interesse a che la Chiesa di Roma accetti la sfida dei tempi nuovi con la combattuta ma comprovata fiducia nel Vangelo e nella storia che l\u2019ha resa esperta in umanit\u00e0.<\/p>\n<p><strong>Luigi Accattoli<\/strong><\/p>\n<p>&nbsp;<\/p>\n","protected":false},"excerpt":{"rendered":"<p>Pubblicato come fondo dal Corriere della Sera il 12 marzo 2013 a pagina 1 con il titolo \u201cLo spirito dei tempi. La scelta moderna della Chiesa\u201d \u00a0 Extra Omnes: escano&#8230;<\/p>\n<div class=\"more-link-wrapper\"><a class=\"more-link\" href=\"http:\/\/www.luigiaccattoli.it\/blog\/articoli-del-corriere-della-sera\/extra-omnes-oggi-la-pagina-della-chiesa-e-bianca\/\">Read More<span class=\"screen-reader-text\">Extra Omnes: oggi la pagina della Chiesa \u00e8 bianca<\/span><\/a><\/div>\n","protected":false},"author":1,"featured_media":0,"parent":7661,"menu_order":0,"comment_status":"open","ping_status":"closed","template":"","meta":{"_monsterinsights_skip_tracking":false,"_monsterinsights_sitenote_active":false,"_monsterinsights_sitenote_note":"","_monsterinsights_sitenote_category":0,"footnotes":""},"class_list":["post-11051","page","type-page","status-publish","hentry","excerpt"],"_links":{"self":[{"href":"http:\/\/www.luigiaccattoli.it\/blog\/wp-json\/wp\/v2\/pages\/11051","targetHints":{"allow":["GET"]}}],"collection":[{"href":"http:\/\/www.luigiaccattoli.it\/blog\/wp-json\/wp\/v2\/pages"}],"about":[{"href":"http:\/\/www.luigiaccattoli.it\/blog\/wp-json\/wp\/v2\/types\/page"}],"author":[{"embeddable":true,"href":"http:\/\/www.luigiaccattoli.it\/blog\/wp-json\/wp\/v2\/users\/1"}],"replies":[{"embeddable":true,"href":"http:\/\/www.luigiaccattoli.it\/blog\/wp-json\/wp\/v2\/comments?post=11051"}],"version-history":[{"count":1,"href":"http:\/\/www.luigiaccattoli.it\/blog\/wp-json\/wp\/v2\/pages\/11051\/revisions"}],"predecessor-version":[{"id":11052,"href":"http:\/\/www.luigiaccattoli.it\/blog\/wp-json\/wp\/v2\/pages\/11051\/revisions\/11052"}],"up":[{"embeddable":true,"href":"http:\/\/www.luigiaccattoli.it\/blog\/wp-json\/wp\/v2\/pages\/7661"}],"wp:attachment":[{"href":"http:\/\/www.luigiaccattoli.it\/blog\/wp-json\/wp\/v2\/media?parent=11051"}],"curies":[{"name":"wp","href":"https:\/\/api.w.org\/{rel}","templated":true}]}}