{"id":11083,"date":"2013-03-14T11:02:47","date_gmt":"2013-03-14T10:02:47","guid":{"rendered":"http:\/\/www.luigiaccattoli.it\/blog\/?page_id=11083"},"modified":"2013-03-14T13:59:18","modified_gmt":"2013-03-14T12:59:18","slug":"papa-francesco-dice-%e2%80%9cvescovo-e-popolo%e2%80%9d","status":"publish","type":"page","link":"http:\/\/www.luigiaccattoli.it\/blog\/articoli-del-corriere-della-sera\/papa-francesco-dice-%e2%80%9cvescovo-e-popolo%e2%80%9d\/","title":{"rendered":"Papa Francesco dice: \u201cVescovo e popolo\u201d"},"content":{"rendered":"<p><em>Pubblicato dal \u201cCorriere della Sera\u201d del 14 marzo a pagina 2 con il titolo &#8220;Si rivolge al popolo da vescovo di Roma&#8221;<\/em><\/p>\n<p>&nbsp;<\/p>\n<p>Tre punti sensibili vi sono nel saluto del nuovo Papa, ancora tremante per l\u2019emozione: il primo \u00e8 nelle parole \u201cvescovo e popolo\u201d, il secondo \u00e8 quando ha chiamato Benedetto \u201cil nostro vescovo emerito\u201d, il terzo quando ha invitato il popolo a invocare su di lui la benedizione di Dio e a farlo in silenzio prima che lui desse al popolo la sua benedizione: \u201cLa preghiera del popolo che chiede la benedizione per il suo vescovo\u201d.<\/p>\n<p>Sono tre punti che nell\u2019insieme segnalano un\u2019idea di Chiesa-comunione e di Chiesa-popolo che sono formule centrali del Vaticano II, che insistono sul legame del clero con il popolo (come avrebbe detto Rosmini), che pongono in risalto la qualifica del Papa come vescovo \u2013 egli \u00e8 \u201cvescovo di Roma\u201d \u2013 e che richiamano al ruolo primario che nella Chiesa svolge il \u201cpopolo di Dio\u201d tutto insieme prima che il vescovo realizzi il suo \u201cministero\u201d verso il popolo. Si pu\u00f2 vedere qui la premura di presentare uniti \u00a0compiti e ruoli che la vecchia concezione distingueva e distanziava.<\/p>\n<p>Benedetto XVI ha scelto di farsi chiamare \u201cPapa emerito\u201d, ma ecco che il suo successore, nell\u2019affettuoso saluto che gli ha rivolto lo ha invece chiamato \u201cnostro vescovo emerito\u201d.\u00a0 Vedremo come si svilupper\u00e0 questo capitolo nei prossimi giorni, ma certo sono state parole intenzionali.<\/p>\n<p>Vi sono nelle prime parole di Papa Francesco altri elementi di timbro pi\u00f9 schiettamente evangelico e popolare: la scelta del \u201cPadre nostro\u201d come preghiera capace di coinvolgere tutti, in modo che l\u2019immensa assemblea tutta si unisse nell\u2019invocazione, il richiamo alla \u201cfratellanza\u201d universale (\u201cper tutto il mondo\u201d), l\u2019annuncio che domani andr\u00e0 a \u201cpregare la Madonna\u201d, proprio come fa il fedele pi\u00f9 semplice: chiss\u00e0 che non vada al Santuario del Divino Amore, che \u00e8 il luogo dove vanno in pellegrinaggio i pi\u00f9 semplici tra i cristiani di Roma.<\/p>\n<p><strong>Luigi Accattoli<\/strong><\/p>\n","protected":false},"excerpt":{"rendered":"<p>Pubblicato dal \u201cCorriere della Sera\u201d del 14 marzo a pagina 2 con il titolo &#8220;Si rivolge al popolo da vescovo di Roma&#8221; &nbsp; Tre punti sensibili vi sono nel saluto&#8230;<\/p>\n<div class=\"more-link-wrapper\"><a class=\"more-link\" href=\"http:\/\/www.luigiaccattoli.it\/blog\/articoli-del-corriere-della-sera\/papa-francesco-dice-%e2%80%9cvescovo-e-popolo%e2%80%9d\/\">Read More<span class=\"screen-reader-text\">Papa Francesco dice: \u201cVescovo e popolo\u201d<\/span><\/a><\/div>\n","protected":false},"author":1,"featured_media":0,"parent":7661,"menu_order":0,"comment_status":"open","ping_status":"closed","template":"","meta":{"_monsterinsights_skip_tracking":false,"_monsterinsights_sitenote_active":false,"_monsterinsights_sitenote_note":"","_monsterinsights_sitenote_category":0,"footnotes":""},"class_list":["post-11083","page","type-page","status-publish","hentry","excerpt"],"_links":{"self":[{"href":"http:\/\/www.luigiaccattoli.it\/blog\/wp-json\/wp\/v2\/pages\/11083","targetHints":{"allow":["GET"]}}],"collection":[{"href":"http:\/\/www.luigiaccattoli.it\/blog\/wp-json\/wp\/v2\/pages"}],"about":[{"href":"http:\/\/www.luigiaccattoli.it\/blog\/wp-json\/wp\/v2\/types\/page"}],"author":[{"embeddable":true,"href":"http:\/\/www.luigiaccattoli.it\/blog\/wp-json\/wp\/v2\/users\/1"}],"replies":[{"embeddable":true,"href":"http:\/\/www.luigiaccattoli.it\/blog\/wp-json\/wp\/v2\/comments?post=11083"}],"version-history":[{"count":2,"href":"http:\/\/www.luigiaccattoli.it\/blog\/wp-json\/wp\/v2\/pages\/11083\/revisions"}],"predecessor-version":[{"id":11093,"href":"http:\/\/www.luigiaccattoli.it\/blog\/wp-json\/wp\/v2\/pages\/11083\/revisions\/11093"}],"up":[{"embeddable":true,"href":"http:\/\/www.luigiaccattoli.it\/blog\/wp-json\/wp\/v2\/pages\/7661"}],"wp:attachment":[{"href":"http:\/\/www.luigiaccattoli.it\/blog\/wp-json\/wp\/v2\/media?parent=11083"}],"curies":[{"name":"wp","href":"https:\/\/api.w.org\/{rel}","templated":true}]}}