{"id":11085,"date":"2013-03-14T11:03:35","date_gmt":"2013-03-14T10:03:35","guid":{"rendered":"http:\/\/www.luigiaccattoli.it\/blog\/?page_id=11085"},"modified":"2013-03-14T14:32:06","modified_gmt":"2013-03-14T13:32:06","slug":"se-ignazio-diviene-francesco","status":"publish","type":"page","link":"http:\/\/www.luigiaccattoli.it\/blog\/articoli-del-corriere-della-sera\/se-ignazio-diviene-francesco\/","title":{"rendered":"Se Ignazio diviene Francesco"},"content":{"rendered":"<p><em>Fondo pubblicato dal \u201cCorriere della Sera\u201d del 14 marzo a pagina 1 con il titolo \u201cIl gesuita con il saio\u201d<\/em><\/p>\n<p>&nbsp;<\/p>\n<p>Il Papato lascia l\u2019Europa e va nelle Americhe: \u00e8 un evento che dice la capacit\u00e0 del nuovo che abita il cuore antico della Chiesa Cattolica e la pone ancora una volta sul proscenio della storia, nella stagione del rimescolamento planetario dell\u2019umanit\u00e0. Va oltre l\u2019Atlantico e sceglie un cardinale del sub-continente americano, cio\u00e8 un uomo del Sud del mondo, ora che il Sud povero sta sfidando il Nord ricco in nome dei suoi diritti e delle sue necessit\u00e0.<\/p>\n<p>Sono questi i primi due segni dell\u2019elezione a Papa del cardinale Bergoglio, ma ve ne sono altri, tutti nel segno della novit\u00e0, che insieme potrebbero aiutare la Chiesa di Roma a superare quel complesso dell\u2019arretramento che sembra averla colpita lungo gli ultimi quattro decenni, a partire dalla contestazione giovanile degli anni sessanta del secolo scorso, che coincise con l\u2019inizio del conflitto interno sull\u2019eredit\u00e0 del Vaticano II.<\/p>\n<p>Il terzo segno viene dall\u2019eletto, che ha scelto di chiamarsi Francesco, un nome che racchiude un destino: nell\u2019et\u00e0 di mezzo Francesco d\u2019Assisi and\u00f2 al soccorso della Chiesa di Roma in risposta alla chiamata avuta nel sogno: \u201cFrancesco ripara la mia Chiesa\u201d; ed oggi, ottocento anni dopo l\u2019avventura del Poverello, un Papa per la prima volta prende quel nome che \u00e8 sempre restato un\u00a0 programma e con ci\u00f2 segnala di volerne assumere la missione che \u00e8 di ritorno al Vangelo \u201csine glossa\u201d, cio\u00e8 senza adattamenti.<\/p>\n<p>Il quarto segno \u00e8 da cogliere nel ruolo che il nuovo Papa ebbe nel Conclave del 2005, quando risult\u00f2 il pi\u00f9 votato dopo Ratzinger sia al primo sia all\u2019ultimo degli scrutini. Ricostruzioni attendibili segnalano che arriv\u00f2 ad avere quaranta voti che forse non sarebbero bastati per portarlo all\u2019elezione ma che potevano impedire l\u2019elezione del Papa teologo.<\/p>\n<p>Si dice ancora che nella pausa del pranzo Bergoglio scongiurasse i suoi sostenitori di concorrere a eleggere Ratzinger, cosa che avvenne. Otto anni dopo \u00e8 l\u2019eletto di allora a rinunciare e tocca al primo rinunciatario prendere il suo posto: una vicenda parabolica che di sicuro tiene in s\u00e9 molti significati.<\/p>\n<p>Come hanno fatto i cardinali a convincere ieri chi allora non volle il Papato? Bergoglio \u00e8 un gesuita, il primo Papa gesuita della storia: e si sa che i Gesuiti hanno nella regola l\u2019impegno a non accettare cariche e onori. Si dice che nell\u2019ultima Congregazione generale Bergoglio abbia parlato di povert\u00e0 e di purificazione della Chiesa dal \u201cpeccato\u201d: forse i cardinali da quelle sue parole hanno compreso che ora l\u2019umile argentino si sentiva pronto ad osare il Papato e a disubbidire alla regola dettata da Ignazio di Loyola, quasi a farsi da gesuita francescano.<\/p>\n<p>L\u2019uscita del Papato dall\u2019Europa ha lo stesso segno epocale che ebbe nel 1978 l\u2019uscita dall\u2019Italia: allora era in questione l\u2019assetto dell\u2019Europa nella fase finale del confronto Est-Ovest, oggi \u00e8 in questione l\u2019assetto del mondo. Questa uscita \u00e8 di buon segno perch\u00e9 a nessuno sfugge che le Chiese d\u2019Europa hanno ormai troppa storia per poter guardare con occhi sgombri alla sfida dei tempi nuovi che viene dai poveri del pianeta. Proveranno forse a guardarla ora con gli occhi di Papa Francesco.<\/p>\n<p><strong>Luigi Accattoli<\/strong><\/p>\n","protected":false},"excerpt":{"rendered":"<p>Fondo pubblicato dal \u201cCorriere della Sera\u201d del 14 marzo a pagina 1 con il titolo \u201cIl gesuita con il saio\u201d &nbsp; Il Papato lascia l\u2019Europa e va nelle Americhe: \u00e8&#8230;<\/p>\n<div class=\"more-link-wrapper\"><a class=\"more-link\" href=\"http:\/\/www.luigiaccattoli.it\/blog\/articoli-del-corriere-della-sera\/se-ignazio-diviene-francesco\/\">Read More<span class=\"screen-reader-text\">Se Ignazio diviene Francesco<\/span><\/a><\/div>\n","protected":false},"author":1,"featured_media":0,"parent":7661,"menu_order":0,"comment_status":"open","ping_status":"closed","template":"","meta":{"_monsterinsights_skip_tracking":false,"_monsterinsights_sitenote_active":false,"_monsterinsights_sitenote_note":"","_monsterinsights_sitenote_category":0,"footnotes":""},"class_list":["post-11085","page","type-page","status-publish","hentry","excerpt"],"_links":{"self":[{"href":"http:\/\/www.luigiaccattoli.it\/blog\/wp-json\/wp\/v2\/pages\/11085","targetHints":{"allow":["GET"]}}],"collection":[{"href":"http:\/\/www.luigiaccattoli.it\/blog\/wp-json\/wp\/v2\/pages"}],"about":[{"href":"http:\/\/www.luigiaccattoli.it\/blog\/wp-json\/wp\/v2\/types\/page"}],"author":[{"embeddable":true,"href":"http:\/\/www.luigiaccattoli.it\/blog\/wp-json\/wp\/v2\/users\/1"}],"replies":[{"embeddable":true,"href":"http:\/\/www.luigiaccattoli.it\/blog\/wp-json\/wp\/v2\/comments?post=11085"}],"version-history":[{"count":2,"href":"http:\/\/www.luigiaccattoli.it\/blog\/wp-json\/wp\/v2\/pages\/11085\/revisions"}],"predecessor-version":[{"id":11094,"href":"http:\/\/www.luigiaccattoli.it\/blog\/wp-json\/wp\/v2\/pages\/11085\/revisions\/11094"}],"up":[{"embeddable":true,"href":"http:\/\/www.luigiaccattoli.it\/blog\/wp-json\/wp\/v2\/pages\/7661"}],"wp:attachment":[{"href":"http:\/\/www.luigiaccattoli.it\/blog\/wp-json\/wp\/v2\/media?parent=11085"}],"curies":[{"name":"wp","href":"https:\/\/api.w.org\/{rel}","templated":true}]}}