{"id":11118,"date":"2013-03-17T12:18:12","date_gmt":"2013-03-17T11:18:12","guid":{"rendered":"http:\/\/www.luigiaccattoli.it\/blog\/?page_id=11118"},"modified":"2013-03-17T12:18:12","modified_gmt":"2013-03-17T11:18:12","slug":"perche-dice-%e2%80%9cvescovo%e2%80%9d-e-non-%e2%80%9cpapa%e2%80%9d","status":"publish","type":"page","link":"http:\/\/www.luigiaccattoli.it\/blog\/articoli-del-corriere-della-sera\/perche-dice-%e2%80%9cvescovo%e2%80%9d-e-non-%e2%80%9cpapa%e2%80%9d\/","title":{"rendered":"Perch\u00e9 dice \u201cvescovo\u201d e non \u201cpapa\u201d"},"content":{"rendered":"<p><em>Pubblicato dal \u201cCorriere della Sera\u201d del 15 marzo a pagina 15<\/em><\/p>\n<p>&nbsp;<\/p>\n<p>Chiss\u00e0 che fine faranno con Francesco i tanti titoli che spettano al Papa e che fanno mostra di s\u00e9 nell\u2019<em>Annuario Pontificio<\/em>: c\u2019\u00e8 verso che vengano sfoltiti, almeno a stare al saluto alla folla dopo l\u2019elezione, nel quale ha usato sei volte la parola \u201cvescovo\u201d per indicare s\u00e9 stesso come \u201cvescovo di Roma\u201d, e mai la parola Papa, neanche quando ha invitato a pregare per Benedetto XVI, che ha nominato come \u201cvescovo emerito\u201d di Roma.<\/p>\n<p>Nell\u2019<em>Annuario<\/em> attualmente il Papa \u00e8 detto \u201cVescovo di Roma, Vicario di Ges\u00f9 Cristo, Successore del Principe degli Apostoli, Sommo Pontefice della Chiesa Universale, Primate d\u2019Italia, Arcivescovo e Metropolita della Provincia Romana, Sovrano dello Stato della Citt\u00e0 del Vaticano, Servo dei Servi di Dio\u201d. Fino a Giovanni Paolo II c\u2019era un nono titolo: \u201cPatriarca dell\u2019Occidente\u201d, che il Papa teologo fece cancellare all\u2019inizio del 2006.<\/p>\n<p>Non sappiamo se le intenzioni semplificatrici del nuovo Papa arriveranno a delle innovazioni formali, o resteranno come gesti occasionali. Il fatto che abbia chiamato accanto a s\u00e9 il Vicario di Roma, il cardinale Vallini, sulla Loggia delle Benedizioni, e che sia stata l\u2019unica persona che ha nominato, oltre a Benedetto XVI, sta a segnalare un\u2019intenzione pratica: forse dedicher\u00e0 pi\u00f9 tempo alla diocesi di Roma rispetto ai predecessori e forse il Vicario sar\u00e0 pi\u00f9 importante di ieri nell\u2019organigramma del suo governo.<\/p>\n<p>Il titolo \u201cvescovo di Roma\u201d \u00e8 il pi\u00f9 antico tra quelli che spettano al Papa ed \u00e8 a fondamento degli altri. L\u2019atto di abdicazione di Papa Benedetto affermava la \u201crinuncia al ministero di vescovo di Roma\u201d e Papa Francesco si \u00e8 presentato come \u201cnuovo vescovo di Roma\u201d. E\u2019 possibile che d\u2019ora in poi questo titolo abbia a crescere e gli altri siano destinati a diminuire.<\/p>\n<p><strong>Luigi Accattoli<\/strong><\/p>\n","protected":false},"excerpt":{"rendered":"<p>Pubblicato dal \u201cCorriere della Sera\u201d del 15 marzo a pagina 15 &nbsp; Chiss\u00e0 che fine faranno con Francesco i tanti titoli che spettano al Papa e che fanno mostra di&#8230;<\/p>\n<div class=\"more-link-wrapper\"><a class=\"more-link\" href=\"http:\/\/www.luigiaccattoli.it\/blog\/articoli-del-corriere-della-sera\/perche-dice-%e2%80%9cvescovo%e2%80%9d-e-non-%e2%80%9cpapa%e2%80%9d\/\">Read More<span class=\"screen-reader-text\">Perch\u00e9 dice \u201cvescovo\u201d e non \u201cpapa\u201d<\/span><\/a><\/div>\n","protected":false},"author":1,"featured_media":0,"parent":7661,"menu_order":0,"comment_status":"open","ping_status":"closed","template":"","meta":{"_monsterinsights_skip_tracking":false,"_monsterinsights_sitenote_active":false,"_monsterinsights_sitenote_note":"","_monsterinsights_sitenote_category":0,"footnotes":""},"class_list":["post-11118","page","type-page","status-publish","hentry","excerpt"],"_links":{"self":[{"href":"http:\/\/www.luigiaccattoli.it\/blog\/wp-json\/wp\/v2\/pages\/11118","targetHints":{"allow":["GET"]}}],"collection":[{"href":"http:\/\/www.luigiaccattoli.it\/blog\/wp-json\/wp\/v2\/pages"}],"about":[{"href":"http:\/\/www.luigiaccattoli.it\/blog\/wp-json\/wp\/v2\/types\/page"}],"author":[{"embeddable":true,"href":"http:\/\/www.luigiaccattoli.it\/blog\/wp-json\/wp\/v2\/users\/1"}],"replies":[{"embeddable":true,"href":"http:\/\/www.luigiaccattoli.it\/blog\/wp-json\/wp\/v2\/comments?post=11118"}],"version-history":[{"count":1,"href":"http:\/\/www.luigiaccattoli.it\/blog\/wp-json\/wp\/v2\/pages\/11118\/revisions"}],"predecessor-version":[{"id":11119,"href":"http:\/\/www.luigiaccattoli.it\/blog\/wp-json\/wp\/v2\/pages\/11118\/revisions\/11119"}],"up":[{"embeddable":true,"href":"http:\/\/www.luigiaccattoli.it\/blog\/wp-json\/wp\/v2\/pages\/7661"}],"wp:attachment":[{"href":"http:\/\/www.luigiaccattoli.it\/blog\/wp-json\/wp\/v2\/media?parent=11118"}],"curies":[{"name":"wp","href":"https:\/\/api.w.org\/{rel}","templated":true}]}}