{"id":11123,"date":"2013-03-17T12:19:38","date_gmt":"2013-03-17T11:19:38","guid":{"rendered":"http:\/\/www.luigiaccattoli.it\/blog\/?page_id=11123"},"modified":"2013-03-17T12:19:38","modified_gmt":"2013-03-17T11:19:38","slug":"l%e2%80%99agenda-del-papa-nuovo","status":"publish","type":"page","link":"http:\/\/www.luigiaccattoli.it\/blog\/articoli-del-corriere-della-sera\/l%e2%80%99agenda-del-papa-nuovo\/","title":{"rendered":"L\u2019agenda del Papa nuovo"},"content":{"rendered":"<p><em>Pubblicato dal Corriere della Sera del 16 marzo a pagina 17 con il titolo \u201cLe sette la Cina il celibato dei preti. Cinque sfide per cinque continenti\u201d<\/em><\/p>\n<p>&nbsp;<\/p>\n<p>CITTA\u2019 DEL VATICANO \u2013 Si dice che per cento giorni i Papi novelli godano di una specie di luna di miele favorita dalla curiosit\u00e0 dei media e dall\u2019entusiasmo popolare per la loro nuova immagine ma \u00e8 verosimile che questo tempo favorevole non vada oltre la primavera e che gi\u00e0 in estate \u2013 ma in qualche caso prima \u2013 il buon Papa Francesco abbia a fare i conti con le terribili questioni che avevano messo a dura prova \u201cle forze non pi\u00f9 adeguate\u201d del Papa rinunciatario. Eccone una rassegna per continenti con un\u2019appendice sulla Curia, che come problema vale un continente.<\/p>\n<p>In America Latina il dramma si chiama \u201csfida delle sette\u201d. La cattolicit\u00e0 di quell\u2019area vive uno straordinario sviluppo numerico ma mantiene la debolezza organizzativa e di appartenenza che l\u2019ha sempre caratterizzata. In un secolo i battezzati sono passati da 70 a 425 milioni: si sono moltiplicati sei volte. Oggi rappresentano il 35% del totale dei cattolici nel mondo ma si tratta di un cattolicesimo accettato spesso per tradizione, basato pi\u00f9 sulla piet\u00e0 popolare che su una partecipazione attiva alla vita della Chiesa. Di questa debolezza hanno approfittato le sette pentecostali, venute dall\u2019America del Nord, che si calcola abbiano sottratto alla Chiesa cattolica un venti per cento di fedeli negli ultimi vent\u2019anni. Forse il Papa argentino sapr\u00e0 indicare qualche rimedio che non sia solo l\u2019appello alla riscossa.<\/p>\n<p>Nella vecchia Europa e nell\u2019America del Nord le comunit\u00e0 cattoliche sono messe alla prova dal contesto secolarizzato che le martella con le rivendicazioni della parit\u00e0 dei diritti da parte delle coppie di fatto e di quelle omosessuali, e di una piena libert\u00e0 di scelta per l\u2019aborto, la fecondazione assistita e il fine vita. A questa spina in Europa si aggiunge l\u2019altra, ancora pi\u00f9 pungente, della diminuzione numerica dei praticanti e della mancanza di vocazioni. Da quest\u2019ultimo malanno viene la richiesta di una modifica della legge del celibato che autorizzi i vescovi locali a ordinare uomini sposati.<\/p>\n<p>L\u2019Africa ha tutt\u2019altri problemi: grande crescita di battezzati e tanti preti, ma laggi\u00f9 il celibato \u00e8 ancora pi\u00f9 in crisi che in Europa o in America del Nord. Oggi ci sono 278 milioni di battezzati cattolici in Europa e 158 in Africa. In Europa i sacerdoti cattolici diminuiscono ogni anno di oltre un migliaio mentre in Africa aumentano della stessa cifra. Si prevede che in vent\u2019anni i cattolici africani superino quelli europei. Ma il prete africano fa difficolt\u00e0 a rinunciare ad avere figli e spesso li ha di nascosto: si parla di \u201cclero concubinario\u201d, come l\u2019avevamo in Europa nel Medioevo. La spinta che viene dall\u2019Europa sommata a quella che arriva dall\u2019Africa pu\u00f2 convincere Papa Francesco ad affrontare la legge del celibato, che Papa Benedetto aveva sfiorato con le nuove norme riguardante gli anglicani che passano alla Chiesa Cattolica, che ha autorizzato a ordinare gli sposati.<\/p>\n<p>In Asia il problema numero uno \u00e8 dato dalla Cina dove la comunit\u00e0 cattolica \u00e8 fiorente ma catacombale e il secondo riguarda lo scontro con il \u201cprotezionismo\u201d ind\u00f9 dell\u2019India che reagisce violentemente all\u2019attivit\u00e0 missionaria della Chiesa. In una parte dell\u2019Asia, in Medio Oriente e nell\u2019Africa del Nord la sfida viene dall\u2019Islam che si va facendo sempre pi\u00f9 aggressivo. Un Papa che prende il nome di Francesco avr\u00e0 un\u2019idea sulla via da seguire: il \u201cpoverello\u201d di Assisi si caratterizz\u00f2 per la sua partecipazione disarmata e dialogante alla quinta crociata, durante la quale volle andare oltre il campo trincerato per incontrare il Sultano.<\/p>\n<p>Forse il fronte pi\u00f9 immediato per il Papa venuto \u201cquasi dalla fine del mondo\u201d \u00e8 quello della sua nuova casa: la governance curiale. Con il cambio del Pontificato decadono gli incarichi curiali a partire dal Segretario di Stato: \u00e8 un\u2019occasione unica per il nuovo Papa, se mira a realizzare un vero cambiamento. E\u2019 quasi obbligata la scelta di un Segretario di Stato italiano, stante la non italianit\u00e0 del Papa, ma dovr\u00e0 essere un uomo estraneo alle contese che hanno dilaniato il pianeta curiale negli ultimi anni. Ce ne sono, ma vanno cercati andando oltre la ribalta e guardando tra le terze e quarte file.<\/p>\n<p><strong>Luigi Accattoli<\/strong><\/p>\n<p>www.luigiaccattoli.it<\/p>\n","protected":false},"excerpt":{"rendered":"<p>Pubblicato dal Corriere della Sera del 16 marzo a pagina 17 con il titolo \u201cLe sette la Cina il celibato dei preti. Cinque sfide per cinque continenti\u201d &nbsp; CITTA\u2019 DEL&#8230;<\/p>\n<div class=\"more-link-wrapper\"><a class=\"more-link\" href=\"http:\/\/www.luigiaccattoli.it\/blog\/articoli-del-corriere-della-sera\/l%e2%80%99agenda-del-papa-nuovo\/\">Read More<span class=\"screen-reader-text\">L\u2019agenda del Papa nuovo<\/span><\/a><\/div>\n","protected":false},"author":1,"featured_media":0,"parent":7661,"menu_order":0,"comment_status":"open","ping_status":"closed","template":"","meta":{"_monsterinsights_skip_tracking":false,"_monsterinsights_sitenote_active":false,"_monsterinsights_sitenote_note":"","_monsterinsights_sitenote_category":0,"footnotes":""},"class_list":["post-11123","page","type-page","status-publish","hentry","excerpt"],"_links":{"self":[{"href":"http:\/\/www.luigiaccattoli.it\/blog\/wp-json\/wp\/v2\/pages\/11123","targetHints":{"allow":["GET"]}}],"collection":[{"href":"http:\/\/www.luigiaccattoli.it\/blog\/wp-json\/wp\/v2\/pages"}],"about":[{"href":"http:\/\/www.luigiaccattoli.it\/blog\/wp-json\/wp\/v2\/types\/page"}],"author":[{"embeddable":true,"href":"http:\/\/www.luigiaccattoli.it\/blog\/wp-json\/wp\/v2\/users\/1"}],"replies":[{"embeddable":true,"href":"http:\/\/www.luigiaccattoli.it\/blog\/wp-json\/wp\/v2\/comments?post=11123"}],"version-history":[{"count":1,"href":"http:\/\/www.luigiaccattoli.it\/blog\/wp-json\/wp\/v2\/pages\/11123\/revisions"}],"predecessor-version":[{"id":11124,"href":"http:\/\/www.luigiaccattoli.it\/blog\/wp-json\/wp\/v2\/pages\/11123\/revisions\/11124"}],"up":[{"embeddable":true,"href":"http:\/\/www.luigiaccattoli.it\/blog\/wp-json\/wp\/v2\/pages\/7661"}],"wp:attachment":[{"href":"http:\/\/www.luigiaccattoli.it\/blog\/wp-json\/wp\/v2\/media?parent=11123"}],"curies":[{"name":"wp","href":"https:\/\/api.w.org\/{rel}","templated":true}]}}