{"id":11147,"date":"2013-03-19T22:56:38","date_gmt":"2013-03-19T21:56:38","guid":{"rendered":"http:\/\/www.luigiaccattoli.it\/blog\/?page_id=11147"},"modified":"2013-03-20T10:31:57","modified_gmt":"2013-03-20T09:31:57","slug":"un-papa-nuovo-le-vesti-la-croce-l%e2%80%99anello-francesco-o-della-semplicita","status":"publish","type":"page","link":"http:\/\/www.luigiaccattoli.it\/blog\/articoli-del-corriere-della-sera\/un-papa-nuovo-le-vesti-la-croce-l%e2%80%99anello-francesco-o-della-semplicita\/","title":{"rendered":"Un Papa nuovo. Le vesti la croce l\u2019anello: Francesco o della semplicit\u00e0"},"content":{"rendered":"<p><em>Pubblicato dal \u201cCorriere della Sera\u201d del 19 marzo a pagina 13 con il titolo \u201cNo all\u2019anello d\u2019oro. La centralit\u00e0 del vestito\u201d<\/em><\/p>\n<p>Francesco o della semplicit\u00e0: potr\u00e0 essere intitolato cos\u00ec, un giorno, il capitolo della sua biografia riguardante l\u2019abbigliamento. Quanto infatti alle vesti, ai paramenti, alla croce e all\u2019anello si direbbe che per ora le sue scelte siano tutte nel segno della semplificazione rispetto a quanto gli viene dalla tradizione.<\/p>\n<p>Ha tolto la mozzetta rossa dalla veste bianca e non calza i mocassini rossi che avevano caratterizzato l\u2019immagine papale da Paolo VI a Benedetto XVI. Usa le scarpe nere con lacci con le quali \u00e8 arrivato a Roma da Buenos Aires: vedremo oggi se saranno sempre quelle anche nelle celebrazioni \u201cpontificali\u201d.<\/p>\n<p>Di sicuro con lui gli animalisti non avranno da protestare per la mozzetta e il camauro bordati di ermellino che non perdonavano al Papa tedesco, bench\u00e8 fosse stato chiarito pi\u00f9 volte che si trattava di ermellino sintetico e non di ermellino naturale.<\/p>\n<p>Per ora non ne sappiamo nulla ma possiamo scommettere che non user\u00e0 mai il \u201csaturno\u201d e il \u201ccamauro\u201d, cio\u00e8 i copricapi tradizionali dei Papi che erano caduti in disuso (ma il saturno era stato usato abbondantemente da Giovanni Paolo II nella prima met\u00e0 del Pontificato, specie nei viaggi) e che Benedetto aveva ripreso alcune rare volte.<\/p>\n<p>Abbiamo saputo ieri che l\u2019anello di Papa Bergoglio sar\u00e0 d\u2019argento e non d\u2019oro e pare che sia di ferro la croce pettorale \u2013 con l\u2019immagine del \u201cbuon pastore\u201d \u2013 che \u00e8 quella che aveva da cardinale. Ma occorre fare attenzione a non vedere nell'&#8221;anello piscatorio&#8221; d&#8217;argento una scelta di povert\u00e0: perch\u00e8 l&#8217;anello che gli sar\u00e0 &#8220;dato&#8221; oggi dal cardinale decano Angelo Sodano \u00e8 un dono del cardinale Giovanni Battista Re, che l&#8217;ebbe dal vescovo Pasquale Macchi, gi\u00e0 segretario di Paolo VI; \u00e8 una creazione dello scultore Enrico Manfrini che il Papa bresciano non us\u00f2 mai. Si tratta al pi\u00f9 di un a scelta di sobriet\u00e0, nel senso di usare un anello gi\u00e0 esistente, invece di commissionarne uno nuovo. <\/p>\n<p>Da queste prime scelte riguardanti la propria immagine egli ci appare sostanzialmente indifferente a vesti e paramenti, scarpe e cappelli e si direbbe che gli prema quasi soltanto la veste bianca. La centralit\u00e0 che viene ad assumere la veste, nella sparizione di tutto il resto, va forse capita.<\/p>\n<p>Nella veste bianca si \u00e8 trovato subito a suo agio, fin dalla prima apparizione: forse la intende come il simbolo essenziale della figura papale, magari interpretandola come un rimando alla talare bianca dei missionari che nella tradizione cattolica spesso si vestivano di bianco per proteggersi \u2013 si diceva \u2013 dalla vampa del sole.<\/p>\n<p>L\u2019aver tolto il rosso della mozzetta e delle scarpe d\u00e0 rilievo al bianco della veste. Sar\u00e0 quel bianco a raccordarlo visivamente, pi\u00f9 di ogni altro elemento, ai predecessori. Ma sar\u00e0 anche un bianco disadorno, a indicare che il raccordo \u00e8 mantenuto per quanto riguarda la sostanza della missione papale ma non per i suoi aspetti accessori.<\/p>\n<p>L\u2019indifferenza all\u2019abbigliamento che caratterizza Papa Francesco appare confermata dalla sua disinvoltura gestuale: dalla risata \u201ctra amici\u201d con cui accompagna \u00a0la conversazione, dagli abbracci che d\u00e0 e riceve, dal puntarsi l\u2019indice alla fronte, dall\u2019alzare il pollice nel segno di ok come fanno i ragazzi. Fino al divertimento con cui si \u00e8 messo al polso un braccialetto di plastica gialla, dono di un cardinale africano, il giorno dopo l\u2019elezione, quando li ha ricevuti tutti nella Sala Clementina.<\/p>\n<p><strong>Luigi Accattoli<\/strong><\/p>\n<p>www.luigiaccattoli.it<\/p>\n","protected":false},"excerpt":{"rendered":"<p>Pubblicato dal \u201cCorriere della Sera\u201d del 19 marzo a pagina 13 con il titolo \u201cNo all\u2019anello d\u2019oro. La centralit\u00e0 del vestito\u201d Francesco o della semplicit\u00e0: potr\u00e0 essere intitolato cos\u00ec, un&#8230;<\/p>\n<div class=\"more-link-wrapper\"><a class=\"more-link\" href=\"http:\/\/www.luigiaccattoli.it\/blog\/articoli-del-corriere-della-sera\/un-papa-nuovo-le-vesti-la-croce-l%e2%80%99anello-francesco-o-della-semplicita\/\">Read More<span class=\"screen-reader-text\">Un Papa nuovo. Le vesti la croce l\u2019anello: Francesco o della semplicit\u00e0<\/span><\/a><\/div>\n","protected":false},"author":1,"featured_media":0,"parent":7661,"menu_order":0,"comment_status":"open","ping_status":"closed","template":"","meta":{"_monsterinsights_skip_tracking":false,"_monsterinsights_sitenote_active":false,"_monsterinsights_sitenote_note":"","_monsterinsights_sitenote_category":0,"footnotes":""},"class_list":["post-11147","page","type-page","status-publish","hentry","excerpt"],"_links":{"self":[{"href":"http:\/\/www.luigiaccattoli.it\/blog\/wp-json\/wp\/v2\/pages\/11147","targetHints":{"allow":["GET"]}}],"collection":[{"href":"http:\/\/www.luigiaccattoli.it\/blog\/wp-json\/wp\/v2\/pages"}],"about":[{"href":"http:\/\/www.luigiaccattoli.it\/blog\/wp-json\/wp\/v2\/types\/page"}],"author":[{"embeddable":true,"href":"http:\/\/www.luigiaccattoli.it\/blog\/wp-json\/wp\/v2\/users\/1"}],"replies":[{"embeddable":true,"href":"http:\/\/www.luigiaccattoli.it\/blog\/wp-json\/wp\/v2\/comments?post=11147"}],"version-history":[{"count":3,"href":"http:\/\/www.luigiaccattoli.it\/blog\/wp-json\/wp\/v2\/pages\/11147\/revisions"}],"predecessor-version":[{"id":11150,"href":"http:\/\/www.luigiaccattoli.it\/blog\/wp-json\/wp\/v2\/pages\/11147\/revisions\/11150"}],"up":[{"embeddable":true,"href":"http:\/\/www.luigiaccattoli.it\/blog\/wp-json\/wp\/v2\/pages\/7661"}],"wp:attachment":[{"href":"http:\/\/www.luigiaccattoli.it\/blog\/wp-json\/wp\/v2\/media?parent=11147"}],"curies":[{"name":"wp","href":"https:\/\/api.w.org\/{rel}","templated":true}]}}