{"id":11179,"date":"2013-03-22T17:41:32","date_gmt":"2013-03-22T16:41:32","guid":{"rendered":"http:\/\/www.luigiaccattoli.it\/blog\/?page_id=11179"},"modified":"2013-06-02T17:42:22","modified_gmt":"2013-06-02T15:42:22","slug":"un-papa-n-uovo-si-e-dato-un-nome-ma-non-un-programma","status":"publish","type":"page","link":"http:\/\/www.luigiaccattoli.it\/blog\/articoli-del-corriere-della-sera\/un-papa-n-uovo-si-e-dato-un-nome-ma-non-un-programma\/","title":{"rendered":"Un Papa nuovo. Si \u00e8 dato un nome ma non un programma"},"content":{"rendered":"<p><em style=\"font-size: medium; font-family: 'Times New Roman', serif;\">Pubblicato dal \u201cCorriere della Sera\u201d del 22 marzo a pagina 25 con il titolo \u201cI segni e le parole che sostituiscono un programma\u201d<\/em><\/p>\n<p>&nbsp;<\/p>\n<p><span style=\"font-family: 'Times New Roman', serif;\"><span style=\"font-size: medium;\">Il Papa nuovo si \u00e8 dato un nome ma non un programma e vive alla giornata ma lo fa con tale spontanea semplicit\u00e0 che pare Papa da sempre. Per ora \u00e8 la novit\u00e0 della figura papale che propone a simulare un progetto se non un programma. Trattandosi di una novit\u00e0 corposa pu\u00f2 essere che il suo pieno dispiegamento lo dispensi a lungo dalla necessit\u00e0 di dire in parole tutte le sue intenzioni. Pare ne voglia dire una al giorno, con le scelte che compie.<\/span><\/span><\/p>\n<p><span style=\"font-family: 'Times New Roman', serif;\"><span style=\"font-size: medium;\">A volte si tratta di scelte di parole, a volte di gesti, o simboli. Mai \u2013 fino a oggi \u2013 ha compiuto, o anche solo indicato, scelte di governo. Tra le parole, oltre al nome Francesco, possiamo mettere \u201cpoveri\u201d, \u201cmisericordia\u201d, \u201cbont\u00e0\u201d, \u201ctenerezza\u201d. Le prende dal Vangelo, le isola, ne fa un frammento del programma, come ha fatto con il nome. <\/span><\/span><\/p>\n<p><span style=\"font-family: 'Times New Roman', serif;\"><span style=\"font-size: medium;\">Tra i gesti: i saluti alla porta della chiesa, l\u2019uscita in strada, la rinuncia ad alcuni ornamenti cerimoniali, la benedizione silenziosa ai non credenti, l\u2019annuncio \u2013 dato ieri \u2013 della Lavanda dei piedi ai carcerati. Ma non ha detto una parola n\u00e9 compiuto un gesto in direzione del governo della Chiesa, non ha m ai nominato la Curia: questa reticenza appare strategica, forse egli vuole uno spostamento forte del ministero petrino dal governo alla predicazione.<\/span><\/span><\/p>\n<p><span style=\"font-family: 'Times New Roman', serif;\"><span style=\"font-size: medium;\">Per ora la novit\u00e0 supplisce al programma. Papa Francesco porta infatti a unit\u00e0 e a completezza le tre immagini del Papa carismatico che abbiamo conosciuto lungo gli ultimi 55 anni, moltiplicando per tre \u2013 se si pu\u00f2 dire cos\u00ec \u2013 l\u2019effetto sorpresa di ognuna di loro: la semplicit\u00e0 di Luciani, la calda umanit\u00e0 di Wojtyla, il richiamo evangelico di Roncalli. <\/span><\/span><\/p>\n<p><span style=\"font-family: 'Times New Roman', serif;\"><span style=\"font-size: medium;\">Come Luciani fa il parroco, ride a tutti e a ciascuno, parla mirando a essere inteso dalle persone pi\u00f9 semplici, racconta dell\u2019elezione a Papa come di una minaccia venuta a turbare la sua vita: \u201cQuando la cosa diveniva un po\u2019 pericolosa\u201d. Luciani aveva detto: \u201cAppena \u00e8 cominciato il pericolo per me\u201d.<\/span><\/span><\/p>\n<p><span style=\"font-family: 'Times New Roman', serif;\"><span style=\"font-size: medium;\">Come Wojtyla ci appare estraneo alla gestualit\u00e0 e al linguaggio della tradizione ecclesiastica romana, che \u00e8 rigida e prevedibile. Prima di qualsiasi progetto \u00e8 una prepotente vocazione d\u2019uomo vivo ad avvicinarlo all\u2019umanit\u00e0 circostante. <\/span><\/span><\/p>\n<p><span style=\"font-family: 'Times New Roman', serif;\"><span style=\"font-size: medium;\">Come Roncalli il Papa argentino aggancia a un motto evangelico ogni sua anche minima esortazione, dai poveri alla pace. Pone la misericordia a parola chiave della sua predicazione: \u201cPer me \u00e8 il messaggio pi\u00f9 forte del Signore\u201d. Roncalli ad apertura del Vaticano II aveva affermato la necessit\u00e0 per la Chiesa di usare \u201cla medicina della misericordia piuttosto che della severit\u00e0\u201d.<\/span><\/span><\/p>\n<p><span style=\"font-family: 'Times New Roman', serif;\"><span style=\"font-size: medium;\">Mettendo insieme i tre richiami a Luciani, a Wojtyla e a Roncalli riusciamo a individuare quale potr\u00e0 essere domani la figura intera del Papa nuovo: un uomo semplice determinato a restare se stesso e ad annunciare ai poveri la misericordia. Per realizzare questo sogno dovr\u00e0 fare riforme ma \u00e8 probabile che le faccia senza parlarne.<\/span><\/span><\/p>\n<p><span style=\"font-family: 'Times New Roman', serif;\"><span style=\"font-size: medium;\"><strong>Luigi Accattoli<\/strong><\/span><\/span><\/p>\n<p><span style=\"font-family: 'Times New Roman', serif;\"><span style=\"font-size: medium;\">www.luigiaccattoli.it<\/span><\/span><\/p>\n","protected":false},"excerpt":{"rendered":"<p>Pubblicato dal \u201cCorriere della Sera\u201d del 22 marzo a pagina 25 con il titolo \u201cI segni e le parole che sostituiscono un programma\u201d &nbsp; Il Papa nuovo si \u00e8 dato&#8230;<\/p>\n<div class=\"more-link-wrapper\"><a class=\"more-link\" href=\"http:\/\/www.luigiaccattoli.it\/blog\/articoli-del-corriere-della-sera\/un-papa-n-uovo-si-e-dato-un-nome-ma-non-un-programma\/\">Read More<span class=\"screen-reader-text\">Un Papa nuovo. Si \u00e8 dato un nome ma non un programma<\/span><\/a><\/div>\n","protected":false},"author":1,"featured_media":0,"parent":7661,"menu_order":0,"comment_status":"open","ping_status":"closed","template":"","meta":{"_monsterinsights_skip_tracking":false,"_monsterinsights_sitenote_active":false,"_monsterinsights_sitenote_note":"","_monsterinsights_sitenote_category":0,"footnotes":""},"class_list":["post-11179","page","type-page","status-publish","hentry","excerpt"],"_links":{"self":[{"href":"http:\/\/www.luigiaccattoli.it\/blog\/wp-json\/wp\/v2\/pages\/11179","targetHints":{"allow":["GET"]}}],"collection":[{"href":"http:\/\/www.luigiaccattoli.it\/blog\/wp-json\/wp\/v2\/pages"}],"about":[{"href":"http:\/\/www.luigiaccattoli.it\/blog\/wp-json\/wp\/v2\/types\/page"}],"author":[{"embeddable":true,"href":"http:\/\/www.luigiaccattoli.it\/blog\/wp-json\/wp\/v2\/users\/1"}],"replies":[{"embeddable":true,"href":"http:\/\/www.luigiaccattoli.it\/blog\/wp-json\/wp\/v2\/comments?post=11179"}],"version-history":[{"count":2,"href":"http:\/\/www.luigiaccattoli.it\/blog\/wp-json\/wp\/v2\/pages\/11179\/revisions"}],"predecessor-version":[{"id":11847,"href":"http:\/\/www.luigiaccattoli.it\/blog\/wp-json\/wp\/v2\/pages\/11179\/revisions\/11847"}],"up":[{"embeddable":true,"href":"http:\/\/www.luigiaccattoli.it\/blog\/wp-json\/wp\/v2\/pages\/7661"}],"wp:attachment":[{"href":"http:\/\/www.luigiaccattoli.it\/blog\/wp-json\/wp\/v2\/media?parent=11179"}],"curies":[{"name":"wp","href":"https:\/\/api.w.org\/{rel}","templated":true}]}}