{"id":11246,"date":"2013-03-29T14:31:34","date_gmt":"2013-03-29T13:31:34","guid":{"rendered":"http:\/\/www.luigiaccattoli.it\/blog\/?page_id=11246"},"modified":"2013-03-29T14:31:34","modified_gmt":"2013-03-29T13:31:34","slug":"un-papa-nuovo-cosi-lava-i-piedi-ai-carcerati","status":"publish","type":"page","link":"http:\/\/www.luigiaccattoli.it\/blog\/articoli-del-corriere-della-sera\/un-papa-nuovo-cosi-lava-i-piedi-ai-carcerati\/","title":{"rendered":"Un Papa nuovo. Cos\u00ec lava i piedi ai carcerati"},"content":{"rendered":"<p><em style=\"font-size: medium; font-family: 'Times New Roman', serif;\">Pubblicato dal Corriere della Sera del 29 marzo a pagina 18 con il titolo \u201cRadici e licenze dei suoi riti pasquali\u201d<\/em><\/p>\n<p>&nbsp;<\/p>\n<p><span style=\"font-family: 'Times New Roman', serif;\"><span style=\"font-size: medium;\">La lavanda dei piedi ai carcerati \u00e8 il primo azzardo liturgico di Papa Bergoglio e suona come un preannuncio: ne vedremo altri. Francesco ha svolto il rito secondo le regole, ma in un carcere e accettando che tra i \u201cdodici\u201d vi fossero due musulmani e due ragazze. Il carcere ha una popolazione mista e lui, il Papa venuto dalle periferie di Buenos Aires, voleva che il rito incontrasse pienamente quella realt\u00e0 periferica.<\/span><\/span><\/p>\n<p><span style=\"font-family: 'Times New Roman', serif;\"><span style=\"font-size: medium;\">Come \u00e8 andato dai detenuti per compiere un gesto da \u201cservo\u201d degli ultimi, cos\u00ec doveva simbolicamente ammettere tutti al rito perch\u00e9 l\u00ec \u2013 nella rigida gerarchia che vige dietro le sbarre \u2013 i musulmani e le donne sono un passo dietro agli altri e dunque escludendoli sarebbe venuto a escludere gli ultimi tra gli ultimi. <\/span><\/span><\/p>\n<p><span style=\"font-family: 'Times New Roman', serif;\"><span style=\"font-size: medium;\">Donne e musulmani in una lavanda dei piedi fatta da un Papa non si erano mai visti, ma i poveri e gli emarginati s\u00ec. Nell\u2019alto Medioevo i vescovi nelle cattedrali il Gioved\u00ec Santo lavavano i piedi a 12 canonici e a 12 poveri; e possiamo immaginare che ci\u00f2 avvenisse anche nella cattedrale di Roma, cio\u00e8 in San Giovanni in Laterano. <\/span><\/span><\/p>\n<p><span style=\"font-family: 'Times New Roman', serif;\"><span style=\"font-size: medium;\">Con il tempo cadde l\u2019uso della \u201clavanda\u201d dei poveri e rimase quella dei canonici. In giro per il mondo non mancano oggi vescovi e parroci che escono dallo schema tradizionale della lavanda riservata ai sacerdoti anziani, o ai chierichetti, o ai membri delle confraternite e ammettono ad essa donne e anche non cattolici. <\/span><\/span><\/p>\n<p><span style=\"font-family: 'Times New Roman', serif;\"><span style=\"font-size: medium;\">La <\/span><\/span><span style=\"font-family: 'Times New Roman', serif;\"><span style=\"font-size: medium;\"><em>Regola di San Benedetto<\/em><\/span><\/span><span style=\"font-family: 'Times New Roman', serif;\"><span style=\"font-size: medium;\"> stabiliva che nei monasteri l\u2019abate lavasse i piedi agli ospiti e il gesto di \u201clavare i piedi ai fratelli\u201d \u00e8 ricordato a chi \u00e8 \u201ccostituito in autorit\u00e0\u201d anche dalla regola francescana. Per il Papa che ha preso il nome di Francesco sar\u00e0 stato di monito l\u2019esempio del \u201cpoverello di Assisi\u201d che \u2013 narra la <\/span><\/span><span style=\"font-family: 'Times New Roman', serif;\"><span style=\"font-size: medium;\"><em>Leggenda minore di San Bonaventura<\/em><\/span><\/span><span style=\"font-family: 'Times New Roman', serif;\"><span style=\"font-size: medium;\"> \u2013 soleva \u201ccome schiavo ossequiare i lebbrosi lavando loro i piedi e fasciandone le piaghe\u201d. <\/span><\/span><\/p>\n<p><span style=\"font-family: 'Times New Roman', serif;\"><span style=\"font-size: medium;\">Il Papa gesuita avr\u00e0 poi ben presente il ricordo del volume degli \u201cEsercizi\u201d di Ignazio di Loyola che quando tratta \u201cdella Cena\u201d ricorda come Ges\u00f9 \u201clav\u00f2 i piedi dei discepoli, anche quelli di Giuda\u201d. Questa inclusione del traditore avr\u00e0 facilitato l\u2019ambientazione del rito di ieri in un carcere. Gi\u00e0 da arcivescovo di Buenos Aires Bergoglio faceva la lavanda nelle <\/span><\/span><span style=\"color: #000000;\"><span style=\"font-family: 'Times New Roman', serif;\"><span style=\"font-size: medium;\">carceri, negli ospedale, negli ospizi.<\/span><\/span><\/span><\/p>\n<p><span style=\"font-family: 'Times New Roman', serif;\"><span style=\"font-size: medium;\">Non dovrebbero esservi altre licenze \u201cargentine\u201d nei riti dei prossimi giorni, avendo precisato il portavoce vaticano, quando annunci\u00f2 l\u2019andata al carcere, che il resto <\/span><\/span><span style=\"color: #000000;\"><span style=\"font-family: 'Times New Roman', serif;\"><span style=\"font-size: medium;\">della Settimana Santa si sarebbe svolto \u201csecondo l\u2019uso abituale\u201d.<\/span><\/span><\/span><\/p>\n<p><span style=\"color: #000000;\"><span style=\"font-family: 'Times New Roman', serif;\"><span style=\"font-size: medium;\">Domenica Papa Bergoglio aveva benedetto le palme (cio\u00e8 rami d\u2019ulivo e di palma) in piazza San Pietro e aveva partecipato alla \u201cprocessione delle Palme\u201d che ricorda l\u2019ingrasso di Ges\u00f9 a Gerusalemme; e ieri mattina ha celebrato nella Basilica vaticana la Messa \u201ccrismale\u201d, nella quale vengono benedetti gli \u201coli\u201d che si usano nelle celebrazioni dell\u2019intero anno: il <\/span><\/span><\/span><a href=\"http:\/\/it.wikipedia.org\/wiki\/Crisma\"><span style=\"color: #000000;\"><span style=\"font-family: 'Times New Roman', serif;\"><span style=\"font-size: medium;\">Crisma<\/span><\/span><\/span><\/a><span style=\"color: #000000;\"><span style=\"font-family: 'Times New Roman', serif;\"><span style=\"font-size: medium;\"> della cresima e dell\u2019ordine, l\u2019olio del battesimo e quello degli infermi.<\/span><\/span><\/span><\/p>\n<p><span style=\"color: #000000;\"><span style=\"font-family: 'Times New Roman', serif;\"><span style=\"font-size: medium;\">Domani pomeriggio la \u201cVia Crucis\u201d al Colosseo ricorder\u00e0 le tappe della passione di Ges\u00f9 dall\u2019Orto degli Ulivi al Calvario. Nella Veglia pasquale, cio\u00e8 nella notte tra il Sabato Santo e la Domenica di Pasqua, vedremo Papa Francesco benedire il fuoco sul sagrato di San Pietro, accendere il \u201ccero pasquale\u201d, benedire l\u2019acqua del fonte battesimale e intonare il solenne annuncio della risurrezione di Cristo, detto anche \u201cPreconio pasquale\u201d.<\/span><\/span><\/span><\/p>\n<p><span style=\"color: #000000;\"><span style=\"font-family: 'Times New Roman', serif;\"><span style=\"font-size: medium;\"><strong>Luigi Accattoli<\/strong><\/span><\/span><\/span><\/p>\n<p><span style=\"color: #000000;\"><span style=\"font-family: 'Times New Roman', serif;\"><span style=\"font-size: medium;\">www.luigiaccattoli.it <\/span><\/span><\/span><\/p>\n<p>&nbsp;<\/p>\n","protected":false},"excerpt":{"rendered":"<p>Pubblicato dal Corriere della Sera del 29 marzo a pagina 18 con il titolo \u201cRadici e licenze dei suoi riti pasquali\u201d &nbsp; La lavanda dei piedi ai carcerati \u00e8 il&#8230;<\/p>\n<div class=\"more-link-wrapper\"><a class=\"more-link\" href=\"http:\/\/www.luigiaccattoli.it\/blog\/articoli-del-corriere-della-sera\/un-papa-nuovo-cosi-lava-i-piedi-ai-carcerati\/\">Read More<span class=\"screen-reader-text\">Un Papa nuovo. Cos\u00ec lava i piedi ai carcerati<\/span><\/a><\/div>\n","protected":false},"author":1,"featured_media":0,"parent":7661,"menu_order":0,"comment_status":"open","ping_status":"closed","template":"","meta":{"_monsterinsights_skip_tracking":false,"_monsterinsights_sitenote_active":false,"_monsterinsights_sitenote_note":"","_monsterinsights_sitenote_category":0,"footnotes":""},"class_list":["post-11246","page","type-page","status-publish","hentry","excerpt"],"_links":{"self":[{"href":"http:\/\/www.luigiaccattoli.it\/blog\/wp-json\/wp\/v2\/pages\/11246","targetHints":{"allow":["GET"]}}],"collection":[{"href":"http:\/\/www.luigiaccattoli.it\/blog\/wp-json\/wp\/v2\/pages"}],"about":[{"href":"http:\/\/www.luigiaccattoli.it\/blog\/wp-json\/wp\/v2\/types\/page"}],"author":[{"embeddable":true,"href":"http:\/\/www.luigiaccattoli.it\/blog\/wp-json\/wp\/v2\/users\/1"}],"replies":[{"embeddable":true,"href":"http:\/\/www.luigiaccattoli.it\/blog\/wp-json\/wp\/v2\/comments?post=11246"}],"version-history":[{"count":1,"href":"http:\/\/www.luigiaccattoli.it\/blog\/wp-json\/wp\/v2\/pages\/11246\/revisions"}],"predecessor-version":[{"id":11247,"href":"http:\/\/www.luigiaccattoli.it\/blog\/wp-json\/wp\/v2\/pages\/11246\/revisions\/11247"}],"up":[{"embeddable":true,"href":"http:\/\/www.luigiaccattoli.it\/blog\/wp-json\/wp\/v2\/pages\/7661"}],"wp:attachment":[{"href":"http:\/\/www.luigiaccattoli.it\/blog\/wp-json\/wp\/v2\/media?parent=11246"}],"curies":[{"name":"wp","href":"https:\/\/api.w.org\/{rel}","templated":true}]}}