{"id":11374,"date":"2013-04-11T19:26:27","date_gmt":"2013-04-11T17:26:27","guid":{"rendered":"http:\/\/www.luigiaccattoli.it\/blog\/?page_id=11374"},"modified":"2013-06-05T20:21:43","modified_gmt":"2013-06-05T18:21:43","slug":"immagini-di-un-papa-nuovo-francesco-dei-poveri-e-della-misericordia","status":"publish","type":"page","link":"http:\/\/www.luigiaccattoli.it\/blog\/collaborazione-a-riviste\/immagini-di-un-papa-nuovo-francesco-dei-poveri-e-della-misericordia\/","title":{"rendered":"Immagini di un Papa nuovo. Francesco dei poveri e della misericordia"},"content":{"rendered":"<p><span style=\"font-size: medium; font-family: 'Times New Roman', serif;\">Un Papa che rinuncia e un altro che viene preso dall\u2019America Latina, eventi capaci di tramortire un vaticanista come si deve, figurati uno residuale come me che aveva vissuto gli ultimi otto anni augurando lunga vita a Papa Benedetto per non doversi fare un altro Conclave. Uno tsunami stordente, articoli e interviste alla rinfusa e schede per \u201cPorta a Porta\u201d a non finire. Ma Francesco, Francesco, Francesco: da quando \u00e8 arrivato lui quelle fatiche non le ricordo pi\u00f9.<\/span><\/p>\n<p><span style=\"font-family: 'Times New Roman', serif;\"><span style=\"font-size: medium;\">Ho sempre perso le scommesse sui Conclavi, e anche stavolta: puntavo sull\u2019America Latina ma non su Bergoglio. Per fortuna non ho fatto nomi nel fondo che Ferruccio De Bortoli mi ha chiesto di scrivere per il <\/span><\/span><span style=\"font-family: 'Times New Roman', serif;\"><span style=\"font-size: medium;\"><em>Corriere della Sera<\/em><\/span><\/span><span style=\"font-family: 'Times New Roman', serif;\"><span style=\"font-size: medium;\"> il giorno dell\u2019<\/span><\/span><span style=\"font-family: 'Times New Roman', serif;\"><span style=\"font-size: medium;\"><em>extra omnes<\/em><\/span><\/span><span style=\"font-family: 'Times New Roman', serif;\"><span style=\"font-size: medium;\">. <\/span><\/span><\/p>\n<p>&nbsp;<\/p>\n<p><span style=\"font-family: 'Times New Roman', serif;\"><span style=\"font-size: medium;\"><strong>Georgium Marium<\/strong><\/span><\/span><\/p>\n<p><span style=\"font-family: 'Times New Roman', serif;\"><span style=\"font-size: medium;\"><strong>e la fuoriuscita dall\u2019Europa<\/strong><\/span><\/span><\/p>\n<p><span style=\"font-family: 'Times New Roman', serif;\"><span style=\"font-size: medium;\">Cos\u00ec argomentavo verso l\u2019America Latina, con la sicurezza che ti viene quando scrivi un fondo: \u201cLa crisi della Chiesa in Europa pu\u00f2 spingere il Conclave a portare il Papato fuori dal vecchio continente: sarebbe una scelta epocale paragonabile a quella che il secondo Conclave del 1978 comp\u00ec con l\u2019uscita dall\u2019Italia e l\u2019elezione di un cardinale polacco. Un balzo verso le Americhe costituirebbe un passaggio quasi indolore a una nuova costellazione, stante la continuit\u00e0 culturale tra il vecchio e il nuovo mondo. Pi\u00f9 arduo \u00e8 immaginare l\u2019elezione di un Papa africano o asiatico. Ma gi\u00e0 la scelta di un latino-americano \u2013 ipotesi oggi matura, che fu saggiata e poi scartata dal Conclave del 2005 \u2013 starebbe a indicare anche un passaggio dal Nord al Sud del mondo, di straordinario interesse in una fase storica che vede un rimescolamento planetario delle culture e delle economie\u201d. <\/span><\/span><\/p>\n<p><span style=\"font-family: 'Times New Roman', serif;\"><span style=\"font-size: medium;\">Quando il cardinale Tauran ha annunciato che avevamo il Papa \u201cGeorgium Marium\u201d De Bortoli mi ha chiamato per dirmi che toccava a me interpretare l\u2019elezione perch\u00e9 \u201channo fatto proprio come dicevi tu\u201d. Ripresi per il fondo del 14 marzo \u2013 che fu intitolato \u201cIl Gesuita con il saio\u201d \u2013 il paragone con il Conclave del 1978. Allora avevamo avuto l\u2019uscita dall\u2019Italia in un momento nel quale era in questione l\u2019assetto dell\u2019Europa nella fase finale del confronto Est-Ovest, oggi abbiamo l\u2019uscita dall\u2019Europa essendo in questione l\u2019assetto del mondo: \u201cQuesta uscita \u00e8 di buon segno perch\u00e9 a nessuno sfugge che le Chiese del vecchio continente hanno troppa storia per poter guardare con occhi sgombri alla sfida dei tempi nuovi che viene dai poveri del pianeta. Proveranno ora a guardarla con gli occhi di Papa Francesco\u201d.<\/span><\/span><\/p>\n<p><span style=\"font-family: 'Times New Roman', serif;\"><span style=\"font-size: medium;\">Papa Francesco infatti ha subito parlato dei poveri, raccontando il 15 marzo ai giornalisti le parole che il cardinale Hummes \u2013 \u201cun grande amico\u201d \u2013 ebbe a dirgli nella Sistina, al momento dell\u2019applauso al 77\u00b0 voto, abbracciandolo e baciandolo: \u201cNon dimenticarti dei poveri\u201d. C\u2019\u00e8 dunque il segno di una coralit\u00e0 latino americana in questa elezione, a partire dall\u2019applauso al momento del quorum. \u201cIl suo nome \u00e8 cominciato ad apparire fin dalle Congregazioni generali, soprattutto fra alcuni cardinali latino americani\u201d dir\u00e0 il 21 marzo al <\/span><\/span><span style=\"font-family: 'Times New Roman', serif;\"><span style=\"font-size: medium;\"><em>Tg2 <\/em><\/span><\/span><span style=\"font-family: 'Times New Roman', serif;\"><span style=\"font-size: medium;\">il cardinale Damasceno Assis, presidente della Conferenza episcopale brasiliana.<\/span><\/span><\/p>\n<p><span style=\"font-family: 'Times New Roman', serif;\"><span style=\"font-size: medium;\">Una coralit\u00e0 che viene dalla comunit\u00e0 cattolica continentale pi\u00f9 numerosa del pianeta, che ha trovato nella \u201cscelta preferenziale per i poveri\u201d la propria identit\u00e0 gi\u00e0 a Medellin (1968), identit\u00e0 che il Papa nuovo ha espresso con le parole pi\u00f9 semplici in quello stesso saluto a noi giornalisti: \u201cAh, come vorrei una Chiesa povera e per i poveri\u201d.<\/span><\/span><\/p>\n<p>&nbsp;<\/p>\n<p><span style=\"font-family: 'Times New Roman', serif;\"><span style=\"font-size: medium;\"><strong>Pronto da vecchio <\/strong><\/span><\/span><\/p>\n<p><span style=\"font-family: 'Times New Roman', serif;\"><span style=\"font-size: medium;\"><strong>a osare il Papato<\/strong><\/span><\/span><\/p>\n<p><span style=\"font-family: 'Times New Roman', serif;\"><span style=\"font-size: medium;\">Non avevo pensato a Bergoglio stavolta perch\u00e9 molto \u2013 e invano \u2013 l\u2019avevo pensato alla vigilia del Conclave del 2005 e ne ero restato deluso. Allora egli risult\u00f2 il pi\u00f9 votato dopo Ratzinger sia al primo sia all\u2019ultimo degli scrutini. Ricostruzioni attendibili segnalano che arriv\u00f2 ad avere quaranta voti che forse non sarebbero bastati per portarlo all\u2019elezione ma che potevano impedire l\u2019elezione del Papa teologo. Si dice ancora che nella pausa del pranzo Bergoglio scongiurasse i suoi sostenitori di concorrere a eleggere Ratzinger, cosa che avvenne. Otto anni dopo \u00e8 l\u2019eletto di allora a rinunciare e tocca al proto-rinunciatario prendere il suo posto: una vicenda che suona come una parabola e che di sicuro tiene in s\u00e9 molti significati. <\/span><\/span><\/p>\n<p><span style=\"font-family: 'Times New Roman', serif;\"><span style=\"font-size: medium;\">Come hanno fatto i cardinali a portare all\u2019accettazione del Papato a 76 anni chi non lo volle quando ne aveva 68? Sappiamo ora che in una Congregazione generale del pre-Conclave Bergoglio aveva detto parole vive in vista della scelta di un Papa che \u201c<\/span><\/span><span style=\"font-family: 'Times New Roman', serif;\"><span style=\"font-size: medium;\">aiuti l<\/span><\/span><span style=\"font-family: 'Times New Roman', serif;\"><span style=\"font-size: medium;\">a Chiesa a uscire da se stessa <\/span><\/span><span style=\"font-family: 'Times New Roman', serif;\"><span style=\"font-size: medium;\">verso le periferie\u201d non solo geografiche ma \u201cesistenziali\u201d dell\u2019umanit\u00e0, dove sono \u201ctutte le miserie\u201d. F<\/span><\/span><span style=\"font-family: 'Times New Roman', serif;\"><span style=\"font-size: medium;\">orse i cardinali da quelle parole hanno compreso che ora l\u2019umile argentino si sentiva pronto a osare il Papato, ed ecco che accetta e si fa da gesuita francescano. <\/span><\/span><\/p>\n<p><span style=\"font-family: 'Times New Roman', serif;\"><span style=\"font-size: medium;\">Ricordo un colloquio con il cardinale Jorge Mejia, connazionale di Bergoglio che ora ha 90 e che ha avuto un infarto proprio il giorno dell\u2019elezione di Papa Francesco; un colloquio che avvenne alla viglia del Conclave del 2005 e nel quale rispose cos\u00ec alla mia domanda sul papabile Bergoglio: \u201cE\u2019 un santo, sarebbe un bellissimo Papa, ma se vede che lo votano si spaventa ed \u00e8 capace di rifiutare l\u2019elezione per umilt\u00e0\u201d. Questa idea della sua riluttanza dev\u2019essere circolata tra i cardinali elettori anche in quest\u2019ultimo Conclave, se Damasceno Assis, nell\u2019intervista che ho gi\u00e0 citato, dice che \u201calcuni pensavano che non avrebbe accettato\u201d. <\/span><\/span><\/p>\n<p>&nbsp;<\/p>\n<p><span style=\"font-family: 'Times New Roman', serif;\"><span style=\"font-size: medium;\"><strong>Come romano di adozione <\/strong><\/span><\/span><\/p>\n<p><span style=\"font-family: 'Times New Roman', serif;\"><span style=\"font-size: medium;\"><strong>sento due volte la novit\u00e0<\/strong><\/span><\/span><\/p>\n<p><span style=\"font-family: 'Times New Roman', serif;\"><span style=\"font-size: medium;\">Ma che vescovo di Roma sar\u00e0 questo Francesco che sembra Papa da sempre, essendo arrivato l\u00ec con l\u2019immagine del pauroso che non \u00e8? L\u2019aver tolto il rosso della mozzetta e delle scarpe d\u00e0 rilievo al bianco della veste. Sar\u00e0 quel bianco a raccordarlo visivamente, pi\u00f9 di ogni altro elemento, ai predecessori. Ma sar\u00e0 anche un bianco disadorno, a indicare che il raccordo \u00e8 mantenuto per quanto riguarda la sostanza della missione papale ma non per i suoi aspetti accessori.<\/span><\/span><\/p>\n<p><span style=\"font-family: 'Times New Roman', serif;\"><span style=\"font-size: medium;\">L\u2019indifferenza all\u2019abbigliamento che caratterizza Papa Francesco appare confermata dalla sua disinvoltura gestuale: dalla risata \u201ctra amici\u201d con cui accompagna la conversazione, dagli abbracci che d\u00e0 e riceve, dal puntarsi l\u2019indice alla fronte, dall\u2019alzare il pollice nel segno di ok come fanno i ragazzi. Fino al divertimento con cui si \u00e8 messo al polso un braccialetto di plastica gialla, dono di un cardinale africano, il giorno dopo l\u2019elezione, quando li ha ricevuti tutti nella Sala Clementina. Ma anche gesti pi\u00f9 direttamente indicativi di un\u2019idea di Chiesa: chiamare un prete al microfono per presentarlo all\u2019assemblea, fermarsi alla porta a salutare tutti, scendere dalla campagnola in piazza San Pietro a parlare con persone che riconosce o per abbracciare un disabile, o per firmare il gesso di una bambina infortunata. <\/span><\/span><\/p>\n<p><span style=\"font-family: 'Times New Roman', serif;\"><span style=\"font-size: medium;\">Come romano di adozione mi sento provocato dal titolo di \u201cvescovo di Roma\u201d che \u00e8 quello preferito da Papa Francesco. Nel saluto alla folla dopo l\u2019elezione ha usato sei volte questa espressione e mai la parola Papa, neanche quando ha invitato a pregare per Benedetto XVI, che ha nominato come \u201cvescovo emerito\u201d di Roma. Spavento di molti e mia festa raccolta, fiduciosa nella crescita della piantina ecclesiale ed ecumenica che il nuovo Papa sta mettendo a dimora. Vescovo di Roma, Chiesa di Roma. Chiss\u00e0 che questa Chiesa intesa come comunit\u00e0 locale non torni finalmente a camminare con le proprie gambe. \u201cE adesso incominciamo questo cammino: Vescovo e popolo\u201d: chiss\u00e0 che non stia per finire la secolare separazione del \u201cvescovo di Roma\u201d dal suo popolo, che non fin\u00ec con il ritorno dei Papi da Avignone. <\/span><\/span><\/p>\n<p>&nbsp;<\/p>\n<p><span style=\"font-family: 'Times New Roman', serif;\"><span style=\"font-size: medium;\"><strong>Sono poi un cultore <\/strong><\/span><\/span><\/p>\n<p><span style=\"font-family: 'Times New Roman', serif;\"><span style=\"font-size: medium;\"><strong>delle benedizioni silenziose<\/strong><\/span><\/span><\/p>\n<p><span style=\"font-family: 'Times New Roman', serif;\"><span style=\"font-size: medium;\">Ha chiesto al popolo di benedirlo: \u201cPrima che il vescovo benedica il popolo, vi chiedo che voi preghiate il Signore perch\u00e9 mi benedica. Facciamo in silenzio questa preghiera di voi su di me\u201d. Una benedizione silenziosa ha poi proposto, due giorni pi\u00f9 tardi, agli operatori dei media: \u201cDato che molti di voi non appartengono alla Chiesa cattolica, altri non sono credenti, imparto di cuore questa benedizione, in silenzio, a ciascuno di voi, rispettando la coscienza di ciascuno\u201d. Io sono un cultore delle benedizioni silenziose, vivendo alla <\/span><\/span><span style=\"font-family: 'Times New Roman', serif;\"><span style=\"font-size: medium;\"><em>Repubblica<\/em><\/span><\/span><span style=\"font-family: 'Times New Roman', serif;\"><span style=\"font-size: medium;\"> e al <\/span><\/span><span style=\"font-family: 'Times New Roman', serif;\"><span style=\"font-size: medium;\"><em>Corriere della Sera<\/em><\/span><\/span><span style=\"font-family: 'Times New Roman', serif;\"><span style=\"font-size: medium;\"> per decenni e sempre benedicendo in silenzio.<\/span><\/span><\/p>\n<p><span style=\"color: #000000;\"><span style=\"font-family: 'Times New Roman', serif;\"><span style=\"font-size: medium;\">Poi il fuoco della misericordia. Domenica 17 marzo ha celebrato come un parroco nella Chiesa di Sant\u2019Anna, e c\u2019era la lettura dell\u2019adultera salvata dalla lapidazione: \u201cPer me \u00e8 il messaggio pi\u00f9 forte del Signore: la misericordia\u201d.<\/span><\/span><\/span><\/p>\n<p><em><span style=\"color: #000000;\">\u201c<span style=\"font-family: 'Times New Roman', serif;\"><span style=\"font-size: medium;\">Siamo fratelli\u201d ha detto al Papa emerito il 23 marzo a Castel Gandolfo e si \u00e8 inginocchiato con lui allo stesso banco. <\/span><\/span><\/span><\/em><span style=\"color: #000000;\"><span style=\"font-family: 'Times New Roman', serif;\"><span style=\"font-size: medium;\">E\u2019 ormai chiaro che il nuovo Papa riesce ad avvicinarsi al vecchio senza subirne alcun condizionamento. Il portavoce vaticano ha precisato che la decisione sull\u2019opportunit\u00e0 di diffondere le immagini dell\u2019incontro \u00e8 stata lasciata al Papa emerito, contento il nuovo di ci\u00f2 che avesse stabilito. Possiamo dunque concludere che il passaggio di testimone tra i due Papi \u2013 di cui non c\u2019era esperienza \u2013 \u00e8 avvenuto con l\u2019esito pi\u00f9 convincente.<\/span><\/span><\/span><\/p>\n<p>&nbsp;<\/p>\n<p><em><span style=\"color: #000000;\"><span style=\"font-family: 'Times New Roman', serif;\"><span style=\"font-size: medium;\"><strong>Se la Chiesa pretende <\/strong><\/span><\/span><\/span><\/em><\/p>\n<p><em><span style=\"color: #000000;\"><span style=\"font-family: 'Times New Roman', serif;\"><span style=\"font-size: medium;\"><strong>di tenere Cristo dentro di s\u00e8<\/strong><\/span><\/span><\/span><\/em><\/p>\n<p><em><span style=\"color: #000000;\"><span style=\"font-family: 'Times New Roman', serif;\"><span style=\"font-size: medium;\">La lavanda dei piedi nel carcere \u00e8 stato un segno potente: \u201c<\/span><\/span><\/span><\/em><span style=\"font-family: 'Times New Roman', serif;\"><span style=\"font-size: medium;\">La Chiesa autoreferenziale pretende di tenere Cristo dentro di s\u00e9 e non lo fa uscire\u201d aveva detto nella Congregazione generale. Chi si \u00e8 scandalizzato di quel gesto rifletta su queste parole. <\/span><\/span><\/p>\n<p><span style=\"font-family: 'Times New Roman', serif;\"><span style=\"font-size: medium;\">Mi auguro che Papa Francesco riesca a restare al Santa Marta il pi\u00f9 a lungo possibile. Che non si lasci convincere a fare discorsi enciclopedici su fatti che non conosce. A parlare lingue che non sa. A indossare vesti che non dicono. Resti Francesco e Jorge Mario. Che primavera inaspettata quella che \u00e8 iniziata il 13 marzo di quest\u2019anno.<\/span><\/span><\/p>\n<p><em><span style=\"color: #000000;\"><span style=\"font-family: 'Times New Roman', serif;\"><span style=\"font-size: medium;\"><strong>Luigi Accattoli<\/strong><\/span><\/span><\/span><\/em><\/p>\n<p><em><span style=\"color: #000000;\"><span style=\"font-family: 'Times New Roman', serif;\"><span style=\"font-size: medium;\">Il Regno<\/span><\/span><\/span><\/em><em><span style=\"color: #000000;\"><span style=\"font-family: 'Times New Roman', serif;\"><span style=\"font-size: medium;\"> 8\/2013<\/span><\/span><\/span><\/em><\/p>\n","protected":false},"excerpt":{"rendered":"<p>Un Papa che rinuncia e un altro che viene preso dall\u2019America Latina, eventi capaci di tramortire un vaticanista come si deve, figurati uno residuale come me che aveva vissuto gli&#8230;<\/p>\n<div class=\"more-link-wrapper\"><a class=\"more-link\" href=\"http:\/\/www.luigiaccattoli.it\/blog\/collaborazione-a-riviste\/immagini-di-un-papa-nuovo-francesco-dei-poveri-e-della-misericordia\/\">Read More<span class=\"screen-reader-text\">Immagini di un Papa nuovo. Francesco dei poveri e della misericordia<\/span><\/a><\/div>\n","protected":false},"author":1,"featured_media":0,"parent":9,"menu_order":0,"comment_status":"open","ping_status":"closed","template":"","meta":{"_monsterinsights_skip_tracking":false,"_monsterinsights_sitenote_active":false,"_monsterinsights_sitenote_note":"","_monsterinsights_sitenote_category":0,"footnotes":""},"class_list":["post-11374","page","type-page","status-publish","hentry","excerpt"],"_links":{"self":[{"href":"http:\/\/www.luigiaccattoli.it\/blog\/wp-json\/wp\/v2\/pages\/11374","targetHints":{"allow":["GET"]}}],"collection":[{"href":"http:\/\/www.luigiaccattoli.it\/blog\/wp-json\/wp\/v2\/pages"}],"about":[{"href":"http:\/\/www.luigiaccattoli.it\/blog\/wp-json\/wp\/v2\/types\/page"}],"author":[{"embeddable":true,"href":"http:\/\/www.luigiaccattoli.it\/blog\/wp-json\/wp\/v2\/users\/1"}],"replies":[{"embeddable":true,"href":"http:\/\/www.luigiaccattoli.it\/blog\/wp-json\/wp\/v2\/comments?post=11374"}],"version-history":[{"count":4,"href":"http:\/\/www.luigiaccattoli.it\/blog\/wp-json\/wp\/v2\/pages\/11374\/revisions"}],"predecessor-version":[{"id":11378,"href":"http:\/\/www.luigiaccattoli.it\/blog\/wp-json\/wp\/v2\/pages\/11374\/revisions\/11378"}],"up":[{"embeddable":true,"href":"http:\/\/www.luigiaccattoli.it\/blog\/wp-json\/wp\/v2\/pages\/9"}],"wp:attachment":[{"href":"http:\/\/www.luigiaccattoli.it\/blog\/wp-json\/wp\/v2\/media?parent=11374"}],"curies":[{"name":"wp","href":"https:\/\/api.w.org\/{rel}","templated":true}]}}