{"id":11456,"date":"2013-04-22T11:46:15","date_gmt":"2013-04-22T09:46:15","guid":{"rendered":"http:\/\/www.luigiaccattoli.it\/blog\/?page_id=11456"},"modified":"2013-04-22T11:46:15","modified_gmt":"2013-04-22T09:46:15","slug":"un-papa-nuovo-interroga-la-folla-%e2%80%9cnon-sento-%e2%80%93-gridate-forte%e2%80%9d","status":"publish","type":"page","link":"http:\/\/www.luigiaccattoli.it\/blog\/articoli-del-corriere-della-sera\/un-papa-nuovo-interroga-la-folla-%e2%80%9cnon-sento-%e2%80%93-gridate-forte%e2%80%9d\/","title":{"rendered":"Un Papa nuovo. Interroga la folla: \u201cNon sento \u2013 gridate forte\u201d"},"content":{"rendered":"<p><span style=\"font-family: 'Times New Roman', serif;\"><span style=\"font-size: medium;\">Pubblicato dal \u201cCorriere della Sera\u201d del 22 aprile a pagina 23 con il titolo <\/span><\/span><span style=\"font-family: 'Times New Roman', serif;\"><span style=\"font-size: medium;\"><em>\u201cNon sento, gridate forte\u201d Francesco ascolta la piazza<\/em><\/span><\/span><\/p>\n<p>&nbsp;<\/p>\n<p><span style=\"font-family: 'Times New Roman', serif;\"><span style=\"font-size: medium;\">Ieri alla preghiera di mezzogiorno \u00e8 successo qualcosa che va registrato perch\u00e9 introduce una novit\u00e0 nella predicazione papale: per due volte Francesco ha interloquito con la folla cercandone la risposta ed esortandola a gridare con pi\u00f9 lena: \u201cNon sento\u201d, \u201cGridate forte\u201d. Il fatto \u00e8 nuovo rispetto all\u2019oratoria dei Papi degli ultimi decenni, che non conosceva l\u2019invito alla folla perch\u00e9 si faccia sentire.<\/span><\/span><\/p>\n<p><span style=\"font-family: 'Times New Roman', serif;\"><span style=\"font-size: medium;\">Lo spunto \u00e8 venuto a Papa Bergoglio dalla moltitudine, forse di centomila persone, che riempiva la piazza. Ad attirare gente nella piazza c\u2019\u00e8 l\u2019effetto turismo di primavera ma c\u2019\u00e8 anche la curiosit\u00e0 per la figura del nuovo Papa. <\/span><\/span><\/p>\n<p><span style=\"font-family: 'Times New Roman', serif;\"><span style=\"font-size: medium;\">Ieri tra la folla c\u2019erano gruppi di ragazzi che scandivano \u201cFrancesco Francesco\u201d e reggevano striscioni con le solite scritte di \u201cevviva\u201d. \u201cCi sono molti giovani oggi qui in Piazza\u201d ha detto il Papa che stava parlando della \u201cGiornata delle vocazioni\u201d: \u201cSiete tanti voi, no? Si vede, ecco siete tanti qui. Vorrei chiedervi: qualche volta avete sentito la voce del Signore che vi invitava a seguirlo pi\u00f9 da vicino? L\u2019avete sentita?\u201d<\/span><\/span><\/p>\n<p><span style=\"font-family: 'Times New Roman', serif;\"><span style=\"font-size: medium;\">Da pi\u00f9 punti della folla \u00e8 arrivato un \u201cs\u00ec\u201d che a Francesco dev\u2019essere parso debole. Si \u00e8 portato una mano all\u2019orecchio per sentire meglio e ha detto sornione: \u201cNon\u2026 non sento\u2026\u201d. Naturalmente \u00e8 arrivato un \u201cs\u00ec\u00ec\u00ec\u00ec\u201d molto pi\u00f9 marcato e il Papa ha ripreso con un sorriso complice: \u201cPensate voi questo? Siete d\u2019accordo?\u201d\u00a0<\/span><\/span><\/p>\n<p><span style=\"font-family: 'Times New Roman', serif;\"><span style=\"font-size: medium;\">Un nuovo appello alla folla l\u2019ha rivolto da oratore consumato al momento della preghiera, in risposta al grido \u201cFrancesco Francesco\u201d: \u201cGrazie tante per il saluto, ma anche salutate a Ges\u00f9\u2026 gridate \u2018Ges\u00f9 Ges\u00f9\u2019, forte\u201d. Subito il grido \u201cGes\u00f9\u201d ha riempito la piazza. <\/span><\/span><\/p>\n<p><span style=\"font-family: 'Times New Roman', serif;\"><span style=\"font-size: medium;\">Infine, prima di salutare con il solito \u201cbuon pranzo\u201d, ha ripetuto un motto del suo discorso, gridandolo come uno slogan: \u201cRicordate voi, ragazzi e ragazze, la vita bisogna metterla in gioco per i grandi ideali\u201d. Ma alla ripetizione con enfasi di una frase gi\u00e0 pronunciata era ricorso in pi\u00f9 occasioni, in questi quaranta giorni; mentre la ricerca di una risposta e di un grido collettivi l\u2019abbiamo vista ieri per la prima volta. <\/span><\/span><\/p>\n<p><span style=\"font-family: 'Times New Roman', serif;\"><span style=\"font-size: medium;\">Il Papa che in tempi recenti interloquiva di pi\u00f9 con le folle \u00e8 stato Giovanni Paolo II, e anch\u2019egli lo faceva per lo pi\u00f9 con i giovani e in tono scherzoso. Ma generalmente interloquiva in reazione alle grida della folla e non per chiederle di rispondere a una domanda retorica, o per invitarla a gridare una parola. Quello che abbiamo visto ieri \u00e8 un elemento tipico dell\u2019oratoria latino-americana al quale forse Papa Francesco ci verr\u00e0 abituando.<\/span><\/span><\/p>\n<p><span style=\"font-family: 'Times New Roman', serif;\"><span style=\"font-size: medium;\"><strong>Luigi Accattoli<\/strong><\/span><\/span><\/p>\n<p><span style=\"font-family: 'Times New Roman', serif;\"><span style=\"font-size: medium;\">www.luigiaccattoli.it<\/span><\/span><\/p>\n","protected":false},"excerpt":{"rendered":"<p>Pubblicato dal \u201cCorriere della Sera\u201d del 22 aprile a pagina 23 con il titolo \u201cNon sento, gridate forte\u201d Francesco ascolta la piazza &nbsp; Ieri alla preghiera di mezzogiorno \u00e8 successo&#8230;<\/p>\n<div class=\"more-link-wrapper\"><a class=\"more-link\" href=\"http:\/\/www.luigiaccattoli.it\/blog\/articoli-del-corriere-della-sera\/un-papa-nuovo-interroga-la-folla-%e2%80%9cnon-sento-%e2%80%93-gridate-forte%e2%80%9d\/\">Read More<span class=\"screen-reader-text\">Un Papa nuovo. Interroga la folla: \u201cNon sento \u2013 gridate forte\u201d<\/span><\/a><\/div>\n","protected":false},"author":1,"featured_media":0,"parent":7661,"menu_order":0,"comment_status":"open","ping_status":"closed","template":"","meta":{"_monsterinsights_skip_tracking":false,"_monsterinsights_sitenote_active":false,"_monsterinsights_sitenote_note":"","_monsterinsights_sitenote_category":0,"footnotes":""},"class_list":["post-11456","page","type-page","status-publish","hentry","excerpt"],"_links":{"self":[{"href":"http:\/\/www.luigiaccattoli.it\/blog\/wp-json\/wp\/v2\/pages\/11456","targetHints":{"allow":["GET"]}}],"collection":[{"href":"http:\/\/www.luigiaccattoli.it\/blog\/wp-json\/wp\/v2\/pages"}],"about":[{"href":"http:\/\/www.luigiaccattoli.it\/blog\/wp-json\/wp\/v2\/types\/page"}],"author":[{"embeddable":true,"href":"http:\/\/www.luigiaccattoli.it\/blog\/wp-json\/wp\/v2\/users\/1"}],"replies":[{"embeddable":true,"href":"http:\/\/www.luigiaccattoli.it\/blog\/wp-json\/wp\/v2\/comments?post=11456"}],"version-history":[{"count":1,"href":"http:\/\/www.luigiaccattoli.it\/blog\/wp-json\/wp\/v2\/pages\/11456\/revisions"}],"predecessor-version":[{"id":11457,"href":"http:\/\/www.luigiaccattoli.it\/blog\/wp-json\/wp\/v2\/pages\/11456\/revisions\/11457"}],"up":[{"embeddable":true,"href":"http:\/\/www.luigiaccattoli.it\/blog\/wp-json\/wp\/v2\/pages\/7661"}],"wp:attachment":[{"href":"http:\/\/www.luigiaccattoli.it\/blog\/wp-json\/wp\/v2\/media?parent=11456"}],"curies":[{"name":"wp","href":"https:\/\/api.w.org\/{rel}","templated":true}]}}