{"id":11459,"date":"2013-04-22T11:49:03","date_gmt":"2013-04-22T09:49:03","guid":{"rendered":"http:\/\/www.luigiaccattoli.it\/blog\/?page_id=11459"},"modified":"2013-04-22T11:49:03","modified_gmt":"2013-04-22T09:49:03","slug":"%e2%80%9cla-classe-media-della-santita%e2%80%9d-che-ha-ispirato-papa-bergoglio","status":"publish","type":"page","link":"http:\/\/www.luigiaccattoli.it\/blog\/articoli-del-corriere-della-sera\/%e2%80%9cla-classe-media-della-santita%e2%80%9d-che-ha-ispirato-papa-bergoglio\/","title":{"rendered":"\u201cLa classe media della Santit\u00e0\u201d che ha ispirato Papa Bergoglio"},"content":{"rendered":"<p><span style=\"font-family: 'Times New Roman', serif;\"><span style=\"font-size: medium;\">Pubblicato dal <\/span><\/span><span style=\"font-family: 'Times New Roman', serif;\"><span style=\"font-size: medium;\"><em>Corriere della sera<\/em><\/span><\/span><span style=\"font-family: 'Times New Roman', serif;\"><span style=\"font-size: medium;\"> del 18 aprile a pagina 42 con il titolo <\/span><\/span><span style=\"font-family: 'Times New Roman', serif;\"><span style=\"font-size: medium;\"><em>\u201cLa santit\u00e0 ordinaria\u201d di Mal\u00e8gue che ha ispirato Papa Bergoglio<\/em><\/span><\/span><\/p>\n<p>&nbsp;<\/p>\n<p>\u201c<span style=\"font-family: 'Times New Roman', serif;\"><span style=\"font-size: medium;\">Il francese lo parlavo piuttosto bene\u201d ebbe a dire in un\u2019intervista il cardinale Bergoglio e via via vengono fuori gli autori francesi della sua formazione: all\u2019indomani dell\u2019elezione aveva nominato L\u00e9on Bloy (\u201cChi non prega il Signore, prega il diavolo\u201d) e domenica nella Basilica di San Paolo ha citato \u2013 senza nominarlo \u2013 Joseph Mal\u00e8gue (1876-1940) per il titolo del romanzo postumo <\/span><\/span><span style=\"font-family: 'Times New Roman', serif;\"><span style=\"font-size: medium;\"><em>Pierres noires: les Classes moyennes du Salut<\/em><\/span><\/span><span style=\"font-family: 'Times New Roman', serif;\"><span style=\"font-size: medium;\"> (tradotto in italiano dalla Sei nel 1966 con il titolo <\/span><\/span><span style=\"font-family: 'Times New Roman', serif;\"><span style=\"font-size: medium;\"><em>Pietre nere: le classi medie della salvezza<\/em><\/span><\/span><span style=\"font-family: 'Times New Roman', serif;\"><span style=\"font-size: medium;\">).<\/span><\/span><\/p>\n<p><span style=\"font-family: 'Times New Roman', serif;\"><span style=\"font-size: medium;\">Mal\u00e8gue \u00e8 autore apprezzato sia in Francia sia in Italia. Quando apparve <\/span><\/span><span style=\"font-family: 'Times New Roman', serif;\"><span style=\"font-size: medium;\"><em>Pietre nere<\/em><\/span><\/span><span style=\"font-family: 'Times New Roman', serif;\"><span style=\"font-size: medium;\"> la critica francese lo qualific\u00f2 come \u201cil Proust cattolico\u201d. Nell\u2019agosto del 2010 un articolo di \u201cCivilt\u00e0 Cattolica\u201d lo paragonava a Claudel, Maritain, Mauriac, Mounier. Papa Francesco l\u2019ha evocato cos\u00ec: \u201cCi sono i santi di tutti i giorni,\u00a0i santi \u2018nascosti\u2019, una sorta di \u2018classe media della santit\u00e0\u2019 di cui tutti possiamo fare parte\u201d. Il romanzo \u00e8 stato definito dai critici \u201cun romanzo della santit\u00e0\u201d, che narra vicende di \u201csantit\u00e0 ordinaria\u201d ispirate all\u2019idea del filosofo ebraico-cattolico Henri Bergson che \u201cil santo apre una via che pu\u00f2 essere percorsa da altri uomini\u201d. <\/span><\/span><\/p>\n<p><span style=\"font-family: 'Times New Roman', serif;\"><span style=\"font-size: medium;\">Con questo richiamo il nuovo Papa si mostra fautore di un ripensamento della \u201csantit\u00e0 canonica\u201d che apra la via al riconoscimento di forme di \u201cperfezione cristiana\u201d non rispondenti allo standard delle tradizionali \u201cvirt\u00f9 eroiche\u201d. Papa Wojtyla aveva voluto che venissero introdotte Cause in vista della beatificazione di persone vissute nel matrimonio e in ogni professione. Il cardinale Ratzinger nel volume <\/span><\/span><span style=\"font-family: 'Times New Roman', serif;\"><span style=\"font-size: medium;\"><em>La mia vita<\/em><\/span><\/span><span style=\"font-family: 'Times New Roman', serif;\"><span style=\"font-size: medium;\"> (San Paolo 1997) aveva cos\u00ec accennato alla questione: \u201cSono convinto che questi santi \u2018piccoli\u2019 siano un grande segno per il nostro tempo\u201d.<\/span><\/span><\/p>\n<p>\u201c<span style=\"font-family: 'Times New Roman', serif;\"><span style=\"font-size: medium;\">Nel grande disegno di Dio \u2013 ha detto domenica Papa Francesco a lode della santit\u00e0 ordinaria \u2013 ogni dettaglio \u00e8 importante, anche la tua, la mia piccola e umile testimonianza, anche quella nascosta di chi vive con semplicit\u00e0 la sua fede nella quotidianit\u00e0 dei rapporti di famiglia, di lavoro, di amicizia\u201d.<\/span><\/span><\/p>\n<p><span style=\"font-family: 'Times New Roman', serif;\"><span style=\"font-size: medium;\"><strong>Luigi Accattoli<\/strong><\/span><\/span><\/p>\n<p><span style=\"font-family: 'Times New Roman', serif;\"><span style=\"font-size: medium;\">www.luigiaccattoli.it\u00a0<\/span><\/span><\/p>\n","protected":false},"excerpt":{"rendered":"<p>Pubblicato dal Corriere della sera del 18 aprile a pagina 42 con il titolo \u201cLa santit\u00e0 ordinaria\u201d di Mal\u00e8gue che ha ispirato Papa Bergoglio &nbsp; \u201cIl francese lo parlavo piuttosto&#8230;<\/p>\n<div class=\"more-link-wrapper\"><a class=\"more-link\" href=\"http:\/\/www.luigiaccattoli.it\/blog\/articoli-del-corriere-della-sera\/%e2%80%9cla-classe-media-della-santita%e2%80%9d-che-ha-ispirato-papa-bergoglio\/\">Read More<span class=\"screen-reader-text\">\u201cLa classe media della Santit\u00e0\u201d che ha ispirato Papa Bergoglio<\/span><\/a><\/div>\n","protected":false},"author":1,"featured_media":0,"parent":7661,"menu_order":0,"comment_status":"open","ping_status":"closed","template":"","meta":{"_monsterinsights_skip_tracking":false,"_monsterinsights_sitenote_active":false,"_monsterinsights_sitenote_note":"","_monsterinsights_sitenote_category":0,"footnotes":""},"class_list":["post-11459","page","type-page","status-publish","hentry","excerpt"],"_links":{"self":[{"href":"http:\/\/www.luigiaccattoli.it\/blog\/wp-json\/wp\/v2\/pages\/11459","targetHints":{"allow":["GET"]}}],"collection":[{"href":"http:\/\/www.luigiaccattoli.it\/blog\/wp-json\/wp\/v2\/pages"}],"about":[{"href":"http:\/\/www.luigiaccattoli.it\/blog\/wp-json\/wp\/v2\/types\/page"}],"author":[{"embeddable":true,"href":"http:\/\/www.luigiaccattoli.it\/blog\/wp-json\/wp\/v2\/users\/1"}],"replies":[{"embeddable":true,"href":"http:\/\/www.luigiaccattoli.it\/blog\/wp-json\/wp\/v2\/comments?post=11459"}],"version-history":[{"count":1,"href":"http:\/\/www.luigiaccattoli.it\/blog\/wp-json\/wp\/v2\/pages\/11459\/revisions"}],"predecessor-version":[{"id":11460,"href":"http:\/\/www.luigiaccattoli.it\/blog\/wp-json\/wp\/v2\/pages\/11459\/revisions\/11460"}],"up":[{"embeddable":true,"href":"http:\/\/www.luigiaccattoli.it\/blog\/wp-json\/wp\/v2\/pages\/7661"}],"wp:attachment":[{"href":"http:\/\/www.luigiaccattoli.it\/blog\/wp-json\/wp\/v2\/media?parent=11459"}],"curies":[{"name":"wp","href":"https:\/\/api.w.org\/{rel}","templated":true}]}}