{"id":11613,"date":"2013-05-10T11:00:07","date_gmt":"2013-05-10T09:00:07","guid":{"rendered":"http:\/\/www.luigiaccattoli.it\/blog\/?page_id=11613"},"modified":"2013-05-10T11:00:14","modified_gmt":"2013-05-10T09:00:14","slug":"spigolando-nei-campi-di-moab","status":"publish","type":"page","link":"http:\/\/www.luigiaccattoli.it\/blog\/prefazioni-e-capitoli\/spigolando-nei-campi-di-moab\/","title":{"rendered":"Spigolando nei campi di Moab"},"content":{"rendered":"<p><strong style=\"font-size: medium; font-family: 'Times New Roman', serif;\">La rubrica DIMMI UNA PAROLA del sito \u201cVino Nuovo\u201d<\/strong><\/p>\n<p><em><span style=\"font-family: 'Times New Roman', serif;\"><span style=\"font-size: medium;\">Fin dal primo giorno di Vino Nuovo abbiamo avuto il piacere di avere fra le nostre firme Luigi Accattoli con un contributo del tutto particolare al blog: ogni settimana, da mille fonti diverse, scova una parola fra le tante attraverso cui i cristiani \u201csi aiutano a vicenda a cercare il Signore\u201d. In questo testo &#8211; scritto appositamente per questo libro \u2013 lui stesso ci racconta come \u00e8 nata ( e com&#8217;\u00e8 anche cambiata) questa idea che porta avanti in parallelo alla ricerca dei \u201cfatti di Vangelo\u201d che pubblica sul suo sito www.luigiaccattoli.it<\/span><\/span><\/em><\/p>\n<p>&nbsp;<\/p>\n<p><span style=\"font-family: 'Times New Roman', serif;\"><span style=\"font-size: medium;\">Con la rubrica \u201cDimmi una parola\u201d dovevo andare avanti per tre mesi e invece mi sto avviando ai tre anni, doveva mirare ai testi del magistero e invece va spigolando per ogni terra dove si coltivi il grano: forse questi cambiamenti di programma dicono qualcosa dell\u2019immagine di \u201cVino Nuovo\u201d che siamo venuti tratteggiando tutti insieme nei mesi e negli anni del debutto.<\/span><\/span><\/p>\n<p><span style=\"font-family: 'Times New Roman', serif;\"><span style=\"font-size: medium;\">Nel novembre 2009 Giorgio Bernardelli mi invia il primo progetto di \u201cVino Nuovo\u201d con la dicitura \u201cIdea sito\u201d e io mi dico disponibile a dare\u00a0una\u00a0mano per la rubrica \u201cUna\u00a0frase del magistero\u201d, che dovrebbe cogliere spunti \u201cdal magistero pronunciato in settimana dal Papa o dai vescovi italiani\u201d. Suggerisco che venga intitolata\u00a0\u201cDimmi una parola\u201d. Il suggerimento \u00e8 accettato ed \u00e8 inteso ad allargare l\u2019attenzione dal magistero ecclesiale a ogni parola che insegni. <\/span><\/span><\/p>\n<p><span style=\"font-family: 'Times New Roman', serif;\"><span style=\"font-size: medium;\">Mentre scrivo questa nota le \u201cparole\u201d che sono andando spigolando per ogni terra coltivata sono 104, una alla settimana, senza salti. Il Papa l\u2019ho ripreso 11 volte e 11 sono anche i vescovi citati ognuno per una volta, 12 con l\u2019anglicano Desmond Tutu. Dall\u2019Italia sono andato in tutto il mondo e dagli uomini di Chiesa a ogni umanit\u00e0 docente.<\/span><\/span><\/p>\n<p><span style=\"font-family: 'Times New Roman', serif;\"><span style=\"font-size: medium;\">In due occasioni ho riportato parole di clandestini salvati a Lampedusa, altra volta di un malato di Aids che \u00e8 in carcere, di un sommozzatore che recuperava i morti della Costa Concordia, di musulmani e di ebrei, di atei. Figli che si curano di genitori malati e malati che comunicano con il computer, la battuta di un bambino che fa pensare, il racconto di un pellegrino di Terra Santa, uno tornato dal coma, un\u2019anonima che lascia una preghiera in un libro dei visitatori, i messaggini dei braccati di Utoya, un\u2019alunna che ringrazia la maestra della sua vita, la mamma di un autistico, un sindaco cieco, l\u2019ultima telefonata di un amico morente\u2026<\/span><\/span><\/p>\n<p><span style=\"font-family: 'Times New Roman', serif;\"><span style=\"font-size: medium;\">L\u2019idea del titolo \u201cDimmi una parola\u201d mi \u00e8 venuta dai detti degli antichi Padri. \u00abDimmi la tua regola di vita\u00bb, dicevano l\u2019un l\u2019altro i Padri del deserto quando si incontravano, per aiutarsi a cercare il Signore. O dicevano anche: \u00abDimmi come vivi\u00bb. O soltanto: \u00abDimmi una parola\u00bb. <\/span><\/span><\/p>\n<p><span style=\"font-family: 'Times New Roman', serif;\"><span style=\"font-size: medium;\">Chiedevano l\u2019uno all\u2019altro, ecco il punto. Non si rivolgevano soltanto all\u2019Abba pi\u00f9 sperimentato. Quella domanda io me la sono sentita porre tante volte nella vita e l\u2019ho posta a mia volta a tanti. E\u2019 una domanda che viene dal cuore, anche se normalmente non abbiamo il coraggio di metterla in parole, ogni volta che nella citt\u00e0 secolare incontriamo un cristiano o una cristiana, o semplicemente una donna o un uomo che davvero ci appaiono tali. Una domanda da uomo a uomo che attende una risposta alla pari. Domande e risposte che \u2013 nel caso dei cristiani \u2013 si richiamano alla consegna di Ges\u00f9: \u00abUno solo \u00e8 il vostro maestro e voi siete tutti fratelli\u00bb (Matteo 23,8). <\/span><\/span><\/p>\n<p><span style=\"font-family: 'Times New Roman', serif;\"><span style=\"font-size: medium;\">Attenzione: se cerco una parola del simile verso il simile e non una parola dall\u2019alto, non vuol dire che sottovaluto il magistero. Gi\u00e0 la mia professione non mi permetterebbe di snobbarlo, se pure ne fossi tentato. <\/span><\/span><\/p>\n<p><span style=\"font-family: 'Times New Roman', serif;\"><span style=\"font-size: medium;\">Credo che il magistero del Papa e dei vescovi meriti tutta l\u2019attenzione e non condivido l\u2019idea corrente che esso si vada indebolendo. Forse la prima idea di questa rubrica andrebbe ripresa in altra rubrica che miri ad esso. A me, se volete, lasciate il campo aperto in cui vado cercando le spighe cadute ai mietitori.<\/span><\/span><\/p>\n<p><span style=\"font-family: 'Times New Roman', serif;\"><span style=\"font-size: medium;\">Se ricordo bene la prima puntata la dedicai a una parola del cardinale Martini sulla \u201ccastit\u00e0 per il Regno\u201d. Fu una scelta oculata: Martini s\u00ec, per \u201cVino Nuovo\u201d era d\u2019obbligo, ma non il Martini delle riforme sibbene quello della sequela della Parola testimoniata con la vita. Poi altri cardinali e vescovi e il Papa in parole sapide e meno vulgate: so fare quel lavoro, ma non mi appassiona. Mi espone anzi alle dispute che aborro gi\u00e0 quando le abbozzo con me stesso: perch\u00e8 il Papa che predica la via penitenziale per il rinnovamento della Chiesa s\u00ec, ma quello del relativismo no? <\/span><\/span><\/p>\n<p><span style=\"font-family: 'Times New Roman', serif;\"><span style=\"font-size: medium;\">Ho fatto questo lavoro per quarant\u2019anni, con esso ho dato da mangiare e procurato un tetto ai figli e mi basta. Ora vorrei spigolare liberamente nei campi di Moab, per usare un\u2019immagine della parabola cos\u00ec intensa del <\/span><\/span><span style=\"font-family: 'Times New Roman', serif;\"><span style=\"font-size: medium;\"><em>Libro di Rut<\/em><\/span><\/span><span style=\"font-family: 'Times New Roman', serif;\"><span style=\"font-size: medium;\">. Moab non apparteneva a Israele ma aveva anch\u2019esso una missione da Dio. Lo Spirito oggi come allora soffia dove vuole e io vorrei usare l\u2019arte di cercare quel soffio nei terminali della professione e nella citt\u00e0 mondiale. Senza alcuna esclusione previa e senza riserve di caccia. <\/span><\/span><\/p>\n<p><span style=\"font-family: 'Times New Roman', serif;\"><span style=\"font-size: medium;\">Ho sperimentato mille volte il bisogno di una parola e ringrazio di avere sempre avuto, intorno, tanti che me l\u2019hanno potuta dire. Poi magari non l\u2019ho seguita, ma gi\u00e0 l\u2019averla \u00e8 stato un aiuto. <\/span><\/span><\/p>\n<p><span style=\"font-family: 'Times New Roman', serif;\"><span style=\"font-size: medium;\">Ho esperienza anche della domanda rivolta a me. Gi\u00e0 i fratelli e le sorelle della famiglia d\u2019origine (quando eravamo tutti, eravamo sette) venivano a farmi domande perch\u00e9 ero l\u2019unico \u2013 bench\u00e9 quasi il minore \u2013 che aveva studiato e viaggiato. Poi gli amici e i figli. I figli piccoli che fanno domande grandi: \u201cPap\u00e0 com\u2019\u00e8 un morto, che vuol dire che quella signora si \u00e8 innamorata?\u201d I figli grandi che non fanno domande, ma aspettano che dica tu per primo, dopo una notizia che blocca la conversazione.<\/span><\/span><\/p>\n<p><span style=\"font-family: 'Times New Roman', serif;\"><span style=\"font-size: medium;\">Io credo che vada crescendo lo spazio per una parola da uomo a uomo, detta in lingua corrente e cercando di farsi capire da tutti. Ve ne \u00e8 grande dono nelle nostre giornate, io ritengo: dobbiamo solo avere orecchio per udirle, cogliendo il loro suono leggero. <\/span><\/span><\/p>\n<p><span style=\"font-family: 'Times New Roman', serif;\"><span style=\"font-size: medium;\">Considero questa mia indagine come una interfaccia, o un complemento, della mia indagine di \u201cFatti di Vangelo\u201d. Come i \u201cfatti\u201d li cerco sia negli uomini di Chiesa sia nella comune umanit\u00e0, cos\u00ec anche le \u201cparole\u201d le vado a chiedere a ogni interlocutore. Non sar\u00e0 sempre una proposta magisteriale, a volte sar\u00e0 piuttosto una domanda, ma si tratter\u00e0 comunque di una parola amica incontrata nei giorni.<\/span><\/span><\/p>\n<p><span style=\"font-family: 'Times New Roman', serif;\"><span style=\"font-size: medium;\"><strong>Luigi Accattoli<\/strong><\/span><\/span><\/p>\n<p><span style=\"font-family: 'Times New Roman', serif;\"><span style=\"font-size: medium;\">www.luigiaccattoli.it<\/span><\/span><\/p>\n","protected":false},"excerpt":{"rendered":"<p>La rubrica DIMMI UNA PAROLA del sito \u201cVino Nuovo\u201d Fin dal primo giorno di Vino Nuovo abbiamo avuto il piacere di avere fra le nostre firme Luigi Accattoli con un&#8230;<\/p>\n<div class=\"more-link-wrapper\"><a class=\"more-link\" href=\"http:\/\/www.luigiaccattoli.it\/blog\/prefazioni-e-capitoli\/spigolando-nei-campi-di-moab\/\">Read More<span class=\"screen-reader-text\">Spigolando nei campi di Moab<\/span><\/a><\/div>\n","protected":false},"author":1,"featured_media":0,"parent":109,"menu_order":0,"comment_status":"open","ping_status":"closed","template":"","meta":{"_monsterinsights_skip_tracking":false,"_monsterinsights_sitenote_active":false,"_monsterinsights_sitenote_note":"","_monsterinsights_sitenote_category":0,"footnotes":""},"class_list":["post-11613","page","type-page","status-publish","hentry","excerpt"],"_links":{"self":[{"href":"http:\/\/www.luigiaccattoli.it\/blog\/wp-json\/wp\/v2\/pages\/11613","targetHints":{"allow":["GET"]}}],"collection":[{"href":"http:\/\/www.luigiaccattoli.it\/blog\/wp-json\/wp\/v2\/pages"}],"about":[{"href":"http:\/\/www.luigiaccattoli.it\/blog\/wp-json\/wp\/v2\/types\/page"}],"author":[{"embeddable":true,"href":"http:\/\/www.luigiaccattoli.it\/blog\/wp-json\/wp\/v2\/users\/1"}],"replies":[{"embeddable":true,"href":"http:\/\/www.luigiaccattoli.it\/blog\/wp-json\/wp\/v2\/comments?post=11613"}],"version-history":[{"count":2,"href":"http:\/\/www.luigiaccattoli.it\/blog\/wp-json\/wp\/v2\/pages\/11613\/revisions"}],"predecessor-version":[{"id":11615,"href":"http:\/\/www.luigiaccattoli.it\/blog\/wp-json\/wp\/v2\/pages\/11613\/revisions\/11615"}],"up":[{"embeddable":true,"href":"http:\/\/www.luigiaccattoli.it\/blog\/wp-json\/wp\/v2\/pages\/109"}],"wp:attachment":[{"href":"http:\/\/www.luigiaccattoli.it\/blog\/wp-json\/wp\/v2\/media?parent=11613"}],"curies":[{"name":"wp","href":"https:\/\/api.w.org\/{rel}","templated":true}]}}