{"id":11669,"date":"2013-05-13T18:36:39","date_gmt":"2013-05-13T16:36:39","guid":{"rendered":"http:\/\/www.luigiaccattoli.it\/blog\/?page_id=11669"},"modified":"2013-05-13T18:40:31","modified_gmt":"2013-05-13T16:40:31","slug":"alla-scuola-del-bonilli-la-famiglia-affronta-le-sfide-del-terzo-millennio","status":"publish","type":"page","link":"http:\/\/www.luigiaccattoli.it\/blog\/conferenze-e-dibattiti-2\/alla-scuola-del-bonilli-la-famiglia-affronta-le-sfide-del-terzo-millennio\/","title":{"rendered":"Alla scuola del Bonilli la famiglia affronta le sfide del terzo millennio"},"content":{"rendered":"<p><span style=\"font-family: 'Times New Roman', serif; font-size: medium;\">Relazione di Luigi Accattoli al<\/span><\/p>\n<p><span style=\"font-family: 'Times New Roman', serif;\"><span style=\"font-size: medium;\">Secondo Convegno dei Laici Bonilliani<\/span><\/span><\/p>\n<p><span style=\"font-family: 'Times New Roman', serif;\"><span style=\"font-size: medium;\">Trevi dell\u2019Umbria 30 aprile 2013<\/span><\/span><\/p>\n<p>&nbsp;<\/p>\n<p><span style=\"font-family: 'Times New Roman', serif;\"><span style=\"font-size: medium;\">Il mondo della famiglia \u2013 come testimonia anche questo bel convegno dei Laici Bonilliani \u2013 costituisce oggi la parte pi\u00f9 viva della Chiesa italiana e quella pi\u00f9 dotata di futuro. Con l\u2019espressione \u201cmondo della famiglia\u201d mi riferisco alla vasta galassia dei gruppi famiglia, degli ambienti attivi nella pastorale della famiglia e della spiritualit\u00e0 familiare, alle coppie missionarie, alle famiglie con figli disabili, a quelle affidatarie e adottive, alle famiglie allargate, alle comunit\u00e0 di famiglie e cos\u00ec via.<\/span><\/span><\/p>\n<p><span style=\"font-family: 'Times New Roman', serif;\"><span style=\"font-size: medium;\">Si parla sempre di crisi della famiglia ma non si valuta adeguatamente la risorsa che la famiglia costituisce per la Chiesa di oggi e di domani. Il suo ruolo nella trasmissione della fede \u201cdi generazione in generazione\u201d \u00e8 destinato a crescere, a misura della progressiva secolarizzazione del contesto sociale e culturale. Il ruolo della famiglia sar\u00e0 domani per i cristiani \u2013 in Europa \u2013 simile a quello che \u00e8 stato per l\u2019ebraismo lungo gli ultimi due millenni: stante il contesto sfavorevole alla pratica pubblica e all\u2019iniziazione comunitaria di quella fede, tali ruoli nelle comunit\u00e0 ebraiche sono stati gestiti prioritariamente dalle famiglie. <\/span><\/span><\/p>\n<p><span style=\"font-family: 'Times New Roman', serif;\"><span style=\"font-size: medium;\">L\u2019attuale benefico apporto delle famiglie alla vita della Chiesa Cattolica costituisce un\u2019autentica ricchezza che abbiamo ricevuto da una storia di lunga durata e di grande spessore nella quale va inquadrata l\u2019opera del Beato Pietro Bonilli. <\/span><\/span><\/p>\n<p><span style=\"font-family: 'Times New Roman', serif;\"><span style=\"font-size: medium;\">Mi limito a un rapido richiamo. Come sapete meglio di me, i Laici Bonilliani fanno riferimento all\u2019<\/span><\/span><span style=\"font-family: 'Times New Roman', serif;\"><span style=\"font-size: medium;\"><em>Istituto delle Suore della Sacra Famiglia<\/em><\/span><\/span><span style=\"font-family: 'Times New Roman', serif;\"><span style=\"font-size: medium;\"> fondato dal Beato Bonilli. Ebbene L\u2019<\/span><\/span><span style=\"font-family: 'Times New Roman', serif;\"><span style=\"font-size: medium;\"><em>Annuario Pontificio<\/em><\/span><\/span><span style=\"font-family: 'Times New Roman', serif;\"><span style=\"font-size: medium;\"> 2013 elenca 5 Congregazioni maschili e 24 Congregazioni femminili intitolate alla Sacra Famiglia, avviate, tutte, nel periodo storico che vede la nascita dell\u2019Istituto bonilliano: la tradizione spirituale dalla quale veniamo univa e riassumeva con questo riferimento alla Sacra Famiglia i due ideali dell\u2019imitazione della vita che si era svolta nella casa di Nazaret intorno a Ges\u00f9 e quello dell\u2019aiuto ai laici alle prese con gli impegni della vita familiare. <\/span><\/span><\/p>\n<p><span style=\"font-family: 'Times New Roman', serif;\"><span style=\"font-size: medium;\">In ordine alle sfide che la famiglia si trova ad affrontare oggi, svolgo tre riflessioni ispirate una alla contemplazione dei tre protagonisti della \u201cSacra Famiglia di Nazaret\u201d su cui tanto insisteva il Beato Bonilli; e le altre due ai testi biblici che il Beato aveva fatto riprodurre nella \u201cpagella\u201d della famiglia consacrata, ricavandoli dal <\/span><\/span><span style=\"font-family: 'Times New Roman', serif;\"><span style=\"font-size: medium;\"><em>Libro della Genesi<\/em><\/span><\/span><span style=\"font-family: 'Times New Roman', serif;\"><span style=\"font-size: medium;\"> e dal <\/span><\/span><span style=\"font-family: 'Times New Roman', serif;\"><span style=\"font-size: medium;\"><em>Vangelo di Matteo<\/em><\/span><\/span><span style=\"font-family: 'Times New Roman', serif;\"><span style=\"font-size: medium;\">. <\/span><\/span><\/p>\n<p><span style=\"font-family: 'Times New Roman', serif;\"><span style=\"font-size: medium;\">Il mio obiettivo ora non \u00e8 di fare una trattazione anche solo minimale delle sfide del terzo millennio, che sarebbe impresa troppo vasta, ma di indicare un metodo per individuarle e affrontarle. Se provassi a trattare della sfida educativa, o di quella della fragilit\u00e0 della coppia, o dell\u2019accoglienza della vita, tutto il tempo a disposizione non basterebbe a dire di una sola di esse; puntando invece sul metodo, forse riesco a dire qualcosa che vale per tutte.<\/span><\/span><\/p>\n<p><span style=\"font-family: 'Times New Roman', serif;\"><span style=\"font-size: medium;\">Innanzitutto la contemplazione della famiglia di Nazaret. Voi sapete quanto il Beato Bonilli tenesse alla presenza in ogni casa dell\u2019immagine della Sacra Famiglia e come si sia adoperato perch\u00e9 nella chiesa parrocchiale di Cannaiola fossero poste in onore le tre statue di Ges\u00f9, Giuseppe e Maria. Ebbene io credo che la sostanza di quell\u2019insegnamento, pur nella variazione del linguaggio, sia valida oggi come allora. Sia nella preghiera, sia nella riflessione, conviene che impariamo a porci di fronte ai tre \u201cnazareni\u201d per cercare di avere in noi le parole e i sentimenti che furono in loro.<\/span><\/span><\/p>\n<p><span style=\"font-family: 'Times New Roman', serif;\"><span style=\"font-size: medium;\">Nelle parole di Ges\u00f9, in particolare, possiamo trovare molti elementi che riguardano la vita di famiglia. Intendo riferirmi alle parole di Ges\u00f9 come sono riferite dai Vangeli canonici. La parabola del figlio prodigo innanzitutto, che oggi amiamo indicare come <\/span><\/span><span style=\"font-family: 'Times New Roman', serif;\"><span style=\"font-size: medium;\"><em>Parabola del padre misericordioso <\/em><\/span><\/span><span style=\"font-family: 'Times New Roman', serif;\"><span style=\"font-size: medium;\">(<\/span><\/span><span style=\"font-family: 'Times New Roman', serif;\"><span style=\"font-size: medium;\"><em>Luca<\/em><\/span><\/span><span style=\"font-family: 'Times New Roman', serif;\"><span style=\"font-size: medium;\"> 15, 11-32). <\/span><\/span><\/p>\n<p><span style=\"font-family: 'Times New Roman', serif;\"><span style=\"font-size: medium;\">La Galilea di duemila anni fa doveva essere ben poca cosa, quanto ad avventure giovanili. <\/span><\/span><span style=\"font-family: 'Times New Roman', serif;\"><span style=\"font-size: medium;\"><em>\u201cDa Nazaret pu\u00f2 mai venire qualcosa di buono?\u201d<\/em><\/span><\/span><span style=\"font-family: 'Times New Roman', serif;\"><span style=\"font-size: medium;\"> (<\/span><\/span><span style=\"font-family: 'Times New Roman', serif;\"><span style=\"font-size: medium;\"><em>Giovanni<\/em><\/span><\/span><span style=\"font-family: 'Times New Roman', serif;\"><span style=\"font-size: medium;\"> 1, 46), avrebbero detto i nostri ragazzi affascinati dalle megalopoli. Eppure da quella parabola sembrerebbe che Ges\u00f9 abbia avuto conoscenza di figli ribelli somigliantissimi ai nostri. Chiss\u00e0 che anche allora non si dicesse \u201ctroppa libert\u00e0\u201d, ogni volta che un ragazzo andava all\u2019estero e ne tornava a pezzi? <\/span><\/span><\/p>\n<p><span style=\"font-family: 'Times New Roman', serif;\"><span style=\"font-size: medium;\">Mi affascina la conoscenza che Ges\u00f9 \u2013 pur non essendo sposato \u2013 sembra aver avuto del nostro travaglio di padri e di figli. Essa traspare anche nella <\/span><\/span><span style=\"font-family: 'Times New Roman', serif;\"><span style=\"font-size: medium;\"><em>Parabola dei due figli<\/em><\/span><\/span><span style=\"font-family: 'Times New Roman', serif;\"><span style=\"font-size: medium;\">, cos\u00ec dissimili, ai quali il padre chiede di andare a lavorare nella vigna: uno dice \u201cs\u00ec\u201d e non va, l\u2019altro dice \u201cnon ne ho voglia\u201d ma poi va (<\/span><\/span><span style=\"font-family: 'Times New Roman', serif;\"><span style=\"font-size: medium;\"><em>Matteo<\/em><\/span><\/span><span style=\"font-family: 'Times New Roman', serif;\"><span style=\"font-size: medium;\"> 21, 28).<\/span><\/span><\/p>\n<p><span style=\"font-family: 'Times New Roman', serif;\"><span style=\"font-size: medium;\">Ci\u00f2 che non aveva osservato durante la vita nascosta, Ges\u00f9 lo viene a conoscere nella vita pubblica. Ecco i due fratelli che litigano per l\u2019eredit\u00e0, in <\/span><\/span><span style=\"font-family: 'Times New Roman', serif;\"><span style=\"font-size: medium;\"><em>Luca <\/em><\/span><\/span><span style=\"font-family: 'Times New Roman', serif;\"><span style=\"font-size: medium;\">12: \u201c<\/span><\/span><span style=\"font-family: 'Times New Roman', serif;\"><span style=\"font-size: medium;\"><em>D\u00ec a mio fratello che divida con me l\u2019eredit\u00e0<\/em><\/span><\/span><span style=\"font-family: 'Times New Roman', serif;\"><span style=\"font-size: medium;\">\u201d. <\/span><\/span><\/p>\n<p><span style=\"font-family: 'Times New Roman', serif;\"><span style=\"font-size: medium;\">Anche sul comportamento pauroso o invadente dei padri e delle madri Ges\u00f9 impara molte cose, predicando nelle piazze. Ecco i genitori spaventati del cieco nato, ch\u2019egli ha guarito: \u201c<\/span><\/span><span style=\"font-family: 'Times New Roman', serif;\"><span style=\"font-size: medium;\"><em>Come ora ci veda non lo sappiamo, n\u00e9 sappiamo chi gli abbia aperto gli occhi. Chiedetelo a lui, ha l\u2019et\u00e0, parler\u00e0 lui di se stesso<\/em><\/span><\/span><span style=\"font-family: 'Times New Roman', serif;\"><span style=\"font-size: medium;\">\u201d (<\/span><\/span><span style=\"font-family: 'Times New Roman', serif;\"><span style=\"font-size: medium;\"><em>Giovanni<\/em><\/span><\/span><span style=\"font-family: 'Times New Roman', serif;\"><span style=\"font-size: medium;\"> 9, 21).<\/span><\/span><\/p>\n<p><span style=\"font-family: 'Times New Roman', serif;\"><span style=\"font-size: medium;\">Ed ecco l\u2019intrepida madre dei figli di Zebedeo, Giacomo e Giovanni, individuata come la Salom\u00e8 che assiste alla crocifissione e va al sepolcro la mattina di Pasqua: dunque una vera donna! Ma prima di farsi grande nella passione, si prostra teatralmente davanti al Maestro e gli chiede \u201cche questi miei figli siedano uno alla tua destra e uno alla tua sinistra nel tuo Regno\u201d (<\/span><\/span><span style=\"font-family: 'Times New Roman', serif;\"><span style=\"font-size: medium;\"><em>Matteo<\/em><\/span><\/span><span style=\"font-family: 'Times New Roman', serif;\"><span style=\"font-size: medium;\"> 20, 21).<\/span><\/span><\/p>\n<p><span style=\"font-family: 'Times New Roman', serif;\"><span style=\"font-size: medium;\">Dunque Ges\u00f9 conosce le debolezze dell\u2019avventura familiare. E\u2019 utile questo esercizio di raccolta \u2013 nei Vangeli \u2013 degli spunti di vita in cui meglio ci riconosciamo. Aiuta ad avvertire l\u2019occhio del rabbi di Nazaret posato su di noi e sulla nostra commedia quotidiana.<\/span><\/span><\/p>\n<p><span style=\"font-family: 'Times New Roman', serif;\"><span style=\"font-size: medium;\">Neanche le donne che si risposano cinque volte \u2013 come le attrici americane \u2013 e neppure le coppie di fatto gli restarono ignote. <\/span><\/span><span style=\"font-family: 'Times New Roman', serif;\"><span style=\"font-size: medium;\"><em>Hai avuto cinque mariti e quello che hai ora non \u00e8 tuo marito<\/em><\/span><\/span><span style=\"font-family: 'Times New Roman', serif;\"><span style=\"font-size: medium;\"> (<\/span><\/span><span style=\"font-family: 'Times New Roman', serif;\"><span style=\"font-size: medium;\"><em>Luca<\/em><\/span><\/span><span style=\"font-family: 'Times New Roman', serif;\"><span style=\"font-size: medium;\"> 15, 11-32), dice alla donna di Samaria.<\/span><\/span><\/p>\n<p><span style=\"font-family: 'Times New Roman', serif;\"><span style=\"font-size: medium;\">Importanti sono poi le parole di Ges\u00f9 che hanno per destinatari, o per oggetto, i piccoli del Signore.<\/span><\/span><span style=\"font-family: 'Times New Roman', serif;\"><span style=\"font-size: medium;\"><em> Lasciate che i bambini vengano a me<\/em><\/span><\/span><span style=\"font-family: 'Times New Roman', serif;\"><span style=\"font-size: medium;\"> (<\/span><\/span><span style=\"font-family: 'Times New Roman', serif;\"><span style=\"font-size: medium;\"><em>Luca<\/em><\/span><\/span><span style=\"font-family: 'Times New Roman', serif;\"><span style=\"font-size: medium;\"> 18, 10), ovviamente. Ma anche <\/span><\/span><span style=\"font-family: 'Times New Roman', serif;\"><span style=\"font-size: medium;\"><em>Ti benedico o Padre, Signore del cielo e della terra, perch\u00e9 hai tenuto nascoste queste cose ai sapienti e agli intelligenti e le hai rivelate ai piccoli<\/em><\/span><\/span><span style=\"font-family: 'Times New Roman', serif;\"><span style=\"font-size: medium;\"> (<\/span><\/span><span style=\"font-family: 'Times New Roman', serif;\"><span style=\"font-size: medium;\"><em>Matteo<\/em><\/span><\/span><span style=\"font-family: 'Times New Roman', serif;\"><span style=\"font-size: medium;\"> 12, 25) e infine:<\/span><\/span><span style=\"font-family: 'Times New Roman', serif;\"><span style=\"font-size: medium;\"><em> Ogni volta che avete fatto queste cose a uno solo di questi miei fratelli pi\u00f9 piccoli, l\u2019avete fatto a me <\/em><\/span><\/span><span style=\"font-family: 'Times New Roman', serif;\"><span style=\"font-size: medium;\">(<\/span><\/span><span style=\"font-family: 'Times New Roman', serif;\"><span style=\"font-size: medium;\"><em>Matteo<\/em><\/span><\/span><span style=\"font-family: 'Times New Roman', serif;\"><span style=\"font-size: medium;\"> 25, 40).<\/span><\/span><\/p>\n<p><span style=\"font-family: 'Times New Roman', serif;\"><span style=\"font-size: medium;\">Decisiva \u2013 per la nostra responsabilit\u00e0 di padri e di madri credenti \u2013 \u00e8 la trasmissione ai figli delle parole di Ges\u00f9. Dovremmo impararle a memoria e averle pronte nel cuore e sulle labbra per veicolare con esse la testimonianza della nostra fede.<\/span><\/span><\/p>\n<p><span style=\"font-family: 'Times New Roman', serif;\"><span style=\"font-size: medium;\">Nel mondo secolare di oggi non basta che i genitori diano l\u2019esempio, devono anche dire la fede in parole. E le parole di Ges\u00f9 sono le pi\u00f9 adatte a dire la nostra fede, perch\u00e9 sono all\u2019origine di essa. <\/span><\/span><\/p>\n<p><span style=\"font-family: 'Times New Roman', serif;\"><span style=\"font-size: medium;\">La seconda e la terza riflessione le introduco con riferimento \u2013 come dicevo \u2013 a due testi della Scrittura che il Beato Bonilli aveva posto come luci guida della sua predicazione ispirata alla Sacra Famiglia e che volle riprodotti sulla <\/span><\/span><span style=\"font-family: 'Times New Roman', serif;\"><span style=\"font-size: medium;\"><em>Pagella della Associazione delle famiglie consacrate alla Sacra Famiglia<\/em><\/span><\/span><span style=\"font-family: 'Times New Roman', serif;\"><span style=\"font-size: medium;\">, che esigeva fosse presente in ogni focolare della sua parrocchia:<\/span><\/span><\/p>\n<p><span style=\"font-family: 'Times New Roman', serif;\"><span style=\"font-size: medium;\"><em>Genesi<\/em><\/span><\/span><span style=\"font-family: 'Times New Roman', serif;\"><span style=\"font-size: medium;\"> 45, 18: <\/span><\/span><span style=\"font-family: 'Times New Roman', serif;\"><span style=\"font-size: medium;\">Allora il faraone disse a Giuseppe: <\/span><\/span><span style=\"font-family: 'Times New Roman', serif;\"><span style=\"font-size: medium;\"><em>\u201cPrendete vostro padre e le vostre famiglie e venite da me: io vi dar\u00f2 il meglio del territorio d\u2019Egitto e mangerete i migliori prodotti della terra\u201d<\/em><\/span><\/span><span style=\"font-family: 'Times New Roman', serif;\"><span style=\"font-size: medium;\">;\u00a0<\/span><\/span><\/p>\n<p><span style=\"font-family: 'Times New Roman', serif;\"><span style=\"font-size: medium;\"><em>Matteo<\/em><\/span><\/span><span style=\"font-family: 'Times New Roman', serif;\"><span style=\"font-size: medium;\"> 18, 20: \u201c<\/span><\/span><span style=\"color: #000000;\"><span style=\"font-family: 'Times New Roman', serif;\"><span style=\"font-size: medium;\"><em>Dove sono due o tre riuniti nel mio nome, l\u00ec sono io in mezzo a loro<\/em><\/span><\/span><\/span><span style=\"color: #000000;\"><span style=\"font-family: 'Times New Roman', serif;\"><span style=\"font-size: medium;\">\u201d.<\/span><\/span><\/span><\/p>\n<p><span style=\"font-family: 'Times New Roman', serif;\"><span style=\"font-size: medium;\">Nelle parole prese dal <\/span><\/span><span style=\"font-family: 'Times New Roman', serif;\"><span style=\"font-size: medium;\"><em>Libro della Genesi<\/em><\/span><\/span><span style=\"font-family: 'Times New Roman', serif;\"><span style=\"font-size: medium;\"> troviamo indicato l\u2019ideale della famiglia come luogo della misericordia e dell\u2019amore. Sappiamo quanto sia grande e grave oggi il problema dello smembramento delle famiglie che vanno in crisi, che si separano, o che sono costrette alla separazione dalle circostanze lavorative. Ho cinque figli e tre sono all\u2019estero per lavoro: conosco sulla mia pelle il fenomeno delle lontananze familiari per circostanze lavorative. <\/span><\/span><\/p>\n<p><span style=\"font-family: 'Times New Roman', serif;\"><span style=\"font-size: medium;\">Anche la nostra generazione conosce la divisione delle famiglie per il problema migratorio. Oltre a vedere \u2013 ben pi\u00f9 grave \u2013 lo stesso dramma negli immigrati che arrivano tra noi da altri continenti. Ecco dunque l\u2019attualit\u00e0 delle parole di Giuseppe ai fratelli: \u201cPrendete vostro padre e le vostre famiglie e venite da me\u201d. E\u2019 il ricongiungimento familiare, impresa capitale del nostro tempo. <\/span><\/span><\/p>\n<p><span style=\"font-family: 'Times New Roman', serif;\"><span style=\"font-size: medium;\">Ma nelle parole \u201cprendete vostro padre\u201d oggi possiamo anche intendere la raccomandazione a non abbandonare i padri e le madri nella loro vecchiaia, a non isolarli negli istituti, a non lasciarli soli: abbandonarli \u00e8 grande tentazione di quest\u2019epoca, ma \u00e8 una tentazione che insieme costituisce una sfida alla tenuta umana e cristiana della famiglia. Famiglia non \u00e8 solo la coppia con i figli piccoli, ma \u00e8 anche la sinfonia delle generazioni. <\/span><\/span><\/p>\n<p><span style=\"font-family: 'Times New Roman', serif;\"><span style=\"font-size: medium;\">Nelle Regole dell\u2019<\/span><\/span><span style=\"font-family: 'Times New Roman', serif;\"><span style=\"font-size: medium;\"><em>Istituto della Sacra Famiglia <\/em><\/span><\/span><span style=\"font-family: 'Times New Roman', serif;\"><span style=\"font-size: medium;\">\u00e8 formulato il programma di apostolato familiare promosso dal Beato Bonilli: \u201c<\/span><\/span><span style=\"font-family: 'Times New Roman', serif;\"><span style=\"font-size: medium;\"><em>Sul modello e con la protezione della Sacra Famiglia, essere famiglia, dare famiglia, costruire la famiglia<\/em><\/span><\/span><span style=\"font-family: 'Times New Roman', serif;\"><span style=\"font-size: medium;\">\u201d. Ricordo la battuta di una mia figlia che a tre anni, venuta con me di domenica al \u201cCorriere della Sera\u201d dove lavoravo, aveva passato alcune ore con le ragazze della Segreteria di Redazione che l\u2019avevano fatta disegnare e giocare e portata a prendere un gelato mentre io scrivevo; tornando a sera verso casa mi diceva: \u201cPap\u00e0 oggi abbiamo fatto famiglia con qualcuni\u201d. Non sapeva parlare ma gi\u00e0 sapeva che cosa sia \u201cfare famiglia\u201d: cio\u00e8 trattare come familiari \u2013 con familiarit\u00e0, con intelletto d\u2019amore \u2013 persone che non appartengono alla nostra famiglia di sangue. <\/span><\/span><\/p>\n<p><span style=\"font-family: 'Times New Roman', serif;\"><span style=\"font-size: medium;\">La famiglia cristiana rende presente il Signore e proietta quella presenza in un\u2019opera apostolica che consiste innanzitutto nel trattare con sentimenti familiari l\u2019umanit\u00e0 che ci circonda: \u201cdove due o tre sono riuniti nel mio nome\u201d. In famiglia apprendiamo a essere comprensivi, soccorrevoli, scusanti e perdonanti, lieti per il bene altrui e tristi per le altrui sofferenze. E\u2019 l\u2019apprendimento dell\u2019amore per ogni fratello.<\/span><\/span><\/p>\n<p><span style=\"font-family: 'Times New Roman', serif;\"><span style=\"font-size: medium;\">Infine la proiezione della famiglia nella vita ecclesiale e sociale. Il Beato Bonilli prima realizza un periodico intitolato \u201cLa Sacra Famiglia\u201d e poi un altro intitolato \u201cLa Famiglia Cattolica\u201d: nel passaggio dalla denominazione del primo periodico a quella dell\u2019ultimo \u00e8 segnalato il passaggio d\u2019epoca, l\u2019affermarsi della dimensione sociale e di mobilitazione del Movimento Cattolico. <\/span><\/span><\/p>\n<p><span style=\"font-family: 'Times New Roman', serif;\"><span style=\"font-size: medium;\">Su questa frontiera abbiamo moltissimo da fare. Non tanto a difesa della famiglia, come si dice; ma a sua promozione. Occorre cio\u00e8 realizzare un atteggiamento propositivo e costruttivo, altrimenti passer\u00e0 l\u2019idea che i cristiani sono difensori del passato e dunque quanti non condividono quella difesa saranno perduti come uditori del nostro messaggio. Nella promozione, poi, sar\u00e0 possibile realizzare gli elementi di difesa che risultassero essenziali. <\/span><\/span><\/p>\n<p><span style=\"font-family: 'Times New Roman', serif;\"><span style=\"font-size: medium;\">Convincere i giovani \u2013 i nostri figli e i loro amici \u2013 della validit\u00e0 della scelta matrimoniale. Li convinceremo soltanto con l\u2019attestazione di una credibile felicit\u00e0 sponsale, non con le prediche. <\/span><\/span><\/p>\n<p><span style=\"font-family: 'Times New Roman', serif;\"><span style=\"font-size: medium;\">Educarli, i giovani, a tener conto della tentazione dei legami brevi che \u00e8 tipica della nostra epoca. Provocarli a costruire una storia d\u2019amore dopo la fase felice dell\u2019innamoramento. E dunque a sposarsi senza rinviare perennemente l\u2019impegno definitivo.<\/span><\/span><\/p>\n<p><span style=\"font-family: 'Times New Roman', serif;\"><span style=\"font-size: medium;\">In conclusione e pi\u00f9 di tutto: stimolare i figli e i loro amici a compiere esercizi di ammirazione nei confronti dei matrimoni riusciti. Come esistono gli esercizi fisici e quelli spirituali, occorre che ci impegniamo a proporre alle nuove generazioni un esercizio di ammirazione che oggi \u00e8 rarissimo, perch\u00e9 tutti siamo affetti dalla sindrome del lamento e del dramma; un esercizio indirizzato alle famiglie che reggono e che realizzano la forma pi\u00f9 comunicativa di santit\u00e0 laicale a misura dei bisogni dell\u2019epoca. <\/span><\/span><\/p>\n<p>\u201c<span style=\"font-family: 'Times New Roman', serif;\"><span style=\"font-size: medium;\">Perch\u00e9 non vi sposate?\u201d ci capiter\u00e0 di dire ai nostri ragazzi. E ci sentiremo rispondere: \u201cMa pap\u00e0, mamma, come pensate che ci possiamo sposare se non vediamo altro, intorno a noi, che matrimoni falliti?\u201d Ecco, a questo punto deve scattare la pedagogia dell\u2019ammirazione. Alt, dobbiamo dire. Proviamo a elencare quante coppie fedeli, quante nozze d\u2019argento e d\u2019oro \u2013 e persino di diamante \u2013 abbiamo visto negli anni intorno a noi? In parrocchia, ma anche nel nostro stabile, nel quartiere o nella citt\u00e0. Nel nostro parentato, nel nostro giro amicale.<\/span><\/span><\/p>\n<p><span style=\"font-family: 'Times New Roman', serif;\"><span style=\"font-size: medium;\">La testimonianza della fedelt\u00e0 coniugale, vissuta nella dedizione ai figli e ai nipoti, \u00e8 il pi\u00f9 forte argomento a promozione della famiglia e ad incitamento al matrimonio che noi possiamo addurre. <\/span><\/span><\/p>\n<p><span style=\"font-family: 'Times New Roman', serif;\"><span style=\"font-size: medium;\"><strong>Luigi Accattoli<\/strong><\/span><\/span><\/p>\n<p><span style=\"font-family: 'Times New Roman', serif;\"><span style=\"font-size: medium;\">www.luigiaccattoli.it<\/span><\/span><\/p>\n","protected":false},"excerpt":{"rendered":"<p>Relazione di Luigi Accattoli al Secondo Convegno dei Laici Bonilliani Trevi dell\u2019Umbria 30 aprile 2013 &nbsp; Il mondo della famiglia \u2013 come testimonia anche questo bel convegno dei Laici Bonilliani&#8230;<\/p>\n<div class=\"more-link-wrapper\"><a class=\"more-link\" href=\"http:\/\/www.luigiaccattoli.it\/blog\/conferenze-e-dibattiti-2\/alla-scuola-del-bonilli-la-famiglia-affronta-le-sfide-del-terzo-millennio\/\">Read More<span class=\"screen-reader-text\">Alla scuola del Bonilli la famiglia affronta le sfide del terzo millennio<\/span><\/a><\/div>\n","protected":false},"author":1,"featured_media":0,"parent":5506,"menu_order":0,"comment_status":"open","ping_status":"closed","template":"","meta":{"_monsterinsights_skip_tracking":false,"_monsterinsights_sitenote_active":false,"_monsterinsights_sitenote_note":"","_monsterinsights_sitenote_category":0,"footnotes":""},"class_list":["post-11669","page","type-page","status-publish","hentry","excerpt"],"_links":{"self":[{"href":"http:\/\/www.luigiaccattoli.it\/blog\/wp-json\/wp\/v2\/pages\/11669","targetHints":{"allow":["GET"]}}],"collection":[{"href":"http:\/\/www.luigiaccattoli.it\/blog\/wp-json\/wp\/v2\/pages"}],"about":[{"href":"http:\/\/www.luigiaccattoli.it\/blog\/wp-json\/wp\/v2\/types\/page"}],"author":[{"embeddable":true,"href":"http:\/\/www.luigiaccattoli.it\/blog\/wp-json\/wp\/v2\/users\/1"}],"replies":[{"embeddable":true,"href":"http:\/\/www.luigiaccattoli.it\/blog\/wp-json\/wp\/v2\/comments?post=11669"}],"version-history":[{"count":4,"href":"http:\/\/www.luigiaccattoli.it\/blog\/wp-json\/wp\/v2\/pages\/11669\/revisions"}],"predecessor-version":[{"id":11674,"href":"http:\/\/www.luigiaccattoli.it\/blog\/wp-json\/wp\/v2\/pages\/11669\/revisions\/11674"}],"up":[{"embeddable":true,"href":"http:\/\/www.luigiaccattoli.it\/blog\/wp-json\/wp\/v2\/pages\/5506"}],"wp:attachment":[{"href":"http:\/\/www.luigiaccattoli.it\/blog\/wp-json\/wp\/v2\/media?parent=11669"}],"curies":[{"name":"wp","href":"https:\/\/api.w.org\/{rel}","templated":true}]}}