{"id":11791,"date":"2013-05-25T17:52:01","date_gmt":"2013-05-25T15:52:01","guid":{"rendered":"http:\/\/www.luigiaccattoli.it\/blog\/?page_id=11791"},"modified":"2013-05-25T17:52:01","modified_gmt":"2013-05-25T15:52:01","slug":"i-fiori-di-benedetto-per-tutte-le-vittime-della-mafia","status":"publish","type":"page","link":"http:\/\/www.luigiaccattoli.it\/blog\/articoli-di-liberal\/i-fiori-di-benedetto-per-tutte-le-vittime-della-mafia\/","title":{"rendered":"I fiori di Benedetto per tutte le vittime della mafia"},"content":{"rendered":"<p><em style=\"font-size: medium;\">Pubblicato da LIBERAL il 5 ottobre 2010<\/em><\/p>\n<p>&nbsp;<\/p>\n<p><span style=\"font-size: medium;\">L\u2019immagine simbolo della visita del Papa in Sicilia (domenica 3 ottobre 2010) \u00e8 quella che lo mostra in preghiera ai bordi dell\u2019autostrada, davanti alla stele di Capaci che ricorda Giovanni Falcone, Francesca Morvillo e i tre agenti della scorta. Il segno forte di quell\u2019immagine sta nel fatto che Falcone non era un credente, era un \u201claico\u201d e dunque il Papa teologo non si \u00e8 limitato a rendere omaggio ai martiri cristiani Puglisi e Livatino, ma ha associato al proprio atto di memoria e di segnalazione per il riscatto dell\u2019isola anche i martiri altrui. <\/span><\/p>\n<p><span style=\"font-size: medium;\">Vedo in questa scelta un\u2019applicazione alla Sicilia della preoccupazione e della sensibilit\u00e0 del Papa teologo per l\u2019incontro della Chiesa con i non credenti, che egli indica con la suggestiva denominazione ebraica di Cortile dei Gentili: cio\u00e8 la cerchia umana pi\u00f9 vasta, che non appartiene al Popolo di Dio e alla quale \u00e8 comunque destinato il messaggio di Cristo rivolto \u201ca tutte le genti\u201d.<\/span><\/p>\n<p><span style=\"font-size: medium;\">Con calore Benedetto lungo la sua giornata palermitana aveva ricordato il sacerdote martire della mafia Pino Puglisi nell\u2019incontro con i sacerdoti in cattedrale e ai giovani \u2013 nell\u2019ultimo appuntamento \u2013 aveva richiamato la figura di Rosario Livatino, anch\u2019egli ucciso dalla mafia, segnalando che per ambedue \u00e8 avviato l\u2019iter per riconoscerne il martirio e l\u2019esemplarit\u00e0 cristiana. <\/span><\/p>\n<p>\u201c<span style=\"font-size: medium;\">Martiri della giustizia e indirettamente della fede\u201d, aveva chiamato gli uccisi dalla mafia Giovanni Paolo II in occasione della visita ad Agrigento nel maggio del 1993, dopo aver incontrato i genitori di Livatino. Ma solo i cristiani sono da considerare martiri e da tenere in conto nella pedagogia ecclesiale del riscatto dalla mafia? E gli altri, i poliziotti e i magistrati e i politici che sono stati uccisi nella stessa impresa, andando alla prova del sangue con le sole motivazioni di giustizia umana?<\/span><\/p>\n<p><span style=\"font-size: medium;\">L\u2019omaggio del Papa alla stele di Capaci \u00e8 la risposta a questa domanda: tutti i siciliani di buona volont\u00e0 che hanno dato la vita per liberare l\u2019isola dalla \u201cstrada di morte\u201d che \u00e8 la mafia \u2013 cos\u00ec l\u2019ha chiamata \u2013 vanno ricordati e portati a modello nel dialogo con i giovani. Giovanni Falcone \u00e8 un martire della giustizia esattamente come Paolo Borsellino (che era un cattolico praticante e che il giorno prima di essere ucciso era andato a confessarsi): questi d\u00e0 la vita in nome di Cristo, quello in nome dell\u2019uomo. <\/span><\/p>\n<p><span style=\"font-size: medium;\">Borsellino \u00e8 morto nella stessa citt\u00e0 e conducendo le stesse indagini per le quali due mesi prima era stato ucciso il collega Falcone. In Sicilia \u00e8 frequente l\u2019interrogativo \u2013 in ambito ecclesiale \u2013 sulla diversit\u00e0 e similitudine di queste figure. N\u00e9 esso vale solo per i magistrati: si potrebbe condurre lo stesso raffronto tra il politico democristiano Piersanti Mattarella \u2013 poniamo \u2013 e il comunista Pio La Torre. <\/span><\/p>\n<p><span style=\"font-size: medium;\">Come guardare dunque \u2013 nella Chiesa \u2013 al \u201cmartire\u201d che non \u00e8 cristiano ed \u00e8 soltanto un \u201cgiusto delle genti\u201d? La questione \u00e8 stata trattata \u2013 in riferimento ai martiri della seconda guerra mondiale e dell\u2019America Latina \u2013 da un teologo svizzero di lingua tedesca che Giovanni Paolo II volle cardinale, Hans Urs von Balthasar, al quale Joseph Ratzinger ha sempre guardato come a uno dei suoi \u201cmaestri\u201d. <\/span><\/p>\n<p><span style=\"font-size: medium;\">Secondo la terminologia proposta da Von Balthasar, l\u2019uno \u00e8 un \u201cmartire per Cristo\u201d e l\u2019altro un \u201cmartire per l\u2019uomo\u201d: il riconoscimento ecclesiale della testimonianza dell\u2019uno \u2013 sostiene il teologo svizzero \u2013 non limita, anzi chiarifica, l\u2019apprezzamento per quella dell\u2019altro. Se meglio risalta la comunanza di esperienza storica, il nome cristiano ci \u201cguadagna\u201d, perch\u00e9 l\u2019obiettivo \u00e8 di parlare all\u2019uomo d\u2019oggi e non di prendere distacco da lui.<\/span><\/p>\n<p><span style=\"font-size: medium;\">Cos\u00ec io credo va visto il gesto di Papa Benedetto. Egli non ha fatto un discorso a Capaci, dove ha solo pregato e dunque ad aiutarci nell\u2019interpretazione non abbiamo che le parole del portavoce Federico Lombardi: \u201cDurante il percorso da Palermo verso l\u2019Aeroporto, il Papa ha voluto che il corteo si fermasse a Capaci, nel punto dove avvenne il tragico attentato contro il giudice Giovanni Falcone e la sua scorta. E\u2019 sceso dalla sua macchina per deporre un mazzo di fiori presso la stele eretta in ricordo delle vittime, e ha sostato in preghiera silenziosa, ricordando tutte le vittime della mafia e delle altre forme di criminalit\u00e0 organizzata\u201d.<\/span><\/p>\n<p><span style=\"font-size: medium;\">Si \u00e8 trattato dunque di una scelta personale di Papa Benedetto e l\u2019intenzione era di ricordare \u201ctutte le vittime\u201d della mafia. C\u2019\u00e8 abbastanza in questa dichiarazione per intendere la pienezza dell\u2019intenzione papale in quell\u2019ultimo gesto in terra siciliana.<\/span><\/p>\n<p><span style=\"font-size: medium;\"><strong>Luigi Accattoli<\/strong><\/span><\/p>\n<p><span style=\"font-size: medium;\">www.luigiaccattoli.it<\/span><\/p>\n","protected":false},"excerpt":{"rendered":"<p>Pubblicato da LIBERAL il 5 ottobre 2010 &nbsp; L\u2019immagine simbolo della visita del Papa in Sicilia (domenica 3 ottobre 2010) \u00e8 quella che lo mostra in preghiera ai bordi dell\u2019autostrada,&#8230;<\/p>\n<div class=\"more-link-wrapper\"><a class=\"more-link\" href=\"http:\/\/www.luigiaccattoli.it\/blog\/articoli-di-liberal\/i-fiori-di-benedetto-per-tutte-le-vittime-della-mafia\/\">Read More<span class=\"screen-reader-text\">I fiori di Benedetto per tutte le vittime della mafia<\/span><\/a><\/div>\n","protected":false},"author":1,"featured_media":0,"parent":7659,"menu_order":0,"comment_status":"open","ping_status":"closed","template":"","meta":{"_monsterinsights_skip_tracking":false,"_monsterinsights_sitenote_active":false,"_monsterinsights_sitenote_note":"","_monsterinsights_sitenote_category":0,"footnotes":""},"class_list":["post-11791","page","type-page","status-publish","hentry","excerpt"],"_links":{"self":[{"href":"http:\/\/www.luigiaccattoli.it\/blog\/wp-json\/wp\/v2\/pages\/11791","targetHints":{"allow":["GET"]}}],"collection":[{"href":"http:\/\/www.luigiaccattoli.it\/blog\/wp-json\/wp\/v2\/pages"}],"about":[{"href":"http:\/\/www.luigiaccattoli.it\/blog\/wp-json\/wp\/v2\/types\/page"}],"author":[{"embeddable":true,"href":"http:\/\/www.luigiaccattoli.it\/blog\/wp-json\/wp\/v2\/users\/1"}],"replies":[{"embeddable":true,"href":"http:\/\/www.luigiaccattoli.it\/blog\/wp-json\/wp\/v2\/comments?post=11791"}],"version-history":[{"count":1,"href":"http:\/\/www.luigiaccattoli.it\/blog\/wp-json\/wp\/v2\/pages\/11791\/revisions"}],"predecessor-version":[{"id":11792,"href":"http:\/\/www.luigiaccattoli.it\/blog\/wp-json\/wp\/v2\/pages\/11791\/revisions\/11792"}],"up":[{"embeddable":true,"href":"http:\/\/www.luigiaccattoli.it\/blog\/wp-json\/wp\/v2\/pages\/7659"}],"wp:attachment":[{"href":"http:\/\/www.luigiaccattoli.it\/blog\/wp-json\/wp\/v2\/media?parent=11791"}],"curies":[{"name":"wp","href":"https:\/\/api.w.org\/{rel}","templated":true}]}}