{"id":11955,"date":"2013-06-17T12:10:54","date_gmt":"2013-06-17T10:10:54","guid":{"rendered":"http:\/\/www.luigiaccattoli.it\/blog\/?page_id=11955"},"modified":"2013-06-17T12:10:54","modified_gmt":"2013-06-17T10:10:54","slug":"un-papa-nuovo-investe-molto-sul-contatto-con-le-folle","status":"publish","type":"page","link":"http:\/\/www.luigiaccattoli.it\/blog\/articoli-del-corriere-della-sera\/un-papa-nuovo-investe-molto-sul-contatto-con-le-folle\/","title":{"rendered":"Un Papa nuovo. Investe molto sul contatto con le folle"},"content":{"rendered":"<p><em>Pubblicato dal \u201cCorriere della Sera\u201d del 13 giugno a pagina 34 con il titolo \u201cLa piazza stracolma di Francesco\u201d<\/em><\/p>\n<p>Papa Francesco \u00e8 una calamita per le folle: le udienze del mercoled\u00ec e il saluto domenicale raccolgono dalle 60 alle 100 mila persone, le celebrazioni sulla piazza vanno sulle 200 mila. Tre volte il Papa argentino \u00e8 dovuto uscire con la papamobile dalla piazza per salutare la folla su via della Conciliazione: a Pasqua, a Pentecoste e il 12 maggio quando si celebravano le canonizzazioni latino-americane e dei martiri di Otranto.<\/p>\n<p>Capitava anche agli altri Papi, Giovanni Paolo e Benedetto, di dover uscire per accontentare la folla restata fuori della piazza, ma pi\u00f9 raramente: tre volte in tre mesi (Francesco li compie oggi) non era mai capitato. Non si hanno ancora le statistiche della Prefettura della Casa Pontificia, responsabile delle udienze, ma gli uomini della sicurezza garantiscono che le presenze di questi primi mesi superano abbondantemente quelle \u2013 pure alte \u2013 dei primi mesi di Papa Ratzinger.<\/p>\n<p>Sia nel 2005 sia quest\u2019anno l\u2019avvio dei due Pontificati \u00e8 coinciso con la primavera, che \u00e8 la stagione pi\u00f9 favorevole per il turismo romano. Secondo la stima che circola in Vaticano l\u2019aumento medio delle presenze a ogni appuntamento \u00e8 di 20-30 mila persone rispetto ai primi di Papa Benedetto. I fattori di tanta affluenza sono tre: il Papa nuovo, la stagione turistica, l\u2019attrattiva di Francesco. Per valutare quest\u2019ultima occorre attendere qualche mese. Passata la febbre della novit\u00e0, in autunno si potr\u00e0 valutare la tenuta del fenomeno.<\/p>\n<p>Francesco investe molto, pi\u00f9 di Benedetto ma anche pi\u00f9 di Giovanni Paolo, sul rapporto con la folla. La invita a gridare, dice \u201cnon sento, pi\u00f9 forte\u201d. La invita a riflettere, a pregare in silenzio, a fare un \u201cproposito\u201d, a prendere un impegno: \u201cQuesto facciamolo oggi\u201d. L\u2019ha detto anche ieri a proposito della preghiera \u201cper quelli con i quali siamo arrabbiati\u201d. In particolare prolunga i giri tra la folla e il tempo che dedica al bacio dei bambini, all\u2019accarezzare e abbracciare le persone malate, gli anziani, i disabili. Nella risposta della folla c\u2019\u00e8 anche la gratitudine per queste forme di avvicinamento.<\/p>\n<p><strong>Luigi Accattoli<\/strong><\/p>\n<p>www.luigiaccattoli.it<\/p>\n","protected":false},"excerpt":{"rendered":"<p>Pubblicato dal \u201cCorriere della Sera\u201d del 13 giugno a pagina 34 con il titolo \u201cLa piazza stracolma di Francesco\u201d Papa Francesco \u00e8 una calamita per le folle: le udienze del&#8230;<\/p>\n<div class=\"more-link-wrapper\"><a class=\"more-link\" href=\"http:\/\/www.luigiaccattoli.it\/blog\/articoli-del-corriere-della-sera\/un-papa-nuovo-investe-molto-sul-contatto-con-le-folle\/\">Read More<span class=\"screen-reader-text\">Un Papa nuovo. Investe molto sul contatto con le folle<\/span><\/a><\/div>\n","protected":false},"author":1,"featured_media":0,"parent":7661,"menu_order":0,"comment_status":"open","ping_status":"closed","template":"","meta":{"_monsterinsights_skip_tracking":false,"_monsterinsights_sitenote_active":false,"_monsterinsights_sitenote_note":"","_monsterinsights_sitenote_category":0,"footnotes":""},"class_list":["post-11955","page","type-page","status-publish","hentry","excerpt"],"_links":{"self":[{"href":"http:\/\/www.luigiaccattoli.it\/blog\/wp-json\/wp\/v2\/pages\/11955","targetHints":{"allow":["GET"]}}],"collection":[{"href":"http:\/\/www.luigiaccattoli.it\/blog\/wp-json\/wp\/v2\/pages"}],"about":[{"href":"http:\/\/www.luigiaccattoli.it\/blog\/wp-json\/wp\/v2\/types\/page"}],"author":[{"embeddable":true,"href":"http:\/\/www.luigiaccattoli.it\/blog\/wp-json\/wp\/v2\/users\/1"}],"replies":[{"embeddable":true,"href":"http:\/\/www.luigiaccattoli.it\/blog\/wp-json\/wp\/v2\/comments?post=11955"}],"version-history":[{"count":1,"href":"http:\/\/www.luigiaccattoli.it\/blog\/wp-json\/wp\/v2\/pages\/11955\/revisions"}],"predecessor-version":[{"id":11956,"href":"http:\/\/www.luigiaccattoli.it\/blog\/wp-json\/wp\/v2\/pages\/11955\/revisions\/11956"}],"up":[{"embeddable":true,"href":"http:\/\/www.luigiaccattoli.it\/blog\/wp-json\/wp\/v2\/pages\/7661"}],"wp:attachment":[{"href":"http:\/\/www.luigiaccattoli.it\/blog\/wp-json\/wp\/v2\/media?parent=11955"}],"curies":[{"name":"wp","href":"https:\/\/api.w.org\/{rel}","templated":true}]}}