{"id":11957,"date":"2013-06-17T12:13:26","date_gmt":"2013-06-17T10:13:26","guid":{"rendered":"http:\/\/www.luigiaccattoli.it\/blog\/?page_id=11957"},"modified":"2013-06-17T12:13:26","modified_gmt":"2013-06-17T10:13:26","slug":"un-papa-nuovo-non-grida-contro-le-leggi","status":"publish","type":"page","link":"http:\/\/www.luigiaccattoli.it\/blog\/articoli-del-corriere-della-sera\/un-papa-nuovo-non-grida-contro-le-leggi\/","title":{"rendered":"Un Papa nuovo. Non grida contro le leggi"},"content":{"rendered":"<p><em>Pubblicato dal Corriere della Sera del 17 giugno 2013 a pagina 28 con il titolo: \u201cPolitiche per la vita. La scelta del Papa\u201d<\/em><\/p>\n<p>Francesco non grida contro le leggi che violano i \u201cvalori non negoziabili\u201d: \u00e8 una tra le novit\u00e0 del suo modo di fare il Papa. Condivide la necessit\u00e0 della protesta ma lascia quel compito ai vescovi dei singoli paesi che conoscono lo specifico delle leggi da sottoporre a critica. Se ne \u00e8 avuta una riprova anche ieri, con quanto ha detto in piazza San Pietro durante la celebrazione per la Giornata dell\u2019<em>Evangelium Vitae<\/em> (Il Vangelo della vita).<\/p>\n<p>\u201cDiciamo s\u00ec all\u2019amore e no all\u2019egoismo, diciamo s\u00ec alla vita e no alla morte, diciamo s\u00ec alla libert\u00e0 e no alla schiavit\u00f9 dei tanti idoli del nostro tempo\u201d: cos\u00ec ha parlato Bergoglio davanti a una piazza come sempre affollata. Il messaggio era chiarissimo, tant\u2019\u00e8 che agenzie di stampa e siti internet hanno subito intitolato \u201cIl Papa dice no all\u2019aborto e all\u2019eutanasia\u201d. E\u2019 vero che intendeva dice quel no, ma non ha nominato n\u00e9 l\u2019aborto n\u00e9 l\u2019eutanasia.<\/p>\n<p>\u201cSpesso l\u2019uomo \u2013 ha detto ancora \u2013 non sceglie la vita, non accoglie il Vangelo della vita, ma si lascia guidare da ideologie e logiche che mettono ostacoli alla vita, che non la rispettano, perch\u00e8 sono dettate dall\u2019egoismo, dall\u2019interesse, dal profitto, dal potere, dal piacere e non dall\u2019amore\u201d. Egli ha dunque svolto l\u2019intera argomentazione della pedagogia cattolica sull\u2019argomento senza entrare nel capo legislativo.<\/p>\n<p>Lo stesso aveva fatto il 12 maggio, sempre in piazza San Pietro, salutando i partecipanti alla \u201cMarcia per la vita\u201d che si era svolta quella mattina per le vie di Roma. C\u2019era stata delusione tra alcuni di quei marciatori, che avrebbero voluto una parola pi\u00f9 diretta sulla questione delle leggi, come generalmente facevano i Papi Wojtyla e Ratzinger.<\/p>\n<p>Ancora pi\u00f9 viva \u00e8 stata in ambienti militanti la delusione per il silenzio del Papa sulla battaglia dei cattolici francesi contro le nozze gay: Francesco non ne ha mai parlato e non l\u2019ha richiamata neanche quando ha ricevuto \u2013 sabato \u2013 <span style=\"color: #282828;\">i parlamentari del \u201cGruppo di amicizia Francia-Santa Sede\u201d: ha ricordato che tra i compiti dei parlamentari c\u2019\u00e8 anche quello di \u201cabrogare le leggi\u201d ma non ha detto che i cattolici di Francia dovranno adoperarsi per l\u2019abrogazione della legge Taubira.<\/span><\/p>\n<p>C\u2019\u00e8 disputa su questo atteggiamento del nuovo Papa negli ambienti cattolici che si occupano di politica. I pi\u00f9 sostengono che un giorno parler\u00e0 \u201cchiaro\u201d e citano a riprova quanto ebbe a dire in un paio di occasioni da arcivescovo di Buenos Aires. Altri scommettono che non interverr\u00e0 mai direttamente su una specifica questione nazionale.<\/p>\n<p>A sostegno di quest\u2019ultima interpretazione si pu\u00f2 citare quanto ha fatto fino a oggi con i vescovi italiani. Ricevendo per la prima volta il 27 aprile il cardinale Bagnasco presidente della Cei, Francesco lo invit\u00f2 a portare avanti l\u2019impegno del nostro episcopato \u201ca tutela e promozione dei valori non negoziabili\u201d. Il cardinale rese pubblico il contenuto del colloquio e precis\u00f2 che il Papa aveva \u201ccondiviso i temi della prolusione\u201d che egli stava preparando per l\u2019assemblea della Cei.<\/p>\n<p>In quella prolusione il presidente parl\u00f2 poi della legittimazione delle coppie gay come di un \u201cvulnus progressivo alla specifica identit\u00e0 della famiglia\u201d, ma il Papa incontrando i vescovi il 23 maggio successivo di questo problema non fece parola. Un silenzio che va interpretato alla luce delle parole che quel giorno disse parlando a braccio ad apertura dell\u2019incontro: \u201cIl dialogo con le istituzioni culturali, sociali e politiche \u00e8 cosa vostra\u201d.<\/p>\n<p>Tutti interpretarono che era superato il cosiddetto \u201clodo Bertone\u201d, cio\u00e8 la lettera con cui il segretario di Stato aveva salutato la nomina del cardinale Bagnasco a presidente della Cei nel 2007, rivendicando alla Segreteria di Stato vaticana la competenza sulle questioni politiche. Era un\u2019interpretazione giusta ma parziale: il \u201clodo Bertone\u201d \u00e8 stato cassato, ma Francesco con quelle parole ha detto di pi\u00f9. Ha detto che non solo la Segreteria di Stato ma neanche il Papa d\u2019ora in poi svolger\u00e0 interventi riguardanti la nostra vita pubblica, interventi che sono \u201ccosa vostra\u201d.<\/p>\n<p><strong>Luigi Accattoli<\/strong><\/p>\n<p>www.luigiaccattoli.it<\/p>\n","protected":false},"excerpt":{"rendered":"<p>Pubblicato dal Corriere della Sera del 17 giugno 2013 a pagina 28 con il titolo: \u201cPolitiche per la vita. La scelta del Papa\u201d Francesco non grida contro le leggi che&#8230;<\/p>\n<div class=\"more-link-wrapper\"><a class=\"more-link\" href=\"http:\/\/www.luigiaccattoli.it\/blog\/articoli-del-corriere-della-sera\/un-papa-nuovo-non-grida-contro-le-leggi\/\">Read More<span class=\"screen-reader-text\">Un Papa nuovo. Non grida contro le leggi<\/span><\/a><\/div>\n","protected":false},"author":1,"featured_media":0,"parent":7661,"menu_order":0,"comment_status":"open","ping_status":"closed","template":"","meta":{"_monsterinsights_skip_tracking":false,"_monsterinsights_sitenote_active":false,"_monsterinsights_sitenote_note":"","_monsterinsights_sitenote_category":0,"footnotes":""},"class_list":["post-11957","page","type-page","status-publish","hentry","excerpt"],"_links":{"self":[{"href":"http:\/\/www.luigiaccattoli.it\/blog\/wp-json\/wp\/v2\/pages\/11957","targetHints":{"allow":["GET"]}}],"collection":[{"href":"http:\/\/www.luigiaccattoli.it\/blog\/wp-json\/wp\/v2\/pages"}],"about":[{"href":"http:\/\/www.luigiaccattoli.it\/blog\/wp-json\/wp\/v2\/types\/page"}],"author":[{"embeddable":true,"href":"http:\/\/www.luigiaccattoli.it\/blog\/wp-json\/wp\/v2\/users\/1"}],"replies":[{"embeddable":true,"href":"http:\/\/www.luigiaccattoli.it\/blog\/wp-json\/wp\/v2\/comments?post=11957"}],"version-history":[{"count":1,"href":"http:\/\/www.luigiaccattoli.it\/blog\/wp-json\/wp\/v2\/pages\/11957\/revisions"}],"predecessor-version":[{"id":11958,"href":"http:\/\/www.luigiaccattoli.it\/blog\/wp-json\/wp\/v2\/pages\/11957\/revisions\/11958"}],"up":[{"embeddable":true,"href":"http:\/\/www.luigiaccattoli.it\/blog\/wp-json\/wp\/v2\/pages\/7661"}],"wp:attachment":[{"href":"http:\/\/www.luigiaccattoli.it\/blog\/wp-json\/wp\/v2\/media?parent=11957"}],"curies":[{"name":"wp","href":"https:\/\/api.w.org\/{rel}","templated":true}]}}