{"id":12,"date":"2006-04-21T11:46:40","date_gmt":"2006-04-21T10:46:40","guid":{"rendered":"http:\/\/www.luigiaccattoli.it\/blog\/?page_id=12"},"modified":"2020-08-13T10:39:22","modified_gmt":"2020-08-13T08:39:22","slug":"cerco-fatti-di-vangelo","status":"publish","type":"page","link":"http:\/\/www.luigiaccattoli.it\/blog\/cerco-fatti-di-vangelo\/","title":{"rendered":"Cerco fatti di Vangelo"},"content":{"rendered":"<p><em>Questa \u00e8 la pagina centrale, ancora da completare, ma in vista della quale il blog \u00e8 stato avviato: qui \u2013 come si pu\u00f2 leggere nel testo di apertura, \u201cChe cosa cerco e come\u201d \u2013 invito il visitatore a partecipare a un\u2019inchiesta sui giusti che vivono intorno a noi. Chi ha da segnalare un gesto o una figura esemplare, o un\u2019opera di particolare significato, mandi un\u2019e-mail. Il piano della pagina \u00e8 completo ma poco di essa \u00e8 al momento visitabile, cliccando sui titoli che appaiono linkati. Il resto del blog \u00e8 al servizio di questa pagina. Buona lettura, Luigi Accattoli<\/em><\/p>\n<div style=\"text-align: left\">\n<ul> <strong><a href=\"http:\/\/www.luigiaccattoli.it\/blog\/?page_id=2079\">Che cosa cerco e come<\/a><\/strong><\/p>\n<p><strong><a href=\"http:\/\/www.luigiaccattoli.it\/blog\/?page_id=2082\">1. Nuovi martiri<\/a><\/strong><br \/>\n<strong><a href=\"http:\/\/www.luigiaccattoli.it\/blog\/?page_id=2087\">2. Madri che danno la vita<\/a><\/strong><br \/>\n<strong><a href=\"http:\/\/www.luigiaccattoli.it\/blog\/?page_id=2090\">3. Il perdono degli uccisori dei parenti<\/a><\/strong><br \/>\n<strong><a href=\"http:\/\/www.luigiaccattoli.it\/blog\/?page_id=2093\">4. La reazione all\u2019handicap<\/a><\/strong><br \/>\n<strong><a href=\"http:\/\/www.luigiaccattoli.it\/blog\/?page_id=2096\">5. Anche in ospedale si pu\u00f2 essere felici<\/a><\/strong><br \/>\n<strong><a href=\"http:\/\/www.luigiaccattoli.it\/blog\/?page_id=2099\">6. Una razza di longevi<\/a><\/strong><br \/>\n<strong><a href=\"http:\/\/www.luigiaccattoli.it\/blog\/?page_id=2102\">7. La vita \u00e8 mutata ma non \u00e8 tolta<\/a><\/strong><br \/>\n<strong><a href=\"http:\/\/www.luigiaccattoli.it\/blog\/?page_id=2106\">8. Celebrazione ecclesiale della propria morte<\/a><\/strong><br \/>\n<strong><a href=\"http:\/\/www.luigiaccattoli.it\/blog\/?page_id=2110\">9. La voce dello sposo e la voce della sposa<\/a><\/strong><br \/>\n<strong><a href=\"http:\/\/www.luigiaccattoli.it\/blog\/?page_id=2114\">10. Coppie in missione come Aquila e Priscilla<\/a><\/strong><br \/>\n<strong><a href=\"http:\/\/www.luigiaccattoli.it\/blog\/?page_id=2117\">11. Il genio della carit\u00e0<\/a><\/strong><br \/>\n<strong><a href=\"http:\/\/www.luigiaccattoli.it\/blog\/?page_id=2120\">12. Madri e padri di vocazione<\/a><\/strong><br \/>\n<strong><a href=\"http:\/\/www.luigiaccattoli.it\/blog\/?page_id=2123\">13. Ero in carcere e mi avete visitato<\/a><\/strong><br \/>\n<strong><a href=\"http:\/\/www.luigiaccattoli.it\/blog\/?page_id=2126\">14. Dalla droga dall\u2019Aids dalla strada e da ogni male<\/a><\/strong><br \/>\n<strong><a href=\"http:\/\/www.luigiaccattoli.it\/blog\/?page_id=2129\">15. Il corpo in dono. Donazioni e trapianti<\/a><\/strong><br \/>\n<strong><a href=\"http:\/\/www.luigiaccattoli.it\/blog\/?page_id=2132\">16. Qui \u00e8 perfetta letizia<\/a><\/strong><br \/>\n<strong><a href=\"http:\/\/www.luigiaccattoli.it\/blog\/?page_id=2135\">17. Eremiti e pellegrini del terzo millennio<\/a><\/strong><br \/>\n<strong><a href=\"http:\/\/www.luigiaccattoli.it\/blog\/?page_id=2137\">18. Giusti delle nazioni<\/a><\/strong><br \/>\n<strong><a href=\"http:\/\/www.luigiaccattoli.it\/blog\/?page_id=2140\">19. Samaritani centurioni cananee<\/a><\/strong><br \/>\n<strong><a href=\"http:\/\/www.luigiaccattoli.it\/blog\/?page_id=2141\">20. Preghiera pubblica<\/a><\/strong><br \/>\n<strong><a href=\"http:\/\/www.luigiaccattoli.it\/blog\/?page_id=2146\">21. Parabole<\/a><\/strong><br \/>\n<a href=\"http:\/\/www.luigiaccattoli.it\/blog\/cerco-fatti-di-vangelo\/22-storie-di-pandemia\/\"><strong>22. Storie di pandemia<\/strong><\/a><\/p>\n<p><strong><a href=\"http:\/\/www.luigiaccattoli.it\/blog\/?page_id=2474\">Indice dei nomi<\/a><\/strong><br \/>\n<strong><a href=\"http:\/\/www.luigiaccattoli.it\/blog\/?page_id=6875\">Documentazione<\/a><\/strong>\n<\/ul>\n<\/div>\n","protected":false},"excerpt":{"rendered":"<p>Questa \u00e8 la pagina centrale, ancora da completare, ma in vista della quale il blog \u00e8 stato avviato: qui \u2013 come si pu\u00f2 leggere nel testo di apertura, \u201cChe cosa&#8230;<\/p>\n<div class=\"more-link-wrapper\"><a class=\"more-link\" href=\"http:\/\/www.luigiaccattoli.it\/blog\/cerco-fatti-di-vangelo\/\">Read More<span class=\"screen-reader-text\">Cerco fatti di Vangelo<\/span><\/a><\/div>\n","protected":false},"author":1,"featured_media":0,"parent":0,"menu_order":10,"comment_status":"open","ping_status":"closed","template":"","meta":{"_monsterinsights_skip_tracking":false,"_monsterinsights_sitenote_active":false,"_monsterinsights_sitenote_note":"","_monsterinsights_sitenote_category":0,"footnotes":""},"class_list":["post-12","page","type-page","status-publish","hentry","excerpt"],"_links":{"self":[{"href":"http:\/\/www.luigiaccattoli.it\/blog\/wp-json\/wp\/v2\/pages\/12","targetHints":{"allow":["GET"]}}],"collection":[{"href":"http:\/\/www.luigiaccattoli.it\/blog\/wp-json\/wp\/v2\/pages"}],"about":[{"href":"http:\/\/www.luigiaccattoli.it\/blog\/wp-json\/wp\/v2\/types\/page"}],"author":[{"embeddable":true,"href":"http:\/\/www.luigiaccattoli.it\/blog\/wp-json\/wp\/v2\/users\/1"}],"replies":[{"embeddable":true,"href":"http:\/\/www.luigiaccattoli.it\/blog\/wp-json\/wp\/v2\/comments?post=12"}],"version-history":[{"count":31,"href":"http:\/\/www.luigiaccattoli.it\/blog\/wp-json\/wp\/v2\/pages\/12\/revisions"}],"predecessor-version":[{"id":25012,"href":"http:\/\/www.luigiaccattoli.it\/blog\/wp-json\/wp\/v2\/pages\/12\/revisions\/25012"}],"wp:attachment":[{"href":"http:\/\/www.luigiaccattoli.it\/blog\/wp-json\/wp\/v2\/media?parent=12"}],"curies":[{"name":"wp","href":"https:\/\/api.w.org\/{rel}","templated":true}]}}