{"id":12025,"date":"2013-06-24T17:43:45","date_gmt":"2013-06-24T15:43:45","guid":{"rendered":"http:\/\/www.luigiaccattoli.it\/blog\/?page_id=12025"},"modified":"2013-06-24T17:43:45","modified_gmt":"2013-06-24T15:43:45","slug":"un-papa-nuovo-perche-bergoglio-parla-in-parabole","status":"publish","type":"page","link":"http:\/\/www.luigiaccattoli.it\/blog\/articoli-del-corriere-della-sera\/un-papa-nuovo-perche-bergoglio-parla-in-parabole\/","title":{"rendered":"Un Papa nuovo. Perch\u00e9 Bergoglio parla in parabole"},"content":{"rendered":"<p><em>Pubblicato dal \u201cCorriere della Sera\u201d del 24 giugno a pagina 25 con il titolo \u00abDal \u201cDio spray\u201d ai cristiani \u201cinamidati\u201d. Le metafore del Papa\u00bb<\/em><\/p>\n<p>\u201cValori avariati\u201d ha detto ieri Francesco e li ha paragonati al \u201cpasto andato a male\u201d: ha cio\u00e8 svolto una mini-parabola, o una metafora, una delle tante che ha proposto da quando \u00e8 Papa. La \u201cChiesa babysitter\u201d, il \u201cdio-spray\u201d, il confessionale che \u201cnon \u00e8 una tintoria\u201d, le suore che devono essere \u201cmadri e non zitelle\u201d; i \u201ccristiani da salotto\u201d, quelli \u201cinamidati\u201d e quelli \u201cda museo\u201d; la \u201cpreghiera di cortesia\u201d e il \u201ccollirio della memoria\u201d, la vita cristiana che \u201cnon \u00e8 una terapia terminale\u201d; la tentazione del \u201cprogressismo adolescente\u201d e quella di \u201caddomesticare le frontiere\u201d, o di \u201cpettinare le pecorelle\u201d, o di imporre una \u201cdogana pastorale\u201d: il repertorio immaginifico del Papa argentino \u00e8 ormai ampio.<\/p>\n<p>Dell\u2019attitudine a parlare in parabole egli ha fatto un programma e non si tratta soltanto di un\u2019abilit\u00e0 che gli viene dagli studi e dalla frequentazione della Bibbia. E\u2019 stato infatti insegnante di lettere, ammiratore e amico del poeta Jorge Louis Borges (che una volta invit\u00f2 nel liceo dove insegnava), da cardinale ebbe pure a scrivere \u2013 nel 2002 \u2013 un saggio sul <em>Martin Fierro<\/em> di Jos\u00e9 Hern\u00e0ndez, che \u00e8 una miniera di metafore.<\/p>\n<p>Altra fonte della vocazione parabolica del suo linguaggio \u00e8 la frequentazione delle Scritture sui cui il gesuita Bergoglio ormai da 54 anni si \u201cesercita\u201d secondo il metodo ignaziano, dettato cio\u00e8 da Ignazio di Loyola, che prevede \u2013 tra i momenti degli <em>Esercizi Spirituali<\/em> \u2013 quello di \u201cvedere le persone presenti\u201d a un episodio biblico e quello di \u201cudire quel che dicono\u201d. E si sa che le Scritture ebraiche e cristiane sono piene di metafore e di parabole.<\/p>\n<p>Bergoglio questo bagaglio letterario e biblico accumulato negli anni lo sviluppa intenzionalmente: in pi\u00f9 occasioni \u2013 prima dell\u2019elezione \u2013 ha insistito sull\u2019importanza di utilizzare \u201cl\u2019immaginario teologico\u201d a fermento dell\u2019immaginario sociale: in vista cio\u00e8 di una possibile nuova vita associata. Nel testo <em>Dio vive nella citt\u00e0<\/em>, che \u00e8 del 2011 [compreso nell\u2019antologia <em>Solo l\u2019amore ci pu\u00f2 salvare<\/em>, tradotta ora dalla Libreria Editrice Vaticana], egli invita ad \u201capprofondire l\u2019immaginario evangelico della citt\u00e0 per proporlo in tutta la sua ricchezza alla citt\u00e0 attuale al fine di motivare un agire comune guidato dalla carit\u00e0\u201d.<\/p>\n<p><strong>Luigi Accattoli<\/strong><\/p>\n<p>www.luigiaccattoli.it<\/p>\n","protected":false},"excerpt":{"rendered":"<p>Pubblicato dal \u201cCorriere della Sera\u201d del 24 giugno a pagina 25 con il titolo \u00abDal \u201cDio spray\u201d ai cristiani \u201cinamidati\u201d. Le metafore del Papa\u00bb \u201cValori avariati\u201d ha detto ieri Francesco&#8230;<\/p>\n<div class=\"more-link-wrapper\"><a class=\"more-link\" href=\"http:\/\/www.luigiaccattoli.it\/blog\/articoli-del-corriere-della-sera\/un-papa-nuovo-perche-bergoglio-parla-in-parabole\/\">Read More<span class=\"screen-reader-text\">Un Papa nuovo. Perch\u00e9 Bergoglio parla in parabole<\/span><\/a><\/div>\n","protected":false},"author":1,"featured_media":0,"parent":7661,"menu_order":0,"comment_status":"open","ping_status":"closed","template":"","meta":{"_monsterinsights_skip_tracking":false,"_monsterinsights_sitenote_active":false,"_monsterinsights_sitenote_note":"","_monsterinsights_sitenote_category":0,"footnotes":""},"class_list":["post-12025","page","type-page","status-publish","hentry","excerpt"],"_links":{"self":[{"href":"http:\/\/www.luigiaccattoli.it\/blog\/wp-json\/wp\/v2\/pages\/12025","targetHints":{"allow":["GET"]}}],"collection":[{"href":"http:\/\/www.luigiaccattoli.it\/blog\/wp-json\/wp\/v2\/pages"}],"about":[{"href":"http:\/\/www.luigiaccattoli.it\/blog\/wp-json\/wp\/v2\/types\/page"}],"author":[{"embeddable":true,"href":"http:\/\/www.luigiaccattoli.it\/blog\/wp-json\/wp\/v2\/users\/1"}],"replies":[{"embeddable":true,"href":"http:\/\/www.luigiaccattoli.it\/blog\/wp-json\/wp\/v2\/comments?post=12025"}],"version-history":[{"count":1,"href":"http:\/\/www.luigiaccattoli.it\/blog\/wp-json\/wp\/v2\/pages\/12025\/revisions"}],"predecessor-version":[{"id":12026,"href":"http:\/\/www.luigiaccattoli.it\/blog\/wp-json\/wp\/v2\/pages\/12025\/revisions\/12026"}],"up":[{"embeddable":true,"href":"http:\/\/www.luigiaccattoli.it\/blog\/wp-json\/wp\/v2\/pages\/7661"}],"wp:attachment":[{"href":"http:\/\/www.luigiaccattoli.it\/blog\/wp-json\/wp\/v2\/media?parent=12025"}],"curies":[{"name":"wp","href":"https:\/\/api.w.org\/{rel}","templated":true}]}}