{"id":12244,"date":"2013-07-26T12:36:31","date_gmt":"2013-07-26T10:36:31","guid":{"rendered":"http:\/\/www.luigiaccattoli.it\/blog\/?page_id=12244"},"modified":"2013-07-26T12:36:31","modified_gmt":"2013-07-26T10:36:31","slug":"colomba-con-la-folla-serpente-con-i-media","status":"publish","type":"page","link":"http:\/\/www.luigiaccattoli.it\/blog\/articoli-del-corriere-della-sera\/colomba-con-la-folla-serpente-con-i-media\/","title":{"rendered":"Colomba con la folla serpente con i media"},"content":{"rendered":"<p><em>Articolo pubblicato come fondo dal \u201cCorriere della Sera\u201d del 26 luglio 2013<\/em><\/p>\n<p>Molte informazioni da decifrare sono contenute nella decisione del Papa di non accettare domande dai giornalisti sull\u2019aereo che lo portava a Rio: egli \u00e8 meno moderno, nel rapporto con i media, rispetto ai predecessori che quelle domande le accettavano; ed \u00e8 geloso dell\u2019autonomia delle sue parole, che non vuole siano condizionate dalla curiosit\u00e0 del mondo.<\/p>\n<p>C\u2019\u00e8 di mezzo il Vangelo che dice \u201csiate candidi come colombe e astuti come serpenti\u201d. N\u00e9 bisogna dimenticare la sua formazione di gesuita: egli probabilmente si sente chiamato a essere povero come Francesco ma anche prudente come Ignazio. E forse la sedia vuota al concerto non \u00e8 lontana da questo scenario.<\/p>\n<p>Un punto \u00e8 chiaro ed \u00e8 un elemento del suo metodo di governo, che ci \u00e8 noto per altre decisioni riguardanti la propria azione: egli non ama teorizzare o spiegare quello che intende fare; e spera che facendo senza dire gli riesca meglio di esercitare quella pienezza di poteri che il sistema cattolico gli attribuisce ma che la legge della consuetudine decurta drasticamente.<\/p>\n<p>L\u2019avevamo visto esercitare quest\u2019arte del fare senza dire a proposito degli abiti, della preferenza per il titolo di \u201cvescovo di Roma\u201d, della scelta di restare al Santa Marta, della celebrazione quotidiana \u201ccon il popolo\u201d, degli spostamenti con auto ordinarie invece che con quelle di rappresentanza.<\/p>\n<p>In questo debutto con i giornalisti non gli era difficile prevedere le domande sullo Ior e sulla \u201clobby gay\u201d, sul celibato e sulle donne. Ma egli sa che ogni parola sulle proprie intenzioni di riforma scatenerebbe la polarizzazione che \u00e8 in agguato e che fino a oggi \u00e8 riuscito a tenere bassa proprio con la disciplina della riservatezza.<\/p>\n<p>Stiamo assistendo alla manifestazione di un paradosso comunicativo: il Papa del pi\u00f9 diretto contatto con la comune umanit\u00e0 \u2013 che si offre disarmato all\u2019abbraccio delle folle \u2013 \u00e8 anche quello che rifiuta di comunicare con i media secondo le regole dell\u2019informazione di massa.<\/p>\n<p>\u201cDavvero io non do interviste, ma perch\u00e9 non so, non posso, \u00e8 cosi&#8230; per me \u00e8 un poco faticoso\u201d ha detto in aereo a giustificazione del suo rifiuto del botta e risposta su ogni argomento. Una motivazione reticente \u2013 forse memore della \u201crestrizione mentale\u201d di cui i Gesuiti furono maestri nei secoli: non sono tenuto a dirti ci\u00f2 che non hai diritto di sapere \u2013 ma trasparente nel suo ultimo significato almeno quanto quella che aveva offerto un giorno della decisione di non abitare l\u2019Appartamento: \u201cper motivi psichiatrici\u201d aveva detto, ma dietro a essi c\u2019erano le ragioni simboliche della rinuncia al protocollo allontanante della residenza storica.<\/p>\n<p>Stavolta dietro la ragione della \u201cfatica\u201d s&#8217;intravede quella di non permettere che a dettare l\u2019agenda della sua predicazione sia la logica dei media. Egli sa che cosa succedeva ai Papi Wojtyla e Ratzinger che usavano le interviste sull\u2019aereo come strumento di comunicazione con l\u2019opinione pubblica ma che erano costretti a sottostare a quel dettato: e poteva capitare che invece dei problemi dell\u2019Africa o di quelli dell\u2019America Centrale si dovesse poi parlare sui media, per l\u2019intero viaggio, del preservativo o del destino di monsignor Marcinkus.<\/p>\n<p>Francesco compie un passo indietro rispetto alla ribalta mediatica che dovrebbe \u2013 nella sua intenzione \u2013 garantirgli una migliore libert\u00e0 di \u201cannuncio\u201d: le prossime giornate ci diranno se cos\u00ec sar\u00e0 e come il Papa argentino ne sapr\u00e0 approfittare.<\/p>\n<p><strong>Luigi Accattoli<\/strong><\/p>\n<p>www.luigiaccattoli.it<\/p>\n","protected":false},"excerpt":{"rendered":"<p>Articolo pubblicato come fondo dal \u201cCorriere della Sera\u201d del 26 luglio 2013 Molte informazioni da decifrare sono contenute nella decisione del Papa di non accettare domande dai giornalisti sull\u2019aereo che&#8230;<\/p>\n<div class=\"more-link-wrapper\"><a class=\"more-link\" href=\"http:\/\/www.luigiaccattoli.it\/blog\/articoli-del-corriere-della-sera\/colomba-con-la-folla-serpente-con-i-media\/\">Read More<span class=\"screen-reader-text\">Colomba con la folla serpente con i media<\/span><\/a><\/div>\n","protected":false},"author":1,"featured_media":0,"parent":7661,"menu_order":0,"comment_status":"open","ping_status":"closed","template":"","meta":{"_monsterinsights_skip_tracking":false,"_monsterinsights_sitenote_active":false,"_monsterinsights_sitenote_note":"","_monsterinsights_sitenote_category":0,"footnotes":""},"class_list":["post-12244","page","type-page","status-publish","hentry","excerpt"],"_links":{"self":[{"href":"http:\/\/www.luigiaccattoli.it\/blog\/wp-json\/wp\/v2\/pages\/12244","targetHints":{"allow":["GET"]}}],"collection":[{"href":"http:\/\/www.luigiaccattoli.it\/blog\/wp-json\/wp\/v2\/pages"}],"about":[{"href":"http:\/\/www.luigiaccattoli.it\/blog\/wp-json\/wp\/v2\/types\/page"}],"author":[{"embeddable":true,"href":"http:\/\/www.luigiaccattoli.it\/blog\/wp-json\/wp\/v2\/users\/1"}],"replies":[{"embeddable":true,"href":"http:\/\/www.luigiaccattoli.it\/blog\/wp-json\/wp\/v2\/comments?post=12244"}],"version-history":[{"count":2,"href":"http:\/\/www.luigiaccattoli.it\/blog\/wp-json\/wp\/v2\/pages\/12244\/revisions"}],"predecessor-version":[{"id":12246,"href":"http:\/\/www.luigiaccattoli.it\/blog\/wp-json\/wp\/v2\/pages\/12244\/revisions\/12246"}],"up":[{"embeddable":true,"href":"http:\/\/www.luigiaccattoli.it\/blog\/wp-json\/wp\/v2\/pages\/7661"}],"wp:attachment":[{"href":"http:\/\/www.luigiaccattoli.it\/blog\/wp-json\/wp\/v2\/media?parent=12244"}],"curies":[{"name":"wp","href":"https:\/\/api.w.org\/{rel}","templated":true}]}}