{"id":12350,"date":"2013-08-14T11:08:32","date_gmt":"2013-08-14T09:08:32","guid":{"rendered":"http:\/\/www.luigiaccattoli.it\/blog\/?page_id=12350"},"modified":"2013-08-14T11:08:32","modified_gmt":"2013-08-14T09:08:32","slug":"anche-francesco-difende-la-vita-ma-con-tre-novita","status":"publish","type":"page","link":"http:\/\/www.luigiaccattoli.it\/blog\/articoli-del-corriere-della-sera\/anche-francesco-difende-la-vita-ma-con-tre-novita\/","title":{"rendered":"Anche Francesco difende la vita ma con tre novit\u00e0"},"content":{"rendered":"<p><em>Pubblicato dal \u201cCorriere della Sera\u201d del 13 agosto 2013 a pagina 19 con il titolo \u201cDifesa della vita, i segnali nuovi di Francesco\u201d<\/em><\/p>\n<p>&nbsp;<\/p>\n<p>\u201cLa vita dev\u2019essere difesa sempre, sin dal grembo materno, riconoscendo in essa un dono di Dio e la garanzia del futuro dell\u2019umanit\u00e0, ma va difesa anche nella cura degli anziani, specialmente dei nonni, che sono la memoria viva di un popolo e trasmettono la saggezza della vita\u201d: sono parole di Papa Francesco contenute in un messaggio ai vescovi del Brasile, inviato ieri per la \u201cSettimana nazionale della famiglia\u201d.<\/p>\n<p>E\u2019 almeno la quarta volta che il nuovo Papa afferma il dovere della difesa della vita in ogni sua stagione: l\u2019aveva gi\u00e0 fatto il 12 maggio salutando in piazza San Pietro i partecipanti a una \u201cmarcia per la vita\u201d, il 16 giugno ancora in piazza San Pietro nell\u2019omelia per la giornata del \u201cVangelo della vita\u201d, il 17 luglio in un messaggio ai cattolici di Irlanda, Scozia, Inghilterra e Galles. Sbagliano dunque quanti sostengono che Bergoglio disattende la battaglia per la vita nella quale tanto si erano spesi i predecessori Ratzinger e Wojtyla.<\/p>\n<p>Non la disattende ma la svolge con tre novit\u00e0 di rilievo: non entra in diretta polemica con le leggi dei singoli paesi, non scinde mai la difesa della vita prenatale dalla difesa di ogni vita, non pone l\u2019etica della vita al centro della sua predicazione. Quattro sobri interventi in cinque mesi \u2013 cade oggi il quinto compimese del Pontificato \u2013 stanno a dire che il tema non \u00e8 trascurato, ma dicono anche che il Papa non ne fa una priorit\u00e0.<\/p>\n<p>Francesco condivide la necessit\u00e0 della protesta per le leggi che non difendono la \u201cinviolabilit\u00e0\u201d della vita ma evita di fare diretto riferimento a leggi o progetti di legge e lascia quel compito ai vescovi dei singoli paesi che conoscono lo specifico delle norme da sottoporre a critica.<\/p>\n<p>Quanto all\u2019attenzione bergogliana a non lanciare mai parole d\u2019ordine sulla vita nascente senza evocare la difesa di ogni altra vita, il messaggio di ieri \u00e8 il pi\u00f9 significativo dei quattro proposti fino a oggi: in esso l\u2019importanza del \u201cgrembo materno\u201d e degli anziani \u00e8 detta con la stessa frase. Se la Chiesa seguir\u00e0 il Papa ne potrebbe venire una predicazione pi\u00f9 equilibrata.<\/p>\n<p><strong>Luigi Accattoli<\/strong><\/p>\n<p>www.luigiaccattoli.it<\/p>\n","protected":false},"excerpt":{"rendered":"<p>Pubblicato dal \u201cCorriere della Sera\u201d del 13 agosto 2013 a pagina 19 con il titolo \u201cDifesa della vita, i segnali nuovi di Francesco\u201d &nbsp; \u201cLa vita dev\u2019essere difesa sempre, sin&#8230;<\/p>\n<div class=\"more-link-wrapper\"><a class=\"more-link\" href=\"http:\/\/www.luigiaccattoli.it\/blog\/articoli-del-corriere-della-sera\/anche-francesco-difende-la-vita-ma-con-tre-novita\/\">Read More<span class=\"screen-reader-text\">Anche Francesco difende la vita ma con tre novit\u00e0<\/span><\/a><\/div>\n","protected":false},"author":1,"featured_media":0,"parent":7661,"menu_order":0,"comment_status":"open","ping_status":"closed","template":"","meta":{"_monsterinsights_skip_tracking":false,"_monsterinsights_sitenote_active":false,"_monsterinsights_sitenote_note":"","_monsterinsights_sitenote_category":0,"footnotes":""},"class_list":["post-12350","page","type-page","status-publish","hentry","excerpt"],"_links":{"self":[{"href":"http:\/\/www.luigiaccattoli.it\/blog\/wp-json\/wp\/v2\/pages\/12350","targetHints":{"allow":["GET"]}}],"collection":[{"href":"http:\/\/www.luigiaccattoli.it\/blog\/wp-json\/wp\/v2\/pages"}],"about":[{"href":"http:\/\/www.luigiaccattoli.it\/blog\/wp-json\/wp\/v2\/types\/page"}],"author":[{"embeddable":true,"href":"http:\/\/www.luigiaccattoli.it\/blog\/wp-json\/wp\/v2\/users\/1"}],"replies":[{"embeddable":true,"href":"http:\/\/www.luigiaccattoli.it\/blog\/wp-json\/wp\/v2\/comments?post=12350"}],"version-history":[{"count":1,"href":"http:\/\/www.luigiaccattoli.it\/blog\/wp-json\/wp\/v2\/pages\/12350\/revisions"}],"predecessor-version":[{"id":12351,"href":"http:\/\/www.luigiaccattoli.it\/blog\/wp-json\/wp\/v2\/pages\/12350\/revisions\/12351"}],"up":[{"embeddable":true,"href":"http:\/\/www.luigiaccattoli.it\/blog\/wp-json\/wp\/v2\/pages\/7661"}],"wp:attachment":[{"href":"http:\/\/www.luigiaccattoli.it\/blog\/wp-json\/wp\/v2\/media?parent=12350"}],"curies":[{"name":"wp","href":"https:\/\/api.w.org\/{rel}","templated":true}]}}