{"id":13347,"date":"2014-01-13T11:16:28","date_gmt":"2014-01-13T10:16:28","guid":{"rendered":"http:\/\/www.luigiaccattoli.it\/blog\/?page_id=13347"},"modified":"2014-01-13T11:18:40","modified_gmt":"2014-01-13T10:18:40","slug":"coppie-gay-e-vaccino-contro-la-fede","status":"publish","type":"page","link":"http:\/\/www.luigiaccattoli.it\/blog\/articoli-del-corriere-della-sera\/coppie-gay-e-vaccino-contro-la-fede\/","title":{"rendered":"Coppie gay e vaccino contro la fede"},"content":{"rendered":"<p>  Pubblicato dal \u201cCorriere della Sera\u201d del 5 gennaio 2014<\/p>\n<p>La domanda su come parlare di Dio ai \u201cfigli\u201d di coppie omosessuali era gi\u00e0 nel questionario sulla famiglia fatto pubblicare da Papa Francesco il 4 novembre in preparazione del Sinodo del prossimo ottobre: \u201cNel caso di unioni di persone dello stesso sesso che abbiano adottato bambini come comportarsi pastoralmente in vista della trasmissione della fede?\u201d<br \/>\nQuel questionario rompe tutti i tab\u00f9 del perbenismo cattolico che impediva di trattare, in ambito ufficiale, la situazione di chi \u00e8 in conflitto con l\u2019ufficialit\u00e0, o fuori del campo di tolleranza delle irregolarit\u00e0. Francesco lancia un monito alla sua Chiesa perch\u00e9 nel Sinodo e sempre parli di tutto e guardi in faccia la realt\u00e0, sapendo che \u00e8 anche a queste famiglie \u201cirregolari\u201d che \u00e8 \u201cinviata\u201d.<br \/>\nLa spia di un atteggiamento realmente nuovo \u2013 di non giudizio \u2013 sulla \u201cvita\u201d delle persone omosessuali suggerito dal Papa riformatore arriva pi\u00f9 avanti ed \u00e8 implicito nelle parole con cui scongiura i religiosi a non \u201csomministrare un vaccino contro la fede\u201d ai figli adottati da coppie gay o avuti da precedenti unioni: cio\u00e8 a non usare parole di condanna di quelle persone per il solo fatto della tendenza sessuale di cui sono portatrici, condanna che li allontanerebbe per sempre dal cristianesimo. Il senso di questa battuta \u00e8 lo stesso della famosa domanda retorica rivolta ai giornalisti sull\u2019aereo a fine luglio: \u201cSe una persona \u00e8 gay e cerca il Signore e ha buona volont\u00e0, ma chi sono io per giudicarla?\u201d<br \/>\nNon credo che Francesco miri a mutare la dottrina cattolica sulle persone omosessuali, ma credo che punti \u2013 per ora \u2013 a rendere credibile l\u2019affermazione che la Chiesa non le condanna, quelle persone, per la loro tendenza ma eventualmente per la loro condotta. E\u2019 ai fini di quella credibilit\u00e0 che egli sospende il giudizio e invita a sospenderlo. Si tratta infatti di una dottrina affermata nel dopo Concilio, ma che stenta a tradursi in atteggiamenti condivisi.<br \/>\nSi direbbe che Papa Bergoglio vada tastando il terreno per misurare la compatibilit\u00e0 tra il nuovo atteggiamento, che viene proponendo e i convincimenti dominanti nella Chiesa. Ed \u00e8 verosimile che le resistenze maggiori le avr\u00e0 tra gli ecclesiastici: ecco perch\u00e9 ha fatto inserire quella domanda nel questionario ed ecco perch\u00e9 l\u2019ha riproposta ai Superiori Generali.<br \/>\nLuigi Accattoli<\/p>\n","protected":false},"excerpt":{"rendered":"<p>Pubblicato dal \u201cCorriere della Sera\u201d del 5 gennaio 2014 La domanda su come parlare di Dio ai \u201cfigli\u201d di coppie omosessuali era gi\u00e0 nel questionario sulla famiglia fatto pubblicare da&#8230;<\/p>\n<div class=\"more-link-wrapper\"><a class=\"more-link\" href=\"http:\/\/www.luigiaccattoli.it\/blog\/articoli-del-corriere-della-sera\/coppie-gay-e-vaccino-contro-la-fede\/\">Read More<span class=\"screen-reader-text\">Coppie gay e vaccino contro la fede<\/span><\/a><\/div>\n","protected":false},"author":1,"featured_media":0,"parent":7661,"menu_order":0,"comment_status":"open","ping_status":"closed","template":"","meta":{"_monsterinsights_skip_tracking":false,"_monsterinsights_sitenote_active":false,"_monsterinsights_sitenote_note":"","_monsterinsights_sitenote_category":0,"footnotes":""},"class_list":["post-13347","page","type-page","status-publish","hentry","excerpt"],"_links":{"self":[{"href":"http:\/\/www.luigiaccattoli.it\/blog\/wp-json\/wp\/v2\/pages\/13347","targetHints":{"allow":["GET"]}}],"collection":[{"href":"http:\/\/www.luigiaccattoli.it\/blog\/wp-json\/wp\/v2\/pages"}],"about":[{"href":"http:\/\/www.luigiaccattoli.it\/blog\/wp-json\/wp\/v2\/types\/page"}],"author":[{"embeddable":true,"href":"http:\/\/www.luigiaccattoli.it\/blog\/wp-json\/wp\/v2\/users\/1"}],"replies":[{"embeddable":true,"href":"http:\/\/www.luigiaccattoli.it\/blog\/wp-json\/wp\/v2\/comments?post=13347"}],"version-history":[{"count":1,"href":"http:\/\/www.luigiaccattoli.it\/blog\/wp-json\/wp\/v2\/pages\/13347\/revisions"}],"predecessor-version":[{"id":13349,"href":"http:\/\/www.luigiaccattoli.it\/blog\/wp-json\/wp\/v2\/pages\/13347\/revisions\/13349"}],"up":[{"embeddable":true,"href":"http:\/\/www.luigiaccattoli.it\/blog\/wp-json\/wp\/v2\/pages\/7661"}],"wp:attachment":[{"href":"http:\/\/www.luigiaccattoli.it\/blog\/wp-json\/wp\/v2\/media?parent=13347"}],"curies":[{"name":"wp","href":"https:\/\/api.w.org\/{rel}","templated":true}]}}