{"id":13397,"date":"2014-01-18T17:31:20","date_gmt":"2014-01-18T16:31:20","guid":{"rendered":"http:\/\/www.luigiaccattoli.it\/blog\/?page_id=13397"},"modified":"2014-01-18T17:32:55","modified_gmt":"2014-01-18T16:32:55","slug":"locchio-del-papa-su-roma","status":"publish","type":"page","link":"http:\/\/www.luigiaccattoli.it\/blog\/articoli-del-corriere-della-sera\/locchio-del-papa-su-roma\/","title":{"rendered":"L\u2019occhio del Papa su Roma"},"content":{"rendered":"<p><a name=\"_GoBack\"><\/a><\/p>\n<p><i>Pubblicato dal \u201cCorriere della Sera Roma\u201d come editoriale il 24 dicembre 2013<\/i><\/p>\n<p>&nbsp;<\/p>\n<p>Vorrebbe camminare per Roma ma confessa che \u201cancora\u201d non pu\u00f2. S&#8217;interessa a quello che succede in citt\u00e0 pi\u00f9 che se fosse il sindaco. Manda altri di notte a fare la carit\u00e0 ai senzatetto, o a visitare di giorno ospizi e case. Invita tre barboni a colazione nel giorno del suo compleanno. Dove guarda vede e lo appassiona persino una colomba che si ferma sul tettuccio della sua automobile.<\/p>\n<p>E\u2019 Papa Francesco che \u00e8 venuto dalla fine del mondo per tante missioni pi\u00f9 importanti ma anche \u2013 parrebbe \u2013 per insegnarci ad amare la nostra citt\u00e0, anzi a vederla, ch\u00e9 quasi non ne siamo pi\u00f9 capaci, travolti dalla fretta e da ogni indignazione.<\/p>\n<p>Francesco confessa di conoscere poco Roma e lamenta di non poter uscire dal Vaticano: \u201cmi sento un poco ingabbiato\u201d e racconta che a Buenos Aires era \u201cun prete callejero\u201d, di strada. Per Roma manda l\u2019elemosiniere, il padre Konrad, il quale conosce per nome i poveri che assiste e ha scelto i tre senzatetto per la colazione del compleanno, perch\u00e9 il Vangelo dice: \u201cse inviti chi ricambia che merito ne hai?\u201d<\/p>\n<p>Francesco non pu\u00f2 uscire per le strade di Roma ma le pensa come teatro della sua missione: \u201cSe una notte d\u2019inverno, qui vicino in via Ottaviano, per esempio, muore una persona, quella non \u00e8 notizia\u201d aveva protestato un giorno. Ed ecco che un morto per freddo c\u2019\u00e8 stato poco fa al parcheggio del Gianicolo e sappiamo che il Papa ha pianto quella morte.<\/p>\n<p>Ma il vescovo di Roma non si occupa solo degli stranieri. E\u2019 stato al carcere di Casal del Marmo, ha visitato il Centro Astalli che ospita i rifugiati, \u00e8 appena andato al Bambin Ges\u00f9: gli interessa sapere come in Roma vive, o sopravvive, la pianta uomo.<\/p>\n<p>Fino ad oggi \u00e8 andato in visita in due quartieri cercando il contatto con la gente. \u201cIl Papa \u00e8 in Vaticano, qui \u00e8 venuto il vescovo\u201d ha detto nella parrocchia dei santi Elisabetta e Zaccaria a Prima Porta dov\u2019\u00e8 stato il 26 maggio dando la comunione a 46 bambini dopo aver confessato otto persone e parlato con i genitori di una cinquantina di neonati battezzati nell\u2019ultimo anno.<\/p>\n<p>Il 1\u00b0 dicembre, visitando l\u2019altra parrocchia, San Cirillo Alessandrino sulla Prenestina, ha solidarizzato con la folla protestando per l\u2019eccesso delle misure di sicurezza che aveva impedito a molti di entrare nella chiesa: \u201cSappiate che io non sono d\u2019accordo con quello\u201d.<\/p>\n<p>I romani che frequentano le parrocchie avranno la possibilit\u00e0 di conoscere meglio il Papa argentino a partire da gennaio, quando a rotazione i parroci potranno portare una trentina di parrocchiani alla messa del mattino al Santa Marta e questo sar\u00e0 un fatto nuovo nella storia del rapporto dei Papi con la gente di Roma.<\/p>\n<p>Sempre in gennaio Francesco dovrebbe ricevere gli amministratori del Comune, della Provincia e della Regione e c\u2019\u00e8 da sperare che dia a tutti una scossa, perch\u00e8 ne hanno bisogno. Niente di male se un uomo venuto da lontano ci insegna ad aprire gli occhi sulla nostra citt\u00e0.<\/p>\n<p><b>Luigi Accattoli<\/b><\/p>\n<p>www.luigiaccattoli.it<\/p>\n","protected":false},"excerpt":{"rendered":"<p>Pubblicato dal \u201cCorriere della Sera Roma\u201d come editoriale il 24 dicembre 2013 &nbsp; Vorrebbe camminare per Roma ma confessa che \u201cancora\u201d non pu\u00f2. S&#8217;interessa a quello che succede in citt\u00e0&#8230;<\/p>\n<div class=\"more-link-wrapper\"><a class=\"more-link\" href=\"http:\/\/www.luigiaccattoli.it\/blog\/articoli-del-corriere-della-sera\/locchio-del-papa-su-roma\/\">Read More<span class=\"screen-reader-text\">L\u2019occhio del Papa su Roma<\/span><\/a><\/div>\n","protected":false},"author":1,"featured_media":0,"parent":7661,"menu_order":0,"comment_status":"open","ping_status":"closed","template":"","meta":{"_monsterinsights_skip_tracking":false,"_monsterinsights_sitenote_active":false,"_monsterinsights_sitenote_note":"","_monsterinsights_sitenote_category":0,"footnotes":""},"class_list":["post-13397","page","type-page","status-publish","hentry","excerpt"],"_links":{"self":[{"href":"http:\/\/www.luigiaccattoli.it\/blog\/wp-json\/wp\/v2\/pages\/13397","targetHints":{"allow":["GET"]}}],"collection":[{"href":"http:\/\/www.luigiaccattoli.it\/blog\/wp-json\/wp\/v2\/pages"}],"about":[{"href":"http:\/\/www.luigiaccattoli.it\/blog\/wp-json\/wp\/v2\/types\/page"}],"author":[{"embeddable":true,"href":"http:\/\/www.luigiaccattoli.it\/blog\/wp-json\/wp\/v2\/users\/1"}],"replies":[{"embeddable":true,"href":"http:\/\/www.luigiaccattoli.it\/blog\/wp-json\/wp\/v2\/comments?post=13397"}],"version-history":[{"count":1,"href":"http:\/\/www.luigiaccattoli.it\/blog\/wp-json\/wp\/v2\/pages\/13397\/revisions"}],"predecessor-version":[{"id":13398,"href":"http:\/\/www.luigiaccattoli.it\/blog\/wp-json\/wp\/v2\/pages\/13397\/revisions\/13398"}],"up":[{"embeddable":true,"href":"http:\/\/www.luigiaccattoli.it\/blog\/wp-json\/wp\/v2\/pages\/7661"}],"wp:attachment":[{"href":"http:\/\/www.luigiaccattoli.it\/blog\/wp-json\/wp\/v2\/media?parent=13397"}],"curies":[{"name":"wp","href":"https:\/\/api.w.org\/{rel}","templated":true}]}}