{"id":13421,"date":"2014-01-22T18:34:37","date_gmt":"2014-01-22T17:34:37","guid":{"rendered":"http:\/\/www.luigiaccattoli.it\/blog\/?page_id=13421"},"modified":"2014-01-22T18:48:41","modified_gmt":"2014-01-22T17:48:41","slug":"rodriguez-maragiaga-e-muller-sui-divorziati-risposati","status":"publish","type":"page","link":"http:\/\/www.luigiaccattoli.it\/blog\/articoli-del-corriere-della-sera\/rodriguez-maragiaga-e-muller-sui-divorziati-risposati\/","title":{"rendered":"Rodriguez Maragiaga e M\u00fcller sui divorziati risposati"},"content":{"rendered":"<p><em>Pubblicato dal \u201cCorriere della Sera\u201d del 22 gennaio 2014 a pagina 18 con il titolo \u00abFratello mio, fatti pi\u00f9 flessibile. Scontro tra cardinali sui divorziati\u00bb<\/em><\/p>\n<p>CITTA\u2019 DEL VATICANO \u2013 Di nuovo \u00e8 scontro tra due cardinali: era capitato tra Sch\u00f6nborn e Sodano nel 2010 sugli scandali sessuali e ricapita ora tra Rodriguez Maradiaga e M\u00fcller sui divorziati risposati: il primo sollecita innovazioni, il secondo riafferma la dottrina. In ambedue i casi si tratta di personaggi di primo piano ed \u00e8 sempre il cardinale residenziale o di periferia \u2013 allora Sch\u00f6nborn, ora Rodriguez Maradiaga \u2013 a criticare quello di Curia.<br \/>\nCon un articolo dello scorso ottobre Gerhard Ludwig M\u00fcller, prefetto della Congregazione per la Dottrina, chiamato a quell\u2019incarico da Benedetto e fatto ora cardinale da Francesco, metteva paletti al dibattito sulla spinosa materia che sar\u00e0 affrontata dal Concistoro straordinario del 20 febbraio e dai due Sinodi convocati per l\u2019ottobre 2014 e per l\u2019ottobre 2015.<br \/>\nOscar Rodriguez Maradiaga, dell\u2019Honduras, coordinatore degli otto cardinali che consigliano il Papa sul governo della Chiesa, cos\u00ec ha spintonato quei paletti con un\u2019intervista data ieri al quotidiano tedesco Koelner Stadt-Anzeiger: \u201cPenso di capirlo, \u00e8 anzitutto un professore di teologia tedesco, nella sua mentalit\u00e0 c\u2019\u00e8 solo il vero e il falso. Per\u00f2 io dico: fratello mio, il mondo non \u00e8 cos\u00ec, tu dovresti essere un po\u2019 flessibile quando ascolti altre voci e quindi non solo ascoltare e dire no\u201d. Il cardinale honduregno aggiunge che il collega \u201carriver\u00e0 a comprendere anche altre posizioni\u201d, bench\u00e8 per ora \u201cascolti solo il suo gruppo di consiglieri\u201d.<br \/>\nDove il tedesco vedeva poco margine di manovra, l\u2019honduregno assicura che ce n\u2019\u00e8 assai: \u201cDopo il fallimento di un matrimonio ci possiamo chiedere: gli sposi erano veramente uniti in Dio? L\u00ec c\u2019\u00e8 ancora molto spazio per un esame pi\u00f9 approfondito\u201d. Si direbbe che sia la stessa via indicata dal Papa in aereo il 29 luglio, quando aveva ricordato che il cardinale Quarracino, suo predecessore a Buenos Aires, considerava \u201cnulli\u201d la met\u00e0 dei matrimoni: \u201cPerch\u00e9 si sposano senza maturit\u00e0, si sposano senza accorgersi che \u00e8 per tutta la vita\u201d. E quindi il Papa sollevava \u201cil problema giudiziale della nullit\u00e0 dei matrimoni\u201d, affermando che \u201cquello si deve rivedere, perch\u00e9 i tribunali ecclesiastici non bastano per questo\u201d.<br \/>\nE\u2019 verosimile che il cardinale Rodriguez Maradiaga abbia pensato di esplorare altre vie per il riconoscimento della nullit\u00e0 oltre a quella del ricorso ai tribunali ecclesiastici. \u201cIn futuro si potrebbe anche arrivare a una constatazione extragiudiziale della nullit\u00e0 del primo matrimonio\u201d aveva affermato nel 1996 in un\u2019intervista il cardinale Ratzinger. Un\u2019idea che in Italia era stata sostenuta dai cardinali Tonini e Martini e in Germania da Lehmann e Kasper. Ma un\u2019idea che M\u00fcller nel suo articolo era sembrato escludere, affermando che la nullit\u00e0 \u201cdev\u2019essere oggettivamente dimostrata dalla competente autorit\u00e0 giudiziaria\u201d.<br \/>\nCon questa intervista strategica il cardinale honduregno riapre \u2013 in vista del dibattito che avranno tra un mese in Vaticano i cardinali di tutto il mondo \u2013 i giochi che il tedesco aveva provato a chiudere.<br \/>\nLuigi Accattoli<br \/>\nwww.luigiaccattoli.it<\/p>\n","protected":false},"excerpt":{"rendered":"<p>Pubblicato dal \u201cCorriere della Sera\u201d del 22 gennaio 2014 a pagina 18 con il titolo \u00abFratello mio, fatti pi\u00f9 flessibile. Scontro tra cardinali sui divorziati\u00bb CITTA\u2019 DEL VATICANO \u2013 Di&#8230;<\/p>\n<div class=\"more-link-wrapper\"><a class=\"more-link\" href=\"http:\/\/www.luigiaccattoli.it\/blog\/articoli-del-corriere-della-sera\/rodriguez-maragiaga-e-muller-sui-divorziati-risposati\/\">Read More<span class=\"screen-reader-text\">Rodriguez Maragiaga e M\u00fcller sui divorziati risposati<\/span><\/a><\/div>\n","protected":false},"author":1,"featured_media":0,"parent":7661,"menu_order":0,"comment_status":"open","ping_status":"closed","template":"","meta":{"_monsterinsights_skip_tracking":false,"_monsterinsights_sitenote_active":false,"_monsterinsights_sitenote_note":"","_monsterinsights_sitenote_category":0,"footnotes":""},"class_list":["post-13421","page","type-page","status-publish","hentry","excerpt"],"_links":{"self":[{"href":"http:\/\/www.luigiaccattoli.it\/blog\/wp-json\/wp\/v2\/pages\/13421","targetHints":{"allow":["GET"]}}],"collection":[{"href":"http:\/\/www.luigiaccattoli.it\/blog\/wp-json\/wp\/v2\/pages"}],"about":[{"href":"http:\/\/www.luigiaccattoli.it\/blog\/wp-json\/wp\/v2\/types\/page"}],"author":[{"embeddable":true,"href":"http:\/\/www.luigiaccattoli.it\/blog\/wp-json\/wp\/v2\/users\/1"}],"replies":[{"embeddable":true,"href":"http:\/\/www.luigiaccattoli.it\/blog\/wp-json\/wp\/v2\/comments?post=13421"}],"version-history":[{"count":5,"href":"http:\/\/www.luigiaccattoli.it\/blog\/wp-json\/wp\/v2\/pages\/13421\/revisions"}],"predecessor-version":[{"id":13427,"href":"http:\/\/www.luigiaccattoli.it\/blog\/wp-json\/wp\/v2\/pages\/13421\/revisions\/13427"}],"up":[{"embeddable":true,"href":"http:\/\/www.luigiaccattoli.it\/blog\/wp-json\/wp\/v2\/pages\/7661"}],"wp:attachment":[{"href":"http:\/\/www.luigiaccattoli.it\/blog\/wp-json\/wp\/v2\/media?parent=13421"}],"curies":[{"name":"wp","href":"https:\/\/api.w.org\/{rel}","templated":true}]}}