{"id":13552,"date":"2014-02-14T13:16:41","date_gmt":"2014-02-14T12:16:41","guid":{"rendered":"http:\/\/www.luigiaccattoli.it\/blog\/?page_id=13552"},"modified":"2018-10-19T11:25:35","modified_gmt":"2018-10-19T09:25:35","slug":"invocazione-breve-allo-spirito-santo","status":"publish","type":"page","link":"http:\/\/www.luigiaccattoli.it\/blog\/pizza-e-vangelo\/invocazione-breve-allo-spirito-santo\/","title":{"rendered":"Invocazione breve allo Spirito Santo"},"content":{"rendered":"<p>Luned\u00ec 17 febbraio 2014<br \/>\nSerata a complemento della lettura del brano degli Atti sulla Pentecoste: 2, 1-13<\/p>\n<p>Amici belli, luned\u00ec dedichiamo la serata a un&#8217;esposizione della &#8220;Invocazione breve allo Spirito Santo&#8221; che ho proposto nell&#8217;ultimo incontro e che riporto qui sotto, con qualche annotazione per la preparazione all&#8217;appuntamento&#8230; a presto&#8230; Luigi<\/p>\n<p><strong>Invocazione breve allo Spirito Santo<\/strong><br \/>\n(mia proposta)<\/p>\n<p><em>Nel nome del Padre del Figlio e dello Spirito Santo.<br \/>\nVieni Santo Spirito manda a noi dal cielo un raggio della tua luce.<br \/>\nAiutaci ad avere in noi le parole e i sentimenti di Ges\u00f9,<br \/>\nguidaci a vivere secondo la sua volont\u00e0.<br \/>\nVieni Consolatore degli umili, vieni Padre dei poveri<br \/>\ninsegnaci a riconoscerti in ciascuno dei tuoi figli<br \/>\na partire dai pi\u00f9 tribolati<br \/>\ne da coloro che non ti conoscono. Amen<\/em><\/p>\n<p>&#8230;&#8230;&#8230;&#8230;&#8230;&#8230;&#8230;&#8230;&#8230;&#8230;&#8230;&#8230;&#8230;.<br \/>\nSpunti di riflessione<\/p>\n<p>a. L&#8217;invocazione \u00e8 aperta dal Segno della Croce. Questa apertura vorrebbe suggerire l&#8217;opportunit\u00e0 che ogni nostra preghiera si avvii con il Segno della Croce, cio\u00e8 con l&#8217;invocazione alla Trinit\u00e0 e abbia come suo primo momento una richiesta di aiuto allo Spirito Santo senza il quale non potremmo neanche dire &#8220;Padre&#8221;: &#8220;Dio ha mandato nei nostri cuori lo Spirito del suo Figlio che grida: Abb\u00e0, Padre!&#8221; (Galati 4,6).<\/p>\n<p>b. La seconda riga \u00e8 presa dall&#8217;incipit della sequenza &#8220;Veni Sancte Spiritus&#8221; che il rito romano pone dopo la seconda lettura della domenica di Pentecoste. <\/p>\n<p>c. La terza e quarta riga chiedono l&#8217;aiuto allo Spirito per parlare, sentire e vivere da discepoli del Signore. <\/p>\n<p>d. Nella terza riga c&#8217;\u00e8 il rimando a Ges\u00f9 che dice: &#8220;Lo Spirito Santo v\u2019insegner\u00e0 in quell\u2019ora stessa quel che dovrete dire&#8221; (Luca 12:11-12), e ancora: &#8220;Vi rammenter\u00e0 tutto quello che v\u2019ho detto&#8221; (Giovanni 14:26).<\/p>\n<p>e. Sempre la terza riga si rif\u00e0 all&#8217;apostolo Paolo che dice &#8220;Abbiate in voi gli stessi sentimenti che furono in Cristo Ges\u00f9&#8221; (Filippesi 2, 3).<\/p>\n<p>f. La quarta riga \u00e8 una variante dell&#8217;invocazione del Padre Nostro che dice &#8220;sia fatta la tua volont\u00e0&#8221;.<\/p>\n<p>g. La quinta riga si rif\u00e0 alla seconda e terza strofa della sequenza &#8220;Veni Sancte Spiritus&#8221; di cui ho detto al punto &#8220;b&#8221;.<\/p>\n<p>h. L&#8217;ultimo periodo nomina gli umili, i poveri e i tribolati invitando all&#8217;uscita verso di essi secondo l&#8217;insegnamento di Papa Francesco. <\/p>\n","protected":false},"excerpt":{"rendered":"<p>Luned\u00ec 17 febbraio 2014 Serata a complemento della lettura del brano degli Atti sulla Pentecoste: 2, 1-13 Amici belli, luned\u00ec dedichiamo la serata a un&#8217;esposizione della &#8220;Invocazione breve allo Spirito&#8230;<\/p>\n<div class=\"more-link-wrapper\"><a class=\"more-link\" href=\"http:\/\/www.luigiaccattoli.it\/blog\/pizza-e-vangelo\/invocazione-breve-allo-spirito-santo\/\">Read More<span class=\"screen-reader-text\">Invocazione breve allo Spirito Santo<\/span><\/a><\/div>\n","protected":false},"author":1,"featured_media":0,"parent":13207,"menu_order":0,"comment_status":"open","ping_status":"closed","template":"","meta":{"_monsterinsights_skip_tracking":false,"_monsterinsights_sitenote_active":false,"_monsterinsights_sitenote_note":"","_monsterinsights_sitenote_category":0,"footnotes":""},"class_list":["post-13552","page","type-page","status-publish","hentry","excerpt"],"_links":{"self":[{"href":"http:\/\/www.luigiaccattoli.it\/blog\/wp-json\/wp\/v2\/pages\/13552","targetHints":{"allow":["GET"]}}],"collection":[{"href":"http:\/\/www.luigiaccattoli.it\/blog\/wp-json\/wp\/v2\/pages"}],"about":[{"href":"http:\/\/www.luigiaccattoli.it\/blog\/wp-json\/wp\/v2\/types\/page"}],"author":[{"embeddable":true,"href":"http:\/\/www.luigiaccattoli.it\/blog\/wp-json\/wp\/v2\/users\/1"}],"replies":[{"embeddable":true,"href":"http:\/\/www.luigiaccattoli.it\/blog\/wp-json\/wp\/v2\/comments?post=13552"}],"version-history":[{"count":4,"href":"http:\/\/www.luigiaccattoli.it\/blog\/wp-json\/wp\/v2\/pages\/13552\/revisions"}],"predecessor-version":[{"id":22173,"href":"http:\/\/www.luigiaccattoli.it\/blog\/wp-json\/wp\/v2\/pages\/13552\/revisions\/22173"}],"up":[{"embeddable":true,"href":"http:\/\/www.luigiaccattoli.it\/blog\/wp-json\/wp\/v2\/pages\/13207"}],"wp:attachment":[{"href":"http:\/\/www.luigiaccattoli.it\/blog\/wp-json\/wp\/v2\/media?parent=13552"}],"curies":[{"name":"wp","href":"https:\/\/api.w.org\/{rel}","templated":true}]}}