{"id":13657,"date":"2014-02-28T10:34:08","date_gmt":"2014-02-28T09:34:08","guid":{"rendered":"http:\/\/www.luigiaccattoli.it\/blog\/?page_id=13657"},"modified":"2014-02-28T10:34:08","modified_gmt":"2014-02-28T09:34:08","slug":"indice-5","status":"publish","type":"page","link":"http:\/\/www.luigiaccattoli.it\/blog\/antologia-delle-pubblicazioni-2\/indice-5\/","title":{"rendered":"Indice"},"content":{"rendered":"<p><span style=\"font-size: x-large;\"><b>\u00a0<\/b><\/span><\/p>\n<p>Premessa.<b> Francesco dei poveri e della misericordia<\/b><\/p>\n<p><b>1. Un papa nuovo che spinge a osare l\u2019inedito<\/b><\/p>\n<p>Excursus 1. Francesco in discontinuit\u00e0 con quattro papi<\/p>\n<p>Excursus 2. C\u2019era chi sognava un papa di nome Francesco<\/p>\n<p><b>2. Eletto a mezzo secolo dal concilio e da Medellin<\/b><\/p>\n<p>Excursus 1. La crisi delle Chiese europee al Sinodo del 2012<\/p>\n<p>Excursus 2. Dal Sinodo al Conclave il passo fu breve<\/p>\n<p>Excursus 3. Temi bergogliani nel documento di Aparecida 2007<\/p>\n<p><b>3. Innanzitutto vescovo di Roma<\/b><\/p>\n<p>Excursus 1. Segno ecumenico del titolo di \u201cvescovo di Roma\u201d<\/p>\n<p>Excursus 2. Nuova liturgia romana dell\u2019inchino<\/p>\n<p>Excursus 3. Cause psichiatriche della fuga dall\u2019appartamento<\/p>\n<p><b>4. Per una Chiesa missionaria e povera <\/b><\/p>\n<p>Excursus 1. Quando Bergoglio pensava al \u201cprossimo papa\u201d<\/p>\n<p>Excursus 2. Diventare povero e diventare umile secondo Jorge Mario<b> <\/b><\/p>\n<p><b>5. La comunit\u00e0 ecclesiale come ospedale da campo<\/b><\/p>\n<p>Excursus 1. Le telefonate di Francesco dall\u2019ospedale da campo<\/p>\n<p>Excursus 2 . Ogni due settimane chiama un gruppo di carcerati<\/p>\n<p><b>6. Prima il Vangelo della misericordia e dopo la dottrina<\/b><\/p>\n<p>Excursus. Contro il \u201criduzionismo ignobile\u201d del Kerigma a morale sessuale<\/p>\n<p><b>7. No alla politica e alle ideologie per parlare a tutti<\/b><\/p>\n<p>Excursus. Anche Francesco difende la vita ma con quattro novit\u00e0<\/p>\n<p><b>8. Giustizia pace creato: la denuncia dei \u201cpeccati sociali\u201d<\/b><\/p>\n<p>Excursus. Peccati sociali e pastori assopiti o venduti<\/p>\n<p><b>9. Nuova lingua e nuovo atteggiamento <\/b><\/p>\n<p>Excursus 1. La grammatica della semplicit\u00e0<\/p>\n<p>Excursus 2. Perch\u00e9 Bergoglio parla in parabole<\/p>\n<p><b>10. L\u2019atteggiamento pi\u00f9 nuovo \u00e8 quello della libert\u00e0<\/b><\/p>\n<p>Excursus 1. Una sedia vuota come segno di autonomia<\/p>\n<p>Excursus 2. Libero verso il papa emerito<\/p>\n<p>Excursus 3. La continuit\u00e0 con Benedetto \u00e8 sulla teologia dell\u2019amore<\/p>\n<p><b>11. Quale governo e quali riforme<\/b><\/p>\n<p>Excursus 1. Che pensa dell\u2019Italia e dei nostri vescovi<\/p>\n<p>Excursus 2. I delusi da Francesco: \u201cQuesto mi \u00e8 stato rimproverato\u201d<\/p>\n<p><b>12. Da dove gli venga quell\u2019allegria manifesta e debordante<\/b><\/p>\n<p>Excursus 1. Nel Conclave del 2005 si era tirato indietro<\/p>\n<p>Excursus 2. \u201cChe avrei fatto se mi avessero eletto\u201d<\/p>\n<p><b>Bibliografia<\/b><\/p>\n","protected":false},"excerpt":{"rendered":"<p>\u00a0 Premessa. Francesco dei poveri e della misericordia 1. Un papa nuovo che spinge a osare l\u2019inedito Excursus 1. Francesco in discontinuit\u00e0 con quattro papi Excursus 2. C\u2019era chi sognava&#8230;<\/p>\n<div class=\"more-link-wrapper\"><a class=\"more-link\" href=\"http:\/\/www.luigiaccattoli.it\/blog\/antologia-delle-pubblicazioni-2\/indice-5\/\">Read More<span class=\"screen-reader-text\">Indice<\/span><\/a><\/div>\n","protected":false},"author":1,"featured_media":0,"parent":56,"menu_order":0,"comment_status":"open","ping_status":"closed","template":"","meta":{"_monsterinsights_skip_tracking":false,"_monsterinsights_sitenote_active":false,"_monsterinsights_sitenote_note":"","_monsterinsights_sitenote_category":0,"footnotes":""},"class_list":["post-13657","page","type-page","status-publish","hentry","excerpt"],"_links":{"self":[{"href":"http:\/\/www.luigiaccattoli.it\/blog\/wp-json\/wp\/v2\/pages\/13657","targetHints":{"allow":["GET"]}}],"collection":[{"href":"http:\/\/www.luigiaccattoli.it\/blog\/wp-json\/wp\/v2\/pages"}],"about":[{"href":"http:\/\/www.luigiaccattoli.it\/blog\/wp-json\/wp\/v2\/types\/page"}],"author":[{"embeddable":true,"href":"http:\/\/www.luigiaccattoli.it\/blog\/wp-json\/wp\/v2\/users\/1"}],"replies":[{"embeddable":true,"href":"http:\/\/www.luigiaccattoli.it\/blog\/wp-json\/wp\/v2\/comments?post=13657"}],"version-history":[{"count":1,"href":"http:\/\/www.luigiaccattoli.it\/blog\/wp-json\/wp\/v2\/pages\/13657\/revisions"}],"predecessor-version":[{"id":13662,"href":"http:\/\/www.luigiaccattoli.it\/blog\/wp-json\/wp\/v2\/pages\/13657\/revisions\/13662"}],"up":[{"embeddable":true,"href":"http:\/\/www.luigiaccattoli.it\/blog\/wp-json\/wp\/v2\/pages\/56"}],"wp:attachment":[{"href":"http:\/\/www.luigiaccattoli.it\/blog\/wp-json\/wp\/v2\/media?parent=13657"}],"curies":[{"name":"wp","href":"https:\/\/api.w.org\/{rel}","templated":true}]}}