{"id":13658,"date":"2014-02-28T10:33:24","date_gmt":"2014-02-28T09:33:24","guid":{"rendered":"http:\/\/www.luigiaccattoli.it\/blog\/?page_id=13658"},"modified":"2014-02-28T10:40:58","modified_gmt":"2014-02-28T09:40:58","slug":"premessa-5","status":"publish","type":"page","link":"http:\/\/www.luigiaccattoli.it\/blog\/antologia-delle-pubblicazioni-2\/premessa-5\/","title":{"rendered":"Premessa"},"content":{"rendered":"<p>&nbsp;<\/p>\n<p><span style=\"font-family: 'Times New Roman', serif;\"><span style=\"font-size: large;\"><b>Francesco dei poveri e della misericordia<\/b><\/span><\/span><\/p>\n<p><span style=\"font-family: 'Times New Roman', serif;\"><span style=\"font-size: large;\">Questo \u00e8 uno studio sulla novit\u00e0 di papa Francesco: la discontinuit\u00e0 della figura papale che propone, rispetto non solo a Benedetto ma all\u2019insieme degli ultimi quattro papi \u201cconciliari\u201d; e i contenuti a volte sorprendenti della sua predicazione. La riforma del governo della Chiesa, quella del linguaggio e quella degli atteggiamenti sono le promesse coinvolgenti di questo avvio di pontificato. Abbozzo una sua collocazione storica a mezzo secolo dal Concilio e da Medellin. Interrogo il lascito della Conferenza di Aparecida (2007) che \u00e8 la carta di identit\u00e0 del papa argentino. Da romano di adozione, mi rallegro d\u2019avere un papa che si presenta innanzitutto come vescovo di Roma. Il suo impegno per una Chiesa missionaria e povera, la sua disponibilit\u00e0 a prestare servizio in prima persona nell\u2019ospedale da campo in cui vorrebbe trasformata la comunit\u00e0 cristiana ci dicono insieme la persona e il programma. <\/span><\/span><\/p>\n<p><span style=\"font-family: 'Times New Roman', serif;\"><span style=\"font-size: large;\">Egli vuole che il Vangelo della misericordia abbia il primo posto nella predicazione della Chiesa, che dovrebbe trovare un nuovo equilibrio tra primo annuncio e richiamo ai valori non negoziabili. Segnalo come novit\u00e0 pi\u00f9 vive tra tutte il monito a non fare del Vangelo un\u2019ideologia e a non proporre la fede con i toni e metodi di chi mira a condizionare le scelte di vita delle persone che non l\u2019accolgono. M&#8217;interrogo in finale sulla fonte di quell\u2019allegria manifesta e debordante di cui Francesco d\u00e0 prova ogni volta che svolge il compito dell\u2019annunciatore: azzardo l\u2019idea che gli venga dall\u2019affidarsi \u2013 secondo la pedagogia dell\u2019<\/span><\/span><span style=\"font-family: 'Times New Roman', serif;\"><span style=\"font-size: large;\"><i>indifferenza<\/i><\/span><\/span><span style=\"font-family: 'Times New Roman', serif;\"><span style=\"font-size: large;\"> ignaziana \u2013<\/span><\/span><span style=\"font-family: 'Times New Roman', serif;\"><span style=\"font-size: large;\"> alla spensierata e imprevidente volont\u00e0 divina. <\/span><\/span><\/p>\n<p><span style=\"font-family: 'Times New Roman', serif;\"><span style=\"font-size: large;\">Divido la materia in dodici capitoli che trattano le questioni che ho nominato qui sopra e in ventiquattro excursus su aspetti minori: dalla diffusa aspettativa di un papa che prendesse il nome di Francesco \u2013 facilmente documentabile \u2013 alla scelta di abbandonare l\u2019appartamento papale e la villa di Castel Gandolfo, alle telefonate con cui entra in contatto con le persone pi\u00f9 diverse, al modo di difendere la vita e la famiglia che \u00e8 diverso da quello dei predecessori, alla \u201cgrammatica della semplicit\u00e0\u201d che viene proponendo, alla domanda sulla sorte che potr\u00e0 avere la sua proposta dell\u2019inedito a una Chiesa cos\u00ec bene ancorata a una tradizione due volte millenaria.<\/span><\/span><\/p>\n","protected":false},"excerpt":{"rendered":"<p>&nbsp; Francesco dei poveri e della misericordia Questo \u00e8 uno studio sulla novit\u00e0 di papa Francesco: la discontinuit\u00e0 della figura papale che propone, rispetto non solo a Benedetto ma all\u2019insieme&#8230;<\/p>\n<div class=\"more-link-wrapper\"><a class=\"more-link\" href=\"http:\/\/www.luigiaccattoli.it\/blog\/antologia-delle-pubblicazioni-2\/premessa-5\/\">Read More<span class=\"screen-reader-text\">Premessa<\/span><\/a><\/div>\n","protected":false},"author":1,"featured_media":0,"parent":56,"menu_order":0,"comment_status":"open","ping_status":"closed","template":"","meta":{"_monsterinsights_skip_tracking":false,"_monsterinsights_sitenote_active":false,"_monsterinsights_sitenote_note":"","_monsterinsights_sitenote_category":0,"footnotes":""},"class_list":["post-13658","page","type-page","status-publish","hentry","excerpt"],"_links":{"self":[{"href":"http:\/\/www.luigiaccattoli.it\/blog\/wp-json\/wp\/v2\/pages\/13658","targetHints":{"allow":["GET"]}}],"collection":[{"href":"http:\/\/www.luigiaccattoli.it\/blog\/wp-json\/wp\/v2\/pages"}],"about":[{"href":"http:\/\/www.luigiaccattoli.it\/blog\/wp-json\/wp\/v2\/types\/page"}],"author":[{"embeddable":true,"href":"http:\/\/www.luigiaccattoli.it\/blog\/wp-json\/wp\/v2\/users\/1"}],"replies":[{"embeddable":true,"href":"http:\/\/www.luigiaccattoli.it\/blog\/wp-json\/wp\/v2\/comments?post=13658"}],"version-history":[{"count":2,"href":"http:\/\/www.luigiaccattoli.it\/blog\/wp-json\/wp\/v2\/pages\/13658\/revisions"}],"predecessor-version":[{"id":13669,"href":"http:\/\/www.luigiaccattoli.it\/blog\/wp-json\/wp\/v2\/pages\/13658\/revisions\/13669"}],"up":[{"embeddable":true,"href":"http:\/\/www.luigiaccattoli.it\/blog\/wp-json\/wp\/v2\/pages\/56"}],"wp:attachment":[{"href":"http:\/\/www.luigiaccattoli.it\/blog\/wp-json\/wp\/v2\/media?parent=13658"}],"curies":[{"name":"wp","href":"https:\/\/api.w.org\/{rel}","templated":true}]}}