{"id":13736,"date":"2014-03-12T18:55:52","date_gmt":"2014-03-12T17:55:52","guid":{"rendered":"http:\/\/www.luigiaccattoli.it\/blog\/?page_id=13736"},"modified":"2014-03-12T18:55:52","modified_gmt":"2014-03-12T17:55:52","slug":"papa-francesco-a-un-anno-dallelezione","status":"publish","type":"page","link":"http:\/\/www.luigiaccattoli.it\/blog\/articoli-del-corriere-della-sera\/papa-francesco-a-un-anno-dallelezione\/","title":{"rendered":"Papa Francesco a un anno dall\u2019elezione"},"content":{"rendered":"<p><a name=\"_GoBack\"><\/a><\/p>\n<p><i>Pubblicato dal \u201cCorriere della Sera\u201d il 12 marzo 2014 a pagina 23 con il titolo \u201cIl Papa e la Chiesa povera che si allontana dall\u2019Occidente\u201d<\/i><\/p>\n<p>A un anno dall\u2019elezione tanti si allietano di Papa Francesco e si augurano ch\u2019egli riesca nelle riforme che si \u00e8 proposto, ma forse la sua Chiesa in uscita \u2013 se riuscir\u00e0 a realizzarla \u2013 sar\u00e0 una buona notizia solo per il Sud del Mondo: la vuole infatti come Chiesa dei poveri e al Nord ricco pi\u00f9 volte in quest\u2019anno ha gridato \u201cvergogna\u201d e l\u2019ha posto sotto accusa.<\/p>\n<p>E\u2019 la prima volta che un rappresentante dell\u2019umanit\u00e0 del bisogno parla a nome del mondo cristiano e si propone di rendere operativa in tutta la Chiesa cattolica la \u201cscelta preferenziale per i poveri\u201d formulata nel 1968 a Medellin dagli episcopati latino-americani. Nonostante le invettive che le rivolge, l\u2019umanit\u00e0 del benessere l\u2019applaude perch\u00e9 Francesco alleggerisce il conflitto ideologico con la societ\u00e0 secolare e pochi si avvedono che il suo non \u00e8 un balzo nella modernit\u00e0, \u00e8 piuttosto un balzo nella missione e quella missione comporta un allontanamento dall\u2019Occidente o quantomeno dall\u2019Europa.<\/p>\n<p>La direzione impressa al Pontificato apparve chiara in luglio con l\u2019andata a Lampedusa e l\u2019analogo proclama che lanci\u00f2 dalla cintura della miseria di Rio de Janeiro, dove present\u00f2 la sua Chiesa come \u201cavvocata della giustizia e difensore dei poveri contro le disuguaglianze sociali ed economiche intollerabili che gridano al cielo\u201d. Ma a breve quella scelta di campo sar\u00e0 ancora pi\u00f9 evidente: il Papa venuto dalla fine del mondo ha in programma viaggi in Medio Oriente, Asia e Africa che daranno la piena misura della sua sfida all\u2019umanit\u00e0 del benessere alla quale appartiene l\u2019istituzione che governa.<\/p>\n<p>Nessun Papa in epoca contemporanea aveva posto tanti segni di novit\u00e0 in cos\u00ec poco tempo. Neanche Roncalli che apr\u00ec le finestre senza temere i venti e neanche Wojtyla, che fu il primo a venire \u201cda un paese lontano\u201d. Spogliandosi del rosso imperiale delle vesti e restando con la tunica bianca del missionario, lasciando l\u2019appartamento e la villa di Castel Gandolfo, scegliendo un\u2019utilitaria per gli spostamenti, portando da solo la borsa mentre sale sull\u2019aereo per il Brasile o sul pullman per Ariccia, egli propone una figura papale in discontinuit\u00e0 rispetto non solo a Benedetto ma all\u2019insieme degli ultimi quattro papi \u201cconciliari\u201d.<\/p>\n<p>Altrettanto nuovo \u00e8 il suo programma riformatore: proponendo una \u201criforma della Chiesa in uscita missionaria\u201d egli invita la cattolicit\u00e0 a superare il modello di Chiesa \u201ccostituita\u201d della tradizione europea e propone la \u201cconversione\u201d a una Chiesa in missione, intesa a raggiungere ogni periferia e meno preoccupata di difendere le conquiste della vecchia cristianit\u00e0. Ha detto che vuole una conversione missionaria persino del Papato, che costituisce il quartiere generale di quella difesa.<\/p>\n<p>Le Chiese dell\u2019Europa \u2013 non solo quella Cattolica \u2013 sono state costrette sulla difensiva dall\u2019evoluzione del costume e delle leggi a partire dall\u2019illuminismo. Assediate dalla modernit\u00e0, hanno alzato barriere contro di essa e dentro alle mura sono restate per due secoli abbondanti, mentre la missione continuavano ad attuarla negli altri continenti. Si tratta, a ben vedere, dei \u201cduecento anni di ritardo\u201d sui quali s\u2019interrogava il cardinale gesuita Martini alla fine dei suoi giorni. Ed ecco un Papa gesuita venuto dal Sud che si propone di sbloccare l\u2019impasse: qui forse \u00e8 il vero significato dell\u2019elezione \u2013 per la prima volta nella storia \u2013 di un cardinale che non si \u00e8 formato nel campo trincerato della cattolicit\u00e0 europea.<\/p>\n<p>L\u2019uscita dalle comodit\u00e0 per andare ai poveri \u2013 come ama dire Bergoglio \u2013 \u00e8 Vangelo puro, ma \u00e8 un Vangelo che solo per i poveri \u00e8 davvero un lieto annuncio. E\u2019 dunque prevedibile lo sviluppo di un aperto conflitto con lo scatenamento degli egoismi che caratterizza il Nord del mondo. Fino a oggi avevamo visto l\u2019Occidente che si allontanava dalle Chiese, con Papa Francesco iniziamo a vedere le Chiese che si allontanano dall\u2019Occidente.<\/p>\n<p><b>Luigi Accattoli<\/b><\/p>\n","protected":false},"excerpt":{"rendered":"<p>Pubblicato dal \u201cCorriere della Sera\u201d il 12 marzo 2014 a pagina 23 con il titolo \u201cIl Papa e la Chiesa povera che si allontana dall\u2019Occidente\u201d A un anno dall\u2019elezione tanti&#8230;<\/p>\n<div class=\"more-link-wrapper\"><a class=\"more-link\" href=\"http:\/\/www.luigiaccattoli.it\/blog\/articoli-del-corriere-della-sera\/papa-francesco-a-un-anno-dallelezione\/\">Read More<span class=\"screen-reader-text\">Papa Francesco a un anno dall\u2019elezione<\/span><\/a><\/div>\n","protected":false},"author":1,"featured_media":0,"parent":7661,"menu_order":0,"comment_status":"open","ping_status":"closed","template":"","meta":{"_monsterinsights_skip_tracking":false,"_monsterinsights_sitenote_active":false,"_monsterinsights_sitenote_note":"","_monsterinsights_sitenote_category":0,"footnotes":""},"class_list":["post-13736","page","type-page","status-publish","hentry","excerpt"],"_links":{"self":[{"href":"http:\/\/www.luigiaccattoli.it\/blog\/wp-json\/wp\/v2\/pages\/13736","targetHints":{"allow":["GET"]}}],"collection":[{"href":"http:\/\/www.luigiaccattoli.it\/blog\/wp-json\/wp\/v2\/pages"}],"about":[{"href":"http:\/\/www.luigiaccattoli.it\/blog\/wp-json\/wp\/v2\/types\/page"}],"author":[{"embeddable":true,"href":"http:\/\/www.luigiaccattoli.it\/blog\/wp-json\/wp\/v2\/users\/1"}],"replies":[{"embeddable":true,"href":"http:\/\/www.luigiaccattoli.it\/blog\/wp-json\/wp\/v2\/comments?post=13736"}],"version-history":[{"count":1,"href":"http:\/\/www.luigiaccattoli.it\/blog\/wp-json\/wp\/v2\/pages\/13736\/revisions"}],"predecessor-version":[{"id":13737,"href":"http:\/\/www.luigiaccattoli.it\/blog\/wp-json\/wp\/v2\/pages\/13736\/revisions\/13737"}],"up":[{"embeddable":true,"href":"http:\/\/www.luigiaccattoli.it\/blog\/wp-json\/wp\/v2\/pages\/7661"}],"wp:attachment":[{"href":"http:\/\/www.luigiaccattoli.it\/blog\/wp-json\/wp\/v2\/media?parent=13736"}],"curies":[{"name":"wp","href":"https:\/\/api.w.org\/{rel}","templated":true}]}}