{"id":13781,"date":"2014-03-20T09:43:00","date_gmt":"2014-03-20T08:43:00","guid":{"rendered":"http:\/\/www.luigiaccattoli.it\/blog\/?page_id=13781"},"modified":"2014-03-20T09:43:00","modified_gmt":"2014-03-20T08:43:00","slug":"lettera-familiare-de-la-casa-sul-pozzo-6-per-le-tre-bambine-albanesi-uccise-dalla-mamma","status":"publish","type":"page","link":"http:\/\/www.luigiaccattoli.it\/blog\/cerco-fatti-di-vangelo\/documentazione\/lettera-familiare-de-la-casa-sul-pozzo-6-per-le-tre-bambine-albanesi-uccise-dalla-mamma\/","title":{"rendered":"Lettera familiare de la \u201cCasa sul Pozzo\u201d 6 per le tre bambine albanesi uccise dalla mamma"},"content":{"rendered":"<p>15 marzo 2014<\/p>\n<p><span style=\"font-family: 'Times New Roman', serif;\"><span style=\"font-size: medium;\">Care Amiche ed Amici<\/span><\/span><\/p>\n<p><span style=\"font-family: 'Times New Roman', serif;\"><span style=\"font-size: medium;\">sento il bisogno di scrivere in anticipo la lettera mensile perch\u00e9 quello che abbiamo vissuto in questa settimana condensa e stordisce una vita intera.<\/span><\/span><\/p>\n<p><span style=\"font-family: 'Times New Roman', serif;\"><span style=\"font-size: medium;\">Per me tutto \u00e8 iniziato alle 8 meno dieci di domenica scorsa (09 marzo) con una telefonata di <\/span><\/span><span style=\"font-family: 'Times New Roman', serif;\"><span style=\"font-size: medium;\">Virginio Brivio (il nostro sindaco) che mi da la notizia dell\u2019uccisione di tre bambine: 4, 10, 13 anni da parte della madre. Vado a celebrare al Gaggio la messa domenicale. Al rientro, all\u2019altezza del rond\u00f2 di corso Bergamo: carabinieri, polizia, spazio transennato. Il tempo per costruire una mappa delle persone che si chiarisce verso le 12. Nel primo pomeriggio scrivo e invio il seguente comunicato: <\/span><\/span><span style=\"font-family: 'Times New Roman', serif;\"><span style=\"font-size: medium;\"><i>La Casa sul Pozzo \u00e8 scossa profondamente dalla tragedia che si \u00e8 verificata questa mattina, domenica 9 marzo, ad alcune centinaia di metri dalla propria sede, in corso Bergamo nel quartiere di Chiuso.<\/i><\/span><\/span><\/p>\n<p><span style=\"font-family: 'Times New Roman', serif;\"><span style=\"font-size: medium;\"><i>Viviamo il dolore di abitare vicini e di essere sconosciuti reciprocamente.<\/i><\/span><\/span><\/p>\n<p><span style=\"font-family: 'Times New Roman', serif;\"><span style=\"font-size: medium;\"><i>Sentiamo acuto il peso che queste vite sono chiamate a sostenere: quelle degli adulti, spesso soli e delusi; quelle dei giovani figli sui quali si scaricano frustrazioni e angosce per il futuro.<\/i><\/span><\/span><\/p>\n<p><span style=\"font-family: 'Times New Roman', serif;\"><span style=\"font-size: medium;\"><i>Noi siamo in mezzo, senza pensieri di onnipotenza e di giudizio, condividendo nella misura che ne siamo capaci, la fatica e la speranza di ogni giorno.<\/i><\/span><\/span><\/p>\n<p><span style=\"font-family: 'Times New Roman', serif;\"><span style=\"font-size: medium;\"><i>Custodiamo tutto e tutti nel cuore, radice di ogni vita.<\/i><\/span><\/span><\/p>\n<p>&nbsp;<\/p>\n<p><span style=\"font-family: 'Times New Roman', serif;\"><span style=\"font-size: medium;\">Il luned\u00ec sera rispondo a quattro domande proposte in una finestra del telegiornale di TeleUnica. Il testo sar\u00e0 riportato da La Gazzetta di Lecco il 15 marzo. <\/span><\/span><\/p>\n<p><span style=\"font-family: 'Times New Roman', serif;\"><span style=\"font-size: medium;\">Pi\u00f9 tardi arriva un flash di Paolo Schiavo:<\/span><\/span><\/p>\n<p><span style=\"font-family: 'Times New Roman', serif;\"><span style=\"font-size: medium;\">Ciao Angelo <\/span><\/span><\/p>\n<p><span style=\"font-family: 'Times New Roman', serif;\"><span style=\"font-size: medium;\">Ero in servizio al 118 quando la mattina alle 06,25 mi hanno chiamato ed inviato in corso Bergamo 87, la chiamata era per una donna forse caduta dalle scale quindi non avevo alcun presagio della tragedia gi\u00e0 consumatasi nella notte.<\/span><\/span><\/p>\n<p><span style=\"font-family: 'Times New Roman', serif;\"><span style=\"font-size: medium;\">Ti mando questo pensiero nato dal tentativo di elaborare quanto vissuto in quel frangente<\/span><\/span><\/p>\n<p><span style=\"font-family: 'Times New Roman', serif;\"><span style=\"font-size: medium;\"><i>Vite incompiute<\/i><\/span><\/span><\/p>\n<p><span style=\"font-family: 'Times New Roman', serif;\"><span style=\"font-size: medium;\"><i>Composte nel talamo:<\/i><\/span><\/span><\/p>\n<p><span style=\"font-family: 'Times New Roman', serif;\"><span style=\"font-size: medium;\"><i>una Piet\u00e0 domestica.<\/i><\/span><\/span><\/p>\n<p><span style=\"font-family: 'Times New Roman', serif;\"><span style=\"font-size: medium;\"><i>Candidi <\/i><\/span><\/span><\/p>\n<p><span style=\"font-family: 'Times New Roman', serif;\"><span style=\"font-size: medium;\"><i>I corpi esanimi <\/i><\/span><\/span><\/p>\n<p><span style=\"font-family: 'Times New Roman', serif;\"><span style=\"font-size: medium;\"><i>Rossa <\/i><\/span><\/span><\/p>\n<p><span style=\"font-family: 'Times New Roman', serif;\"><span style=\"font-size: medium;\"><i>La vita intorno<\/i><\/span><\/span><\/p>\n<p><span style=\"font-family: Calibri, serif;\">Ci sentiamo . Gianpaolo. <\/span><span style=\"font-family: Calibri, serif;\">11 marzo 2014<\/span><\/p>\n<p>&nbsp;<\/p>\n<p><span style=\"font-family: Calibri, serif;\">A Virginio Brivio che mi aveva invitato a qualche pensiero sul saluto della citt\u00e0 alle tre vittime scrivo: <\/span><span style=\"font-family: Calibri, serif;\"><i>se ci fosse bisogno di spazio e se non ci fossero altre soluzioni e se il padre lo desidera la casa sul pozzo \u00e8 disponibile.<\/i><\/span><span style=\"font-family: Calibri, serif;\"> La disponibilit\u00e0 \u00e8 accolta dal Padre e dai familiari in un incontro commosso alla nostra casa assieme al Sindaco. <\/span><\/p>\n<p><span style=\"font-family: Calibri, serif;\">Le salme delle tre donne sono state nostre ospiti dalle 17 di mercoled\u00ec 12 marzo, arrivate <\/span>con la cadenza di un quarto d\u2019ora l\u2019una dall\u2019altra (la prima ad arrivare \u00e8 stata la salma di Simona, poi quella di Keisi e ultima la piccola Sidny) fino alle 07 di venerd\u00ec 14 quando hanno iniziato il viaggio che le avrebbe portate fino a Bari, imbarcate per Durazzo per proseguire per 200 km fino a <span style=\"color: #222222;\"><span style=\"font-family: 'Times New Roman', serif;\"><span style=\"font-size: medium;\">Kuk\u00ebs, una<\/span><\/span><\/span><span style=\"font-family: 'Times New Roman', serif;\"><span style=\"font-size: medium;\"> cittadina al confine con il Kosovo, dove, mentre scrivo, sabato pomeriggio, vengono celebrate le esequie e le tre sorelline troveranno dimora vicino al fratellino, il primo, perso all\u2019ottavo mese di gravidanza della mamma.<\/span><\/span><\/p>\n<p><span style=\"font-family: 'Times New Roman', serif;\"><span style=\"font-size: medium;\">Ieri 14, alle 12.30 abbiamo partecipato alla preghiera della comunit\u00e0 musulmana nella moschea che \u00e8 di fronte alla nostra casa; abbiamo preso la parola di saluto il sindaco Brivio, il parroco don Adriano ed io.<\/span><\/span><\/p>\n<p><span style=\"font-family: 'Times New Roman', serif;\"><span style=\"font-size: medium;\">Ho provato a raccogliere alcuni appunti su questa esperienza di ospitalit\u00e0 richiesti e pubblicati su La Provincia di Lecco di ieri. <\/span><\/span><\/p>\n<p><span style=\"font-family: 'Times New Roman', serif;\"><span style=\"font-size: medium;\"><i>Il primo sentimento \u00e8 quello di gratitudine per la fiducia che la famiglia Dobrushi e la Citt\u00e0 di Lecco ci hanno offerto venendo a vivere questi giorni di dolore, di pianto, di commozione, nella nostra casa, rendendoci evidente che questa non \u00e8 vista come la sede di una associazione ma come uno spazio di citt\u00e0 territorio dove ci liberiamo dalla paura reciproca, dai pregiudizi, superando le appartenenze, sia etniche che religiose, per costruire una fraternit\u00e0 universale. <\/i><\/span><\/span><\/p>\n<p>&nbsp;<\/p>\n<p><span style=\"font-family: 'Times New Roman', serif;\"><span style=\"font-size: medium;\"><i><b>Come si \u00e8 espressa la Citt\u00e0 ? <\/b><\/i><\/span><\/span><\/p>\n<p><span style=\"font-family: 'Times New Roman', serif;\"><span style=\"font-size: medium;\"><i>Con il dolore viscerale di mercoled\u00ec della comunit\u00e0 albanese e di tanti lecchesi , un dolore incredulo per una storia impossibile; con la presenza di mamme al gioved\u00ec mattino che dopo aver accompagnato i figli a scuola sono entrate per sostare e piangere; alcune di loro hanno comunicato un interrogativo: se fosse toccato a me ? con i bambini compagni delle elementari e delle medie con gli occhi lucidi, con una voglia fisica di stare in cerchio attorno alle bare, di abbracciare ed essere abbracciati uno a uno dal pap\u00e0 delle bimbe, di accarezzare le bare e di scrivere che non avrebbero mai dimenticate le compagne; con gli anziani segnati dal dolore, uno in pi\u00f9 ma cos\u00ec diverso da quelli sperimentati nella vita; con il Sindaco, le Istituzioni di sicurezza e chi ha curato la mediazione della comunicazione con i pi\u00f9 giovani nelle scuole; con una casa che ha accolto e con una comunit\u00e0 umana che ha tentato di cogliere il pi\u00f9 profondo di s\u00e9 mercoled\u00ec sera nella celebrazione a san Nicol\u00f2 e in questo venerd\u00ec nella \u201cmoschea\u201d di corso Bergamo. <\/i><\/span><\/span><\/p>\n<p>&nbsp;<\/p>\n<p><span style=\"font-family: 'Times New Roman', serif;\"><span style=\"font-size: medium;\"><i><b>Le parole<\/b><\/i><\/span><\/span><\/p>\n<p><span style=\"font-family: 'Times New Roman', serif;\"><span style=\"font-size: medium;\"><i>Due mi hanno colpito nei messaggi scritti: riposo e angeli. Per riposarsi e averne un profondo bisogno si deve essere molto stanchi, non degli anni vissuti, \u00e8 evidente; ho pensato che queste morti sono state una fatica tremenda, al punto da non farcela pi\u00f9 (anche per la citt\u00e0).<\/i><\/span><\/span><\/p>\n<p><span style=\"font-family: 'Times New Roman', serif;\"><span style=\"font-size: medium;\"><i>Angeli: cosa ci comunicano ?<\/i><\/span><\/span><\/p>\n<p><span style=\"font-family: 'Times New Roman', serif;\"><span style=\"font-size: medium;\"><i>La citt\u00e0 territorio \u00e8 stata presa per mano da tre giovanissime donne\/bambine; la loro immagine \u00e8 diventata un\u2019icona. La citt\u00e0 si \u00e8 mossa per andarle a salutare ma \u00e8 stata invitata a fare un altro viaggio drammaticamente impegnativo: raccogliere quei moti interiori che forse sarebbero stati in un futuro prossimo i sogni\/desideri delle donne\/bambine; questo ci chiedono i loro volti gentili.<\/i><\/span><\/span><\/p>\n<p>&nbsp;<\/p>\n<p><span style=\"font-family: 'Times New Roman', serif;\"><span style=\"font-size: medium;\"><i>Una questione continua a muoversi dentro di me: che le loro morti non siano state inutili. <\/i><\/span><\/span><\/p>\n<p>&nbsp;<\/p>\n<p>Dire che le tre sorelline le sentiamo parte vitale della nostra casa, anche ora che non sono pi\u00f9 fisicamente con noi, \u00e8 vero. Andiamo avanti anche nel loro nome e nella fedelt\u00e0 ad ogni vita.<\/p>\n<p>Sul sito <a href=\"http:\/\/www.comunitagaggio.it\">www.comunitagaggio.it<\/a> \u00e8 possibile vedere delle immagini , leggere alcuni testi, tra questi una bellissima lettera del padre alle figlie letta al termine dell\u2019Eucaristia del mercoled\u00ec sera a san Nicol\u00f2 e a la Casa sul Pozzo il gioved\u00ec sera nel congedo delle istituzioni: Console dell\u2019Albania, Prefetto, Questore, Colonnello dei carabinieri, Rappresentanti della Provincia e Sindaco di Lecco. La stampa nazionale e locale, le televisioni hanno reso un servizio molto denso. Rimando a quelle letture. Un momento di racconto tra noi verr\u00e0 organizzato nell\u2019arco di quale settimana.<\/p>\n<p>&nbsp;<\/p>\n<p>Intanto allego gli appuntamenti che si svolgeranno nei prossimi giorni e che si possono vedere anche sul sito: www.comunitagaggio.it<\/p>\n<p>luned\u00ec 17 a Segrate lavoro su Solidariet\u00e0 e Missione: dialogo tra associazioni e organismi dei missionari clarettiani. Alle 20.45 a san Grato del Gaggio\/Malgrate inizio di <i>scavare il proprio pozzo<\/i> con Crossing\/Teatro e Lidia Maggi.<\/p>\n<p>Luned\u00ec 24 <i>Veglia di Romero in compagnia di papa Giovanni XXIII e papa Francesco.<\/i><\/p>\n<p>Sabato 29 Presentazione del libero di Angelo Villa: Da <i>Pink Freud \u2013 psicoanalisi della canzone<\/i><\/p>\n<p>Dal 29 marzo al 06 aprile <i>Cambioarmadio primavera<\/i><\/p>\n<p>Sabato 12 aprile ore 10.30\/12.30 assemblea con Josep Abella, superiore generale dei missionari clarettiani.<\/p>\n<p><span style=\"font-size: medium;\">Un rigo per dire grazie a tutti e comunicare un saluto affettuoso di bene. Angelo\u00a0<\/span><\/p>\n","protected":false},"excerpt":{"rendered":"<p>15 marzo 2014 Care Amiche ed Amici sento il bisogno di scrivere in anticipo la lettera mensile perch\u00e9 quello che abbiamo vissuto in questa settimana condensa e stordisce una vita&#8230;<\/p>\n<div class=\"more-link-wrapper\"><a class=\"more-link\" href=\"http:\/\/www.luigiaccattoli.it\/blog\/cerco-fatti-di-vangelo\/documentazione\/lettera-familiare-de-la-casa-sul-pozzo-6-per-le-tre-bambine-albanesi-uccise-dalla-mamma\/\">Read More<span class=\"screen-reader-text\">Lettera familiare de la \u201cCasa sul Pozzo\u201d 6 per le tre bambine albanesi uccise dalla mamma<\/span><\/a><\/div>\n","protected":false},"author":1,"featured_media":0,"parent":6875,"menu_order":0,"comment_status":"open","ping_status":"closed","template":"","meta":{"_monsterinsights_skip_tracking":false,"_monsterinsights_sitenote_active":false,"_monsterinsights_sitenote_note":"","_monsterinsights_sitenote_category":0,"footnotes":""},"class_list":["post-13781","page","type-page","status-publish","hentry","excerpt"],"_links":{"self":[{"href":"http:\/\/www.luigiaccattoli.it\/blog\/wp-json\/wp\/v2\/pages\/13781","targetHints":{"allow":["GET"]}}],"collection":[{"href":"http:\/\/www.luigiaccattoli.it\/blog\/wp-json\/wp\/v2\/pages"}],"about":[{"href":"http:\/\/www.luigiaccattoli.it\/blog\/wp-json\/wp\/v2\/types\/page"}],"author":[{"embeddable":true,"href":"http:\/\/www.luigiaccattoli.it\/blog\/wp-json\/wp\/v2\/users\/1"}],"replies":[{"embeddable":true,"href":"http:\/\/www.luigiaccattoli.it\/blog\/wp-json\/wp\/v2\/comments?post=13781"}],"version-history":[{"count":1,"href":"http:\/\/www.luigiaccattoli.it\/blog\/wp-json\/wp\/v2\/pages\/13781\/revisions"}],"predecessor-version":[{"id":13782,"href":"http:\/\/www.luigiaccattoli.it\/blog\/wp-json\/wp\/v2\/pages\/13781\/revisions\/13782"}],"up":[{"embeddable":true,"href":"http:\/\/www.luigiaccattoli.it\/blog\/wp-json\/wp\/v2\/pages\/6875"}],"wp:attachment":[{"href":"http:\/\/www.luigiaccattoli.it\/blog\/wp-json\/wp\/v2\/media?parent=13781"}],"curies":[{"name":"wp","href":"https:\/\/api.w.org\/{rel}","templated":true}]}}