{"id":13802,"date":"2014-03-22T11:48:54","date_gmt":"2014-03-22T10:48:54","guid":{"rendered":"http:\/\/www.luigiaccattoli.it\/blog\/?page_id=13802"},"modified":"2014-03-22T12:47:41","modified_gmt":"2014-03-22T11:47:41","slug":"francesco-ricorda-linferno-ai-mafiosi","status":"publish","type":"page","link":"http:\/\/www.luigiaccattoli.it\/blog\/articoli-del-corriere-della-sera\/francesco-ricorda-linferno-ai-mafiosi\/","title":{"rendered":"Francesco ricorda l\u2019inferno ai mafiosi"},"content":{"rendered":"<p><a name=\"_GoBack\"><\/a><i>Pubblicato dal \u201cCorriere della Sera\u201d del 22 marzo alle pagine 1 e 23 con il titolo &#8220;Mano nella mano come un prete di strada&#8221;<\/i><\/p>\n<p>&nbsp;<\/p>\n<p>E\u2019 la terza o quarta invettiva di Papa Francesco dopo quelle ai \u201cmercanti di morte\u201d del narcotraffico (24 luglio e 22 settembre) e delle armi (8 settembre), e dopo l\u2019esclamativo \u201cvergogna\u201d riferito agli annegati di Lampedusa (4 ottobre): moniti diversissimi nella voce e nel gesto rispetto a quelli gridati di Papa Wojtyla, ma altrettanto capaci \u2013 si pu\u00f2 scommettere \u2013 di toccare l\u2019anima.<\/p>\n<p>\u201cConvertitevi! Un giorno verr\u00e0 il giudizio di Dio\u201d aveva intimato ai mafiosi un Giovanni Paolo col braccio teso e l\u2019occhio irato, in abiti pontificali, impugnando la croce, gridando nel microfono. Era il 9 maggio 1993 e quell\u2019invettiva la pronunciava nella Valle dei Templi di Agrigento, al termine di una messa grande, avendo accanto il cardinale Pappalardo, dopo aver incontrato i genitori del giudice Livatino. <\/p>\n<p>Le parole sono state quasi le stesse, facenti perno per l\u2019uno e l\u2019altro Papa sulla chiamata a cambiare vita: \u201cConvertitevi\u201d. Simile anche il richiamo a Dio e al suo castigo: al \u201cgiudizio\u201d Wojtyla, all\u2019inferno Bergoglio.<\/p>\n<p>Ma tutta diversa la scena e la voce del monito di ieri. Il tono basso, smorzato e lento, quasi sussurrato. Nessun gesto della mano, o mossa dell\u2019occhio. Diverso tutto l\u2019atteggiamento: Giovanni Paolo giudicante \u201cnel nome di Cristo\u201d, Francesco implorante come gi\u00e0 Paolo VI quando scrisse agli \u201cuomini delle Brigate Rosse\u201d (21 aprile 1978) per chiedere la liberazione di Aldo Moro.<\/p>\n<p>Come Papa Montini, anche Bergoglio ha usato l\u2019appellativo che accomuna: \u201cuomini e donne mafiosi\u201d. \u201cNon sono cristiano fino a questo punto\u201d ebbe a dire allora Leonardo Sciascia, confessando la propria difficolt\u00e0 a chiamare \u201cuomini\u201d i brigatisti. Paolo VI aveva detto ai rapitori di Moro \u201cvi prego in ginocchio\u201d e ieri il Papa argentino ha detto ai mafiosi: \u201cve lo chiedo in ginocchio\u201d.<\/p>\n<p>Bergoglio dunque come Montini, anche in questo, pi\u00f9 che come Wojtyla. Ma infine e soprattutto, Bergoglio come se stesso: come il se stesso di Lampedusa, come il Papa che ha scelto di essere scendendo da ogni trono e predella, che va allo stesso microfono di don Ciotti, che porta grosse scarpe nere come questo prete di strada che ieri l\u2019assisteva in maglione.<\/p>\n<p>Pi\u00f9 che a qualsiasi Papa del passato, ieri Francesco somigliava a don Ciotti: si direbbe che volesse somigliare a don Ciotti. Il prete callejero (di strada) come Bergoglio chiama se stesso, simile anche nella sagoma e nell\u2019andatura pencolante al nostro don Ciotti dalle cento battaglie. L\u2019ha abbracciato e l\u2019ha preso per mano, quel prete lottatore che l\u2019aveva chiamato \u201cfratello\u201d e gli aveva dato del tu.<\/p>\n<p>Ma l\u2019ultimo segno dell\u2019evento di ieri \u00e8 nella ritualit\u00e0 spoglia, anzi denudata, come gli altari del Venerd\u00ec Santo, secondo cui si \u00e8 svolto. Una ritualit\u00e0 che richiamava la celebrazione di Lampedusa, che era ruotata intorno a una croce e a un calice di legno. Quegli 840 nomi letti come un\u2019interminabile salmodia. Il Papa con indosso la stola che fu di don Peppino Diana. Il suo invito a pregare il \u201cPadre nostro\u201d per quei giusti. Solo appropriandosi per intero della ritualit\u00e0 feriale degli amici di don Ciotti, il Papa delle periferie poteva dare la sua partecipe benedizione a quell\u2019umanit\u00e0 dolorante e vera.<\/p>\n<p><b>Luigi Accattoli<\/b><\/p>\n<p>www.luigiaccattoli.it<\/p>\n<p>&nbsp;<\/p>\n","protected":false},"excerpt":{"rendered":"<p>Pubblicato dal \u201cCorriere della Sera\u201d del 22 marzo alle pagine 1 e 23 con il titolo &#8220;Mano nella mano come un prete di strada&#8221; &nbsp; E\u2019 la terza o quarta&#8230;<\/p>\n<div class=\"more-link-wrapper\"><a class=\"more-link\" href=\"http:\/\/www.luigiaccattoli.it\/blog\/articoli-del-corriere-della-sera\/francesco-ricorda-linferno-ai-mafiosi\/\">Read More<span class=\"screen-reader-text\">Francesco ricorda l\u2019inferno ai mafiosi<\/span><\/a><\/div>\n","protected":false},"author":1,"featured_media":0,"parent":7661,"menu_order":0,"comment_status":"open","ping_status":"closed","template":"","meta":{"_monsterinsights_skip_tracking":false,"_monsterinsights_sitenote_active":false,"_monsterinsights_sitenote_note":"","_monsterinsights_sitenote_category":0,"footnotes":""},"class_list":["post-13802","page","type-page","status-publish","hentry","excerpt"],"_links":{"self":[{"href":"http:\/\/www.luigiaccattoli.it\/blog\/wp-json\/wp\/v2\/pages\/13802","targetHints":{"allow":["GET"]}}],"collection":[{"href":"http:\/\/www.luigiaccattoli.it\/blog\/wp-json\/wp\/v2\/pages"}],"about":[{"href":"http:\/\/www.luigiaccattoli.it\/blog\/wp-json\/wp\/v2\/types\/page"}],"author":[{"embeddable":true,"href":"http:\/\/www.luigiaccattoli.it\/blog\/wp-json\/wp\/v2\/users\/1"}],"replies":[{"embeddable":true,"href":"http:\/\/www.luigiaccattoli.it\/blog\/wp-json\/wp\/v2\/comments?post=13802"}],"version-history":[{"count":7,"href":"http:\/\/www.luigiaccattoli.it\/blog\/wp-json\/wp\/v2\/pages\/13802\/revisions"}],"predecessor-version":[{"id":13812,"href":"http:\/\/www.luigiaccattoli.it\/blog\/wp-json\/wp\/v2\/pages\/13802\/revisions\/13812"}],"up":[{"embeddable":true,"href":"http:\/\/www.luigiaccattoli.it\/blog\/wp-json\/wp\/v2\/pages\/7661"}],"wp:attachment":[{"href":"http:\/\/www.luigiaccattoli.it\/blog\/wp-json\/wp\/v2\/media?parent=13802"}],"curies":[{"name":"wp","href":"https:\/\/api.w.org\/{rel}","templated":true}]}}