{"id":13920,"date":"2014-04-09T19:19:48","date_gmt":"2014-04-09T17:19:48","guid":{"rendered":"http:\/\/www.luigiaccattoli.it\/blog\/?page_id=13920"},"modified":"2014-04-10T12:56:35","modified_gmt":"2014-04-10T10:56:35","slug":"martin-i-su-wojtyla-era-un-uomo-di-dio-ma-non-e-necessario-farlo-santo","status":"publish","type":"page","link":"http:\/\/www.luigiaccattoli.it\/blog\/articoli-del-corriere-della-sera\/martin-i-su-wojtyla-era-un-uomo-di-dio-ma-non-e-necessario-farlo-santo\/","title":{"rendered":"Martini su Wojtyla: \u201cEra un uomo di Dio ma non \u00e8 necessario farlo santo\u201d"},"content":{"rendered":"<p><i>Pubblicato dal \u201cCorriere della Sera\u201d del 9 aprile alle pagine 1 e 23 con il titolo: \u201cI dubbi di Martini su Wojtyla santo. \u2018Doveva ritirarsi prima\u2019\u201d<\/i><\/p>\n<p>&nbsp;<\/p>\n<p><a name=\"_GoBack\"><\/a> \u201cEra un uomo di Dio ma non \u00e8 necessario farlo santo\u201d: si pu\u00f2 riassumere cos\u00ec il giudizio del cardinale Carlo Maria Martini sulla santit\u00e0 del Papa polacco quale risulta dalla \u201cdeposizione\u201d come teste che \u00e8 agli atti del processo. Ne ha dato notizia lo storico Andrea Riccardi nel volume <i>La santit\u00e0 di Papa Wojtyla<\/i> appena pubblicato dalla San Paolo (pp. 99, euro 15). Abbiamo approfondito la sua segnalazione e abbiamo trovato nella deposizione del cardinale Martini \u2013 ancora riservata come tutte le 114 testimonianze delle quali si \u00e8 avvalsa la conduzione della causa \u2013 quattro elementi di vivo interesse per intendere la gloria e il dramma della figura papale in questa stagione di rapida mutazione, sua e del mondo.<\/p>\n<p>Il primo elemento sono i limiti che Martini segnala nell\u2019azione e nelle decisioni di Giovanni Paolo II: non sempre \u201cfelici\u201d le nomine e la scelta dei collaboratori, \u201csoprattutto negli ultimi tempi\u201d; eccessivo appoggio ai movimenti, \u201ctrascurando di fatto le Chiese locali\u201d; forse imprudente nel porsi \u201cal centro dell\u2019attenzione\u201d \u2013 specie nei viaggi \u2013 con il risultato che \u201cla gente lo percepiva un po\u2019 come il vescovo del mondo\u201d e ne usciva oscurato \u201cil ruolo della Chiesa locale e del vescovo\u201d.<\/p>\n<p>Il secondo elemento riguarda invece l\u2019apprezzamento, che \u00e8 schietto e ampio: un uomo di Dio capace di grande raccoglimento pur nel tumulto delle attivit\u00e0, \u201cservitore zelante e fedele\u201d della Chiesa, \u201cil suo momento migliore era l\u2019incontro con le masse e in particolare coi giovani\u201d, da ammirare il coraggio dopo l\u2019attentato (\u201cnon si ritir\u00f2 minimamente dal contatto con la folla, che pure lo esponeva a pericoli\u201d), evidente la virt\u00f9 della perseveranza \u201cin un compito arduo e difficile\u201d.<\/p>\n<p>Prevale il positivo ma la conclusione \u00e8 fredda ed \u00e8 il terzo elemento di interesse: \u201cNon vorrei sottolineare pi\u00f9 di tanto la necessit\u00e0 della sua canonizzazione, poich\u00e9 mi pare che basti la testimonianza storica della sua dedizione seria alla Chiesa e al servizio delle anime\u201d.<\/p>\n<p>Il quarto elemento vivo della deposizione di Martini, forse il pi\u00f9 inaspettato, \u00e8 un passaggio della sua riflessione positiva sulla \u201cvirt\u00f9 generale della perseveranza\u201d nelle difficolt\u00e0 dimostrata da Giovanni Paolo II: \u201cNon saprei dire se abbia perseverato in questo compito anche pi\u00f9 del dovuto, tenuto conto della sua salute. Personalmente riterrei che aveva motivi per ritirarsi un po\u2019 prima\u201d.<\/p>\n<p>Martini non \u00e8 l\u2019unico a esprimere riserve sulla santit\u00e0 del Papa polacco o sulla rapidit\u00e0 della causa. Karol Wojtyla sar\u00e0 proclamato santo il 27 aprile prossimo, a nove anni dalla morte: \u00e8 il Papa che ha avuto il pi\u00f9 rapido riconoscimento di santit\u00e0 tra tutti quelli dell\u2019epoca moderna. Pio X \u00e8 stato proclamato santo da Pio XII nel 1954 a quarant\u2019anni dalla morte, Giovanni XXIII arriva alla canonizzazione insieme a Papa Wojtyla, ma dopo che sono passati cinquant\u2019anni dalla morte.<\/p>\n<p>Riccardi nel volume ricorda che sulla rapidit\u00e0 della causa aveva espresso dubbi il cardinale belga Godfried Danneels: \u201cQuesto processo sta procedendo troppo in fretta. La santit\u00e0 non ha bisogno di corsie preferenziali\u201d.<\/p>\n<p>Contrarissimo si era detto pubblicamente Giovanni Franzoni, ex abate di San Paolo fuori le Mura, che Paolo VI aveva \u201cdimesso dallo stato clericale\u201d nel 1976: aveva richiamato \u201cl\u2019ombra nera\u201d della gestione dello Ior, l\u2019ostilit\u00e0 all\u2019arcivescovo Romero, la beatificazione di Pio IX (che a suo parere fu un \u201cerrore\u201d), gli ostacoli posti ai preti che chiedevano la dispensa dal celibato; e aveva concluso che era meglio \u201clasciare Wojtyla nella sua complessit\u00e0 e come tale affidarlo al giudizio della storia\u201d.<\/p>\n<p>Speculare a quello di Franzoni \u00e8 il giudizio del vescovo tradizionalista Bernard Fellay, superiore della Fraternit\u00e0 lefebvriana: la canonizzazione di Giovanni Paolo II \u201cavr\u00e0 come effetto immediato di consacrare l\u2019insieme del suo Pontificato e tutte le sue imprese, anche le pi\u00f9 scandalose\u201d. L\u2019allusione \u00e8 alla giornata di Assisi, alla visita alla Sinagoga di Roma e alla moschea degli Omayyadi a Damasco, alla \u201crinuncia ai privilegi concordatari in Italia\u201d (tra essi, il riconoscimento della religione cattolica come \u201creligione dello Stato\u201d).<\/p>\n<p>Per la causa wojtyliana sono stati interrogati \u2013 si diceva sopra \u2013 114 testimoni: 35 cardinali, 20 arcivescovi e vescovi, 11 sacerdoti, 5 religiosi, 3 suore, 36 laici cattolici, 3 non cattolici, un ebreo. Tra i laici cattolici \u00e8 stato sentito anche Andrea Riccardi, che nel suo libro cos\u00ec guarda \u2013 da storico \u2013 alla \u201csantit\u00e0\u201d del Papa polacco: \u201cHa avuto un effetto di liberazione dalle paure, dai condizionamenti, dal senso di decadenza. Ha rilanciato il suo popolo in un nuovo scenario, quello del XXI secolo. Anche per il Papato la sua \u00e8 stata una guida d\u2019eccezione, molto personale e carismatica. La sua personalit\u00e0 fuori dall\u2019ordinario ha lasciato un\u2019impronta di grande rilievo, ha supplito alle mancanze delle istituzioni e delle persone\u201d.<\/p>\n<p>La deposizione di Martini al processo per la santit\u00e0 di Papa Wojtyla \u00e8 del 2007, quando il cardinale aveva ottant\u2019anni. Pu\u00f2 aiutare a intenderla una conversazione sulla santit\u00e0 dei Papi che avevo avuto con lui sette anni prima, a seguito di una mia opinione pubblicata sul \u201cCorriere della Sera\u201d del 4 settembre 2000 in merito alle polemiche provocate dalla beatificazione congiunta di Pio IX e di Giovanni XXIII, avvenuta il giorno prima. Avevo avanzato dubbi sull\u2019opportunit\u00e0 di fare beati e santi i Papi, essendo gi\u00e0 noti e divulgati in ogni atto e detto; e avevo osservato che avrebbe potuto risultare pi\u00f9 \u201cproficua\u201d, per il vissuto dei cristiani, la segnalazione di persone esemplari vissute nel nascondimento.<\/p>\n<p>\u201cTutti i santi sugli altari? Meglio scegliere i santi tra la gente comune\u201d era il titolo dell\u2019articolo, che il cardinale cos\u00ec comment\u00f2: \u201cSono della sua opinione. Anche qui a Milano siamo pieni di cause che riguardano personaggi notissimi e ogni volta io faccio la sua stessa obiezione, sull\u2019opportunit\u00e0 di cercare piuttosto i santi sconosciuti, e \u2013 soprattutto \u2013 non solo quelli che la Chiesa educa ma quelli donati dallo Spirito, che costituiscono una novit\u00e0 nel modo di vivere il Vangelo. Tuttavia bisogna rispettare la sensibilit\u00e0 delle persone che promuovono le cause, perch\u00e9 qualsiasi osservazione pu\u00f2 essere intesa \u2013 da loro \u2013 come un mancato apprezzamento della santit\u00e0 di cui viene proposto il riconoscimento. Con i Papi poi, avanzare un qualsiasi dubbio sull\u2019opportunit\u00e0 della proclamazione diventa una mancanza di riguardo\u201d.<\/p>\n<p><b>Luigi Accattoli<\/b><\/p>\n<p><a href=\"http:\/\/www.luigiaccattoli.it\">www.luigiaccattoli.it<\/a><\/p>\n","protected":false},"excerpt":{"rendered":"<p>Pubblicato dal \u201cCorriere della Sera\u201d del 9 aprile alle pagine 1 e 23 con il titolo: \u201cI dubbi di Martini su Wojtyla santo. \u2018Doveva ritirarsi prima\u2019\u201d &nbsp; \u201cEra un uomo&#8230;<\/p>\n<div class=\"more-link-wrapper\"><a class=\"more-link\" href=\"http:\/\/www.luigiaccattoli.it\/blog\/articoli-del-corriere-della-sera\/martin-i-su-wojtyla-era-un-uomo-di-dio-ma-non-e-necessario-farlo-santo\/\">Read More<span class=\"screen-reader-text\">Martini su Wojtyla: \u201cEra un uomo di Dio ma non \u00e8 necessario farlo santo\u201d<\/span><\/a><\/div>\n","protected":false},"author":1,"featured_media":0,"parent":7661,"menu_order":0,"comment_status":"open","ping_status":"closed","template":"","meta":{"_monsterinsights_skip_tracking":false,"_monsterinsights_sitenote_active":false,"_monsterinsights_sitenote_note":"","_monsterinsights_sitenote_category":0,"footnotes":""},"class_list":["post-13920","page","type-page","status-publish","hentry","excerpt"],"_links":{"self":[{"href":"http:\/\/www.luigiaccattoli.it\/blog\/wp-json\/wp\/v2\/pages\/13920","targetHints":{"allow":["GET"]}}],"collection":[{"href":"http:\/\/www.luigiaccattoli.it\/blog\/wp-json\/wp\/v2\/pages"}],"about":[{"href":"http:\/\/www.luigiaccattoli.it\/blog\/wp-json\/wp\/v2\/types\/page"}],"author":[{"embeddable":true,"href":"http:\/\/www.luigiaccattoli.it\/blog\/wp-json\/wp\/v2\/users\/1"}],"replies":[{"embeddable":true,"href":"http:\/\/www.luigiaccattoli.it\/blog\/wp-json\/wp\/v2\/comments?post=13920"}],"version-history":[{"count":4,"href":"http:\/\/www.luigiaccattoli.it\/blog\/wp-json\/wp\/v2\/pages\/13920\/revisions"}],"predecessor-version":[{"id":13928,"href":"http:\/\/www.luigiaccattoli.it\/blog\/wp-json\/wp\/v2\/pages\/13920\/revisions\/13928"}],"up":[{"embeddable":true,"href":"http:\/\/www.luigiaccattoli.it\/blog\/wp-json\/wp\/v2\/pages\/7661"}],"wp:attachment":[{"href":"http:\/\/www.luigiaccattoli.it\/blog\/wp-json\/wp\/v2\/media?parent=13920"}],"curies":[{"name":"wp","href":"https:\/\/api.w.org\/{rel}","templated":true}]}}