{"id":14020,"date":"2014-04-27T09:28:59","date_gmt":"2014-04-27T07:28:59","guid":{"rendered":"http:\/\/www.luigiaccattoli.it\/blog\/?page_id=14020"},"modified":"2014-04-27T09:28:59","modified_gmt":"2014-04-27T07:28:59","slug":"se-benedetto-concelebra-con-francesco","status":"publish","type":"page","link":"http:\/\/www.luigiaccattoli.it\/blog\/articoli-del-corriere-della-sera\/se-benedetto-concelebra-con-francesco\/","title":{"rendered":"Se Benedetto concelebra con Francesco"},"content":{"rendered":"<p><a name=\"_GoBack\"><\/a><\/p>\n<p><i>Pubblicato dal \u201cCorriere della Sera\u201d del 27 aprile 2014<\/i><\/p>\n<p>&nbsp;<\/p>\n<p>La concelebrazione di oggi sta ad attestare che il passaggio del testimone tra i due Papi \u2013 di cui non c\u2019era esperienza \u2013 \u00e8 avvenuto con l\u2019esito pi\u00f9 convincente, in barba ai canonisti che in risposta ai Papi che li avevano consultati sulla \u201crinuncia\u201d (Pio XII, Paolo VI, Giovanni Paolo II) avevano enfatizzato il condizionamento di un Papa rinunciatario sul successore, qualora questi avesse voluto prendere decisioni innovative.<\/p>\n<p>Di novit\u00e0 Francesco ne ha poste tante senza alcun timore del Papa emerito e questi riconosce la legittimit\u00e0 di quelle decisioni tanto da accettare l\u2019invito a concelebrare in un\u2019occasione come quella di oggi. Nella concordia dei due Papi possiamo vedere un segno del fatto che la Chiesa \u00e8 pi\u00f9 grande della sua storia travagliata e \u2013 nel tempo \u2013 matura convincimenti che le permettono un creativo superamento degli incubi del passato, tra i quali c\u2019\u00e8 quello dell\u2019antipapa.<\/p>\n<p>\u201cSiamo fratelli\u201d dice Francesco a Benedetto il 23 marzo 2013 a Castel Gandolfo, la prima volta che pregano appaiati.\u00a0E\u2019 stata subito chiara la capacit\u00e0 del nuovo di avvicinarsi al vecchio senza subirne condizionamenti. In occasione di quel primo incontro il portavoce disse che la decisione di diffondere le immagini era stata lasciata al Papa emerito, contento il nuovo di ci\u00f2 che avesse stabilito. Le foto dei due in preghiera avranno forse aiutato la riconciliazione tra chi si richiama all\u2019uno o all\u2019altro.<\/p>\n<p>Per decenni la Chiesa Cattolica aveva avuto il cardinale Ratzinger come garante dottrinale accanto a Papa Wojtyla e ora ha Papa Ratzinger come sostegno orante accanto a Papa Bergoglio. Un sostegno che \u00e8 anche di consiglio e che cos\u00ec \u00e8 stato narrato da Francesco il 29 luglio 2013 ai giornalisti sull\u2019aereo: \u201cIo gli ho detto tante volte: \u2018Ma, santit\u00e0, lei riceva, faccia la sua vita, venga con noi\u2026\u2019. E\u2019 venuto, per l\u2019inaugurazione e la benedizione della statua di San Michele\u2026 Per me, \u00e8 come avere il nonno a casa: il mio pap\u00e0. Se io avessi una difficolt\u00e0 o una cosa che non ho capito, telefonerei, ma, mi dica, posso farlo, quello?\u201d<\/p>\n<p>\u201cFaccia la sua vita\u201d dice Francesco a Benedetto. E qualcosa si \u00e8 visto. Abbiamo avuto notizia di gruppi di bavaresi e di altri ospiti che ha ricevuto a casa sua e di almeno due uscite dal Vaticano: una il 18 agosto per un concerto a Castel Gandolfo organizzato per lui, un\u2019altra il 3 gennaio 2014 per fare visita al Gemelli al fratello don Georg.<\/p>\n<p>La compresenza all\u2019inaugurazione della statua di San Michele \u00e8 stata il 5 luglio, lo stesso giorno della pubblicazione dell\u2019enciclica\u00a0\u201cLumen Fidei\u201d: \u201cPapa Francesco e il papa emerito si sono abbracciati e sono rimasti vicini per tutta la cerimonia\u201d inform\u00f2 il padre Lombardi.<\/p>\n<p>Della compresenza dei due nell\u2019enciclica\u00a0\u201cLumen Fidei\u201d\u00a0d\u00e0 conto serenamente Francesco al paragrafo 7: \u201cEgli aveva gi\u00e0 quasi completato una prima stesura di lettera enciclica sulla fede. Gliene sono profondamente grato e, nella fraternit\u00e0 di Cristo, assumo il suo prezioso lavoro, aggiungendo al testo alcuni ulteriori contributi\u201d.<\/p>\n<p>Anche per l\u2019enciclica alcuni \u2013 forse privi d\u2019altre preoccupazioni \u2013 si sono detti ansiosi ma lo svolgimento dei fatti dovrebbe sgombrare l\u2019ansia:\u00a0\u00e8 il Papa emerito che consegna al nuovo la sua bozza; avrebbe potuto distruggerla, o chiuderla in un cassetto; consegnandola ne fa un lascito per il magistero del nuovo Papa, che l\u2019apprezza e ne cava un\u2019enciclica. Vi si pu\u00f2 leggere una parabola della continuit\u00e0 come nell\u2019immagine dei due inginocchiati.<\/p>\n<p>Il 27 dicembre i due hanno pranzato insieme al Santa Marta, avendo al loro tavolo comuni collaboratori. Il 22 febbraio il Papa emerito \u00e8 stato presente in San Pietro al Concistoro per la nomina dei nuovi cardinali: in quella presenza c\u2019era il seme dello sviluppo che avremo oggi.<\/p>\n<p>Il fatto pi\u00f9 inaspettato, su questa linea della compresenza dei due, \u00e8 stata la pubblicazione della \u201crisposta\u201d di Benedetto al matematico Piergiorgio Odifreddi che nel 2011 gli aveva indirizzato una pubblica interpellanza con il volume\u00a0\u201cCaro Papa ti scrivo\u201d (Mondadori 2011): risposta che \u00e8 apparsa lo scorso autunno nel nuovo volume di Odifreddi \u201cCaro Papa teologo, caro matematico ateo\u201d (Mondadori 2013).<\/p>\n<p>Prima e dopo del testo a Odifreddi avevamo conosciuto altre parole del Papa emerito: un\u2019omelia di cui aveva dato notizia la Radio Vaticana il 1\u00b0 settembre e un testo di rievocazione del predecessore Giovanni Paolo II, apparso in una pubblicazione polacca in vista della canonizzazione di oggi.<\/p>\n<p>Non solo \u2013 dunque \u2013 il Papa emerito esce dal Vaticano, compare in San Pietro e concelebra sulla piazza, ma anche parla e pubblica. E\u2019 dunque legittimo attendersi che un giorno possa anche tenga l\u2019omelia, insieme al Papa regnante, per un\u2019occasione \u2013 poniamo \u2013 simile a quella di oggi.<\/p>\n<p>Capita che i \u201cvescovi emeriti\u201d che sono nelle Chiese locali concelebrino con i loro successori e anche parlino in tali concelebrazioni e la figura del Papa emerito la dobbiamo guardare in riferimento a quella del vescovo emerito, come Francesco ha detto al direttore del \u201cCorriere della Sera\u201d nell\u2019intervista del 5 marzo: \u201cSessanta o settant\u2019anni fa, il vescovo emerito non esisteva. Venne dopo il Concilio. Oggi \u00e8 un\u2019istituzione. La stessa cosa deve accadere per il Papa emerito\u201d.<\/p>\n<p><b>Luigi Accattoli<\/b><\/p>\n<p>www.luigiaccattoli.it<\/p>\n","protected":false},"excerpt":{"rendered":"<p>Pubblicato dal \u201cCorriere della Sera\u201d del 27 aprile 2014 &nbsp; La concelebrazione di oggi sta ad attestare che il passaggio del testimone tra i due Papi \u2013 di cui non&#8230;<\/p>\n<div class=\"more-link-wrapper\"><a class=\"more-link\" href=\"http:\/\/www.luigiaccattoli.it\/blog\/articoli-del-corriere-della-sera\/se-benedetto-concelebra-con-francesco\/\">Read More<span class=\"screen-reader-text\">Se Benedetto concelebra con Francesco<\/span><\/a><\/div>\n","protected":false},"author":1,"featured_media":0,"parent":7661,"menu_order":0,"comment_status":"open","ping_status":"closed","template":"","meta":{"_monsterinsights_skip_tracking":false,"_monsterinsights_sitenote_active":false,"_monsterinsights_sitenote_note":"","_monsterinsights_sitenote_category":0,"footnotes":""},"class_list":["post-14020","page","type-page","status-publish","hentry","excerpt"],"_links":{"self":[{"href":"http:\/\/www.luigiaccattoli.it\/blog\/wp-json\/wp\/v2\/pages\/14020","targetHints":{"allow":["GET"]}}],"collection":[{"href":"http:\/\/www.luigiaccattoli.it\/blog\/wp-json\/wp\/v2\/pages"}],"about":[{"href":"http:\/\/www.luigiaccattoli.it\/blog\/wp-json\/wp\/v2\/types\/page"}],"author":[{"embeddable":true,"href":"http:\/\/www.luigiaccattoli.it\/blog\/wp-json\/wp\/v2\/users\/1"}],"replies":[{"embeddable":true,"href":"http:\/\/www.luigiaccattoli.it\/blog\/wp-json\/wp\/v2\/comments?post=14020"}],"version-history":[{"count":1,"href":"http:\/\/www.luigiaccattoli.it\/blog\/wp-json\/wp\/v2\/pages\/14020\/revisions"}],"predecessor-version":[{"id":14021,"href":"http:\/\/www.luigiaccattoli.it\/blog\/wp-json\/wp\/v2\/pages\/14020\/revisions\/14021"}],"up":[{"embeddable":true,"href":"http:\/\/www.luigiaccattoli.it\/blog\/wp-json\/wp\/v2\/pages\/7661"}],"wp:attachment":[{"href":"http:\/\/www.luigiaccattoli.it\/blog\/wp-json\/wp\/v2\/media?parent=14020"}],"curies":[{"name":"wp","href":"https:\/\/api.w.org\/{rel}","templated":true}]}}