{"id":14208,"date":"2014-05-27T18:08:41","date_gmt":"2014-05-27T16:08:41","guid":{"rendered":"http:\/\/www.luigiaccattoli.it\/blog\/?page_id=14208"},"modified":"2014-05-27T18:08:41","modified_gmt":"2014-05-27T16:08:41","slug":"camminiamo-verso-lunita-dichiarazione-di-bartolomeo-e-francesco-a-gerusalemme","status":"publish","type":"page","link":"http:\/\/www.luigiaccattoli.it\/blog\/articoli-del-corriere-della-sera\/camminiamo-verso-lunita-dichiarazione-di-bartolomeo-e-francesco-a-gerusalemme\/","title":{"rendered":"\u201cCamminiamo verso l\u2019unit\u00e0\u201d: dichiarazione di Bartolomeo e Francesco a Gerusalemme"},"content":{"rendered":"<p>&nbsp;<\/p>\n<p><i>Pubblicato dal Corriere della Sera del 26 maggio 2014 a pagina 23<\/i><\/p>\n<p>\u201cOggi ribadiamo il nostro impegno a continuare a camminare insieme verso l\u2019unit\u00e0\u201d, che sar\u00e0 \u201cquella della comunione nella legittima diversit\u00e0\u201d: \u00e8 l\u2019affermazione centrale della \u201cDichiarazione congiunta\u201d firmata ieri pomeriggio a Gerusalemme da \u201cPapa Francesco\u201d e da \u201cBartolomeo Patriarca Ecumenico\u201d (cos\u00ec si presentano nel testo). La dichiarazione elenca i \u201cpassi\u201d compiuti in mezzo secolo, a partire dall\u2019incontro a Gerusalemme di Paolo VI e Atenagora il 5 gennaio 1964, delinea un vasto programma di collaborazione pratica e annuncia l\u2019impegno a un\u2019azione coordinata per far ripartire il \u201cdialogo teologico\u201d avviato nel 1979 e che \u00e8 sostanzialmente fermo dal 2007. Quest\u2019ultimo punto \u00e8 forse il pi\u00f9 importante toccato dalla dichiarazione.<\/p>\n<p>I passi compiuti in mezzo secolo vengono presentati come il frutto del cammino avviato \u201cdall\u2019abbraccio scambiato tra Papa Paolo VI ed il Patriarca Atenagora qui a Gerusalemme dopo molti secoli di silenzio\u201d. Vengono elencati: \u201cla rimozione\u201d delle \u201csentenze di reciproca scomunica del 1054\u201d (1965); \u201cscambi di visite nelle rispettive sedi di Roma e di Costantinopoli e frequenti contatti epistolari\u201d; \u201cla decisone di Papa Giovanni Paolo II e del Patriarca Dimitrios di avviare un dialogo teologico della verit\u00e0 tra Cattolici e Ortodossi\u201d (1979).<\/p>\n<p>Quella decisione port\u00f2 alla formazione di una \u201cCommissione mista internazionale per il dialogo teologico cattolico-ortodosso\u201d che ha prodotto documenti di reinterpretazione comune delle controversie in materia di Eucarestia (1982), Fede sacramenti e unit\u00e0 (1987), Sacramento dell\u2019Ordine (1988), Uniatismo (1993), Conciliarit\u00e0 e autorit\u00e0 (2007). Sono avvicinamenti importanti, il pi\u00f9 rilevante dei quali \u00e8 consegnato all\u2019ultimo di quei testi, che affronta la questione del \u201cprimato\u201d di Roma, riconoscendo al Papa un ruolo di primo tra i \u201cpatriarchi\u201d, secondo il linguaggio del primo millennio cristiano: una \u201cpresidenza nella carit\u00e0\u201d sulle cui implicazioni per\u00f2 non c\u2019\u00e8 accordo, tant\u2019\u00e8 che il Patriarcato di Mosca fino a oggi ha negato il suo assenso al testo del 2007.<\/p>\n<p>Alla questione spinosissima del \u201cprimato\u201d di Roma ha accennato Francesco nel discorso della \u201ccelebrazione ecumenica\u201d di ieri al Santo Sepolcro: \u201cOgni volta che pensiamo il futuro della Chiesa a partire dalla sua vocazione all\u2019unit\u00e0, brilla la luce del mattino di Pasqua! A tale riguardo, desidero rinnovare l\u2019auspicio gi\u00e0 espresso dai miei Predecessori, di mantenere un dialogo con tutti i fratelli in Cristo per trovare una forma di esercizio del ministero proprio del Vescovo di Roma che, in conformit\u00e0 con la sua missione, si apra ad una situazione nuova e possa essere, nel contesto attuale, un servizio di amore e di comunione riconosciuto da tutti (cfr Giovanni Paolo II, <i>Enc. Ut unum sint<\/i>, 95-96)\u201d.<\/p>\n<p><a name=\"_GoBack\"><\/a> L\u2019impegno a riprendere il dialogo teologico \u00e8 cos\u00ec espresso nella dichiarazione congiunta: \u201cAffermiamo insieme che la nostra fedelt\u00e0 al Signore esige l\u2019incontro fraterno e il vero dialogo\u201d. Gli altri impegni riguardano la difesa della \u201cdignit\u00e0 della persona umana\u201d e della famiglia, la promozione della giustizia, della pace e della \u201ccustodia del creato\u201d. Pi\u00f9 forte che in precedenti occasioni \u00e8 la richiesta di una \u201ccooperazione efficace e impegnata tra i cristiani\u201d per la difesa della libert\u00e0 religiosa e delle Chiese perseguitate.<\/p>\n<p>Cinquant\u2019anni fa la \u201cdichiarazione congiunta\u201d di Paolo VI e Atenagora fu breve e \u2013 si direbbe \u2013 timida, nell\u2019incertezza di come il loro abbraccio sarebbe stato accolto dalle due Chiese. Quella di ieri non ha novit\u00e0 clamorose ma \u00e8 fattivamente proiettata in avanti. Vi si avverte l\u2019ottimismo del Patriarca Bartolomeo che \u00e8 riuscito infine nell\u2019impresa di convincere l\u2019insieme dell\u2019Ortodossia a indire il Grande Concilio che dovrebbe riunirle nel 2016. Ma vi si legge anche, tra le righe, la fiducia con cui Francesco guarda all\u2019unione dei cristiani come a elemento chiave della sua \u201cChiesa in uscita\u201d.<\/p>\n<p><b>Luigi Accattoli<\/b><\/p>\n<p>www.luigiaccattoli.it<\/p>\n","protected":false},"excerpt":{"rendered":"<p>&nbsp; Pubblicato dal Corriere della Sera del 26 maggio 2014 a pagina 23 \u201cOggi ribadiamo il nostro impegno a continuare a camminare insieme verso l\u2019unit\u00e0\u201d, che sar\u00e0 \u201cquella della comunione&#8230;<\/p>\n<div class=\"more-link-wrapper\"><a class=\"more-link\" href=\"http:\/\/www.luigiaccattoli.it\/blog\/articoli-del-corriere-della-sera\/camminiamo-verso-lunita-dichiarazione-di-bartolomeo-e-francesco-a-gerusalemme\/\">Read More<span class=\"screen-reader-text\">\u201cCamminiamo verso l\u2019unit\u00e0\u201d: dichiarazione di Bartolomeo e Francesco a Gerusalemme<\/span><\/a><\/div>\n","protected":false},"author":1,"featured_media":0,"parent":7661,"menu_order":0,"comment_status":"open","ping_status":"closed","template":"","meta":{"_monsterinsights_skip_tracking":false,"_monsterinsights_sitenote_active":false,"_monsterinsights_sitenote_note":"","_monsterinsights_sitenote_category":0,"footnotes":""},"class_list":["post-14208","page","type-page","status-publish","hentry","excerpt"],"_links":{"self":[{"href":"http:\/\/www.luigiaccattoli.it\/blog\/wp-json\/wp\/v2\/pages\/14208","targetHints":{"allow":["GET"]}}],"collection":[{"href":"http:\/\/www.luigiaccattoli.it\/blog\/wp-json\/wp\/v2\/pages"}],"about":[{"href":"http:\/\/www.luigiaccattoli.it\/blog\/wp-json\/wp\/v2\/types\/page"}],"author":[{"embeddable":true,"href":"http:\/\/www.luigiaccattoli.it\/blog\/wp-json\/wp\/v2\/users\/1"}],"replies":[{"embeddable":true,"href":"http:\/\/www.luigiaccattoli.it\/blog\/wp-json\/wp\/v2\/comments?post=14208"}],"version-history":[{"count":1,"href":"http:\/\/www.luigiaccattoli.it\/blog\/wp-json\/wp\/v2\/pages\/14208\/revisions"}],"predecessor-version":[{"id":14209,"href":"http:\/\/www.luigiaccattoli.it\/blog\/wp-json\/wp\/v2\/pages\/14208\/revisions\/14209"}],"up":[{"embeddable":true,"href":"http:\/\/www.luigiaccattoli.it\/blog\/wp-json\/wp\/v2\/pages\/7661"}],"wp:attachment":[{"href":"http:\/\/www.luigiaccattoli.it\/blog\/wp-json\/wp\/v2\/media?parent=14208"}],"curies":[{"name":"wp","href":"https:\/\/api.w.org\/{rel}","templated":true}]}}