{"id":14217,"date":"2014-05-28T10:50:37","date_gmt":"2014-05-28T08:50:37","guid":{"rendered":"http:\/\/www.luigiaccattoli.it\/blog\/?page_id=14217"},"modified":"2014-05-28T10:50:37","modified_gmt":"2014-05-28T08:50:37","slug":"perche-papa-francesco-parla-in-italiano-a-gerusalemme","status":"publish","type":"page","link":"http:\/\/www.luigiaccattoli.it\/blog\/articoli-del-corriere-della-sera\/perche-papa-francesco-parla-in-italiano-a-gerusalemme\/","title":{"rendered":"Perch\u00e9 Papa Francesco parla in italiano a Gerusalemme"},"content":{"rendered":"<p>&nbsp;<\/p>\n<p><i>Pubblicato dal Corriere della Sera del 27 maggio 2014 a pagina 44 con il titolo \u201cLa scelta linguistica di Papa Bergoglio ambasciatore dell\u2019italiano nel mondo\u201d<\/i><\/p>\n<p>&nbsp;<\/p>\n<p>Come mai Francesco parla in italiano a palestinesi e israeliani? Perch\u00e9 non \u00e8 poliglotta, perch\u00e9 l\u2019italiano \u00e8 la lingua d\u2019uso della Santa Sede, perch\u00e9 ama presentarsi come vescovo di Roma. La sistematica preferenza per l\u2019italiano non \u00e8 nuova negli atti pubblici di Papa Bergoglio, fa cos\u00ec quand\u2019\u00e8 in Vaticano e cos\u00ec aveva fatto nel viaggio dello scorso luglio in Brasile. Ma stavolta \u00e8 stata notata di pi\u00f9, stante la lontananza linguistica dei mondi con i quali \u00e8 venuto a contatto.<\/p>\n<p>Per primo viene il fatto che Bergoglio non ha pratica di lingue che non siano lo spagnolo e l\u2019italiano. Il francese l\u2019ha studiato a scuola ma poco l\u2019ha usato. I predecessori s\u2019impegnavano a parlare le lingue degli ospiti, Wojtyla con versatilit\u00e0 slava, Ratzinger con disciplina tedesca e con migliori risultati. Francesco preferisce evitare la fatica di esprimersi in lingue che non padroneggia. E\u2019 un elemento di quella che chiama \u201cgrammatica della semplicit\u00e0\u201d: ama essere se stesso e apparire per quello che \u00e8.<\/p>\n<p>Non disponendo dell\u2019inglese, che \u00e8 la lingua franca del mondo d\u2019oggi, egli ripiega sull\u2019italiano, che \u00e8 la lingua franca della Santa Sede e della Chiesa cattolica, essendo la pi\u00f9 parlata negli ambienti vaticani ed ecclesiastici, anche se formalmente il latino \u00e8 ancora la lingua ufficiale.<\/p>\n<p>L\u2019italiano era da sempre la lingua d\u2019uso della Santa Sede, se si esclude il periodo avignonese, ma con Francesco quest\u2019uso \u00e8 divenuto quasi esclusivo. Nei messaggi \u201cUrbi et Orbi\u201d (alla citt\u00e0 di Roma e al mondo) dei giorni di Natale e di Pasqua Pio XII, Giovanni XXIII, Paolo VI facevano gli auguri in sei lingue, Wojtyla e Ratzinger sono arrivati a farli in 65 lingue. Francesco li fa solo in italiano.<\/p>\n<p>Alle udienze saluta i gruppi in italiano e poi gli addetti della Segreteria di Stato traducono il saluto in sette lingue: francese, inglese, tedesco, spagnolo, portoghese, arabo, polacco. Nello stesso numero di lingue vengono dati alla stampa i suoi discorsi pi\u00f9 importanti ma egli li propone solo in italiano ed \u00e8 cos\u00ec diventato il primo ambasciatore della nostra lingua nel mondo.<\/p>\n<p><b>Luigi Accattoli<\/b><\/p>\n<p>www.luigiaccattoli.it<\/p>\n","protected":false},"excerpt":{"rendered":"<p>&nbsp; Pubblicato dal Corriere della Sera del 27 maggio 2014 a pagina 44 con il titolo \u201cLa scelta linguistica di Papa Bergoglio ambasciatore dell\u2019italiano nel mondo\u201d &nbsp; Come mai Francesco&#8230;<\/p>\n<div class=\"more-link-wrapper\"><a class=\"more-link\" href=\"http:\/\/www.luigiaccattoli.it\/blog\/articoli-del-corriere-della-sera\/perche-papa-francesco-parla-in-italiano-a-gerusalemme\/\">Read More<span class=\"screen-reader-text\">Perch\u00e9 Papa Francesco parla in italiano a Gerusalemme<\/span><\/a><\/div>\n","protected":false},"author":1,"featured_media":0,"parent":7661,"menu_order":0,"comment_status":"open","ping_status":"closed","template":"","meta":{"_monsterinsights_skip_tracking":false,"_monsterinsights_sitenote_active":false,"_monsterinsights_sitenote_note":"","_monsterinsights_sitenote_category":0,"footnotes":""},"class_list":["post-14217","page","type-page","status-publish","hentry","excerpt"],"_links":{"self":[{"href":"http:\/\/www.luigiaccattoli.it\/blog\/wp-json\/wp\/v2\/pages\/14217","targetHints":{"allow":["GET"]}}],"collection":[{"href":"http:\/\/www.luigiaccattoli.it\/blog\/wp-json\/wp\/v2\/pages"}],"about":[{"href":"http:\/\/www.luigiaccattoli.it\/blog\/wp-json\/wp\/v2\/types\/page"}],"author":[{"embeddable":true,"href":"http:\/\/www.luigiaccattoli.it\/blog\/wp-json\/wp\/v2\/users\/1"}],"replies":[{"embeddable":true,"href":"http:\/\/www.luigiaccattoli.it\/blog\/wp-json\/wp\/v2\/comments?post=14217"}],"version-history":[{"count":1,"href":"http:\/\/www.luigiaccattoli.it\/blog\/wp-json\/wp\/v2\/pages\/14217\/revisions"}],"predecessor-version":[{"id":14218,"href":"http:\/\/www.luigiaccattoli.it\/blog\/wp-json\/wp\/v2\/pages\/14217\/revisions\/14218"}],"up":[{"embeddable":true,"href":"http:\/\/www.luigiaccattoli.it\/blog\/wp-json\/wp\/v2\/pages\/7661"}],"wp:attachment":[{"href":"http:\/\/www.luigiaccattoli.it\/blog\/wp-json\/wp\/v2\/media?parent=14217"}],"curies":[{"name":"wp","href":"https:\/\/api.w.org\/{rel}","templated":true}]}}