{"id":14453,"date":"2014-07-08T19:24:29","date_gmt":"2014-07-08T17:24:29","guid":{"rendered":"http:\/\/www.luigiaccattoli.it\/blog\/?page_id=14453"},"modified":"2014-07-08T19:24:29","modified_gmt":"2014-07-08T17:24:29","slug":"se-francesco-si-appella-a-celestino-v","status":"publish","type":"page","link":"http:\/\/www.luigiaccattoli.it\/blog\/articoli-del-corriere-della-sera\/se-francesco-si-appella-a-celestino-v\/","title":{"rendered":"Se Francesco si appella a Celestino V"},"content":{"rendered":"<p>&nbsp;<\/p>\n<p><i>Pubblicato dal \u201cCorriere della Sera\u201d dell\u20198 luglio 2014 a pagina 18 con il titolo \u201cIl richiamo a Celestino V: Scelse la povert\u00e0\u201d<\/i><\/p>\n<p>&nbsp;<\/p>\n<p>Papa Bergoglio a patrono del suo sogno di una Chiesa \u201csamaritana e povera\u201d non mette solo Francesco d\u2019Assisi, del quale ha preso il nome, ma anche Celestino V, il Papa della rinuncia che nei quattro mesi in cui regn\u00f2 diede esempio di \u201cpovert\u00e0, misericordia e spogliamento\u201d: ne ha parlato sabato a Isernia, con parole che aggiungono un elemento significativo alla figura di Papa che va abbozzando.<\/p>\n<p>E\u2019 stato scritto dalla rivista dei Gesuiti di Milano \u201cAggiornamenti sociali\u201d che l\u2019espressione \u201cPapa Francesco\u201d \u00e8 un ossimoro, cio\u00e8 l\u2019accostamento di due termini dissonanti: la spoliazione che caratterizz\u00f2 Francesco e il \u201cpotere delle Chiavi\u201d che \u00e8 proprio del Papa. La stessa rivista aveva anche osservato che nel perseguire il suo sogno Papa Bergoglio non poteva rifarsi a nessuno dei predecessori, tant\u2019\u00e8 che nessuno fino a lui aveva osato chiamarsi Francesco.<\/p>\n<p>Ecco invece che il Papa argentino si rif\u00e0 a Celestino V, unendolo a Francesco d\u2019Assisi e leggendo nei due, accostati, la sua idea di Chiesa. L\u2019ha fatto a Isernia, patria di Celestino, nel giorno anniversario della sua elezione al Papato, che avvenne il 5 luglio 1294, esattamente 720 anni fa. \u201cQuesti due santi \u2013 ha detto \u2013 hanno dato l\u2019esempio, loro sapevano che come chierici \u2013 uno era diacono l\u2019altro vescovo, vescovo di Roma \u2013 come chierici tutti e due dovevano dare l\u2019esempio di povert\u00e0, di misericordia e di spogliamento totale di s\u00e9 stessi\u201d.<\/p>\n<p>Bench\u00e8 proclamato santo (da Clemente V nel 1313), Celestino V non \u00e8 tenuto in grande onore nella tradizione papale e quando gli hanno reso omaggio i Papi pi\u00f9 recenti, da Paolo VI e Benedetto XVI, la considerazione \u00e8 sempre andata alla santit\u00e0 dell\u2019eremita e all\u2019umilt\u00e0 della sua rinuncia al Papato. E\u2019 senza precedenti il richiamo di Papa Francesco al suo \u201cesempio\u201d di \u201cspogliamento\u201d dato da \u201cvescovo di Roma\u201d.<\/p>\n<p><a name=\"_GoBack\"><\/a> Ha detto Papa Bergoglio di aver trovato \u201cun\u2019idea forte\u201d in Celestino V che nella sua considerazione l\u2019ha avvicinato a Francesco di Assisi: ambedue hanno avuto \u201cun senso fortissimo della misericordia di Dio che rinnova il mondo\u201d, \u201cerano molto vicini alla gente\u201d, avevano \u201cla stessa compassione di Ges\u00f9 verso tante persone affaticate e oppresse\u201d, hanno fatto \u201cuna scelta controcorrente\u201d (quella della povert\u00e0) intesa \u201cnon solo come ascesi personale ma come testimonianza profetica e come profezia di un mondo nuovo\u201d. Le parole sono impegnative: da sabato sappiamo che Celestino V \u00e8 uno dei modelli ai quali si richiama l\u2019attuale vescovo di Roma.<\/p>\n<p><b>Luigi Accattoli<\/b><\/p>\n<p>www.luigiaccattoli.it<\/p>\n","protected":false},"excerpt":{"rendered":"<p>&nbsp; Pubblicato dal \u201cCorriere della Sera\u201d dell\u20198 luglio 2014 a pagina 18 con il titolo \u201cIl richiamo a Celestino V: Scelse la povert\u00e0\u201d &nbsp; Papa Bergoglio a patrono del suo&#8230;<\/p>\n<div class=\"more-link-wrapper\"><a class=\"more-link\" href=\"http:\/\/www.luigiaccattoli.it\/blog\/articoli-del-corriere-della-sera\/se-francesco-si-appella-a-celestino-v\/\">Read More<span class=\"screen-reader-text\">Se Francesco si appella a Celestino V<\/span><\/a><\/div>\n","protected":false},"author":1,"featured_media":0,"parent":7661,"menu_order":0,"comment_status":"open","ping_status":"closed","template":"","meta":{"_monsterinsights_skip_tracking":false,"_monsterinsights_sitenote_active":false,"_monsterinsights_sitenote_note":"","_monsterinsights_sitenote_category":0,"footnotes":""},"class_list":["post-14453","page","type-page","status-publish","hentry","excerpt"],"_links":{"self":[{"href":"http:\/\/www.luigiaccattoli.it\/blog\/wp-json\/wp\/v2\/pages\/14453","targetHints":{"allow":["GET"]}}],"collection":[{"href":"http:\/\/www.luigiaccattoli.it\/blog\/wp-json\/wp\/v2\/pages"}],"about":[{"href":"http:\/\/www.luigiaccattoli.it\/blog\/wp-json\/wp\/v2\/types\/page"}],"author":[{"embeddable":true,"href":"http:\/\/www.luigiaccattoli.it\/blog\/wp-json\/wp\/v2\/users\/1"}],"replies":[{"embeddable":true,"href":"http:\/\/www.luigiaccattoli.it\/blog\/wp-json\/wp\/v2\/comments?post=14453"}],"version-history":[{"count":1,"href":"http:\/\/www.luigiaccattoli.it\/blog\/wp-json\/wp\/v2\/pages\/14453\/revisions"}],"predecessor-version":[{"id":14454,"href":"http:\/\/www.luigiaccattoli.it\/blog\/wp-json\/wp\/v2\/pages\/14453\/revisions\/14454"}],"up":[{"embeddable":true,"href":"http:\/\/www.luigiaccattoli.it\/blog\/wp-json\/wp\/v2\/pages\/7661"}],"wp:attachment":[{"href":"http:\/\/www.luigiaccattoli.it\/blog\/wp-json\/wp\/v2\/media?parent=14453"}],"curies":[{"name":"wp","href":"https:\/\/api.w.org\/{rel}","templated":true}]}}