{"id":14707,"date":"2014-08-21T14:31:35","date_gmt":"2014-08-21T12:31:35","guid":{"rendered":"http:\/\/www.luigiaccattoli.it\/blog\/?page_id=14707"},"modified":"2018-03-07T19:39:46","modified_gmt":"2018-03-07T18:39:46","slug":"francesco-fara-beato-romero-e-intende-farlo-in-fretta","status":"publish","type":"page","link":"http:\/\/www.luigiaccattoli.it\/blog\/articoli-del-corriere-della-sera\/francesco-fara-beato-romero-e-intende-farlo-in-fretta\/","title":{"rendered":"Francesco far\u00e0 beato Romero e intende \u201cfarlo in fretta\u201d"},"content":{"rendered":"<p>&nbsp;<\/p>\n<p><a name=\"_GoBack\"><\/a><i>Articolo pubblicato dal Corsera del 21 agosto 2014 a pagina 33 con il titolo \u201cBasta prudenza su Romero. L\u2019altra svolta del Papa degli umili\u201d<\/i><\/p>\n<p>&nbsp;<\/p>\n<p>Francesco intende fare beato l\u2019arcivescovo Romero e attende il risultato del processo che spera sia rapido: l\u2019ha detto ai giornalisti sull\u2019aereo. La questione \u00e8 rilevante non tanto per Oscar Arnulfo Romero, arcivescovo di San Salvador ucciso sull\u2019altare nel marzo del 1980 dai miliziani della dittatura che aveva messo sotto accusa: il riconoscimento del suo \u201cmartirio\u201d sarebbe comunque arrivato, tanto esso \u00e8 chiaro e ormai confessato dai mandanti dell\u2019esecuzione. E\u2019 rilevante \u2013 come ha accennato il Papa \u2013 per i tanti cristiani che in America Latina hanno pagato con la vita la loro \u201cscelta dei poveri\u201d.<\/p>\n<p>\u201cIl processo \u2013 ha detto Francesco \u2013 era bloccato per prudenza\u201d, ma adesso \u201c\u00e8 sbloccato\u201d e si tratta di \u201cfarlo in fretta\u201d, chiarendo \u201cquando c\u2019\u00e8 il martirio\u00a0sia per confessare il Credo, sia per fare le opere che Ges\u00f9 ci comanda, con il prossimo\u201d. Una chiarificazione importante \u201cperch\u00e9 \u2013 ha detto ancora il Papa \u2013 dietro di lui c\u2019\u00e8 Rutilio Grande e ci sono altri che sono stati uccisi\u201d. Rutilio Grande \u00e8 un gesuita salvadoregno ucciso nel marzo del 1977 e i soli gesuiti di quel Paese contano altri sei martiri (il pi\u00f9 noto \u00e8 Ignacio Ellacur\u00eda) massacrati nella loro residenza nel novembre del 1989.<\/p>\n<p>Il blocco del processo \u201cper prudenza\u201d l\u2019aveva spiegato Benedetto XVI parlando anch\u2019egli in aereo durante un viaggio in Brasile nel 2007: aveva chiarito che considerava Romero \u201cun grande testimone della fede\u201d che aveva avuto \u201cuna morte veramente credibile\u201d, dunque un martire (testimone e martire sono sinonimi); ma \u201cc\u2019era il problema che una parte politica voleva prenderlo per s\u00e9 come bandiera\u201d e si trattava di \u201cmettere in luce nel modo giusto la sua figura\u201d. Alla Chiesa \u2013 e a Francesco in essa \u2013 preme che Romero venga riconosciuto come \u201ctestimone\u201d di Cristo e non come improprio testimonial della guerriglia a matrice marxista.<\/p>\n<p>Oggi ci sono le condizioni per quel chiarimento. Ma gi\u00e0 Romero era stato onorato come martire da Papa Wojtyla che due volte era andato alla sua tomba e che nel maggio del 2000 l\u2019aveva nominato nella \u201cCommemorazione dei testimoni della fede del secolo XX\u201d, ponendolo a capofila di 333 cristiani uccisi nelle Americhe nel secolo scorso, in gran parte a motivo della loro azione in difesa degli ultimi. Un filone del martirio cristiano che sta a cuore al Papa argentino.<\/p>\n<p><b>Luigi Accattoli<\/b><\/p>\n<p>www.luigiaccattoli.it<\/p>\n","protected":false},"excerpt":{"rendered":"<p>&nbsp; Articolo pubblicato dal Corsera del 21 agosto 2014 a pagina 33 con il titolo \u201cBasta prudenza su Romero. L\u2019altra svolta del Papa degli umili\u201d &nbsp; Francesco intende fare beato&#8230;<\/p>\n<div class=\"more-link-wrapper\"><a class=\"more-link\" href=\"http:\/\/www.luigiaccattoli.it\/blog\/articoli-del-corriere-della-sera\/francesco-fara-beato-romero-e-intende-farlo-in-fretta\/\">Read More<span class=\"screen-reader-text\">Francesco far\u00e0 beato Romero e intende \u201cfarlo in fretta\u201d<\/span><\/a><\/div>\n","protected":false},"author":1,"featured_media":0,"parent":7661,"menu_order":0,"comment_status":"open","ping_status":"closed","template":"","meta":{"_monsterinsights_skip_tracking":false,"_monsterinsights_sitenote_active":false,"_monsterinsights_sitenote_note":"","_monsterinsights_sitenote_category":0,"footnotes":""},"class_list":["post-14707","page","type-page","status-publish","hentry","excerpt"],"_links":{"self":[{"href":"http:\/\/www.luigiaccattoli.it\/blog\/wp-json\/wp\/v2\/pages\/14707","targetHints":{"allow":["GET"]}}],"collection":[{"href":"http:\/\/www.luigiaccattoli.it\/blog\/wp-json\/wp\/v2\/pages"}],"about":[{"href":"http:\/\/www.luigiaccattoli.it\/blog\/wp-json\/wp\/v2\/types\/page"}],"author":[{"embeddable":true,"href":"http:\/\/www.luigiaccattoli.it\/blog\/wp-json\/wp\/v2\/users\/1"}],"replies":[{"embeddable":true,"href":"http:\/\/www.luigiaccattoli.it\/blog\/wp-json\/wp\/v2\/comments?post=14707"}],"version-history":[{"count":2,"href":"http:\/\/www.luigiaccattoli.it\/blog\/wp-json\/wp\/v2\/pages\/14707\/revisions"}],"predecessor-version":[{"id":21177,"href":"http:\/\/www.luigiaccattoli.it\/blog\/wp-json\/wp\/v2\/pages\/14707\/revisions\/21177"}],"up":[{"embeddable":true,"href":"http:\/\/www.luigiaccattoli.it\/blog\/wp-json\/wp\/v2\/pages\/7661"}],"wp:attachment":[{"href":"http:\/\/www.luigiaccattoli.it\/blog\/wp-json\/wp\/v2\/media?parent=14707"}],"curies":[{"name":"wp","href":"https:\/\/api.w.org\/{rel}","templated":true}]}}