{"id":1499,"date":"2009-05-22T19:31:36","date_gmt":"2009-05-22T17:31:36","guid":{"rendered":"http:\/\/www.luigiaccattoli.it\/blog\/?page_id=1499"},"modified":"2009-10-01T13:49:10","modified_gmt":"2009-10-01T11:49:10","slug":"bambini-ebrei-e-leggi-razziali-nel-racconto-di-mirjam-viterbi-e-in-altri-casi","status":"publish","type":"page","link":"http:\/\/www.luigiaccattoli.it\/blog\/cerco-fatti-di-vangelo\/18-giusti-delle-nazioni\/bambini-ebrei-e-leggi-razziali-nel-racconto-di-mirjam-viterbi-e-in-altri-casi\/","title":{"rendered":"Bambini ebrei e leggi razziali nel racconto di Mirjam Viterbi e in altri casi"},"content":{"rendered":"<p>&#8220;Durante il passaggio del piccolo corteo alcuni ignari soldati tedeschi scattarono sull&#8217;attenti&#8221;: belli questi guerrieri ariani che salutano l&#8217;accompagnamento al cimitero di una donna ebrea morta ad Assisi nel monastero delle clarisse di San Quirico dov&#8217;era rifugiata durante l&#8217;occupazione tedesca. Pi\u00f9 bello ancora il fascistissimo podest\u00e0 di Assisi che per rassicurare gli ebrei che si sono messi sotto la sua protezione telefona in loro presenza al Comando tedesco \u00a0chiedendo se in zona ci siano dei &#8220;porci ebrei&#8221; e tira &#8220;un grosso respiro di sollievo&#8221; alla risposta negativa. Anche il lettore respira leggendo il racconto del salvataggio di un gruppo di famiglie ebraiche attuato ad Assisi da un&#8217;organizzazione clandestina che faceva capo al vescovo Placido Nicolini: Mirjam Viterbi Ben Horin, <em>Con gli occhi di allora. Una bambina ebrea e le leggi razziali<\/em>, Morcelliana, Brescia 2008, pp. 90, euro 10.<\/p>\n<p><strong>&#8220;L&#8217;inverno pi\u00f9 lungo&#8221;<br \/>\ndi Andrea Riccardi<\/strong><br \/>\nIl racconto \u00e8 sobrio ma vivo. Mi ha provocato ad approfondire &#8211; come dir\u00f2 &#8211; la conoscenza di Mirjam Viterbi e della sua vicinanza al cristianesimo. Mi ha anche spinto a leggere di altri e pi\u00f9 vasti salvataggi di ebrei nei volumi <em>Nascosti in convento<\/em> di Antonio Gaspari (Ancora, Milano 1999) e <em>Salv\u00e0ti dai conventi<\/em> di Alessia Falifigli (San Paolo, Cinisello Balsamo 2005). Soprattutto mi ha deciso a prendere tra mano un&#8217;opera maestra che gi\u00e0 mi era arrivata in omaggio ma che sonnecchiava sullo scaffale: Andrea Riccardi, <em>L&#8217;inverno pi\u00f9 lungo. 1943-44: Pio XII, gli ebrei e i nazisti a Roma<\/em>, Laterza, Bari 2008.<br \/>\nConsiglio a tutti di leggere questo volume di Riccardi che vedo oggi come il suo capolavoro. In esso c&#8217;\u00e8 un passo che richiama il titolo del volumetto della Viterbi: &#8220;La storia della persecuzione degli ebrei (e dell&#8217;ospitalit\u00e0) \u00e8 pure una storia di bambini: vista con gli occhi dei bambini, \u00e8 una vicenda diversa da come la si ricostruisce attraverso le testimonianze degli adulti&#8221; (p. 264).<br \/>\nMirjam Viterbi intitola il suo racconto <em>Con gli occhi di allora<\/em>, cio\u00e8 di quando era bambina; e Riccardi ragiona sulla persecuzione degli ebrei &#8220;vista con gli occhi dei bambini&#8221;, riferendo testimonianze toccanti. Lia Levi e la sorella che si vedono affidare alle suore come fossero &#8220;orfanelle&#8221;. Renato Di Castro che consola il fratello pi\u00f9 piccolo, Aldo, che piange di notte. Giuseppe Fu\u00e0 ospite al Pio XI che racconta come la mattina dovesse &#8220;andare a messa e dire le preghiere che io tra l&#8217;altro mica conoscevo&#8221;. Virginia Nathan che si ritrova anche lei dalle suore che le sembrano &#8220;tutte uguali, come tanti pinguini&#8221;.<br \/>\nLo storico ci d\u00e0 un quadro convincente e in esso colloca lo &#8220;spaesamento&#8221; dei bambini. La Viterbi narra di se stessa bambina e insieme allude al quadro in cui la sua storia andrebbe collocata.<br \/>\nPer questo doppio registro, della presa immediata e del campo lungo della voce narrante, il testo di Mirjam Viterbi risulta di rara efficacia, sereno e drammatico insieme. Dalle sue pagine veniamo a sapere che &#8220;a tutti i conventi, compresi quelli di clausura, era stato impartito l&#8217;ordine di aprire le loro porte ai perseguitati per ospitarli&#8221;. La &#8220;identit\u00e0 religiosa&#8221; degli ospiti &#8220;veniva rispettata a tal punto che al termine del digiuno del Kippur le clarisse di San Quirico avevano preparato una grande tavolata adorna di fiori, volendo servire loro stesse il pasto che chiudeva la lunga giornata di preghiera e di penitenza&#8221; (p. 23).<\/p>\n<p><strong>Il vescovo Nicolini ospitava<br \/>\n&#8220;un incredibile numero di sfollati&#8221;<\/strong><br \/>\nEcco la famiglia Viterbi a colloquio con il vescovo, che sar\u00e0 riconosciuto &#8211; insieme a cinque suoi collaboratori &#8211; come &#8220;giusto delle nazioni&#8221;: &#8220;La mamma e il pap\u00e0 gli spiegarono chi eravamo e gli consegnarono quei pochi oggetti ebraici che ci avevano seguito da Padova e che, se scoperti, avrebbero potuto denunciare la nostra identit\u00e0. Monsignor Nicolini li prese con attenzione e delicatezza, assicurando che li avrebbe messi personalmente in un luogo sicuro. Infatti, come poi si venne a sapere, era solito nasconderli lui stesso nei sotterranei del Palazzo vescovile, picconando e murando, mentre don Aldo Brunacci gli faceva luce con la candela&#8221; (p. 27).<br \/>\nUn giorno pap\u00e0 Viterbi &#8220;and\u00f2 a consigliarsi&#8221; col vescovo e a chiedergli se in caso di &#8220;estrema necessit\u00e0&#8221; avrebbe potuto accoglierli in vescovado, &#8220;gi\u00e0 asilo di un incredibile numero di sfollati e perseguitati&#8221;. Questa fu la risposta del vescovo, anche se quell&#8217;estrema necessit\u00e0 infine non si verific\u00f2: &#8220;<em>Sono rimaste libere solo la mia stanza da letto e lo studio. Ma posso benissimo sistemarmi nello studio e la stanza da letto \u00e8 per voi<\/em>&#8220;.<br \/>\nIl podest\u00e0 di Assisi, avvocato Fortini, che aveva fama di &#8220;persona retta&#8221;, era stato all&#8217;origine della scelta dei Viterbi di dirigersi ad Assisi invece che a Roma, al momento della fuga da Porretta Terme, luogo del primo rifugio. Un giorno la signora Viterbi l&#8217;affronto a viso aperto: &#8220;Gli disse che eravamo ebrei e termin\u00f2 la breve presentazione con una semplice domanda: avvocato, adesso che lei sa chi siamo, vuole denunciarci o aiutarci?&#8221;<br \/>\nIl buon Fortini si adopera per aiutarli, facilitando l&#8217;ottenimento delle &#8220;carte di soggiorno&#8221; con false identit\u00e0 ma si coinvolge anche personalmente nel salvataggio: &#8220;Egli stesso and\u00f2 di persona a Perugia per riscuotere una cifra piuttosto considerevole derivante dalla vendita di titoli nominali che il pap\u00e0 aveva fatta, proprio su suo consiglio&#8221; (p. 43).<\/p>\n<p><strong>Alla ricerca di foto<br \/>\nnon somiglianti<\/strong><br \/>\nSulle carte di identit\u00e0 veniamo a sapere che esse &#8220;erano state stampate con una semplice macchina a pedale da un piccolo tipografo assisano, Luigi Brizi, che insieme al figlio Trento, di notte, nel retrobottega del suo negozio a S. Chiara, si dedicava a questa pericolosissima collaborazione&#8221; (p. 46). Divertente \u00e8 il racconto delle fotografie per le nuove carte, che &#8220;chiese un piccolo lavoro di fantasia&#8221; a quanti venivano fotografati per apparire dissimili da &#8220;quello che erano stati&#8221;. La mamma &#8220;che non aveva mai portato orecchini si mise due piccole rane luccicanti alle orecchie&#8221;, mentre il pap\u00e0 &#8211; professore universitario &#8211; &#8220;si vest\u00ec come peggio non poteva e guard\u00f2 l&#8217;obiettivo con un&#8217;espressione che non sembrava certo molto intelligente&#8221; (ivi).<br \/>\nBella la pagina in cui Mirjam racconta come gli ebrei partecipavano al culto cristiano: &#8220;<em>Si andava a messa ogni domenica mattina, per non creare sospetti. Di solito ci piazzavamo nel fondo, in un angolo dove non potessimo essere osservati; io ero molto attenta ad alzarmi quando ci si doveva alzare, a sedermi quando ci si doveva sedere e a non perdere il momento in cui i fedeli si facevano il segno della croce: allora, come ci era stato insegnato, ci segnavamo senza segnarci, con un movimento della mano tanto rapido quanto impreciso. Un percorso simile a una croce, ma che non lo era: o mancava qualcosa, o era in senso inverso. E ci\u00f2 non aveva nulla di blasfemo, n\u00e9 per la religione cattolica n\u00e9 per la nostra. Mi sentivo assolutamente in pace con me stessa. Cos\u00ec come lo ero nell&#8217;entrare in chiesa e facendo il gesto di immergere le dita nell&#8217;acqua santa, senza per\u00f2 mai toccarla. Mi dicevo che Dio guarda, in certi casi, ai movimenti del cuore, non della mano. Ed il mio cuore era pieno di rispetto in entrambe le direzioni<\/em>&#8221; (p. 45).<br \/>\nE&#8217; anche da quella contaminazione delle preghiere che \u00e8 venuto l&#8217;avvicinamento tra ebrei e cristiani che \u00e8 uno dei doni per l&#8217;umanit\u00e0 della nostra epoca. Testimonianze simili &#8211; relative al momento della preghiera &#8211; sono narrate da Falifigli e da Riccardi nei volumi citati sopra. Episodi analoghi avevo estratto qualche tempo addietro dal volume <em>I giusti d&#8217;Italia <\/em>(Mondadori 2006) curato da Liliana Picciotto sulla base della documentazione in possesso di Yad Vashem, dedicandogli alcune puntate di questa rubrica e in particolare quella del fascicolo 12\/2006: \u00a01943-1945: <em>Tra i &#8220;giusti&#8221; e gli ebrei nasce il primo dialogo<\/em>.<br \/>\nA conclusione di quella indagine avevo intervistato &#8211; sempre per questa rubrica &#8211; Nathan Ben Horin, che fu ambasciatore di Israele in Vaticano ed \u00e8 \u00a0membro dal 1994 della Commissione di Yad Vashem per il riconoscimento dei Giusti: egli \u00e8 sposato con Mirjam Viterbi e lei fu presente al nostro colloquio, nella loro casa romana ai Parioli, dove mi avevano accolto come un fratello.<\/p>\n<p><strong>Nessuna pressione<br \/>\nperch\u00e9 si convertissero<\/strong><br \/>\nGi\u00e0 in quell&#8217;occasione Mirjam mi aveva parlato dei mesi in cui era stata a contatto, ad Assisi, con i salvatori della sua famiglia affermando che mai aveva subito pressioni perch\u00e9 si convertisse. Sostenne anzi che doveva &#8220;a quell&#8217;esperienza di religiosit\u00e0 autentica e di aiuto dato con il cuore&#8221; se poi divenne &#8220;quello che \u00e8 attualmente&#8221; e cio\u00e8 un&#8217;interlocutrice attiva del dialogo ebraico-cristiano, come attesta il volume che ha pubblicato nel 2005 con la EDB, <em>Verso l&#8217;Uno. Una lettura ebraica della fede<\/em>. Raccoglie i suoi interventi ai &#8220;colloqui&#8221; di Montegiove (Pesaro), condotti con don Benedetto Calati dal 1990 al 1995, alla ricerca appassionata di una religiosit\u00e0 senza frontiere.<br \/>\nAnche questo libretto suggerisco al lettore che voglia cogliere una voce non inquadrata in nessuna scuola &#8211; Mirjam \u00e8 medico neuropsichiatra e lettrice dilettante della Bibbia &#8211; che muove dalla spiritualit\u00e0 ebraica e incontra quella cristiana senza alcuna forzatura, riuscendo con una serenit\u00e0 rara a guardare a Ges\u00f9 come a &#8220;un ebreo osservante, ma non convenzionale, che visse duemila anni fa&#8221;, provando per lui &#8220;un sentimento misto di responsabilit\u00e0 e d&#8217;amore: amore per questa creatura che mi parla, attraverso un vuoto di quasi duemila anni, come un fratello perduto e ritrovato&#8221;.\u00a0 Io dico qui la mia gratitudine di aver incontrato in Mirjam e in Nathan una sorella e un fratello maggiori &#8211; in et\u00e0 e nella fede &#8211; dei quali vado fiero.<\/p>\n<p><strong>Luigi Accattoli<\/strong><br \/>\nda <em>Il Regno<\/em> 2\/2009<\/p>\n","protected":false},"excerpt":{"rendered":"<p>&#8220;Durante il passaggio del piccolo corteo alcuni ignari soldati tedeschi scattarono sull&#8217;attenti&#8221;: belli questi guerrieri ariani che salutano l&#8217;accompagnamento al cimitero di una donna ebrea morta ad Assisi nel monastero&#8230;<\/p>\n<div class=\"more-link-wrapper\"><a class=\"more-link\" href=\"http:\/\/www.luigiaccattoli.it\/blog\/cerco-fatti-di-vangelo\/18-giusti-delle-nazioni\/bambini-ebrei-e-leggi-razziali-nel-racconto-di-mirjam-viterbi-e-in-altri-casi\/\">Read More<span class=\"screen-reader-text\">Bambini ebrei e leggi razziali nel racconto di Mirjam Viterbi e in altri casi<\/span><\/a><\/div>\n","protected":false},"author":1,"featured_media":0,"parent":2137,"menu_order":0,"comment_status":"open","ping_status":"closed","template":"","meta":{"_monsterinsights_skip_tracking":false,"_monsterinsights_sitenote_active":false,"_monsterinsights_sitenote_note":"","_monsterinsights_sitenote_category":0,"footnotes":""},"class_list":["post-1499","page","type-page","status-publish","hentry","excerpt"],"_links":{"self":[{"href":"http:\/\/www.luigiaccattoli.it\/blog\/wp-json\/wp\/v2\/pages\/1499","targetHints":{"allow":["GET"]}}],"collection":[{"href":"http:\/\/www.luigiaccattoli.it\/blog\/wp-json\/wp\/v2\/pages"}],"about":[{"href":"http:\/\/www.luigiaccattoli.it\/blog\/wp-json\/wp\/v2\/types\/page"}],"author":[{"embeddable":true,"href":"http:\/\/www.luigiaccattoli.it\/blog\/wp-json\/wp\/v2\/users\/1"}],"replies":[{"embeddable":true,"href":"http:\/\/www.luigiaccattoli.it\/blog\/wp-json\/wp\/v2\/comments?post=1499"}],"version-history":[{"count":3,"href":"http:\/\/www.luigiaccattoli.it\/blog\/wp-json\/wp\/v2\/pages\/1499\/revisions"}],"predecessor-version":[{"id":2186,"href":"http:\/\/www.luigiaccattoli.it\/blog\/wp-json\/wp\/v2\/pages\/1499\/revisions\/2186"}],"up":[{"embeddable":true,"href":"http:\/\/www.luigiaccattoli.it\/blog\/wp-json\/wp\/v2\/pages\/2137"}],"wp:attachment":[{"href":"http:\/\/www.luigiaccattoli.it\/blog\/wp-json\/wp\/v2\/media?parent=1499"}],"curies":[{"name":"wp","href":"https:\/\/api.w.org\/{rel}","templated":true}]}}