{"id":15284,"date":"2014-11-21T10:46:43","date_gmt":"2014-11-21T09:46:43","guid":{"rendered":"http:\/\/www.luigiaccattoli.it\/blog\/?page_id=15284"},"modified":"2014-11-22T17:30:15","modified_gmt":"2014-11-22T16:30:15","slug":"giuseppe-morosini-ci-vuole-piu-coraggio-per-vivere-che-per-morire","status":"publish","type":"page","link":"http:\/\/www.luigiaccattoli.it\/blog\/cerco-fatti-di-vangelo\/nuovi-martiri\/e-martiri-della-dignita-delluomo\/giuseppe-morosini-ci-vuole-piu-coraggio-per-vivere-che-per-morire\/","title":{"rendered":"Giuseppe Morosini: \u201cCi vuole pi\u00f9 coraggio per vivere che per morire\u201d"},"content":{"rendered":"<p><span style=\"color: #222222;\"><span style=\"font-family: Arial, serif;\"><span style=\"font-size: small;\">Giuseppe Morosini \u00e8 un prete di Roma condannato a morte dall\u2019occupante tedesco per l\u2019aiuto che d\u00e0 agli antifascisti: per la sua salvezza si muove il Papa Pio XII \u2013 egli \u00e8 un suo prete! \u2013 che chiede la grazia a Hitler, che la rifiuta. E don Giuseppe viene fucilato in Roma, al Forte Bravetta, il 3 aprile 1944, luned\u00ec santo, assistito \u2013 per conto del Papa \u2013 dal vescovo vicegerente di Roma, Luigi Traglia, che sette anni prima l\u2019aveva ordinato prete. Aveva 31 anni.<\/span><\/span><\/span><\/p>\n<p><span style=\"color: #222222;\"><span style=\"font-family: Arial, serif;\"><span style=\"font-size: small;\">Di carattere espansivo e appassionato di musica, gi\u00e0 cappellano militare, alla caduta del fascismo reagisce da missionario qual era \u2013 della Congregazione di San Vincenzo De\u2019 Paoli \u2013 ai disagi della popolazione, ingigantiti dai primi bombardamenti alleati, raccogliendo in una scuola 150 ragazzi delle zone sinistrate. La sua formazione lontana dal fascismo l\u2019aveva segnalata gi\u00e0 al momento della prima messa, scegliendo come ricordo per i giovani di\u00a0Ferentino\u00a0(suo paese natale) un\u2019immagine di Pier Giorgio Frassati, il futuro beato torinese, antifascista della prima ora.<\/span><\/span><\/span><\/p>\n<p><span style=\"color: #222222;\"><span style=\"font-family: Arial, serif;\"><span style=\"font-size: small;\">L\u2019aiuto ai ragazzi in difficolt\u00e0 e ai giovani sbandati, tra i quali erano tanti che sceglievano la clandestinit\u00e0 per non andare in guerra, o perch\u00e9 si ribellavano all\u2019occupazione tedesca, lo mette in contatto con l\u2019ambiente resistenziale romano. Un tale Dante Bruna lo tradisce per un compenso di 70 mila lire: viene arrestato il 4 gennaio e subisce tre mesi di interrogatori, ma non fa nomi.<\/span><\/span><\/span><\/p>\n<p><span style=\"color: #222222;\"><span style=\"font-family: Arial, serif;\"><span style=\"font-size: small;\">Non poteva celebrare la messa, ma dalla cella ogni sera intonava il rosario, invitando i carcerati a pregare\u00a0<\/span><\/span><\/span><span style=\"color: #222222;\"><span style=\"font-family: Arial, serif;\"><span style=\"font-size: small;\"><i>\u201cper la nostra cara patria, per coloro che soffrono, per quelli che ci fanno soffrire\u201d<\/i><\/span><\/span><\/span><span style=\"color: #222222;\"><span style=\"font-family: Arial, serif;\"><span style=\"font-size: small;\">.<\/span><\/span><\/span><\/p>\n<p><span style=\"color: #222222;\"><span style=\"font-family: Arial, serif;\"><span style=\"font-size: small;\">Al cappellano del carcere che gli annunciava l\u2019esecuzione dice:\u00a0<\/span><\/span><\/span><span style=\"color: #222222;\"><span style=\"font-family: Arial, serif;\"><span style=\"font-size: small;\"><i>\u201cMonsignore, ci vuole pi\u00f9 coraggio per vivere che per morire\u201d<\/i><\/span><\/span><\/span><span style=\"color: #222222;\"><span style=\"font-family: Arial, serif;\"><span style=\"font-size: small;\">. Allo stesso cappellano, aveva detto un giorno, con riferimento a un pensiero di Teresa di Lisieux:\u00a0<\/span><\/span><\/span><span style=\"color: #222222;\"><span style=\"font-family: Arial, serif;\"><span style=\"font-size: small;\"><i>\u201cVorrei avere mille cuori! Il cuore del martire, il cuore del confessore vorrei! Invece quel poco che ho fatto finora \u00e8 poco e imperfetto\u201d<\/i><\/span><\/span><\/span><span style=\"color: #222222;\"><span style=\"font-family: Arial, serif;\"><span style=\"font-size: small;\">.<\/span><\/span><\/span><\/p>\n<p><span style=\"color: #222222;\"><span style=\"font-family: Arial, serif;\"><span style=\"font-size: small;\">Ottiene di poter celebrare un\u2019ultima messa: gliela serve il vescovo Traglia che l\u2019aveva ordinato. Eppoi si abbracciano e quel vescovo l\u2019accompagna sul cellulare dal carcere al forte della fucilazione e intona il rosario con i \u201cmisteri gaudiosi\u201d, perch\u00e9 era luned\u00ec. Ma don Giuseppe chiede quelli \u201cdolorosi\u201d. E quando il vescovo recita il quarto, nel quale \u201csi contempla la condanna a morte di Nostro Signor Ges\u00f9 Cristo e il suo viaggio al Calvario\u201d, don Giuseppe lo guarda e sorride.<\/span><\/span><\/span><\/p>\n<p><span style=\"color: #222222;\"><span style=\"font-family: Arial, serif;\"><span style=\"font-size: small;\">Viene fucilato in veste talare. Davanti al plotone di esecuzione chiede al vescovo di ringraziare il Papa per il tentativo che aveva fatto di salvarlo. Afferma che offre la sua vita secondo le intenzioni del Papa. Bacia per l\u2019ultima volta il suo crocifisso di missionario e lo consegna al vescovo perch\u00e9 lo dia al fratello:\u00a0<\/span><\/span><\/span><span style=\"color: #222222;\"><span style=\"font-family: Arial, serif;\"><span style=\"font-size: small;\"><i>\u201ce gli dica che il mio pensiero, in questo momento \u00e8 rivolto a lui, so quanto soffrir\u00e0\u201d<\/i><\/span><\/span><\/span><span style=\"color: #222222;\"><span style=\"font-family: Arial, serif;\"><span style=\"font-size: small;\">.<\/span><\/span><\/span><\/p>\n<p><span style=\"color: #222222;\"><span style=\"font-family: Arial, serif;\"><span style=\"font-size: small;\">Il vescovo Traglia un giorno sar\u00e0 cardinale e sempre difender\u00e0 la memoria di don Morosini: \u201cIo ho pensato che sotto un certo punto di vista il Signore lo premiava, perch\u00e9 faceva una morte santa: una morte accompagnata da tanto sacrificio sarebbe stata certamente considerata dal Signore in attivo e non in passivo\u201d (Venier).<\/span><\/span><\/span><\/p>\n<p><span style=\"color: #222222;\"><span style=\"font-family: Arial, serif;\"><span style=\"font-size: small;\">Pio XII volle essere informato minutamente da Traglia, il giorno stesso dell\u2019esecuzione \u201ce grande fu il suo dolore nel non essere riuscito a salvare neppure un suo sacerdote\u201d (Venier).<\/span><\/span><\/span><\/p>\n<p><span style=\"color: #222222;\"><span style=\"font-family: Arial, serif;\"><span style=\"font-size: small;\"><i>Martirologio del clero italiano<\/i><\/span><\/span><\/span><span style=\"color: #222222;\"><span style=\"font-family: Arial, serif;\"><span style=\"font-size: small;\">, p. 158.<\/span><\/span><\/span><\/p>\n<p><span style=\"color: #222222;\"><span style=\"font-family: Arial, serif;\"><span style=\"font-size: small;\">Salvatore Morosini,\u00a0<\/span><\/span><\/span><span style=\"color: #222222;\"><span style=\"font-family: Arial, serif;\"><span style=\"font-size: small;\"><i>Mio fratello don Giuseppe<\/i><\/span><\/span><\/span><span style=\"color: #222222;\"><span style=\"font-family: Arial, serif;\"><span style=\"font-size: small;\">, Roma 1954.<\/span><\/span><\/span><\/p>\n<p><span style=\"color: #222222;\"><span style=\"font-family: Arial, serif;\"><span style=\"font-size: small;\"><i>Don Giuseppe Morosini martire per la fede, la libert\u00e0 e la patria<\/i><\/span><\/span><\/span><span style=\"color: #222222;\"><span style=\"font-family: Arial, serif;\"><span style=\"font-size: small;\">, Roma 1969.<\/span><\/span><\/span><\/p>\n<p><span style=\"color: #222222;\"><span style=\"font-family: Arial, serif;\"><span style=\"font-size: small;\"><i>Dizionario storico del movimento cattolico<\/i><\/span><\/span><\/span><span style=\"color: #222222;\"><span style=\"font-family: Arial, serif;\"><span style=\"font-size: small;\">, III\\2, p. 579.<\/span><\/span><\/span><\/p>\n<p><span style=\"color: #222222;\"><span style=\"font-family: Arial, serif;\"><span style=\"font-size: small;\">Elio Venier,\u00a0<\/span><\/span><\/span><span style=\"color: #222222;\"><span style=\"font-family: Arial, serif;\"><span style=\"font-size: small;\"><i>La Chiesa di Roma durante il periodo della Resistenza,\u00a0<\/i><\/span><\/span><\/span><span style=\"color: #222222;\"><span style=\"font-family: Arial, serif;\"><span style=\"font-size: small;\">in<\/span><\/span><\/span><span style=\"color: #222222;\"><span style=\"font-family: Arial, serif;\"><span style=\"font-size: small;\"><i>\u00a0Rivista diocesana di Roma, settembre-ottobre 1999, p. 999-1000.\u00a0<\/i><\/span><\/span><\/span><\/p>\n<p>[<strong>dal volume di Luigi Accattoli, <em>Nuovi Martiri<\/em>, San Paolo 2000, pp. 168-170<\/strong>]<\/p>\n","protected":false},"excerpt":{"rendered":"<p>Giuseppe Morosini \u00e8 un prete di Roma condannato a morte dall\u2019occupante tedesco per l\u2019aiuto che d\u00e0 agli antifascisti: per la sua salvezza si muove il Papa Pio XII \u2013 egli&#8230;<\/p>\n<div class=\"more-link-wrapper\"><a class=\"more-link\" href=\"http:\/\/www.luigiaccattoli.it\/blog\/cerco-fatti-di-vangelo\/nuovi-martiri\/e-martiri-della-dignita-delluomo\/giuseppe-morosini-ci-vuole-piu-coraggio-per-vivere-che-per-morire\/\">Read More<span class=\"screen-reader-text\">Giuseppe Morosini: \u201cCi vuole pi\u00f9 coraggio per vivere che per morire\u201d<\/span><\/a><\/div>\n","protected":false},"author":1,"featured_media":0,"parent":11381,"menu_order":0,"comment_status":"open","ping_status":"closed","template":"","meta":{"_monsterinsights_skip_tracking":false,"_monsterinsights_sitenote_active":false,"_monsterinsights_sitenote_note":"","_monsterinsights_sitenote_category":0,"footnotes":""},"class_list":["post-15284","page","type-page","status-publish","hentry","excerpt"],"_links":{"self":[{"href":"http:\/\/www.luigiaccattoli.it\/blog\/wp-json\/wp\/v2\/pages\/15284","targetHints":{"allow":["GET"]}}],"collection":[{"href":"http:\/\/www.luigiaccattoli.it\/blog\/wp-json\/wp\/v2\/pages"}],"about":[{"href":"http:\/\/www.luigiaccattoli.it\/blog\/wp-json\/wp\/v2\/types\/page"}],"author":[{"embeddable":true,"href":"http:\/\/www.luigiaccattoli.it\/blog\/wp-json\/wp\/v2\/users\/1"}],"replies":[{"embeddable":true,"href":"http:\/\/www.luigiaccattoli.it\/blog\/wp-json\/wp\/v2\/comments?post=15284"}],"version-history":[{"count":5,"href":"http:\/\/www.luigiaccattoli.it\/blog\/wp-json\/wp\/v2\/pages\/15284\/revisions"}],"predecessor-version":[{"id":15299,"href":"http:\/\/www.luigiaccattoli.it\/blog\/wp-json\/wp\/v2\/pages\/15284\/revisions\/15299"}],"up":[{"embeddable":true,"href":"http:\/\/www.luigiaccattoli.it\/blog\/wp-json\/wp\/v2\/pages\/11381"}],"wp:attachment":[{"href":"http:\/\/www.luigiaccattoli.it\/blog\/wp-json\/wp\/v2\/media?parent=15284"}],"curies":[{"name":"wp","href":"https:\/\/api.w.org\/{rel}","templated":true}]}}