{"id":1538,"date":"2009-06-01T16:57:46","date_gmt":"2009-06-01T14:57:46","guid":{"rendered":"http:\/\/www.luigiaccattoli.it\/blog\/?page_id=1538"},"modified":"2010-11-21T21:51:58","modified_gmt":"2010-11-21T21:51:58","slug":"la-diplomazia-pontificia-sotto-giovanni-paolo-ii","status":"publish","type":"page","link":"http:\/\/www.luigiaccattoli.it\/blog\/conferenze-e-dibattiti-2\/la-diplomazia-pontificia-sotto-giovanni-paolo-ii\/","title":{"rendered":"La diplomazia pontificia sotto Giovanni Paolo II"},"content":{"rendered":"<p><em>A cura dell&#8217;Ambasciata d&#8217;Italia e dalla Nunziatura apostolica a Sofia<br \/>\nin occasione della pubblicazione del volume di Kiril Pl. Kartaloff<br \/>\n&#8220;Diplomazia pontificia. La Santa Sede nelle relazioni internazionali<br \/>\ndurante il Pontificato di Giovanni Paolo II&#8221;<\/em><\/p>\n<p><em>SOFIA &#8211; BULGARIA &#8211; <\/em><em>Marted\u00ec 26 maggio &#8211; ore 18,00<\/em><em><\/em><\/p>\n<p>Questo di Kiril Kartaloff \u00e8 uno studio condotto con ampiezza di sguardo e con ottima documentazione. Per l&#8217;ampiezza dello sguardo baster\u00e0 richiamare la prima parte, di inquadramento generale, sul Papa e sulla Chiesa cattolica. Per la puntualit\u00e0 della documentazione, fin nei dettagli minori, far\u00f2 due esempi che mi hanno favorevolmente colpito.<\/p>\n<p>Prendo il primo dalla nota 910 relativa al paragrafo dedicato all&#8217;<em>Accordo fondamentale tra Santa Sede e Stato di Israele<\/em> &#8211; nota n ella quale si ricorda che il sottosegretario ai Rapporti con gli Stati Claudio Maria Celli quando si reca presso il Ministero degli Affari Esteri israeliano, alla fine del 1993, per la firma dell&#8217;Accordo, &#8220;si presenta allo storico evento munito di una lettera di autorizzazione di Giovanni Paolo II: uno strappo alla consuetudine diplomatica che prevedeva solo l&#8217;autorizzazione della Segreteria di Stato&#8221;. Il dettaglio viene richiamato per segnalare la &#8220;solennit\u00e0&#8221; che il Papa desidera conferire all&#8217;atto.<\/p>\n<p>Il secondo esempio lo ricavo dalla nota 1012 relativa al paragrafo intitolato <em>Dopo l&#8217;11 settembre 2001<\/em> &#8211; essa riporta il lungo elenco delle &#8220;personalit\u00e0 politiche&#8221; ricevute da GPII nel febbraio-marzo 2003 per fermare l&#8217;avvio della seconda guerra all&#8217;Iraq: e questo a segnalare lo straordinario impegno posto dal Papa, gi\u00e0 indebolito dalla progressione del morbo di Parkinson, in quel tentativo di salvare l&#8217;umanit\u00e0 da un nuovo incendio bellico e dall&#8217;approfondimento del fossato di incomprensione gi\u00e0 esistente tra mondo musulmano e Occidente &#8220;cristiano&#8221;.<\/p>\n<p>Il paragrafo del capitolo quinto intitolato <em>L&#8217;Ostpolitik della Santa Sede. Il caso della Bulgaria<\/em> l&#8217;ho letto con grande interesse, stante la mia relativa ignoranza della materia. Ignoravo per esempio che il Patriarca Kiril nella seconda met\u00e0 degli anni sessanta del secolo scorso avesse proposto a Paolo VI &#8220;<em>la convocazione di una conferenza ecumenica per la pace, da tenersi in Bulgaria, con la partecipazione del Papa, del Patriarca di Mosca e dei responsabili delle altre Chiese e religioni<\/em>&#8220;.<\/p>\n<p>Ho molto apprezzato la puntuale rilevazione &#8211; nel volume &#8211; degli aspetti nuovi dell&#8217;azione diplomatica della Santa Sede sotto il Pontificato di Papa Wojtyla, tutti rappresentati in dettaglio e con appropriata documentazione: la particolare enfasi posta sui &#8220;diritti umani&#8221;, la rilevanza &#8220;strategica&#8221; tra essi attribuita alla libert\u00e0 religiosa, la dottrina dell&#8217;ingerenza umanitaria, la rilevanza del dialogo interreligioso nella promozione della pace, la decisione di agire contro ogni legittimazione religiosa dei conflitti armati e per il superamento dello strumento della guerra nella soluzione delle controversie internazionali, la tendenza personale di Giovanni Paolo a portare il suo messaggio di pace tra i popoli in guerra e nei luoghi della guerra.<\/p>\n<p>Concordo con queste segnalazioni e oso aggiungere un&#8217;osservazione personale da biografo del Papa polacco e da cronista, oggi, del Papa tedesco. Questa osservazione: che probabilmente Paolo VI \u00e8 da considerare l&#8217;ultimo Papa con una formazione diplomatica, come erano stati in prevalenza i Papi del secolo scorso; e portati dunque a considerare la via diplomatica come essenziale alla loro attivit\u00e0 apostolica. Dopo di lui abbiamo gi\u00e0 avuto tre elezioni papali che hanno chiamato a vescovi di Roma due &#8220;pastori&#8221; diocesani e un cardinale teologo tutti e tre privi di esperienza diplomatica. E&#8217; ragionevole immaginare che cos\u00ec si continui in futuro.<\/p>\n<p>Con Giovanni Paolo II e con Benedetto XVI abbiamo dei Papi che tendono a svolgere una propria presenza apostolica, ecumenica e missionaria a dimensione mondiale, fruendo certamente dell&#8217;aiuto che possono avere dalla diplomazia, ma riservandole un ruolo subordinato e secondario, totalmente strumentale. Questa riduzione del ruolo della diplomazia o &#8211; per meglio dire &#8211; questo mutamento della sua collocazione nell&#8217;immagine complessiva del Pontificato romano si lega paradossalmente all&#8217;ampliamento delle relazioni diplomatiche della Santa Sede che non solo &#8211; sotto Giovanni Paolo II &#8211; sono quasi raddoppiate (nei suoi 26 anni e mezzo le rappresentanze pontificie sono salite da 89 a 174), ma si sono estese a cancellerie che erano restate chiuse per secoli, o che sembravano ideologicamente inaccessibili: dalla Gran Bretagna agli Stati Uniti, da Israele alla Russia. Si pu\u00f2 dunque prevedere che lo strumento diplomatico accompagner\u00e0 l&#8217;attivit\u00e0 dei Papi anche in futuro, aiutandoli sempre meglio a raggiungere con il proprio messaggio ogni Paese, ma con un rilievo relativamente minore rispetto ad altri strumenti e ad altre vie &#8211; ecclesiali, ecumenici e interreligiosi &#8211; a loro disposizione.<\/p>\n<p>Il lavoro che presentiamo ottimamente descrive questa situazione in mutamento, tra il gi\u00e0 noto che espande fino a coprire la quasi totalit\u00e0 dei Paesi indipendenti che sono nel mondo, e il nuovo che si affaccia e si fa conoscere nella sovrana libert\u00e0 con cui il Papa polacco si avvale dello strumento diplomatico nella sua azione apostolica.<\/p>\n<p>A conclusione di queste mie considerazioni, segnalo con simpatia l&#8217;attenzione partecipe e cristianamente ispirata che questo studioso appartenente al mondo dell&#8217;Ortodossia ha saputo dedicare all&#8217;opera diplomatica di un Vescovo di Roma. Attenzione che si esprime in ogni parte del volume e che \u00e8 affermata in pienezza nell&#8217;ultima pagina, a conclusione dell&#8217;intero percorso espositivo. Citato un testo di Giovanni Paolo rivolto al Corpo diplomatico il 13 gennaio 2001 ed esortante tutti i popoli a &#8220;formare una grande famiglia, felice di sapersi amata da un Dio che ci vuole fratelli&#8221;, Kartaloff chiude il suo lavoro con alcune righe che trovo di grande significato: &#8220;<em>Queste parole del Papa sintetizzano il messaggio pi\u00f9 profondo della diplomazia della sua Chiesa, l&#8217;invito all&#8217;umanit\u00e0 a essere solidale e a riconoscere in ogni uomo un fratello. Il richiamo evangelico appare centrale nella concezione diplomatica di Giovanni Paolo II<\/em>&#8220;.<\/p>\n<p>Quest&#8217;opera ci appare dunque ben qualificata e feconda anche in prospettiva ecumenica. Il popolo bulgaro e il Patriarcato di Bulgaria onorarono al meglio &#8211; nel maggio del 2002 &#8211; la prima visita in terra bulgara di un Papa di Roma: e io ne fui personalmente testimone come inviato del mio giornale, il &#8220;Corriere della Sera&#8221;. Mi piace guardare a quest&#8217;opera del giovane Kartaloff come a un frutto beneaugurante di quella viva presa di contatto.<\/p>\n","protected":false},"excerpt":{"rendered":"<p>A cura dell&#8217;Ambasciata d&#8217;Italia e dalla Nunziatura apostolica a Sofia in occasione della pubblicazione del volume di Kiril Pl. Kartaloff &#8220;Diplomazia pontificia. La Santa Sede nelle relazioni internazionali durante il&#8230;<\/p>\n<div class=\"more-link-wrapper\"><a class=\"more-link\" href=\"http:\/\/www.luigiaccattoli.it\/blog\/conferenze-e-dibattiti-2\/la-diplomazia-pontificia-sotto-giovanni-paolo-ii\/\">Read More<span class=\"screen-reader-text\">La diplomazia pontificia sotto Giovanni Paolo II<\/span><\/a><\/div>\n","protected":false},"author":1,"featured_media":0,"parent":5506,"menu_order":0,"comment_status":"open","ping_status":"closed","template":"","meta":{"_monsterinsights_skip_tracking":false,"_monsterinsights_sitenote_active":false,"_monsterinsights_sitenote_note":"","_monsterinsights_sitenote_category":0,"footnotes":""},"class_list":["post-1538","page","type-page","status-publish","hentry","excerpt"],"_links":{"self":[{"href":"http:\/\/www.luigiaccattoli.it\/blog\/wp-json\/wp\/v2\/pages\/1538","targetHints":{"allow":["GET"]}}],"collection":[{"href":"http:\/\/www.luigiaccattoli.it\/blog\/wp-json\/wp\/v2\/pages"}],"about":[{"href":"http:\/\/www.luigiaccattoli.it\/blog\/wp-json\/wp\/v2\/types\/page"}],"author":[{"embeddable":true,"href":"http:\/\/www.luigiaccattoli.it\/blog\/wp-json\/wp\/v2\/users\/1"}],"replies":[{"embeddable":true,"href":"http:\/\/www.luigiaccattoli.it\/blog\/wp-json\/wp\/v2\/comments?post=1538"}],"version-history":[{"count":2,"href":"http:\/\/www.luigiaccattoli.it\/blog\/wp-json\/wp\/v2\/pages\/1538\/revisions"}],"predecessor-version":[{"id":5711,"href":"http:\/\/www.luigiaccattoli.it\/blog\/wp-json\/wp\/v2\/pages\/1538\/revisions\/5711"}],"up":[{"embeddable":true,"href":"http:\/\/www.luigiaccattoli.it\/blog\/wp-json\/wp\/v2\/pages\/5506"}],"wp:attachment":[{"href":"http:\/\/www.luigiaccattoli.it\/blog\/wp-json\/wp\/v2\/media?parent=1538"}],"curies":[{"name":"wp","href":"https:\/\/api.w.org\/{rel}","templated":true}]}}