{"id":15516,"date":"2014-12-30T13:17:26","date_gmt":"2014-12-30T12:17:26","guid":{"rendered":"http:\/\/www.luigiaccattoli.it\/blog\/?page_id=15516"},"modified":"2014-12-30T13:17:26","modified_gmt":"2014-12-30T12:17:26","slug":"le-opere-e-i-silenzi-della-caritas-di-roma","status":"publish","type":"page","link":"http:\/\/www.luigiaccattoli.it\/blog\/articoli-del-corriere-della-sera\/le-opere-e-i-silenzi-della-caritas-di-roma\/","title":{"rendered":"Le opere e i silenzi della Caritas di Roma"},"content":{"rendered":"<p><a name=\"_GoBack\"><\/a><\/p>\n<p><span style=\"color: #222222;\"><span style=\"font-family: 'Times New Roman', serif;\"><span style=\"font-size: large;\"><i>Pubblicato dal \u201cCorriere Roma\u201d del 24 dicembre 2014 a pagina 1 con il titolo \u201cLa Chiesa i silenzi e i fatti. La Carit\u00e0 dimezzata\u201d<\/i><\/span><\/span><\/span><\/p>\n<p><span style=\"color: #222222;\">\u201c<span style=\"font-family: 'Times New Roman', serif;\"><span style=\"font-size: large;\">Noi cristiani di Roma siamo troppo silenziosi\u201d: sono \u2013 io credo \u2013 le parole migliori dette dal cardinale Vicario l\u2019altro ieri in Santa Maria Maggiore, nel mezzo della \u201cPreghiera per Roma\u201d. Cosa buona quel riconoscimento del silenzio, cosa buonissima la creazione di un \u201c<\/span><\/span><\/span><span style=\"font-family: 'Times New Roman', serif;\"><span style=\"font-size: large;\">Osservatorio sulla citt\u00e0\u201d, che il cardinale aveva annunciato lo scorso aprile: a che punto \u00e8, eminenza, quell\u2019iniziativa?<\/span><\/span><\/p>\n<p><span style=\"color: #222222;\"><span style=\"font-family: 'Times New Roman', serif;\"><span style=\"font-size: large;\">Per un osservatore laico non c\u2019\u00e8 dubbio che i cristiani di Roma appaiano silenziosi sui mali della citt\u00e0 e non da oggi ma da pi\u00f9 di quindici anni, in sostanza dalla morte di don Luigi Di Liegro (1928-1997). Da allora la Chiesa opera quanto e magari pi\u00f9 di prima, presente tra i pi\u00f9 poveri con decine e decine di centri, mense, ostelli, dispensari, servizi docce, ma non parla alla citt\u00e0. <\/span><\/span><\/span><\/p>\n<p><span style=\"color: #222222;\"><span style=\"font-family: 'Times New Roman', serif;\"><span style=\"font-size: large;\">Di quella parola, invece, ci sarebbe bisogno: speriamo che ne arrivi un anticipo con il \u201cTe Deum\u201d di fine anno, un\u2019occasione nella quale l\u2019anno scorso Papa Francesco parl\u00f2 dei mali dell\u2019Urbe. Parl\u00f2 dei mali fisici ma quest\u2019anno confidiamo che parli del male della corruzione, che \u00e8 il pi\u00f9 grave.<\/span><\/span><\/span><\/p>\n<p><span style=\"font-family: 'Times New Roman', serif;\"><span style=\"font-size: large;\">Nessuno fino a ieri vedeva i misfatti che la magistratura viene scoperchiando?<\/span><\/span>\u00a0 <span style=\"font-family: 'Times New Roman', serif;\"><span style=\"font-size: large;\">C\u2019erano i veggenti ed erano soprattutto gli operatori della carit\u00e0 ma la loro parola non era ascoltata. C\u2019\u00e8 un comunicato della Caritas romana che il 12 novembre \u2013 all\u2019indomani dei fatti di Tor Sapienza \u2013 accusava le \u201ccooperative senza scrupoli che poco hanno a cuore la sorte delle persone che gli sono affidate\u201d e accusava la politica della pura emergenza, compresa in essa quella della giunta Marino; una politica che \u00e8 \u201cfrutto di istituzioni che non collaborano e non dialogano\u201d: tutto era detto, ma nessuno aveva udito. <\/span><\/span><\/p>\n<p><span style=\"font-family: 'Times New Roman', serif;\"><span style=\"font-size: large;\">Quel comunicato costituisce insieme un titolo di vanto, per aver visto; e di demerito, per non essere riusciti a ottenere ascolto. Perch\u00e9 la Caritas romana non ha voce pubblica da quando non c\u2019\u00e8 pi\u00f9 Di Liegro alla sua guida? Perch\u00e9 lo scorso inverno il Vicariato non ha ricordato il quarantennale del convegno sui mali di Roma del febbraio del 1974, che fu il capolavoro di don Luigi? Perch\u00e9 l\u2019afasia pubblica della Caritas perdura anche sotto Papa Francesco?<\/span><\/span><\/p>\n<p><span style=\"font-family: 'Times New Roman', serif;\"><span style=\"font-size: large;\">La Chiesa \u2013 e la Caritas in essa \u2013 deve disturbare, deve puntare il dito, deve gridare in nome delle migliaia di persone che fanno volontariato nel silenzio e nel dileggio. Una Caritas che non parla alla citt\u00e0 \u00e8 una carit\u00e0 dimezzata.<\/span><\/span><\/p>\n<p><span style=\"font-family: 'Times New Roman', serif;\"><span style=\"font-size: large;\"><b>Luigi Accattoli<\/b><\/span><\/span><\/p>\n<p><span style=\"font-family: 'Times New Roman', serif;\"><span style=\"font-size: large;\">www.luigiaccattoli.it<\/span><\/span><\/p>\n","protected":false},"excerpt":{"rendered":"<p>Pubblicato dal \u201cCorriere Roma\u201d del 24 dicembre 2014 a pagina 1 con il titolo \u201cLa Chiesa i silenzi e i fatti. La Carit\u00e0 dimezzata\u201d \u201cNoi cristiani di Roma siamo troppo&#8230;<\/p>\n<div class=\"more-link-wrapper\"><a class=\"more-link\" href=\"http:\/\/www.luigiaccattoli.it\/blog\/articoli-del-corriere-della-sera\/le-opere-e-i-silenzi-della-caritas-di-roma\/\">Read More<span class=\"screen-reader-text\">Le opere e i silenzi della Caritas di Roma<\/span><\/a><\/div>\n","protected":false},"author":1,"featured_media":0,"parent":7661,"menu_order":0,"comment_status":"open","ping_status":"closed","template":"","meta":{"_monsterinsights_skip_tracking":false,"_monsterinsights_sitenote_active":false,"_monsterinsights_sitenote_note":"","_monsterinsights_sitenote_category":0,"footnotes":""},"class_list":["post-15516","page","type-page","status-publish","hentry","excerpt"],"_links":{"self":[{"href":"http:\/\/www.luigiaccattoli.it\/blog\/wp-json\/wp\/v2\/pages\/15516","targetHints":{"allow":["GET"]}}],"collection":[{"href":"http:\/\/www.luigiaccattoli.it\/blog\/wp-json\/wp\/v2\/pages"}],"about":[{"href":"http:\/\/www.luigiaccattoli.it\/blog\/wp-json\/wp\/v2\/types\/page"}],"author":[{"embeddable":true,"href":"http:\/\/www.luigiaccattoli.it\/blog\/wp-json\/wp\/v2\/users\/1"}],"replies":[{"embeddable":true,"href":"http:\/\/www.luigiaccattoli.it\/blog\/wp-json\/wp\/v2\/comments?post=15516"}],"version-history":[{"count":1,"href":"http:\/\/www.luigiaccattoli.it\/blog\/wp-json\/wp\/v2\/pages\/15516\/revisions"}],"predecessor-version":[{"id":15517,"href":"http:\/\/www.luigiaccattoli.it\/blog\/wp-json\/wp\/v2\/pages\/15516\/revisions\/15517"}],"up":[{"embeddable":true,"href":"http:\/\/www.luigiaccattoli.it\/blog\/wp-json\/wp\/v2\/pages\/7661"}],"wp:attachment":[{"href":"http:\/\/www.luigiaccattoli.it\/blog\/wp-json\/wp\/v2\/media?parent=15516"}],"curies":[{"name":"wp","href":"https:\/\/api.w.org\/{rel}","templated":true}]}}