{"id":1555,"date":"2009-06-03T14:07:55","date_gmt":"2009-06-03T12:07:55","guid":{"rendered":"http:\/\/www.luigiaccattoli.it\/blog\/?page_id=1555"},"modified":"2010-11-21T21:53:12","modified_gmt":"2010-11-21T21:53:12","slug":"i-volti-dell%e2%80%99annuncio-e-le-news-di-dio","status":"publish","type":"page","link":"http:\/\/www.luigiaccattoli.it\/blog\/conferenze-e-dibattiti-2\/i-volti-dell%e2%80%99annuncio-e-le-news-di-dio\/","title":{"rendered":"I volti dell\u2019annuncio e le news di Dio"},"content":{"rendered":"<p><em>Vicenza &#8211; Mercoled\u00ec 2 giugno ore 10,30<\/em><\/p>\n<p>Le news di Dio sono deboli nella citt\u00e0 mondiale. Almeno quelle verbali. Ma sono forti &#8211; a volte &#8211; quelle fattuali perch\u00e9 lo Spirito di Dio soffia pur sempre, anche nel nostro mondo e soffia &#8211; come sempre &#8211; dove vuole. La comunit\u00e0 dei credenti dovrebbe apprendere dalla Scrittura il linguaggio fattuale dei segni, dei gesti e delle parabole per comunicare al meglio con l&#8217;umanit\u00e0 dell&#8217;informazione globale. Le storie di vita comunicate nella lingua media dell&#8217;epoca costituiscono la via privilegiata di approccio al mondo d&#8217;oggi. Sono queste storie e queste vite convertite che qui oggi chiamiamo &#8220;i volti dell&#8217;annuncio&#8221;.<\/p>\n<p>Nel mercato dell&#8217;informazione, la notizia forte (cio\u00e8 suscettibile di un uso concorrenziale) scaccia quella debole. La notizia religiosa rischia di risultare debolissima ogni volta che si riduce a messaggio verbale, o a segnalazione di avvenimenti interni alla comunit\u00e0 religiosa. Essa invece pu\u00f2 esser forte quando veicola un gesto o una storia di vita.<\/p>\n<p>Si tratta dunque di trovare il modo di parlare pi\u00f9 con i gesti e i fatti che con le parole: il mondo moderno apprezza i testimoni pi\u00f9 che i predicatori e i media &#8211; vera cifra del moderno &#8211; recepiscono un gesto dieci volte meglio di un discorso.<\/p>\n<p>In ogni caso il linguaggio della comunicazione ecclesiale (sia quello dei documenti, sia quello che veicola gesti e storie di vita) dovr\u00e0 essere curato non soltanto ai fini della sua comprensibilit\u00e0 all&#8217;interno della comunit\u00e0, ma anche per quanto riguarda la divulgazione giornalistica. Tale richiesta non dovrebbe essere vista con sospetto: proporsi di raggiungere una comprensibilit\u00e0 giornalistica, significa avere cura che il linguaggio religioso abbia senso comune.<\/p>\n<p>Quanto ai gesti e ai fatti, essi possono essere pi\u00f9 eloquenti dei discorsi, ma perch\u00e9 lo siano giornalisticamente (cio\u00e8 nell&#8217;universo della comunicazione mediata dai grandi strumenti di massa) \u00e8 necessario che siano accompagnati dalle parole indispensabili alla loro interpretazione. Ci\u00f2 del resto dovrebbe essere spontaneo per una Chiesa che pone al centro della sua vita le azioni sacramentali, che sono fatte di gesto e parola.<\/p>\n<p>Un esempio felice di &#8220;gesto&#8221; cristiano ottimamente veicolato dai media \u00e8 la visita di Giovanni Paolo II ad Al\u00ec Agca nel carcere di Rebibbia, il 27 dicembre del 1983: il Papa che entra nella cella del suo attentatore e parla con lui per 21 minuti ebbe venti volte lo spazio che giornali e televisione avevano dedicato un anno prima all&#8217;enciclica <em>Dives in misericordia<\/em>. Esemplare la discrezione verbale con cui il Papa accompagn\u00f2 quel gesto, limitandosi a dire le parole necessarie alla sua interpretazione: &#8220;Oggi, dopo pi\u00f9 di due anni, ho potuto incontrare il mio attentatore e ho potuto anche ripetergli il mio perdono&#8221;.<\/p>\n<p>Altro esempio di felice comunicazione cristiana per gesti e fatti \u00e8 l&#8217;intera avventura di Madre Teresa: una donna che quasi non sapeva parlare e diceva pochissime parole, ma che \u00e8 riuscita (lo si vide con la partecipazione davvero mondiale ai suoi funerali, avvenuti a Calcutta il 13 settembre del 1997) a farsi capire da tutti &#8211; e ad essere ottimamente divulgata dai media &#8211; attraverso l&#8217;apertura di case per malati di Aids, l&#8217;invio di suore negli ospedali sovietici per soccorrere i contaminati di Cernobyll, la realizzazione di una mensa per i barboni in Vaticano e altre innumerevoli invenzioni del suo genio di carit\u00e0.<\/p>\n<p>A rendere pi\u00f9 eloquenti i fatti rispetto alle parole non c&#8217;\u00e8 soltanto la pigrizia dei media nell&#8217;era della televisione. A ben vedere, alla radice di questo privilegio ecclesiale dei gesti e delle storie di vita c&#8217;\u00e8 il fatto che in origine il messaggio cristiano \u00e8 notizia e testimonianza. Dalla preferenza istintiva dei media per i fatti pu\u00f2 venire uno stimolo significativo alla stessa comunit\u00e0 ecclesiale: non \u00e8 senza motivo, insomma, questa attesa del mondo &#8211; segnalata dai media &#8211; che la Chiesa non dimentichi mai di accompagnare la notizia evangelica con la testimonianza che l&#8217;accredita.<\/p>\n<p>Dal mercato &#8211; se permettete che mi esprima cos\u00ec &#8211; viene dunque un invito a privilegiare la vita sulle parole e a legare le parole alla vita. Come ai tempi in cui si formavano i testi del Nuovo Testamento, anche oggi la predicazione dovrebbe tendere a riproporre la notizia evangelica e la testimonianza che l&#8217;accredita. Nell&#8217;ambiente ecclesiale italiano c&#8217;\u00e8 forse, attualmente, un eccesso di elaborazione verbale del messaggio, che qualche volta sembra rispondere pi\u00f9 a un&#8217;esigenza di scuola e di maniera, che alla necessit\u00e0 di accompagnare la comunicazione testimoniale. Tendo a pensare che il gergo ecclesiale si infittisca con il distacco del messaggio verbale da quello testimoniale.<\/p>\n<p>A mio parere i cattolici d&#8217;Italia stanno facendo molto e bene per modernizzare la loro presenza nei media, ma mostrano un&#8217;eccessiva fiducia nel messaggio verbale e una sottovalutazione di quello testimoniale.<\/p>\n<p>I fatti &#8211; cio\u00e8 le testimonianze cristiane fattuali: un gesto che esprime una conversione, una decisione che ricapitola un cammino di riconciliazione, una preghiera pagata con la vita, una morte vissuta nella speranza della risurrezione &#8211; costituiscono, devono costituire, la via privilegiata dell&#8217;evangelizzazione (o meglio: della pre-evangelizzazione) attraverso i media.<\/p>\n<p>I fatti infine fondano e verificano l&#8217;attendibilit\u00e0 delle parole. E questo vale sia per la comunicazione immediata che per quella mass-mediale. I discorsi possono crescere su se stessi e allontanarsi dalla realt\u00e0, divenire incomprensibili. Se invece restano legati ai fatti non corrono questi rischi. Possono interpretare i fatti, dare loro risonanza, aiutare a comunicarli. In una parola: renderli parlanti. E i fatti ci sono sempre nella Chiesa: \u00e8 la loro comprensione e comunicazione che \u00e8 generalmente inferiore alla loro consistenza.<\/p>\n<p>Quanto a una tipologia dei volti dell&#8217;annuncio, segnalo a mo&#8217; d&#8217;esempio, quella dei <em>giusti e dei martiri<\/em>, quella dei <em>riconciliati e dei riconciliatori<\/em>, quella dei <em>samaritani e dei lebbrosi guariti<\/em>.<\/p>\n<p>Dico i giusti e i martiri per invitare a guardare pi\u00f9 ampiamente rispetto ai confini visibili della comunit\u00e0 ecclesiale. Paolo Borsellino, credente e praticante, \u00e8 un martire della giustizia; Giovanni Falcone, non credente e convivente, \u00e8 un giusto delle nazioni: ambedue sono volti dell&#8217;annuncio, avendo dato la vita nello stesso rischio e per la stessa causa di servizio all&#8217;uomo.<\/p>\n<p>Innumerevole oggi come sempre \u00e8 la schiera dei giusti e dei martiri. Il nove maggio, giornata della memoria i quotidiani pubblicavano i nomi delle &#8220;379 vittime del terrorismo&#8221; che abbiamo avuto negli anni di piombo: da Agostini Natalia in Gallon a Zizzi Francesco. Dalla prima pagina del <em>Corriere della Sera<\/em> di quel giorno partiva la &#8220;Lettera dei figli di Tobagi&#8221;, Luca e Benedetta, che aveva queste parole: &#8220;Una democrazia libera e matura [&#8230;] deve essere capace di riaccogliere e reintegrare, a tempo debito e in modo opportuno e misurato, senza eccessi, coloro che hanno percorso una strada sbagliata e ne hanno preso coscienza&#8221;. A pagina otto c&#8217;era il preannuncio dell&#8217;abbraccio che quel giorno si sarebbero date al Quirinale Licia Rognini Pinelli e Gemma Capra Calabresi. A pagina 23 c&#8217;era la foto di Dolores Fasolini, la baby sitter che era morta per salvare da un trattore Angelica, la bimba che stava riportando ai genitori: &#8220;L&#8217;amore della sua tata \u00e8 stato pi\u00f9 forte del destino&#8221; diceva il padre di Angelica.<\/p>\n<p>Ma con quest&#8217;ultimo episodio siamo passati alla tipologia dei samaritani e dei lebbrosi guariti. Mai in nessuna epoca io penso vi sia stata tanta testimonianza in questa direzione. E accanto al volontario che assiste i malati e soccorre i barboni in nome del Vangelo c&#8217;\u00e8 spesso il &#8220;giusto&#8221; che lo fa in nome dell&#8217;uomo. E sono sempre volti dell&#8217;annuncio, perch\u00e9 tutti siamo figli di Dio, sia che lo sappiamo sia che non lo sappiamo.<\/p>\n<p>Tra i riconciliati e i riconciliatori metto anche il nostro presidente della Repubblica, che non \u00e8 un credente ma si \u00e8 adoperato per riconciliare le due vedove e due Italie in loro, e ha pianto al microfono quando ha potuto annunciare quell&#8217;evento.<\/p>\n<p>I nostri martiri in terra di missione &#8211; da Annalena Tonelli (2003) a don Andrea Santoro (2006), a Leonella Sgorbati (2006) &#8211; e le testimonianze di perdono &#8211; da Giovanni Bachelet a Bianca Taliercio, a Stella Tobagi, a Carlo Castagna, a Margherita Coletta &#8211; sono tra i fatti cristiani meglio veicolati dai nostri media nei tempi recenti. Non mi dilungo oltre, ch\u00e8 non finirei pi\u00f9. Non c&#8217;\u00e8 ragione di essere pessimisti sullo Spirito &#8211; abbiamo appena esultato nella festa di Pentecoste &#8211; e i suoi doni alla nostra epoca. Sta a noi aprire gli occhi e vederne i segni e i volti.<\/p>\n","protected":false},"excerpt":{"rendered":"<p>Vicenza &#8211; Mercoled\u00ec 2 giugno ore 10,30 Le news di Dio sono deboli nella citt\u00e0 mondiale. Almeno quelle verbali. Ma sono forti &#8211; a volte &#8211; quelle fattuali perch\u00e9 lo&#8230;<\/p>\n<div class=\"more-link-wrapper\"><a class=\"more-link\" href=\"http:\/\/www.luigiaccattoli.it\/blog\/conferenze-e-dibattiti-2\/i-volti-dell%e2%80%99annuncio-e-le-news-di-dio\/\">Read More<span class=\"screen-reader-text\">I volti dell\u2019annuncio e le news di Dio<\/span><\/a><\/div>\n","protected":false},"author":1,"featured_media":0,"parent":5506,"menu_order":0,"comment_status":"open","ping_status":"closed","template":"","meta":{"_monsterinsights_skip_tracking":false,"_monsterinsights_sitenote_active":false,"_monsterinsights_sitenote_note":"","_monsterinsights_sitenote_category":0,"footnotes":""},"class_list":["post-1555","page","type-page","status-publish","hentry","excerpt"],"_links":{"self":[{"href":"http:\/\/www.luigiaccattoli.it\/blog\/wp-json\/wp\/v2\/pages\/1555","targetHints":{"allow":["GET"]}}],"collection":[{"href":"http:\/\/www.luigiaccattoli.it\/blog\/wp-json\/wp\/v2\/pages"}],"about":[{"href":"http:\/\/www.luigiaccattoli.it\/blog\/wp-json\/wp\/v2\/types\/page"}],"author":[{"embeddable":true,"href":"http:\/\/www.luigiaccattoli.it\/blog\/wp-json\/wp\/v2\/users\/1"}],"replies":[{"embeddable":true,"href":"http:\/\/www.luigiaccattoli.it\/blog\/wp-json\/wp\/v2\/comments?post=1555"}],"version-history":[{"count":2,"href":"http:\/\/www.luigiaccattoli.it\/blog\/wp-json\/wp\/v2\/pages\/1555\/revisions"}],"predecessor-version":[{"id":5713,"href":"http:\/\/www.luigiaccattoli.it\/blog\/wp-json\/wp\/v2\/pages\/1555\/revisions\/5713"}],"up":[{"embeddable":true,"href":"http:\/\/www.luigiaccattoli.it\/blog\/wp-json\/wp\/v2\/pages\/5506"}],"wp:attachment":[{"href":"http:\/\/www.luigiaccattoli.it\/blog\/wp-json\/wp\/v2\/media?parent=1555"}],"curies":[{"name":"wp","href":"https:\/\/api.w.org\/{rel}","templated":true}]}}