{"id":15610,"date":"2015-01-19T15:43:07","date_gmt":"2015-01-19T14:43:07","guid":{"rendered":"http:\/\/www.luigiaccattoli.it\/blog\/?page_id=15610"},"modified":"2015-01-19T15:45:15","modified_gmt":"2015-01-19T14:45:15","slug":"una-folla-di-poveri-per-il-papa-dei-poveri","status":"publish","type":"page","link":"http:\/\/www.luigiaccattoli.it\/blog\/articoli-del-corriere-della-sera\/una-folla-di-poveri-per-il-papa-dei-poveri\/","title":{"rendered":"Una folla di poveri per il Papa dei poveri"},"content":{"rendered":"<p><i>Pubblicato dal \u201cCorriere della Sera\u201d del 19 gennaio 2015 alle pp. 1 e 3 con il titolo: \u201cLa nuova frontiera del cristianesimo\u201d<\/i><\/p>\n<p><span style=\"font-family: 'Times New Roman', serif;\"><span style=\"font-size: large;\">Una folla di poveri per il Papa dei poveri: la sterminata moltitudine di Manila aiuta a intendere qualcosa di Francesco e del destino della sua Chiesa. Abbiamo un Papa preso dal Sud del mondo che parla agli ultimi e in nome degli ultimi, i quali mostrano di capirlo e forse sono disposti a seguirlo nella sua predicazione radicale del comandamento dell\u2019amore; mentre il Nord fatica a intendere quella predicazione, a partire dai cristiani identitari che legano le sorti del cristianesimo a quelle dell\u2019Occidente. <\/span><\/span><\/p>\n<p><span style=\"font-family: 'Times New Roman', serif;\"><span style=\"font-size: large;\">Un\u2019identificazione ormai fuori epoca, essendo ogni giorno pi\u00f9 chiara l\u2019emigrazione delle Chiese verso i popoli del bisogno. I vescovi delle Filippine \u2013 che \u00e8 il gigante cristiano dell\u2019Asia \u2013 avevano proclamato il 2015 come \u201cAnno dei poveri\u201d: e qui abbiamo gi\u00e0 una parola d\u2019ordine che dice bene l\u2019incontro tra il Papa e quella moltitudine umana che ha sbalordito gli osservatori. <\/span><\/span><\/p>\n<p><span style=\"font-family: 'Times New Roman', serif;\"><span style=\"font-size: large;\">Ma c\u2019\u00e8 di pi\u00f9: la visita papale aveva come motto le parole \u201cMisericordia e compassione\u201d, tipiche di Papa Bergoglio e che attirano \u2013 anche qui da noi \u2013 l\u2019umanit\u00e0 sofferente. Infine gli obiettivi della visita, che il cardinale di Manila Tagle aveva cos\u00ec definito: \u201cViene ad aiutarci a valorizzare i poveri, rinnovare la societ\u00e0, prenderci cura del Creato e vivere in maniera degna\u201d.<\/span><\/span><\/p>\n<p><span style=\"font-family: 'Times New Roman', serif;\"><span style=\"font-size: large;\">Osservando quella folla che nessuno poteva contare veniva da chiedersi se \u00e8 ancora possibile che il Vangelo di Cristo sia inteso da vaste moltitudini, quasi da un intero popolo. Stenteremmo a crederlo, disincantati come siamo e fatti avvertiti da mille vicende contraddittorie del nome cristiano, anche se lo stesso spettacolo l\u2019avessimo a osservare \u2013 domani e dopo \u2013 in ogni altro paese del Sud del pianeta che sar\u00e0 visitato da Papa Francesco. <\/span><\/span><\/p>\n<p><span style=\"font-family: 'Times New Roman', serif;\"><span style=\"font-size: large;\">Comunque il fatto \u00e8 chiaro e vistoso: \u00e8 solo per ascoltare le parole di piet\u00e0 della tradizione cristiana che quell\u2019umanit\u00e0 si \u00e8 mossa dalle case e dalle baracche per incontrare un profeta disarmato che non aveva nulla di materiale o di politico da offrirle. Ero a Manila nel 1995 per la visita di Giovanni Paolo II e anche allora si parl\u00f2 di milioni di persone accorse ad accogliere il Papa e sembra incredibile che ieri possano essere state ancora di pi\u00f9. Le statistiche del cristianesimo ci hanno abituato a progressive contrazioni, mentre laggi\u00f9 i numeri e l\u2019entusiasmo paiono accrescersi. <\/span><\/span><\/p>\n<p><span style=\"font-family: 'Times New Roman', serif;\"><span style=\"font-size: large;\">Eppure le Filippine vivono un momento difficile, la crisi economica affama chi gi\u00e0 era negli stenti, il paese non si \u00e8 ancora ripreso dal tremendo tifone del novembre del 2013 che Francesco \u2013 con la tendenza all\u2019iperbole che \u00e8 amica di ogni predicatore \u2013 ha ricordato come \u201cla tempesta pi\u00f9 forte mai registrata sul pianeta\u201d. <\/span><\/span><\/p>\n<p><span style=\"font-family: 'Times New Roman', serif;\"><span style=\"font-size: large;\">Che ha potuto dire, in definitiva, nell\u2019insieme di questi giorni della sua missione in Oriente, il Papa che vorrebbe \u201cuna Chiesa povera e per i poveri\u201d? Ha chiesto che \u201csi faccia di pi\u00f9\u201d per i bisognosi delle Filippine e del pianeta, che \u201cla loro dignit\u00e0 venga rispettata\u201d, che si combattano \u201cle cause della diseguaglianza e dell\u2019ingiustizia\u201d. <\/span><\/span><\/p>\n<p><span style=\"font-family: 'Times New Roman', serif;\"><span style=\"font-size: large;\">Ha cio\u00e8 evocato a pi\u00f9 riprese e in pi\u00f9 modi il dramma planetario dell\u2019indigenza e della fame per il quale purtroppo nessuno ha una risposta, neanche la Chiesa di Roma. Ma essa oggi ha forse un vantaggio rispetto a ogni altro raggruppamento umano: quello di poter guardare al rimescolamento dei popoli con gli occhi di un uomo che viene dall\u2019emisfero del bisogno. Quando propone la sua denuncia da Roma pare che nessuno l\u2019ascolti, ma se lo fa da Manila ognuno avverte che lo fa in nome di molti.<\/span><\/span><\/p>\n<p><span style=\"font-family: 'Times New Roman', serif;\"><span style=\"font-size: large;\"><b>Luigi Accattoli<\/b><\/span><\/span><\/p>\n<p><span style=\"font-family: 'Times New Roman', serif;\"><span style=\"font-size: large;\">www.luigiaccattoli.it<\/span><\/span><\/p>\n","protected":false},"excerpt":{"rendered":"<p>Pubblicato dal \u201cCorriere della Sera\u201d del 19 gennaio 2015 alle pp. 1 e 3 con il titolo: \u201cLa nuova frontiera del cristianesimo\u201d Una folla di poveri per il Papa dei&#8230;<\/p>\n<div class=\"more-link-wrapper\"><a class=\"more-link\" href=\"http:\/\/www.luigiaccattoli.it\/blog\/articoli-del-corriere-della-sera\/una-folla-di-poveri-per-il-papa-dei-poveri\/\">Read More<span class=\"screen-reader-text\">Una folla di poveri per il Papa dei poveri<\/span><\/a><\/div>\n","protected":false},"author":1,"featured_media":0,"parent":7661,"menu_order":0,"comment_status":"open","ping_status":"closed","template":"","meta":{"_monsterinsights_skip_tracking":false,"_monsterinsights_sitenote_active":false,"_monsterinsights_sitenote_note":"","_monsterinsights_sitenote_category":0,"footnotes":""},"class_list":["post-15610","page","type-page","status-publish","hentry","excerpt"],"_links":{"self":[{"href":"http:\/\/www.luigiaccattoli.it\/blog\/wp-json\/wp\/v2\/pages\/15610","targetHints":{"allow":["GET"]}}],"collection":[{"href":"http:\/\/www.luigiaccattoli.it\/blog\/wp-json\/wp\/v2\/pages"}],"about":[{"href":"http:\/\/www.luigiaccattoli.it\/blog\/wp-json\/wp\/v2\/types\/page"}],"author":[{"embeddable":true,"href":"http:\/\/www.luigiaccattoli.it\/blog\/wp-json\/wp\/v2\/users\/1"}],"replies":[{"embeddable":true,"href":"http:\/\/www.luigiaccattoli.it\/blog\/wp-json\/wp\/v2\/comments?post=15610"}],"version-history":[{"count":2,"href":"http:\/\/www.luigiaccattoli.it\/blog\/wp-json\/wp\/v2\/pages\/15610\/revisions"}],"predecessor-version":[{"id":15613,"href":"http:\/\/www.luigiaccattoli.it\/blog\/wp-json\/wp\/v2\/pages\/15610\/revisions\/15613"}],"up":[{"embeddable":true,"href":"http:\/\/www.luigiaccattoli.it\/blog\/wp-json\/wp\/v2\/pages\/7661"}],"wp:attachment":[{"href":"http:\/\/www.luigiaccattoli.it\/blog\/wp-json\/wp\/v2\/media?parent=15610"}],"curies":[{"name":"wp","href":"https:\/\/api.w.org\/{rel}","templated":true}]}}